{"id":1699,"date":"2021-04-14T20:38:41","date_gmt":"2021-04-14T18:38:41","guid":{"rendered":"https:\/\/mademoiselle.flowers\/?page_id=1699"},"modified":"2022-06-30T13:26:01","modified_gmt":"2022-06-30T11:26:01","slug":"bouquets-fleurs","status":"publish","type":"page","link":"https:\/\/mademoiselle.flowers\/de\/blumenstrause\/","title":{"rendered":"C1 - Blumenstr\u00e4u\u00dfe"},"content":{"rendered":"<div class=\"wp-block-group grid about-section items-top deco-bottom deco-small\"><div class=\"wp-block-group__inner-container is-layout-flow wp-block-group-is-layout-flow\">\n<div style=\"height:112px\" aria-hidden=\"true\" class=\"wp-block-spacer\"><\/div>\n\n\n\n<div class=\"wp-block-uagb-advanced-heading uagb-block-31ce67c9 font-serif text-25 font-normal primary\"><h1 class=\"uagb-heading-text\"><strong>Blumenstr\u00e4u\u00dfe<\/strong><\/h1><div class=\"uagb-separator-wrap\"><div class=\"uagb-separator\"><\/div><\/div><p class=\"uagb-desc-text\">Entdecken Sie die komplexe Welt der Blumenstr\u00e4u\u00dfe<\/p><\/div>\n\n\n\n<div class=\"wp-block-columns is-layout-flex wp-container-core-columns-is-layout-1 wp-block-columns-is-layout-flex\">\n<div class=\"wp-block-column grid about-section is-layout-flow wp-block-column-is-layout-flow\">\n<h2 class=\"font-serif text-30 font-normal primary deco wp-block-heading\">Alles \u00fcber die Biologie der Blumen<\/h2>\n\n\n\n<p class=\"font-sans text-md font-light primary m-t-none m-b-none\">Die Blumen sind das Hauptorgan des Blumenstrau\u00dfes. Um ihre Genetik und ihre Besonderheiten zu verstehen, m\u00fcssen wir uns mit der <strong><a href=\"https:\/\/mademoiselle.flowers\/de\/blumenstrause\/\">Bl\u00fctenbiologie<\/a>.<\/strong> So erhalten Sie Informationen \u00fcber ihre Fortpflanzung, ihren Lebensraum, ihre Umwelt und ihr Verhalten.<\/p>\n\n\n\n<h2 class=\"font-serif text-30 font-normal primary deco wp-block-heading\">Was ist ein Blumenstrau\u00df?<\/h2>\n\n\n\n<p class=\"font-sans text-md font-light primary m-t-none m-b-none\">Die <strong>Blumenstr\u00e4u\u00dfe<\/strong> sind kreative Zusammenstellungen von <a href=\"https:\/\/mademoiselle.flowers\/de\/c0-blumen\/\">Blumen<\/a>Diese Assoziationen sind so angelegt, dass eine Harmonie von Formen, Farben und D\u00fcften entsteht. Diese Assoziationen sind so angelegt, dass sie eine Harmonie von Formen, Farben und D\u00fcften ergeben. Sie werden als Geschenke gesch\u00e4tzt, was die <a href=\"https:\/\/mademoiselle.flowers\/de\/\">Blumenlieferung in Belgien<\/a> so beliebt.<\/p>\n\n\n\n<p class=\"font-sans text-md font-light primary m-t-none m-b-none\">Die Schaffung eines sch\u00f6nen <strong>Blumenstr\u00e4u\u00dfe<\/strong> ist nicht einfach eine Frage der kreativen Montage. Sie denken vielleicht, dass es in erster Linie um die \u00c4sthetik, die Stimmung oder die Botschaft geht, die Sie vermitteln wollen... damit liegen Sie nicht falsch. Aber ein Blumenstrau\u00df besteht in erster Linie aus sch\u00f6nen Blumen. Diese kleinen Wunderwerke haben eine besondere Biologie, die es zu verstehen gilt, um die Entwicklung ihrer Farbe, ihrer \u00d6ffnung, ihrer Duftassoziationen usw. zu steuern. Bei der Pflanzung von Blumenzwiebeln ist das Ernten der Bl\u00fcten eine wichtige Voraussetzung. Sie verr\u00e4t Ihnen viel \u00fcber die Lebensdauer, die Art und vor allem \u00fcber die Bl\u00fctezeit. Tulpen wachsen schlie\u00dflich nicht im August! Bei der Gestaltung eines Blumenstrau\u00dfes ist die Auswahl der Kombinationen und Blumen von entscheidender Bedeutung. Man schenkt einem Kollegen keine roten Rosen... (sie sind f\u00fcr Liebhaber reserviert).<\/p>\n\n\n\n<h2 class=\"font-serif text-30 font-normal primary deco m-b-none wp-block-heading\">Der Duft der Blumen, eine olfaktorische Kunst<\/h2>\n\n\n\n<p class=\"font-sans text-md font-light primary m-t-none m-b-none\">Die Blumen, die uns die Natur schenkt, bieten eine breite und duftende Palette von D\u00fcften, die unsere Nase erfreuen! Blumen werden seit langem f\u00fcr die Komposition von Naturparf\u00fcms verwendet und sind ein grundlegendes Element bei der Herstellung von Parf\u00fcms. 1889 kreierte Aim\u00e9 Guerlain in Jicky das erste gro\u00dfe Parf\u00fcm auf der Basis nat\u00fcrlicher Essenzen. Heute muss ein Blumenstrau\u00df parf\u00fcmiert sein, um den Raum zu parf\u00fcmieren und die Person, der er \u00fcberreicht wird, zum Reisen zu bewegen. Auch das geh\u00f6rt zur Freude am Schenken von Blumen.<\/p>\n\n\n\n<p class=\"font-sans text-md font-light primary m-t-none m-b-none\"><strong>Die <a href=\"https:\/\/mademoiselle.flowers\/de\/g-c1b-parfum-des-fleurs\/\">Blumenduft<\/a><\/strong>Deshalb ist sie so wichtig. Am besten ist es, wenn Sie nicht mehrere stark duftende Blumen zusammen verwenden. Die Verwendung eines einzigen Duftes sorgt f\u00fcr einen subtileren Effekt, der den Raum, in dem er platziert wird, parf\u00fcmiert.<\/p>\n\n\n\n<p class=\"font-sans text-md font-light primary m-t-none m-b-none\">Blumen zu kombinieren ist eine delikate Alchemie!<\/p>\n\n\n\n<div style=\"height:100px\" aria-hidden=\"true\" class=\"wp-block-spacer\"><\/div>\n\n\n\n<figure class=\"wp-block-image size-medium is-resized font-sans text-md font-light primary m-t-none m-b-none uag-hide-mob\"><img decoding=\"async\" src=\"https:\/\/mademoiselle.flowers\/wp-content\/uploads\/2021\/04\/42-17042021-950A2202-Olivia-Poncelet-Mademoiselle-Bouquet-HD-Screen-300-copie-3-600x400.jpg\" alt=\"\" class=\"wp-image-1866\" width=\"600\" height=\"400\" srcset=\"https:\/\/mademoiselle.flowers\/wp-content\/uploads\/2021\/04\/42-17042021-950A2202-Olivia-Poncelet-Mademoiselle-Bouquet-HD-Screen-300-copie-3-600x400.jpg 600w, https:\/\/mademoiselle.flowers\/wp-content\/uploads\/2021\/04\/42-17042021-950A2202-Olivia-Poncelet-Mademoiselle-Bouquet-HD-Screen-300-copie-3-1460x973.jpg 1460w, https:\/\/mademoiselle.flowers\/wp-content\/uploads\/2021\/04\/42-17042021-950A2202-Olivia-Poncelet-Mademoiselle-Bouquet-HD-Screen-300-copie-3-768x512.jpg 768w, https:\/\/mademoiselle.flowers\/wp-content\/uploads\/2021\/04\/42-17042021-950A2202-Olivia-Poncelet-Mademoiselle-Bouquet-HD-Screen-300-copie-3-1600x1067.jpg 1600w, https:\/\/mademoiselle.flowers\/wp-content\/uploads\/2021\/04\/42-17042021-950A2202-Olivia-Poncelet-Mademoiselle-Bouquet-HD-Screen-300-copie-3-1536x1024.jpg 1536w, https:\/\/mademoiselle.flowers\/wp-content\/uploads\/2021\/04\/42-17042021-950A2202-Olivia-Poncelet-Mademoiselle-Bouquet-HD-Screen-300-copie-3-2048x1365.jpg 2048w, https:\/\/mademoiselle.flowers\/wp-content\/uploads\/2021\/04\/42-17042021-950A2202-Olivia-Poncelet-Mademoiselle-Bouquet-HD-Screen-300-copie-3-16x12.jpg 16w, https:\/\/mademoiselle.flowers\/wp-content\/uploads\/2021\/04\/42-17042021-950A2202-Olivia-Poncelet-Mademoiselle-Bouquet-HD-Screen-300-copie-3-700x467.jpg 700w, https:\/\/mademoiselle.flowers\/wp-content\/uploads\/2021\/04\/42-17042021-950A2202-Olivia-Poncelet-Mademoiselle-Bouquet-HD-Screen-300-copie-3-1920x1280.jpg 1920w\" sizes=\"(max-width: 600px) 100vw, 600px\" \/><\/figure>\n\n\n\n<h2 class=\"font-serif text-30 font-normal primary deco m-b-none wp-block-heading\">Wie werden Blumen angebaut und geerntet?<\/h2>\n\n\n\n<p class=\"font-sans text-md font-light primary m-t-none m-b-none\">Die <strong><a href=\"https:\/\/mademoiselle.flowers\/de\/g-c1-d-recolter-des-fleurs\/\">Blumenanbau<\/a><\/strong> ist der erste Schritt bei der Gestaltung eines Blumenstrau\u00dfes. Das letzte Ziel der Blumenernte besteht darin, die Blumen zu einer Blumenkreation zusammenzusetzen. Ob die Blumen nun wild (ohne Pestizide) und von den Feldern oder aus kommerziellem und kontrolliertem Anbau stammen, die Ernte bleibt die gleiche. Dann kann man sich die Frage stellen, ob man \u00f6kologisch anbaut oder nicht. <\/p>\n\n\n\n<h2 class=\"font-serif text-30 font-normal primary deco wp-block-heading\">Wie gestaltet man einen Blumenstrau\u00df?<\/h2>\n\n\n\n<p class=\"font-sans text-md font-light primary m-t-none m-b-none\">Die <strong><a href=\"https:\/\/mademoiselle.flowers\/de\/g-c1-e-concevoir-un-bouquet\/\">Gestaltung von Blumenstr\u00e4u\u00dfen<\/a><\/strong> ist keine leichte Aufgabe, aber ein paar einfache Regeln k\u00f6nnen Ihr Blumenarrangement zu einem Erfolg machen. Sch\u00f6ne, harmonische Blumenstr\u00e4u\u00dfe zu kreieren ist eine Aufgabe f\u00fcr einen K\u00fcnstler, und alles h\u00e4ngt von dem Ergebnis ab, das Sie erreichen wollen.<br>Der erste Schritt besteht darin, die Farben zu mischen, die Sorte der Blumen und die Form des Strau\u00dfes auszuw\u00e4hlen.<\/p>\n\n\n\n<h2 class=\"font-serif text-30 font-normal primary deco wp-block-heading\">Jede Blume hat ihre eigene Bedeutung!<\/h2>\n\n\n\n<p class=\"font-sans text-md font-light primary m-t-none m-b-none\">Bei der Zusammenstellung des Blumenstrau\u00dfes sollte man sich auch an Konventionen aus vergangenen Zeiten halten: die <strong><a href=\"https:\/\/mademoiselle.flowers\/de\/g-c1-c\/\">Bedeutung der Blumen<\/a><\/strong>. Um eine unbeholfene Geste zu vermeiden, ist es wichtig, darauf zu achten, dass die Symbolik der Blume dem Gef\u00fchl entspricht, das man mit dem Blumenstrau\u00df vermitteln m\u00f6chte. Nicht nur die Farbe, sondern auch die Familie der Blume ist wichtig. Wenn es zum Beispiel um die Liebe geht, ist es am besten, sich f\u00fcr Stra\u00dfenrosen zu entscheiden. Kurzum, es gibt f\u00fcr jeden Anlass die passende Blume! <\/p>\n\n\n\n<h2 class=\"font-serif text-30 font-normal primary deco wp-block-heading\">Warum also einen Blumenstrau\u00df machen?<\/h2>\n\n\n\n<p class=\"font-sans text-md font-light primary m-t-none m-b-none\">Seit den fr\u00fchesten Gem\u00e4lden von Brueghel werden Blumenstr\u00e4u\u00dfe in der Malerei verwendet.<strong>\u00c4sthetik und Kunst<\/strong>. Ein sch\u00f6ner Blumenstrau\u00df ist die ideale Dekoration f\u00fcr einen Raum, eine Eingangshalle oder einen K\u00fcchentisch und verleiht ihm Charme oder eine bunte und lebendige Note. <\/p>\n\n\n\n<p class=\"font-sans text-md font-light primary m-t-none m-b-none\">Ob die Blumen gro\u00df und schlank sind oder kleiner und gesammelt, sie werden den Strau\u00df zusammenstellen, der ihnen entspricht: klein, mittel oder gro\u00df... zur gr\u00f6\u00dften Freude der Dekorateure und Innenarchitekten.<\/p>\n\n\n\n<h2 class=\"font-serif text-30 font-normal primary deco wp-block-heading\">Warum einen Blumenstrau\u00df einpacken?<\/h2>\n\n\n\n<p class=\"font-sans text-md font-light primary m-t-none m-b-none\">In der Vergangenheit wurden Blumenstr\u00e4u\u00dfe ohne Verpackung angeboten, da diese nur zum Schutz und f\u00fcr den Transport verwendet wurde. Heute hat sich diese Regel ge\u00e4ndert! Haben Sie schon einmal dar\u00fcber nachgedacht, wie dieser wundersch\u00f6ne, mit Liebe zusammengestellte Strau\u00df, der alle Phasen des Pflanzens, Bl\u00fchens, Erntens ... durchlaufen hat, bei Ihnen zu Hause oder bei der Person, der Sie ihn schenken, ankommen wird? Die Frage der Verpackung ist keine Nebens\u00e4chlichkeit. Es ist wichtig, sich darum zu k\u00fcmmern, denn Sie wollen den Strau\u00df nicht in einer h\u00e4sslichen Verpackung verderben lassen oder vergessen, ihn zu sch\u00fctzen oder ihm Wasser zu geben... auf die Gefahr hin, veraltete Blumen zu liefern.<br>Floristen verpacken ihre Blumenstr\u00e4u\u00dfe in h\u00fcbschen, dekorativen und farbenfrohen Beh\u00e4ltern, die ein wesentlicher Bestandteil der \u00c4sthetik und des Geschenks sind, das man \u00fcberreicht. Wenn es darum geht, sie f\u00fcr eine <a href=\"https:\/\/belgium.mademoiselle.flowers\/de\/blumenlieferung-bruxelles-1000-1.html\">Blumenlieferung in Br\u00fcssel<\/a> z. B. auch wenn der Bestimmungsort in der N\u00e4he unseres Blumenateliers liegt, muss f\u00fcr eine angemessene Verpackung gesorgt werden.<\/p>\n\n\n\n<p class=\"font-sans text-md font-light primary m-t-none m-b-none\">Aber die Verpackung hat auch eine praktische, sch\u00fctzende Funktion f\u00fcr <strong>den Strau\u00df behalten<\/strong> zu und von seinem Bestimmungsort.<\/p>\n\n\n\n<h2 class=\"font-serif text-30 font-normal primary wp-block-heading\">Wie l\u00e4sst man einen Blumenstrau\u00df in der Wohnung gut aussehen?<\/h2>\n\n\n\n<p class=\"font-sans text-md font-light primary m-t-none m-b-none\">Sobald der Strau\u00df zusammengestellt, angeboten und zu Ihnen nach Hause geliefert wurde, m\u00fcssen Sie den idealen Platz f\u00fcr ihn finden. Es besteht ein himmelweiter Unterschied zwischen einem sch\u00f6nen Strau\u00df, der ungl\u00fccklich auf einer Fensterbank steht, und einem Strau\u00df, der meisterhaft in der Mitte eines gro\u00dfen Esstisches platziert ist. Blumen haben eine \u00c4sthetik, eine Sch\u00f6nheit, die wir verstehen, respektieren und sublimieren m\u00fcssen! Sie m\u00fcssen auch die verschiedenen Formen des Strau\u00dfes ber\u00fccksichtigen: klein und kompakt (wie f\u00fcr Brautstr\u00e4u\u00dfe), gro\u00df und schlank mit langen Stielen... die Wahl der Vase und ihr Standort werden wichtig sein, um sie richtig hervorzuheben.<\/p>\n\n\n\n<h2 class=\"font-serif text-30 font-normal primary deco wp-block-heading\">Blumenpflege<\/h2>\n\n\n\n<p class=\"font-sans text-md font-light primary m-t-none m-b-none\">Der Reiz eines Blumenstrau\u00dfes liegt in seiner Verg\u00e4nglichkeit. Es dr\u00fcckt das Leben aus, ein Gef\u00fchl, einen gestohlenen Moment... und vielleicht ist es gerade deshalb so sch\u00f6n, weil es verg\u00e4nglich ist. Ok, aber du wirst mir sagen, dass es nicht schlecht ist, wenn wir die guten Momente aufrechterhalten k\u00f6nnen! Dazu m\u00fcssen Sie die Tricks und Kniffe bei der Pflege eines Blumenstrau\u00dfes kennen. Von der Platzierung im Haus \u00fcber das Schneiden der Stiele bis hin zum Wechseln des Wassers... es gibt einen gro\u00dfen Unterschied, damit Ihr Strau\u00df lange h\u00e4lt. Und f\u00fcr diejenigen, die nostalgisch sind und materielle Erinnerungen lebendig halten wollen... warum sollte man sie nicht trocknen?<br><br>L'<strong>Blumenpflege<\/strong> ist notwendig, um l\u00e4nger Freude an Ihren Blumenstr\u00e4u\u00dfen zu haben. Sobald die Blumen geschnitten sind, werden sie zwar verderblich, aber es gibt einige Ratschl\u00e4ge f\u00fcr gute Gesten, die es Ihnen erm\u00f6glichen, sich um sie zu k\u00fcmmern. Die Pflege der Stiele, die Wahl der Vase, das Wasser, der Standort Ihres Strau\u00dfes sind Elemente, die beim Empfang ber\u00fccksichtigt werden m\u00fcssen. Nicht zu vergessen die wenigen Dinge, die an den folgenden Tagen zu tun sind, und die Sonderf\u00e4lle!<\/p>\n\n\n\n<p class=\"font-sans text-md font-light primary m-t-none m-b-none\"><strong>Lesen Sie auch: <\/strong><br><\/p>\n\n\n\n<p class=\"font-sans text-md font-light primary m-t-none m-b-none\">Die N\u00fctzlichkeit der Blumen<br>Die Freude am Schenken von Blumen<br>Blumen online kaufen<br>Blumen versenden<br>Blumen im Gesch\u00e4ft (B2B)<br>Der Beruf des Blumenh\u00e4ndlers<br><\/p>\n<\/div>\n<\/div>\n<\/div><\/div>\n\n\n\n<div class=\"wp-block-columns card-descover__container grid about-section m-b-2xl deco-top is-layout-flex wp-container-core-columns-is-layout-2 wp-block-columns-is-layout-flex\">\n<div class=\"wp-block-column card-descover__left col-desk-6 col-tab-6 col-mob-2 p-l-none is-layout-flow wp-block-column-is-layout-flow\">\n<div class=\"wp-block-group relative\"><div class=\"wp-block-group__inner-container is-layout-flow wp-block-group-is-layout-flow\">\n<figure class=\"wp-block-image size-large who__img-contain\"><img decoding=\"async\" width=\"1365\" height=\"768\" src=\"https:\/\/mademoiselle.flowers\/wp-content\/uploads\/2021\/02\/ABONNEMENT-12MOIS-edited.jpg\" alt=\"Blumenlieferungen \u00fcberall im K\u00f6nigreich\" class=\"wp-image-1161\" srcset=\"https:\/\/mademoiselle.flowers\/wp-content\/uploads\/2021\/02\/ABONNEMENT-12MOIS-edited.jpg 1365w, https:\/\/mademoiselle.flowers\/wp-content\/uploads\/2021\/02\/ABONNEMENT-12MOIS-edited-700x394.jpg 700w, https:\/\/mademoiselle.flowers\/wp-content\/uploads\/2021\/02\/ABONNEMENT-12MOIS-edited-600x338.jpg 600w, https:\/\/mademoiselle.flowers\/wp-content\/uploads\/2021\/02\/ABONNEMENT-12MOIS-edited-768x432.jpg 768w, https:\/\/mademoiselle.flowers\/wp-content\/uploads\/2021\/02\/ABONNEMENT-12MOIS-edited-16x9.jpg 16w\" sizes=\"(max-width: 1365px) 100vw, 1365px\" \/><\/figure>\n\n\n\n<p class=\"button--white upperCase d-inline-block cursor-pointer center--middle\"><a href=\"\/de\/\">Blumen nach Belgien schicken<\/a><\/p>\n<\/div><\/div>\n<\/div>\n\n\n\n<div class=\"wp-block-column card-descover__right col-desk-6 col-tab-6 col-mob-2 p-r-none is-layout-flow wp-block-column-is-layout-flow\">\n<div class=\"wp-block-group relative\"><div class=\"wp-block-group__inner-container is-layout-flow wp-block-group-is-layout-flow\">\n<figure class=\"wp-block-image size-large who__img-contain\"><img decoding=\"async\" width=\"350\" height=\"197\" src=\"https:\/\/mademoiselle.flowers\/wp-content\/uploads\/2021\/02\/victoire-ambiance-a-edited.jpg\" alt=\"Blumenabonnement in Belgien - Europa\" class=\"wp-image-1165\" srcset=\"https:\/\/mademoiselle.flowers\/wp-content\/uploads\/2021\/02\/victoire-ambiance-a-edited.jpg 350w, https:\/\/mademoiselle.flowers\/wp-content\/uploads\/2021\/02\/victoire-ambiance-a-edited-16x9.jpg 16w\" sizes=\"(max-width: 350px) 100vw, 350px\" \/><\/figure>\n\n\n\n<p class=\"button--white upperCase d-inline-block cursor-pointer center--middle\"><a href=\"https:\/\/mademoiselle.flowers\/de\/unsere-abonnements\/\">Unsere Abonnements Blumenstrau\u00df<\/a> <\/p>\n<\/div><\/div>\n<\/div>\n<\/div>\n\n\n\n<p><\/p>","protected":false},"excerpt":{"rendered":"<p>Les bouquets de fleurs D\u00e9couvrez l&rsquo;univers complexe des bouquets des fleurs Tout savoir sur la biologie des fleurs Les fleurs sont l\u2019organe principal qui compose le bouquet, pour comprendre leur g\u00e9n\u00e9tique et leurs particularit\u00e9s, il faut s\u2019int\u00e9resser \u00e0 la biologie des fleurs. Vous aurez alors des informations sur leur reproduction, leur habitat, leur environnement et [&hellip;]<\/p>","protected":false},"author":439,"featured_media":0,"parent":0,"menu_order":0,"comment_status":"closed","ping_status":"closed","template":"","meta":{"inline_featured_image":false,"_uag_custom_page_level_css":"","footnotes":""},"class_list":["post-1699","page","type-page","status-publish","hentry"],"acf":[],"uagb_featured_image_src":{"full":false,"thumbnail":false,"medium":false,"medium_large":false,"large":false,"gs-tiny":false,"xl":false,"xxl":false,"xxxl":false,"xxxxl":false,"xxxxxl":false,"1536x1536":false,"2048x2048":false,"trp-custom-language-flag":false,"woocommerce_thumbnail":false,"woocommerce_single":false,"woocommerce_gallery_thumbnail":false},"uagb_author_info":{"display_name":"","author_link":"https:\/\/mademoiselle.flowers\/de\/author\/ml-si\/"},"uagb_comment_info":0,"uagb_excerpt":"Les bouquets de fleurs D\u00e9couvrez l&rsquo;univers complexe des bouquets des fleurs Tout savoir sur la biologie des fleurs Les fleurs sont l\u2019organe principal qui compose le bouquet, pour comprendre leur g\u00e9n\u00e9tique et leurs particularit\u00e9s, il faut s\u2019int\u00e9resser \u00e0 la biologie des fleurs. Vous aurez alors des informations sur leur reproduction, leur habitat, leur environnement et&hellip;","_links":{"self":[{"href":"https:\/\/mademoiselle.flowers\/de\/wp-json\/wp\/v2\/pages\/1699"}],"collection":[{"href":"https:\/\/mademoiselle.flowers\/de\/wp-json\/wp\/v2\/pages"}],"about":[{"href":"https:\/\/mademoiselle.flowers\/de\/wp-json\/wp\/v2\/types\/page"}],"author":[{"embeddable":true,"href":"https:\/\/mademoiselle.flowers\/de\/wp-json\/wp\/v2\/users\/439"}],"replies":[{"embeddable":true,"href":"https:\/\/mademoiselle.flowers\/de\/wp-json\/wp\/v2\/comments?post=1699"}],"version-history":[{"count":10,"href":"https:\/\/mademoiselle.flowers\/de\/wp-json\/wp\/v2\/pages\/1699\/revisions"}],"predecessor-version":[{"id":5768,"href":"https:\/\/mademoiselle.flowers\/de\/wp-json\/wp\/v2\/pages\/1699\/revisions\/5768"}],"wp:attachment":[{"href":"https:\/\/mademoiselle.flowers\/de\/wp-json\/wp\/v2\/media?parent=1699"}],"curies":[{"name":"wp","href":"https:\/\/api.w.org\/{rel}","templated":true}]}}