{"id":2324,"date":"2021-05-28T12:52:55","date_gmt":"2021-05-28T10:52:55","guid":{"rendered":"https:\/\/mademoiselle.flowers\/?page_id=2324"},"modified":"2023-02-04T13:49:58","modified_gmt":"2023-02-04T12:49:58","slug":"c0-fleurs","status":"publish","type":"page","link":"https:\/\/mademoiselle.flowers\/de\/c0-blumen\/","title":{"rendered":"C0 - Home Cocon"},"content":{"rendered":"<div class=\"wp-block-group\"><div class=\"wp-block-group__inner-container is-layout-flow wp-block-group-is-layout-flow\">\n<div style=\"height:112px\" aria-hidden=\"true\" class=\"wp-block-spacer\"><\/div>\n<\/div><\/div>\n\n\n\n<div class=\"wp-block-uagb-advanced-heading uagb-block-9446e6f4 font-serif text-25 font-normal primary\"><h1 class=\"uagb-heading-text\"><strong>Die Blumen<\/strong><\/h1><div class=\"uagb-separator-wrap\"><div class=\"uagb-separator\"><\/div><\/div><p class=\"uagb-desc-text\">Entdecken Sie die Welt und die Erfahrung von mademoiselle<\/p><\/div>\n\n\n\n<div class=\"wp-block-columns is-layout-flex wp-container-core-columns-is-layout-1 wp-block-columns-is-layout-flex\">\n<div class=\"wp-block-column grid about-section is-layout-flow wp-block-column-is-layout-flow\">\n<p class=\"font-sans text-md font-light primary m-t-none m-b-none\">mademoiselle wurde Anfang 2020 gegr\u00fcndet. Die Gr\u00fcnder wollten ein einzigartiges Erlebnis bieten, das sich vom bestehenden Online-Angebot abhebt. Ein Hauch von Grafikdesign, der gute Geschmack eines High-End-Erlebnisses, eine makellose Kundenbeziehung f\u00fcr garantierte Zufriedenheit und einen Aha-Effekt. Endlich hat das \"Sch\u00f6ne\" seinen Platz in der Gesellschaft gefunden. <a href=\"https:\/\/mademoiselle.flowers\/de\/\">Blumenlieferung in Belgien<\/a>.<\/p>\n\n\n\n<p><\/p>\n\n\n\n<p class=\"font-sans text-md font-light primary m-t-none m-b-none\">In diesem Handbuch werden wir das gesamte Universum der Blumen durchleuchten, sodass Sie keine Geheimnisse mehr haben werden!  Wir haben das ganze Universum abgedeckt wie kein anderer. \u00dcberzeugen Sie sich selbst: Wir werden \u00fcber Blumenstr\u00e4u\u00dfe und ihre Definition (technisch und biologisch), ihren Duft und die Bedeutung von Blumen sprechen. Wir werden gemeinsam den Nutzen von Blumen als Dekorationselement und Zenit sehen und wie viel Spa\u00df es macht, einen wundersch\u00f6nen Strau\u00df frischer Blumen zu verschenken, egal zu welchem Anlass (z. B. zu Weihnachten). <a href=\"\/de\/.\/shop\/saint-valentin\/\">Blumenlieferung zum Valentinstag<\/a> zum Beispiel). Dieser Kauf l\u00e4uft \u00fcber einen Floristen, aber auch \u00fcber den Online-Blumenkauf, der alle logistischen Fragen von der Lieferung Ihres Blumenstrau\u00dfes bis zur Haust\u00fcr umfasst. Schlie\u00dflich m\u00f6chten wir auch nicht die Dienstleistungen f\u00fcr Unternehmen vergessen, die einen gro\u00dfen Teil unserer Kundschaft ausmachen, sowohl als Dekoration als auch als Dankesch\u00f6n f\u00fcr Mitarbeiter oder Kunden.<br><\/p>\n\n\n\n<p class=\"font-sans text-md font-light primary m-t-none m-b-none\">Schlie\u00dflich haben wir vielleicht einige Berufe inspiriert und erz\u00e4hlen Ihnen von unserem Beruf als Floristen und was in unserer Werkstatt in Br\u00fcssel hinter den Kulissen passiert. Und dann, wer wei\u00df, vielleicht werden Sie eines Tages in unserem Team als Florist t\u00e4tig!<\/p>\n\n\n\n<p><\/p>\n\n\n<div class=\"wp-block-image\">\n<figure class=\"aligncenter size-full is-resized uag-hide-mob\"><img decoding=\"async\" src=\"https:\/\/mademoiselle.flowers\/wp-content\/uploads\/2021\/02\/ABONNEMENT-12MOIS-edited.jpg\" alt=\"\" class=\"wp-image-1161\" width=\"1024\" height=\"576\" srcset=\"https:\/\/mademoiselle.flowers\/wp-content\/uploads\/2021\/02\/ABONNEMENT-12MOIS-edited.jpg 1365w, https:\/\/mademoiselle.flowers\/wp-content\/uploads\/2021\/02\/ABONNEMENT-12MOIS-edited-700x394.jpg 700w, https:\/\/mademoiselle.flowers\/wp-content\/uploads\/2021\/02\/ABONNEMENT-12MOIS-edited-600x338.jpg 600w, https:\/\/mademoiselle.flowers\/wp-content\/uploads\/2021\/02\/ABONNEMENT-12MOIS-edited-768x432.jpg 768w, https:\/\/mademoiselle.flowers\/wp-content\/uploads\/2021\/02\/ABONNEMENT-12MOIS-edited-16x9.jpg 16w\" sizes=\"(max-width: 1024px) 100vw, 1024px\" \/><\/figure><\/div>\n\n\n<p><\/p>\n\n\n\n<p class=\"font-sans text-md font-light primary m-t-none m-b-none display:block;\"><strong>Inhalts\u00fcbersicht<\/strong> :<\/p>\n\n\n\n<h2 class=\"font-serif text-30 font-normal primary deco wp-block-heading\"><strong>Was ist ein sch\u00f6ner Blumenstrau\u00df?<\/strong><\/h2>\n\n\n\n<p class=\"font-sans text-md font-light primary m-t-none m-b-none\">Es ist doch wahr... was ist schon eine sch\u00f6ne <a href=\"https:\/\/mademoiselle.flowers\/de\/blumenstrause\/\">Blumenstrau\u00df<\/a>. Neben den pers\u00f6nlichen Vorlieben sollten Sie auch die Zusammensetzung des Strau\u00dfes, seinen Duft, seine Verpackung und vor allem den Stellenwert des Strau\u00dfes bei Ihnen zu Hause und seine Pflege ber\u00fccksichtigen.<\/p>\n\n\n\n<p class=\"font-sans text-md font-light primary m-t-none m-b-none\"><strong>Kennen Sie die <a href=\"https:\/\/mademoiselle.flowers\/de\/blumenstrause\/\">Bl\u00fctenbiologie<\/a> vor dem Erstellen eines Strau\u00dfes<\/strong><br><strong>Die <a href=\"https:\/\/mademoiselle.flowers\/de\/g-c1-d-recolter-des-fleurs\/\">Blumenernte<\/a><\/strong><br><strong>Die <a href=\"https:\/\/mademoiselle.flowers\/de\/g-c1b-parfum-des-fleurs\/\">Blumenduft<\/a><\/strong><br><strong>Die <a href=\"https:\/\/mademoiselle.flowers\/de\/g-c1-c\/\">Bedeutung der Blumen<\/a> in einem Strau\u00df<\/strong><br><strong>Wie <a href=\"https:\/\/mademoiselle.flowers\/de\/g-c1-e-concevoir-un-bouquet\/\">einen sch\u00f6nen Blumenstrau\u00df entwerfen<\/a>?<\/strong><br><strong>Blumenkunst oder wie <a href=\"https:\/\/mademoiselle.flowers\/de\/g-c1-f-esthetisme\/\">einen Blumenstrau\u00df in einem Haus aufwerten<\/a>?<\/strong><br><strong>Verpackung als Teil des Erlebnisses<\/strong><br><strong>Wie pflegt man einen Blumenstrau\u00df?<\/strong><\/p>\n\n\n\n<p><\/p>\n\n\n\n<h2 class=\"font-serif text-30 font-normal primary deco wp-block-heading\"><strong>Blumen in all ihren Zust\u00e4nden: Der Nutzen der Blumen<\/strong><\/h2>\n\n\n\n<p class=\"font-sans text-md font-light primary\"><strong>Blumen in der K\u00fcche<\/strong><br><strong>Blumen am Arbeitsplatz<\/strong><br><strong>Blumen zu Hause<\/strong><\/p>\n\n\n\n<h2 class=\"font-serif text-30 font-normal primary deco m-b-none m-t-none wp-block-heading\"><strong>Die Freude am Schenken von Blumen<\/strong><\/h2>\n\n\n\n<p class=\"font-sans text-md font-light primary m-t-none m-b-none\"><strong>An welchen Feiertagen schenkt man Blumen?<\/strong><br><strong>Lebensereignisse, zu denen man Blumen schenkt<\/strong><br><strong>Welche kleine Notiz soll ich meinem Blumenstrau\u00df hinzuf\u00fcgen?<\/strong><br><strong>Wem soll man Blumen schenken?<\/strong><br><strong>Schokolade, Champagner, ... das passt perfekt zu einem Blumenstrau\u00df<\/strong><br><strong>Angebot eines Blumenabonnements<\/strong><\/p>\n\n\n\n<h2 class=\"font-serif text-30 font-normal primary deco wp-block-heading\"><strong>Blumen online kaufen?<\/strong><\/h2>\n\n\n\n<p class=\"font-sans text-md font-light primary m-t-none m-b-none\"><strong>Die verschiedenen Arten von Anbietern<\/strong><br><strong>Die Kosten und die Bezahlung eines Blumenstrau\u00dfes <\/strong><br><strong>Sicherheit ist ein wichtiger Aspekt des Online-Verkaufs<\/strong><br><strong>Blumen bestellen, der Ablauf im Detail<\/strong><\/p>\n\n\n\n<h2 class=\"font-serif text-30 font-normal primary deco, wp-block-heading\"><strong>Blumen versenden<\/strong><\/h2>\n\n\n\n<p class=\"font-sans text-md font-light primary m-t-none m-b-none\"><strong>Wohin sollen die Blumen geliefert werden?<\/strong><br><strong>Wann ist der beste Zeitpunkt f\u00fcr eine Blumenlieferung?<\/strong><br><strong>Wie hoch sind die Kosten f\u00fcr eine Blumenlieferung?<\/strong><br><strong>Gibt es eine Alternative zur kostenpflichtigen Zustellung?<\/strong><br><strong>Verkehrstr\u00e4ger bei der Zustellung<\/strong><br><strong>Wie funktioniert eine Lieferung bei mademoiselle?<\/strong><br><strong>Lassen Sie sich Blumen nach Hause liefern<\/strong><br><strong>Blumenlieferungen aus dem Ausland nach Belgien<\/strong><br><\/p>\n\n\n\n<h2 class=\"font-serif text-30 font-normal primary deco wp-block-heading\"><strong>Schenken von Blumen an einen Kollegen oder Dekorieren im Unternehmen<\/strong><\/h2>\n\n\n\n<p class=\"font-sans text-md font-light primary m-t-none m-b-none\"><strong>Blumen am Arbeitsplatz verschenken<\/strong><br><strong>Einen Arbeitsbereich mit Blumen schm\u00fccken<\/strong><br><strong>Die Vorteile von Blumen im Gesch\u00e4ftsleben<\/strong><\/p>\n\n\n\n<h2 class=\"font-serif text-30 font-normal primary deco wp-block-heading\"><strong>Der Beruf des Floristen<\/strong><\/h2>\n\n\n\n<p class=\"font-sans text-md font-light primary m-t-none m-b-none\"><strong>Ausbildung zur Floristin\/zum Floristen<\/strong><br><strong>Unsere Werkstatt, Werkzeuge und B\u00fcros<\/strong><br><strong>Besch\u00e4ftigung im Blumensektor<\/strong><br><strong>Florist sein in Belgien<\/strong><br><strong>Beschaffung, die Frage der Beschaffung von Blumen<\/strong><br><strong>Blumenlogistik<\/strong><\/p>\n<\/div>\n<\/div>\n\n\n\n<div class=\"wp-block-columns card-descover__container grid about-section m-b-2xl deco-top is-layout-flex wp-container-core-columns-is-layout-2 wp-block-columns-is-layout-flex\">\n<div class=\"wp-block-column card-descover__left col-desk-6 col-tab-6 col-mob-2 p-l-none is-layout-flow wp-block-column-is-layout-flow\">\n<div class=\"wp-block-group relative\"><div class=\"wp-block-group__inner-container is-layout-flow wp-block-group-is-layout-flow\">\n<figure class=\"wp-block-image size-large who__img-contain\"><img decoding=\"async\" width=\"1365\" height=\"768\" src=\"https:\/\/mademoiselle.flowers\/wp-content\/uploads\/2021\/02\/ABONNEMENT-12MOIS-edited.jpg\" alt=\"Blumenlieferungen \u00fcberall in Belgien\" class=\"wp-image-1161\" srcset=\"https:\/\/mademoiselle.flowers\/wp-content\/uploads\/2021\/02\/ABONNEMENT-12MOIS-edited.jpg 1365w, https:\/\/mademoiselle.flowers\/wp-content\/uploads\/2021\/02\/ABONNEMENT-12MOIS-edited-700x394.jpg 700w, https:\/\/mademoiselle.flowers\/wp-content\/uploads\/2021\/02\/ABONNEMENT-12MOIS-edited-600x338.jpg 600w, https:\/\/mademoiselle.flowers\/wp-content\/uploads\/2021\/02\/ABONNEMENT-12MOIS-edited-768x432.jpg 768w, https:\/\/mademoiselle.flowers\/wp-content\/uploads\/2021\/02\/ABONNEMENT-12MOIS-edited-16x9.jpg 16w\" sizes=\"(max-width: 1365px) 100vw, 1365px\" \/><\/figure>\n\n\n\n<p class=\"button--white upperCase d-inline-block cursor-pointer center--middle\"><a href=\"\/de\/shop\/nos-bouquets\/\">Sehen Sie sich unsere lieferbaren Str\u00e4u\u00dfe in Belgien an<\/a><\/p>\n<\/div><\/div>\n<\/div>\n\n\n\n<div class=\"wp-block-column card-descover__right col-desk-6 col-tab-6 col-mob-2 p-r-none is-layout-flow wp-block-column-is-layout-flow\">\n<div class=\"wp-block-group relative\"><div class=\"wp-block-group__inner-container is-layout-flow wp-block-group-is-layout-flow\">\n<figure class=\"wp-block-image size-large who__img-contain\"><img decoding=\"async\" width=\"350\" height=\"197\" src=\"https:\/\/mademoiselle.flowers\/wp-content\/uploads\/2021\/02\/victoire-ambiance-a-edited.jpg\" alt=\"Blumenabonnement Belgien\" class=\"wp-image-1165\" srcset=\"https:\/\/mademoiselle.flowers\/wp-content\/uploads\/2021\/02\/victoire-ambiance-a-edited.jpg 350w, https:\/\/mademoiselle.flowers\/wp-content\/uploads\/2021\/02\/victoire-ambiance-a-edited-16x9.jpg 16w\" sizes=\"(max-width: 350px) 100vw, 350px\" \/><\/figure>\n\n\n\n<p class=\"button--white upperCase d-inline-block cursor-pointer center--middle\"><a href=\"https:\/\/mademoiselle.flowers\/de\/unsere-abonnements\/\">Unsere in Belgien g\u00fcltigen Abonnements<\/a><\/p>\n<\/div><\/div>\n<\/div>\n<\/div>\n\n\n\n<p><\/p>","protected":false},"excerpt":{"rendered":"<p>Les fleurs D\u00e9couvrez l&rsquo;univers et l&rsquo;exp\u00e9rience mademoiselle mademoiselle a vu la jour d\u00e9but 2020. Ses fondateurs ont voulu proposer une exp\u00e9rience unique, loin de l&rsquo;offre existante en ligne. Un touche de graphisme, le bon gout d&rsquo;une exp\u00e9rience haut de gamme, une relation client sans failles pour une satisfaction et un effet waw garanti. Enfin le [&hellip;]<\/p>","protected":false},"author":439,"featured_media":0,"parent":0,"menu_order":0,"comment_status":"closed","ping_status":"closed","template":"page-template-boxed.php","meta":{"inline_featured_image":false,"_uag_custom_page_level_css":"","footnotes":""},"class_list":["post-2324","page","type-page","status-publish","hentry"],"acf":[],"uagb_featured_image_src":{"full":false,"thumbnail":false,"medium":false,"medium_large":false,"large":false,"gs-tiny":false,"xl":false,"xxl":false,"xxxl":false,"xxxxl":false,"xxxxxl":false,"1536x1536":false,"2048x2048":false,"trp-custom-language-flag":false,"woocommerce_thumbnail":false,"woocommerce_single":false,"woocommerce_gallery_thumbnail":false},"uagb_author_info":{"display_name":"","author_link":"https:\/\/mademoiselle.flowers\/de\/author\/ml-si\/"},"uagb_comment_info":0,"uagb_excerpt":"Les fleurs D\u00e9couvrez l&rsquo;univers et l&rsquo;exp\u00e9rience mademoiselle mademoiselle a vu la jour d\u00e9but 2020. Ses fondateurs ont voulu proposer une exp\u00e9rience unique, loin de l&rsquo;offre existante en ligne. Un touche de graphisme, le bon gout d&rsquo;une exp\u00e9rience haut de gamme, une relation client sans failles pour une satisfaction et un effet waw garanti. Enfin le&hellip;","_links":{"self":[{"href":"https:\/\/mademoiselle.flowers\/de\/wp-json\/wp\/v2\/pages\/2324"}],"collection":[{"href":"https:\/\/mademoiselle.flowers\/de\/wp-json\/wp\/v2\/pages"}],"about":[{"href":"https:\/\/mademoiselle.flowers\/de\/wp-json\/wp\/v2\/types\/page"}],"author":[{"embeddable":true,"href":"https:\/\/mademoiselle.flowers\/de\/wp-json\/wp\/v2\/users\/439"}],"replies":[{"embeddable":true,"href":"https:\/\/mademoiselle.flowers\/de\/wp-json\/wp\/v2\/comments?post=2324"}],"version-history":[{"count":10,"href":"https:\/\/mademoiselle.flowers\/de\/wp-json\/wp\/v2\/pages\/2324\/revisions"}],"predecessor-version":[{"id":6438,"href":"https:\/\/mademoiselle.flowers\/de\/wp-json\/wp\/v2\/pages\/2324\/revisions\/6438"}],"wp:attachment":[{"href":"https:\/\/mademoiselle.flowers\/de\/wp-json\/wp\/v2\/media?parent=2324"}],"curies":[{"name":"wp","href":"https:\/\/api.w.org\/{rel}","templated":true}]}}