{"id":2831,"date":"2021-08-22T11:07:38","date_gmt":"2021-08-22T09:07:38","guid":{"rendered":"https:\/\/mademoiselle.flowers\/?page_id=2831"},"modified":"2021-11-11T14:24:17","modified_gmt":"2021-11-11T13:24:17","slug":"livraison-de-fleurs-hainaut","status":"publish","type":"page","link":"https:\/\/mademoiselle.flowers\/de\/blumenlieferung-hainaut\/","title":{"rendered":"Blumenlieferung in der Region Hennegau"},"content":{"rendered":"<div class=\"wp-block-group about-section about-section__intro grid text-center p-t-4xl p-b-2xl\"><div class=\"wp-block-group__inner-container is-layout-flow wp-block-group-is-layout-flow\">\n<div class=\"wp-block-getwid-advanced-heading font-serif text-1xl font-normal primary m-t-none m-b-none\"><h1 class=\"wp-block-getwid-advanced-heading__content\">Die elegante L\u00f6sung f\u00fcr Blumenlieferungen im Hennegau<\/h1><\/div>\n\n\n\n<p class=\"font-sans text-md font-normal upperCase secondary m-t-md m-b-none deco--center\">M\u00f6chten Sie einem Bekannten, der im Hennegau lebt, eine Freude machen oder sich selbst mademoiselle-Blumen schicken, um Ihnen zu sagen, wie toll Sie sind? Was auch immer der Anlass ist (Geburtstag, Jahrestag, gute W\u00fcnsche, ...) wir haben den idealen und eleganten Strau\u00df. Sie ist nicht nur Blumendesignerin und Floristin, <strong>Blumen nach Hennegau schicken<\/strong>Das ist unser Gesch\u00e4ft.<\/p>\n<\/div><\/div>\n\n\n\n<div class=\"wp-block-columns card-descover__container grid about-section m-b-2xl deco-top is-layout-flex wp-container-core-columns-is-layout-1 wp-block-columns-is-layout-flex\">\n<div class=\"wp-block-column card-descover__left col-desk-6 col-tab-6 col-mob-2 p-l-none is-layout-flow wp-block-column-is-layout-flow\">\n<div class=\"wp-block-group relative\"><div class=\"wp-block-group__inner-container is-layout-flow wp-block-group-is-layout-flow\">\n<figure class=\"wp-block-image size-large who__img-contain\"><img decoding=\"async\" width=\"1365\" height=\"768\" src=\"https:\/\/mademoiselle.flowers\/wp-content\/uploads\/2021\/02\/ABONNEMENT-12MOIS-edited.jpg\" alt=\"Blumenlieferung \u00fcberall im Hennegau \" class=\"wp-image-1161\" srcset=\"https:\/\/mademoiselle.flowers\/wp-content\/uploads\/2021\/02\/ABONNEMENT-12MOIS-edited.jpg 1365w, https:\/\/mademoiselle.flowers\/wp-content\/uploads\/2021\/02\/ABONNEMENT-12MOIS-edited-700x394.jpg 700w, https:\/\/mademoiselle.flowers\/wp-content\/uploads\/2021\/02\/ABONNEMENT-12MOIS-edited-600x338.jpg 600w, https:\/\/mademoiselle.flowers\/wp-content\/uploads\/2021\/02\/ABONNEMENT-12MOIS-edited-768x432.jpg 768w, https:\/\/mademoiselle.flowers\/wp-content\/uploads\/2021\/02\/ABONNEMENT-12MOIS-edited-16x9.jpg 16w\" sizes=\"(max-width: 1365px) 100vw, 1365px\" \/><\/figure>\n\n\n\n<p class=\"button--white upperCase d-inline-block cursor-pointer center--middle\"><a href=\"\/de\/shop\/nos-bouquets\/\">Sehen Sie unsere Str\u00e4u\u00dfe, die in der Provinz Hennegau geliefert werden k\u00f6nnen<\/a><\/p>\n<\/div><\/div>\n<\/div>\n\n\n\n<div class=\"wp-block-column card-descover__right col-desk-6 col-tab-6 col-mob-2 p-r-none is-layout-flow wp-block-column-is-layout-flow\">\n<div class=\"wp-block-group relative\"><div class=\"wp-block-group__inner-container is-layout-flow wp-block-group-is-layout-flow\">\n<figure class=\"wp-block-image size-large who__img-contain\"><img decoding=\"async\" width=\"350\" height=\"197\" src=\"https:\/\/mademoiselle.flowers\/wp-content\/uploads\/2021\/02\/victoire-ambiance-a-edited.jpg\" alt=\"Blumenabonnement Hennegau\" class=\"wp-image-1165\" srcset=\"https:\/\/mademoiselle.flowers\/wp-content\/uploads\/2021\/02\/victoire-ambiance-a-edited.jpg 350w, https:\/\/mademoiselle.flowers\/wp-content\/uploads\/2021\/02\/victoire-ambiance-a-edited-16x9.jpg 16w\" sizes=\"(max-width: 350px) 100vw, 350px\" \/><\/figure>\n\n\n\n<p class=\"button--white upperCase d-inline-block cursor-pointer center--middle\"><a href=\"https:\/\/mademoiselle.flowers\/de\/unsere-abonnements\/\">Unsere Abonnements g\u00fcltig in der Provinz Hennegau<\/a><\/p>\n<\/div><\/div>\n<\/div>\n<\/div>\n\n\n\n<div class=\"wp-block-columns grid about-section items-top deco-bottom deco-small is-layout-flex wp-container-core-columns-is-layout-2 wp-block-columns-is-layout-flex\">\n<div class=\"wp-block-column who__container-right col-desk-6 col-tab-6 col-mob-4 p-l-none p-r-none is-layout-flow wp-block-column-is-layout-flow\">\n<figure class=\"wp-block-image size-large who__img-contain\"><img decoding=\"async\" width=\"1154\" height=\"1460\" src=\"https:\/\/mademoiselle.flowers\/wp-content\/uploads\/2021\/02\/QUE-PENSE-1154x1460.jpg\" alt=\"4 Str\u00e4u\u00dfe mit frischen Schnittblumen in einer wei\u00dfen Wohnung in Dour\" class=\"wp-image-1152\" srcset=\"https:\/\/mademoiselle.flowers\/wp-content\/uploads\/2021\/02\/QUE-PENSE-1154x1460.jpg 1154w, https:\/\/mademoiselle.flowers\/wp-content\/uploads\/2021\/02\/QUE-PENSE-474x600.jpg 474w, https:\/\/mademoiselle.flowers\/wp-content\/uploads\/2021\/02\/QUE-PENSE-768x972.jpg 768w, https:\/\/mademoiselle.flowers\/wp-content\/uploads\/2021\/02\/QUE-PENSE-1600x2025.jpg 1600w, https:\/\/mademoiselle.flowers\/wp-content\/uploads\/2021\/02\/QUE-PENSE-1214x1536.jpg 1214w, https:\/\/mademoiselle.flowers\/wp-content\/uploads\/2021\/02\/QUE-PENSE-1618x2048.jpg 1618w, https:\/\/mademoiselle.flowers\/wp-content\/uploads\/2021\/02\/QUE-PENSE-9x12.jpg 9w, https:\/\/mademoiselle.flowers\/wp-content\/uploads\/2021\/02\/QUE-PENSE-700x886.jpg 700w, https:\/\/mademoiselle.flowers\/wp-content\/uploads\/2021\/02\/QUE-PENSE-1920x2430.jpg 1920w, https:\/\/mademoiselle.flowers\/wp-content\/uploads\/2021\/02\/QUE-PENSE-scaled.jpg 2023w\" sizes=\"(max-width: 1154px) 100vw, 1154px\" \/><\/figure>\n<\/div>\n\n\n\n<div class=\"wp-block-column col-desk-5 col-tab-5 col-mob-shift-0 col-mob-4 p-r-none p-l-none m-l-auto m-y-auto js-parallax-richtext is-layout-flow wp-block-column-is-layout-flow\">\n<h2 class=\"font-serif text-30 font-normal primary deco m-b-none m-t-none wp-block-heading\">Versenden Sie einen Blumenstrau\u00df \u00fcberall in der Provinz Hennegau<\/h2>\n\n\n\n<p class=\"font-sans text-md font-light grey-700 m-t-none m-b-none p-r-none\">Mit mademoiselle war der Blumenversand in Westbelgien noch nie so einfach und elegant. Unser Team von Blumendesignern setzt sein ganzes Wissen ein, um Ihnen eine Auswahl an Blumenarrangements zu bieten, die von Anderlues nach Thuin geliefert werden k\u00f6nnen. <a href=\"\/de\/\">Blumen nach Belgien schicken<\/a>oder <a href=\"https:\/\/belgium.mademoiselle.flowers\/de\/blumenlieferung-charleroi-6000-1513.html\">einen Blumenstrau\u00df in Charleroi liefern<\/a>Das ist unsere Spezialit\u00e4t!<\/p>\n\n\n\n<p class=\"button--outline button--container upperCase d-inline-block cursor-pointer m-t-xl m-b-none\"><a href=\"https:\/\/mademoiselle.flowers\/de\/shop\/nos-bouquets\/\">Entdecken Sie unsere Str\u00e4u\u00dfe<\/a><\/p>\n\n\n\n<div style=\"height:67px\" aria-hidden=\"true\" class=\"wp-block-spacer\"><\/div>\n\n\n\n<h2 class=\"font-serif text-30 font-normal primary deco m-b-none m-t-none wp-block-heading\">F\u00fcr jeden Anlass liefern wir die sch\u00f6nsten Blumenstr\u00e4u\u00dfe<\/h2>\n\n\n\n<p class=\"font-sans text-md font-light grey-700 m-t-none m-b-none p-r-none\">mademoiselle ist ein Online-Blumengesch\u00e4ft, das eine Auswahl von 6 <strong>Blumenstr\u00e4u\u00dfe<\/strong> nach Saison. L\u00e4ndliche, romantische, raffinierte oder funkelnde Str\u00e4u\u00dfe, die das Herz des Empf\u00e4ngers verzaubern, sei es zum Geburtstag, zum Muttertag oder einfach nur, um Ihre Liebe oder Ihre Anwesenheit in Gedanken w\u00e4hrend eines Trauerfalls zu zeigen. Noch nie war es so elegant, einen Blumenstrau\u00df an einen geliebten Menschen zu schicken.<\/p>\n<\/div>\n<\/div>\n\n\n\n<div class=\"wp-block-columns grid about-section deco-top is-layout-flex wp-container-core-columns-is-layout-3 wp-block-columns-is-layout-flex\">\n<div class=\"wp-block-column quote__container col-desk-11 col-mob-4 is-layout-flow wp-block-column-is-layout-flow\">\n<p class=\"quote upperCase text-center text-lg\"><em>Wir liefern unsere sch\u00f6nen Blumenstr\u00e4u\u00dfe innerhalb von 24 Stunden im Hennegau<\/em><\/p>\n<\/div>\n<\/div>\n\n\n\n<div class=\"wp-block-columns grid about-section m-t-2xl m-b-2xl is-layout-flex wp-container-core-columns-is-layout-4 wp-block-columns-is-layout-flex\">\n<div class=\"wp-block-column col-desk-5 col-tab-5 col-mob-4 p-l-none p-r-none m-y-auto js-parallax-richtext is-layout-flow wp-block-column-is-layout-flow\">\n<h2 class=\"font-serif text-30 font-normal primary deco m-b-none m-t-none wp-block-heading\">Wir liefern unsere sch\u00f6nen Blumenstr\u00e4u\u00dfe innerhalb von 24 Stunden in der gesamten Provinz Hennegau.<\/h2>\n\n\n\n<p class=\"font-sans text-md font-light grey-700 m-t-none m-b-none p-r-none\">Wir k\u00f6nnen den Strau\u00df am n\u00e4chsten Tag in allen Gemeinden des Hennegaus zustellen. Wir liefern in alle Bezirke wie Charleroi, Ath, Mons oder Mouscron und alle Gemeinden: Beaumont, Farciennes, Ecaussinne, Jurbise, Seneffe, usw.<\/p>\n<\/div>\n\n\n\n<div class=\"wp-block-column col-desk-6 col-tab-6 col-mob-4 p-r-none p-l-none m-l-auto is-layout-flow wp-block-column-is-layout-flow\">\n<figure class=\"wp-block-image size-large who__img-contain\"><img decoding=\"async\" width=\"2048\" height=\"2050\" src=\"https:\/\/mademoiselle.flowers\/wp-content\/uploads\/2021\/02\/Lola-Ambiance-12-1-edited-2.jpg\" alt=\"Lieferung im Hennegau innerhalb von 24 Stunden\" class=\"wp-image-1171\" srcset=\"https:\/\/mademoiselle.flowers\/wp-content\/uploads\/2021\/02\/Lola-Ambiance-12-1-edited-2.jpg 2048w, https:\/\/mademoiselle.flowers\/wp-content\/uploads\/2021\/02\/Lola-Ambiance-12-1-edited-2-700x701.jpg 700w, https:\/\/mademoiselle.flowers\/wp-content\/uploads\/2021\/02\/Lola-Ambiance-12-1-edited-2-100x100.jpg 100w, https:\/\/mademoiselle.flowers\/wp-content\/uploads\/2021\/02\/Lola-Ambiance-12-1-edited-2-1920x1922.jpg 1920w, https:\/\/mademoiselle.flowers\/wp-content\/uploads\/2021\/02\/Lola-Ambiance-12-1-edited-2-600x600.jpg 600w, https:\/\/mademoiselle.flowers\/wp-content\/uploads\/2021\/02\/Lola-Ambiance-12-1-edited-2-1460x1460.jpg 1460w, https:\/\/mademoiselle.flowers\/wp-content\/uploads\/2021\/02\/Lola-Ambiance-12-1-edited-2-300x300.jpg 300w, https:\/\/mademoiselle.flowers\/wp-content\/uploads\/2021\/02\/Lola-Ambiance-12-1-edited-2-768x769.jpg 768w, https:\/\/mademoiselle.flowers\/wp-content\/uploads\/2021\/02\/Lola-Ambiance-12-1-edited-2-1600x1602.jpg 1600w, https:\/\/mademoiselle.flowers\/wp-content\/uploads\/2021\/02\/Lola-Ambiance-12-1-edited-2-2046x2048.jpg 2046w, https:\/\/mademoiselle.flowers\/wp-content\/uploads\/2021\/02\/Lola-Ambiance-12-1-edited-2-12x12.jpg 12w\" sizes=\"(max-width: 2048px) 100vw, 2048px\" \/><\/figure>\n<\/div>\n<\/div>\n\n\n\n<div class=\"wp-block-columns card-descover__container grid about-section m-b-2xl deco-top is-layout-flex wp-container-core-columns-is-layout-5 wp-block-columns-is-layout-flex\">\n<div class=\"wp-block-column card-descover__left col-desk-6 col-tab-6 col-mob-2 p-l-none is-layout-flow wp-block-column-is-layout-flow\">\n<div class=\"wp-block-group relative\"><div class=\"wp-block-group__inner-container is-layout-flow wp-block-group-is-layout-flow\">\n<figure class=\"wp-block-image size-large who__img-contain\"><img decoding=\"async\" width=\"1365\" height=\"768\" src=\"https:\/\/mademoiselle.flowers\/wp-content\/uploads\/2021\/02\/ABONNEMENT-12MOIS-edited.jpg\" alt=\"Blumenlieferung \u00fcberall im Hennegau\" class=\"wp-image-1161\" srcset=\"https:\/\/mademoiselle.flowers\/wp-content\/uploads\/2021\/02\/ABONNEMENT-12MOIS-edited.jpg 1365w, https:\/\/mademoiselle.flowers\/wp-content\/uploads\/2021\/02\/ABONNEMENT-12MOIS-edited-700x394.jpg 700w, https:\/\/mademoiselle.flowers\/wp-content\/uploads\/2021\/02\/ABONNEMENT-12MOIS-edited-600x338.jpg 600w, https:\/\/mademoiselle.flowers\/wp-content\/uploads\/2021\/02\/ABONNEMENT-12MOIS-edited-768x432.jpg 768w, https:\/\/mademoiselle.flowers\/wp-content\/uploads\/2021\/02\/ABONNEMENT-12MOIS-edited-16x9.jpg 16w\" sizes=\"(max-width: 1365px) 100vw, 1365px\" \/><\/figure>\n\n\n\n<p class=\"button--white upperCase d-inline-block cursor-pointer center--middle\"><a href=\"\/de\/shop\/nos-bouquets\/\">Auswahl eines Blumenstrau\u00dfes<\/a><\/p>\n<\/div><\/div>\n<\/div>\n\n\n\n<div class=\"wp-block-column card-descover__right col-desk-6 col-tab-6 col-mob-2 p-r-none is-layout-flow wp-block-column-is-layout-flow\">\n<div class=\"wp-block-group relative\"><div class=\"wp-block-group__inner-container is-layout-flow wp-block-group-is-layout-flow\">\n<figure class=\"wp-block-image size-large who__img-contain\"><img decoding=\"async\" width=\"350\" height=\"197\" src=\"https:\/\/mademoiselle.flowers\/wp-content\/uploads\/2021\/02\/victoire-ambiance-a-edited.jpg\" alt=\"Blumenabonnement \u00fcberall im Hennegau\" class=\"wp-image-1165\" srcset=\"https:\/\/mademoiselle.flowers\/wp-content\/uploads\/2021\/02\/victoire-ambiance-a-edited.jpg 350w, https:\/\/mademoiselle.flowers\/wp-content\/uploads\/2021\/02\/victoire-ambiance-a-edited-16x9.jpg 16w\" sizes=\"(max-width: 350px) 100vw, 350px\" \/><\/figure>\n\n\n\n<p class=\"button--white upperCase d-inline-block cursor-pointer center--middle\"><a href=\"https:\/\/mademoiselle.flowers\/de\/unsere-abonnements\/\">Entdecken Sie unsere Abonnements<\/a><\/p>\n<\/div><\/div>\n<\/div>\n<\/div>\n\n\n\n<div class=\"wp-block-columns grid about-section m-t-2xl m-b-2xl is-layout-flex wp-container-core-columns-is-layout-6 wp-block-columns-is-layout-flex\">\n<div class=\"wp-block-column col-desk-5 col-tab-5 col-mob-4 p-l-none p-r-none m-y-auto js-parallax-richtext is-layout-flow wp-block-column-is-layout-flow\">\n<h2 class=\"font-serif text-30 font-normal primary deco m-b-none m-t-none wp-block-heading\">Vollst\u00e4ndige Liste der von unserem Zustelldienst abgedeckten Gemeinden in der Provinz Hennegau.<\/h2>\n\n\n\n<p><\/p>\n\n\n\n<p><br>A<br>Aiseau-Presles<br>Anderlues<br>Antoing<br><a href=\"https:\/\/belgium.mademoiselle.flowers\/de\/blumenlieferung-ath-7800-2126.html\">Ath<\/a><br>B<br>Beaumont<br>Beloeil<br>Bernissart<br>Binche<br>Boussu<br><a href=\"https:\/\/belgium.mademoiselle.flowers\/de\/blumenlieferung-braine-le-comte-7090-1939.html\">Braine-le-Comte<\/a><br>Brugelette<br>Brunehaut<br>C<br>Diese<br>Chapelle-lez-Herlaimont<br><a href=\"https:\/\/belgium.mademoiselle.flowers\/de\/blumenlieferung-charleroi-6000-1513.html\">Charleroi<\/a><br>Ch\u00e2telet<br>Chi\u00e8vres<br>Chimay<br>Colfontaine<br>Comines-Warneton<br>Courcelles<br>D<br>M\u00fcrrisch<br>E<br>Ecaussinnes<br>Ellezelles<br>Enghien<br>Erquelinnes<br>Estaimpuis<br>Estinnes<br>F<br>Farciennes<br>Fleurus<br>Flobecq<br>Fontaine-l'\u00c9v\u00eaque<br>Frameries<br>Frasnes-lez-Anvaing<br>Froidchapelle<br><br><br><\/p>\n<\/div>\n\n\n\n<div class=\"wp-block-column col-desk-6 col-tab-6 col-mob-4 p-r-none p-l-none m-l-auto is-layout-flow wp-block-column-is-layout-flow\">\n<figure class=\"wp-block-image size-large who__img-contain\"><img decoding=\"async\" width=\"1460\" height=\"821\" src=\"https:\/\/mademoiselle.flowers\/wp-content\/uploads\/2021\/02\/mademoiselle-diamant-2-scaled-edited-1460x821.jpg\" alt=\"Floristen in den Gemeinden der Provinz Hennegau\" class=\"wp-image-1164\" srcset=\"https:\/\/mademoiselle.flowers\/wp-content\/uploads\/2021\/02\/mademoiselle-diamant-2-scaled-edited-1460x821.jpg 1460w, https:\/\/mademoiselle.flowers\/wp-content\/uploads\/2021\/02\/mademoiselle-diamant-2-scaled-edited-700x394.jpg 700w, https:\/\/mademoiselle.flowers\/wp-content\/uploads\/2021\/02\/mademoiselle-diamant-2-scaled-edited-600x337.jpg 600w, https:\/\/mademoiselle.flowers\/wp-content\/uploads\/2021\/02\/mademoiselle-diamant-2-scaled-edited-768x432.jpg 768w, https:\/\/mademoiselle.flowers\/wp-content\/uploads\/2021\/02\/mademoiselle-diamant-2-scaled-edited-1600x900.jpg 1600w, https:\/\/mademoiselle.flowers\/wp-content\/uploads\/2021\/02\/mademoiselle-diamant-2-scaled-edited-1536x864.jpg 1536w, https:\/\/mademoiselle.flowers\/wp-content\/uploads\/2021\/02\/mademoiselle-diamant-2-scaled-edited-16x9.jpg 16w, https:\/\/mademoiselle.flowers\/wp-content\/uploads\/2021\/02\/mademoiselle-diamant-2-scaled-edited.jpg 1707w\" sizes=\"(max-width: 1460px) 100vw, 1460px\" \/><\/figure>\n\n\n\n<p>G<br>Gerpinnes<br>H<br>Ham-sur-Heure-Nalinnes<br>Hensies<br>Ehrlich<br>J<br>Jurbise<br>L<br><a href=\"https:\/\/belgium.mademoiselle.flowers\/de\/blumenlieferung-la-louviere-7100-1942.html\">La Louvi\u00e8re<\/a><br>Objektiv<br>Le Roeulx<br>Les Bons Villers<br>Lessinen<br>Leuze-en-Hainaut<br>Lobbes<br>M<br>Verwalten Sie<br>Merbes-le-Ch\u00e2teau<br>Momignies<br><a href=\"https:\/\/belgium.mademoiselle.flowers\/de\/blumenlieferung-mons-7000-1881.html\">Mons<\/a><br>Mont-de-l'Enclus<br>Montigny-le-Tilleul<br>Morlanwelz<br>Mouscron<br>P<br>Pecq<br>P\u00e9ruwelz<br>Pont-\u00e0-Celles<br>Q<br>Quaregnon<br>Qu\u00e9vy<br>Qui\u00e9vrain<br>R<br>Rumes<br>S<br>Saint-Ghislain<br>Seneffe<br>Dummerchen<br>Sivry-Rance<br>Soignies<br>T<br>Thuin<br>Tournai<\/p>\n\n\n\n<p class=\"font-sans text-md font-light grey-700 m-t-none m-b-none p-r-none\"><br><\/p>\n<\/div>\n<\/div>\n\n\n\t\t\t<div \n\t\t\tclass=\"wp-block-uagb-google-map uagb-google-map__wrap uagb-block-e152fe94\"\n\t\t\tstyle=\"\" >\n\t\t\t\t<embed\n\t\t\t\t\tclass=\"uagb-google-map__iframe\"\n\t\t\t\t\ttitle=\"Google Map for \"\n\t\t\t\t\tsrc=\"https:\/\/maps.google.com\/maps?q=hainaut&#038;z=9&#038;hl=fr&#038;t=m&#038;output=embed&#038;iwloc=near\"\n\t\t\t\t\twidth=\"640\"\n\t\t\t\t\theight=\"369\"\n\t\t\t\t\tloading=\"lazy\"\n\t\t\t\t><\/embed>\n\t\t\t<\/div>\n\t\t\t\n\n\n<div class=\"wp-block-columns is-layout-flex wp-container-core-columns-is-layout-7 wp-block-columns-is-layout-flex\">\n<div class=\"wp-block-column grid sur-mesure-section items-top p-t-4xl p-b-2xl is-layout-flow wp-block-column-is-layout-flow\">\n<h2 class=\"font-serif text-4xl font-normal primary wp-block-heading\">Fragen zu unserem Online-Blumenverkaufsservice<\/h2>\n\n\n\n<div class=\"wp-block-uagb-faq uagb-faq__outer-wrap uagb-block-10f483ca uagb-faq-icon-row uagb-faq-layout-accordion uagb-faq-expand-first-false uagb-faq-inactive-other-true uagb-faq-equal-height\" data-faqtoggle=\"true\" role=\"tablist\"><script type=\"application\/ld+json\">{\"@context\":\"https:\/\/schema.org\",\"@type\":\"FAQPage\",\"@id\":\"https:\/\/mademoiselle.flowers\/livraison-de-fleurs-hainaut\/\",\"mainEntity\":[{\"@type\":\"Question\",\"name\":\"Comment faire livrer des fleurs dans le Hainaut ?\",\"acceptedAnswer\":{\"@type\":\"Answer\",\"text\":\"Sur notre site, choisissez entre les 6 superbes bouquets de saison. Indiquez une adresse de livraison situ\u00e9e dans la province du Hainaut. S\u00e9lectionnez une date de livraison et nous ex\u00e9cuterons votre commande avec le plus grand soin.\"}},{\"@type\":\"Question\",\"name\":\"Est-ce que vous livrez des fleurs fra\u00eeches?\",\"acceptedAnswer\":{\"@type\":\"Answer\",\"text\":\"Oui, l'ensemble des fleurs qui composent les bouquets que nous envoyons dans le Hainaut sont des tiges coup\u00e9es r\u00e9cemment. Nous garantissons leur tenue en vase pendant plus de 7 jours. Elles restent \u00e9galement parfum\u00e9es pendant de nombreux jours.\"}},{\"@type\":\"Question\",\"name\":\"Quels sont les moyens de paiement propos\u00e9s sur vitre e-Shop?\",\"acceptedAnswer\":{\"@type\":\"Answer\",\"text\":\"Nous acceptons les paiements pas cartes bancaires \/ de cr\u00e9dit, mais \u00e9galement avec le syst\u00e8me Bancontact. Si vous vous trouv\u00e9 \u00e0 l'\u00e9tranger et que la personne \u00e0 qui vous souhaitez envoyer des fleurs est situ\u00e9e dans le Brabant Wallon, nous vous conseillons le paiement s\u00e9curis\u00e9e par carte de Cr\u00e9dit (Visa \/ Mastercard)\"}}]}<\/script><div class=\"uagb-faq__wrap uagb-buttons-layout-wrap\">\n<div class=\"wp-block-uagb-faq-child uagb-faq-child__outer-wrap uagb-block-f7ae7c1a\"><div class=\"uagb-faq-child__wrapper\"><div class=\"uagb-faq-item\" role=\"tab\" tabindex=\"0\"><div class=\"uagb-faq-questions-button uagb-faq-questions\"><span class=\"uagb-icon uagb-faq-icon-wrap\"><svg xmlns=\"http:\/\/www.w3.org\/2000\/svg\" viewbox=\"0 0 448 512\"><path d=\"M416 208H272V64c0-17.67-14.33-32-32-32h-32c-17.67 0-32 14.33-32 32v144H32c-17.67 0-32 14.33-32 32v32c0 17.67 14.33 32 32 32h144v144c0 17.67 14.33 32 32 32h32c17.67 0 32-14.33 32-32V304h144c17.67 0 32-14.33 32-32v-32c0-17.67-14.33-32-32-32z\"><\/path><\/svg><\/span><span class=\"uagb-icon-active uagb-faq-icon-wrap\"><svg xmlns=\"http:\/\/www.w3.org\/2000\/svg\" viewbox=\"0 0 448 512\"><path d=\"M416 208H32c-17.67 0-32 14.33-32 32v32c0 17.67 14.33 32 32 32h384c17.67 0 32-14.33 32-32v-32c0-17.67-14.33-32-32-32z\"><\/path><\/svg><\/span><h3 class=\"uagb-question\">Wie kann man Blumen im Hennegau liefern lassen?<\/h3><\/div><div class=\"uagb-faq-content\"><span><p>W\u00e4hlen Sie auf unserer Website zwischen 6 wundersch\u00f6nen saisonalen Blumenstr\u00e4u\u00dfen. Geben Sie eine Lieferadresse in der Provinz Hennegau ein. W\u00e4hlen Sie ein Lieferdatum und wir werden Ihren Auftrag mit gr\u00f6\u00dfter Sorgfalt ausf\u00fchren.<\/p><\/span><\/div><\/div><\/div><\/div>\n\n\n\n<div class=\"wp-block-uagb-faq-child uagb-faq-child__outer-wrap uagb-block-29d53d1e\"><div class=\"uagb-faq-child__wrapper\"><div class=\"uagb-faq-item\" role=\"tab\" tabindex=\"0\"><div class=\"uagb-faq-questions-button uagb-faq-questions\"><span class=\"uagb-icon uagb-faq-icon-wrap\"><svg xmlns=\"http:\/\/www.w3.org\/2000\/svg\" viewbox=\"0 0 448 512\"><path d=\"M416 208H272V64c0-17.67-14.33-32-32-32h-32c-17.67 0-32 14.33-32 32v144H32c-17.67 0-32 14.33-32 32v32c0 17.67 14.33 32 32 32h144v144c0 17.67 14.33 32 32 32h32c17.67 0 32-14.33 32-32V304h144c17.67 0 32-14.33 32-32v-32c0-17.67-14.33-32-32-32z\"><\/path><\/svg><\/span><span class=\"uagb-icon-active uagb-faq-icon-wrap\"><svg xmlns=\"http:\/\/www.w3.org\/2000\/svg\" viewbox=\"0 0 448 512\"><path d=\"M416 208H32c-17.67 0-32 14.33-32 32v32c0 17.67 14.33 32 32 32h384c17.67 0 32-14.33 32-32v-32c0-17.67-14.33-32-32-32z\"><\/path><\/svg><\/span><h3 class=\"uagb-question\">Liefern Sie frische Blumen?<\/h3><\/div><div class=\"uagb-faq-content\"><span><p>Ja, alle Blumen, die wir im Hennegau verschicken, sind frisch geschnittene Str\u00e4u\u00dfe. Wir garantieren, dass sie l\u00e4nger als 7 Tage in der Vase bleiben. Au\u00dferdem bleiben sie viele Tage lang wohlriechend.<\/p><\/span><\/div><\/div><\/div><\/div>\n\n\n\n<div class=\"wp-block-uagb-faq-child uagb-faq-child__outer-wrap uagb-block-7786301a\"><div class=\"uagb-faq-child__wrapper\"><div class=\"uagb-faq-item\" role=\"tab\" tabindex=\"0\"><div class=\"uagb-faq-questions-button uagb-faq-questions\"><span class=\"uagb-icon uagb-faq-icon-wrap\"><svg xmlns=\"http:\/\/www.w3.org\/2000\/svg\" viewbox=\"0 0 448 512\"><path d=\"M416 208H272V64c0-17.67-14.33-32-32-32h-32c-17.67 0-32 14.33-32 32v144H32c-17.67 0-32 14.33-32 32v32c0 17.67 14.33 32 32 32h144v144c0 17.67 14.33 32 32 32h32c17.67 0 32-14.33 32-32V304h144c17.67 0 32-14.33 32-32v-32c0-17.67-14.33-32-32-32z\"><\/path><\/svg><\/span><span class=\"uagb-icon-active uagb-faq-icon-wrap\"><svg xmlns=\"http:\/\/www.w3.org\/2000\/svg\" viewbox=\"0 0 448 512\"><path d=\"M416 208H32c-17.67 0-32 14.33-32 32v32c0 17.67 14.33 32 32 32h384c17.67 0 32-14.33 32-32v-32c0-17.67-14.33-32-32-32z\"><\/path><\/svg><\/span><h3 class=\"uagb-question\">Welche Zahlungsm\u00f6glichkeiten gibt es in Ihrem E-Shop?<\/h3><\/div><div class=\"uagb-faq-content\"><span><p>Wir akzeptieren Zahlungen per Bank-\/Kreditkarte, aber auch mit dem Bancontact-System. Wenn Sie sich im Ausland befinden und die Person, der Sie Blumen schicken m\u00f6chten, in Wallonisch-Brabant wohnt, raten wir Ihnen, sicher mit Kreditkarte (Visa \/ Mastercard) zu bezahlen.<\/p><\/span><\/div><\/div><\/div><\/div>\n<\/div><\/div>\n<\/div>\n<\/div>\n\n\n\n<p><\/p>","protected":false},"excerpt":{"rendered":"<p>M\u00f6chten Sie einem Bekannten, der in der Region Hennegau lebt, eine Freude machen oder einfach nur Blumen mademoiselle schicken, um Ihnen zu sagen, wie toll Sie sind? Was auch immer der Anlass ist (Geburtstag, Feiertage, gute W\u00fcnsche, ...), wir haben den idealen und eleganten Strau\u00df. Wir sind nicht nur Blumendesigner und Florist, sondern verschicken auch Blumen in der Region Hennegau, das ist unser Beruf. Sehen Sie sich unsere verf\u00fcgbaren Blumenstr\u00e4u\u00dfe an [...].<\/p>","protected":false},"author":439,"featured_media":0,"parent":0,"menu_order":0,"comment_status":"closed","ping_status":"closed","template":"","meta":{"inline_featured_image":false,"_uag_custom_page_level_css":"","footnotes":""},"class_list":["post-2831","page","type-page","status-publish","hentry"],"acf":[],"uagb_featured_image_src":{"full":false,"thumbnail":false,"medium":false,"medium_large":false,"large":false,"gs-tiny":false,"xl":false,"xxl":false,"xxxl":false,"xxxxl":false,"xxxxxl":false,"1536x1536":false,"2048x2048":false,"trp-custom-language-flag":false,"woocommerce_thumbnail":false,"woocommerce_single":false,"woocommerce_gallery_thumbnail":false},"uagb_author_info":{"display_name":"ml-si","author_link":"https:\/\/mademoiselle.flowers\/de\/author\/ml-si\/"},"uagb_comment_info":0,"uagb_excerpt":"Vous souhaitez faire plaisir \u00e0 une connaissance qui habite dans le Hainaut ou simplement vous envoyer des fleurs mademoiselle, pour vous dire combien vous \u00eates formidable ?&nbsp;Quelle que&nbsp;soit l&rsquo;occasion&nbsp;(anniversaire, f\u00eates, bons v\u0153ux, &#8230;)&nbsp;nous avons&nbsp;le&nbsp;bouquet id\u00e9al et&nbsp;\u00e9l\u00e9gant.&nbsp;En plus d&rsquo;\u00eatre designer floral et fleuriste, envoyer des fleurs dans le Hainaut, c&rsquo;est notre m\u00e9tier. Voir nos bouquets disponibles&hellip;","_links":{"self":[{"href":"https:\/\/mademoiselle.flowers\/de\/wp-json\/wp\/v2\/pages\/2831"}],"collection":[{"href":"https:\/\/mademoiselle.flowers\/de\/wp-json\/wp\/v2\/pages"}],"about":[{"href":"https:\/\/mademoiselle.flowers\/de\/wp-json\/wp\/v2\/types\/page"}],"author":[{"embeddable":true,"href":"https:\/\/mademoiselle.flowers\/de\/wp-json\/wp\/v2\/users\/439"}],"replies":[{"embeddable":true,"href":"https:\/\/mademoiselle.flowers\/de\/wp-json\/wp\/v2\/comments?post=2831"}],"version-history":[{"count":11,"href":"https:\/\/mademoiselle.flowers\/de\/wp-json\/wp\/v2\/pages\/2831\/revisions"}],"predecessor-version":[{"id":4005,"href":"https:\/\/mademoiselle.flowers\/de\/wp-json\/wp\/v2\/pages\/2831\/revisions\/4005"}],"wp:attachment":[{"href":"https:\/\/mademoiselle.flowers\/de\/wp-json\/wp\/v2\/media?parent=2831"}],"curies":[{"name":"wp","href":"https:\/\/api.w.org\/{rel}","templated":true}]}}