{"id":3467,"date":"2021-09-23T18:18:19","date_gmt":"2021-09-23T16:18:19","guid":{"rendered":"https:\/\/mademoiselle.flowers\/?page_id=3467"},"modified":"2023-01-05T16:54:11","modified_gmt":"2023-01-05T15:54:11","slug":"livraison-fleurs-entreprise","status":"publish","type":"page","link":"https:\/\/mademoiselle.flowers\/de\/lieferung-blumen-unternehmen\/","title":{"rendered":"Service Unternehmen"},"content":{"rendered":"<div class=\"wp-block-group grid about-section items-top deco-bottom deco-small\"><div class=\"wp-block-group__inner-container is-layout-flow wp-block-group-is-layout-flow\">\n<h1 class=\"wp-block-heading\"><\/h1>\n\n\n\n<div style=\"height:112px\" aria-hidden=\"true\" class=\"wp-block-spacer\"><\/div>\n\n\n\n<div class=\"wp-block-uagb-advanced-heading uagb-block-cfbacb8c font-serif text-25 font-normal primary\"><h1 class=\"uagb-heading-text\">Business-L\u00f6sungen<\/h1><div class=\"uagb-separator-wrap\"><div class=\"uagb-separator\"><\/div><\/div><p class=\"uagb-desc-text\">Ein Premium-Angebot f\u00fcr imagebewusste Unternehmen<\/p><\/div>\n\n\n\n<div class=\"wp-block-columns m-t-none m-b-none is-layout-flex wp-container-core-columns-is-layout-1 wp-block-columns-is-layout-flex\">\n<div class=\"wp-block-column grid about-section m-b-none is-layout-flow wp-block-column-is-layout-flow\">\n<p class=\"font-sans text-md font-light primary m-t-none m-b-none\">Im Leben eines Unternehmens geht es auch darum, die starken Momente eines Mitarbeiters (Geburt, Geburtstag, Hochzeit, ...) zu feiern, aber auch die Freude \u00fcber einen Erfolg oder einen Sieg zu teilen. In einer Zeit, in der die Rekrutierung von Mitarbeitern manchmal eine komplizierte Aufgabe ist, ist eine starke, menschliche und fr\u00f6hliche Unternehmenskultur notwendiger denn je. <\/p>\n\n\n\n<p class=\"font-sans text-md font-light primary m-t-none m-b-none\">F\u00fcr Unternehmenskunden bieten wir ein einfaches und effektives Angebot: Mengenrabatte (<strong>auf unser gesamtes Sortiment<\/strong>), eine <strong>VIP-Telefonleitung<\/strong> um Ihre Bestellungen aufzugeben.<br><\/p>\n\n\n\n<p><strong>Haben Sie eine Gesch\u00e4ftsidee?<\/strong> Ein besonderes Bed\u00fcrfnis? <a href=\"mailto:info@mademoiselle.flowers\">Kontakt<\/a><br><strong>Brauchen Sie ein ma\u00dfgeschneidertes Angebot?<\/strong> <a href=\"mailto:info@mademoiselle.flowers\">Kontakt<\/a><\/p>\n\n\n\n<p class=\"font-sans text-md font-light primary m-t-none m-b-none\"><br><\/p>\n\n\n\n<p class=\"font-sans text-md font-light primary m-t-none m-b-none\"><\/p>\n<\/div>\n<\/div>\n\n\n\n<div class=\"wp-block-columns grid about-section is-layout-flex wp-container-core-columns-is-layout-2 wp-block-columns-is-layout-flex\">\n<div class=\"wp-block-column who__container-right col-desk-6 col-tab-6 col-mob-4 p-l-none p-r-none is-layout-flow wp-block-column-is-layout-flow\">\n<figure class=\"wp-block-image size-large who__img-contain\"><img decoding=\"async\" width=\"350\" height=\"430\" src=\"https:\/\/mademoiselle.flowers\/wp-content\/uploads\/2021\/07\/Victoire-Ambiance-1.jpg\" alt=\"Blumen mit Rechnung versenden\" class=\"wp-image-2705\" srcset=\"https:\/\/mademoiselle.flowers\/wp-content\/uploads\/2021\/07\/Victoire-Ambiance-1.jpg 350w, https:\/\/mademoiselle.flowers\/wp-content\/uploads\/2021\/07\/Victoire-Ambiance-1-10x12.jpg 10w\" sizes=\"(max-width: 350px) 100vw, 350px\" \/><\/figure>\n<\/div>\n\n\n\n<div class=\"wp-block-column col-desk-5 col-tab-5 col-mob-shift-0 col-mob-4 p-r-none p-l-none m-l-auto m-y-auto js-parallax-richtext is-layout-flow wp-block-column-is-layout-flow\">\n<h2 class=\"font-serif text-30 font-normal primary deco m-b-none m-t-none wp-block-heading\">Vereinfachte Rechnungsstellung<\/h2>\n\n\n\n<p class=\"font-sans text-md font-light primary m-t-none m-b-none\">F\u00fcr eine <strong>Einzelkauf<\/strong> episodisch, geben Sie einfach eine Online-Bestellung auf und geben Sie Ihre Umsatzsteuer-Identifikationsnummer an. Unser Partner wird Ihnen dann automatisch eine Rechnung per E-Mail schicken. Dazu ben\u00f6tigen Sie eine <strong>Kreditkarte<\/strong>. Ihr Kundenkonto speichert Ihre Rechnungsdaten f\u00fcr die n\u00e4chste Bestellung. Eine einfache L\u00f6sung, die Ihrem Buchhalter gefallen wird.<\/p>\n\n\n\n<p class=\"font-sans text-md font-light primary m-t-none m-b-none\">Sie haben keine <strong>keine Firmenkreditkarte besitzen<\/strong> ? Das ist in Ordnung, <a href=\"mailto:info@mademoiselle.flowers\">Kontaktaufnahme per E-Mail<\/a>Wir werden Ihnen innerhalb einer Stunde antworten. Unser Partner nimmt Ihre Bestellung entgegen und schickt Ihnen eine Rechnung, die Sie vor dem Versand begleichen m\u00fcssen. <\/p>\n\n\n\n<p class=\"font-sans text-md font-light primary m-t-none m-b-none\">F\u00fcr eine<strong> 30-t\u00e4gige Abrechnung<\/strong>, <a href=\"mailto:info@mademoiselle.flowers\">Kontaktaufnahme per E-Mail<\/a>Wir antworten Ihnen innerhalb einer Stunde. Wir legen gemeinsam ein Kundenkonto an. Am Ende des Monats erhalten Sie eine zusammenfassende Rechnung \u00fcber Ihre Eink\u00e4ufe, die Sie innerhalb von 30 Tagen bezahlen m\u00fcssen.<\/p>\n\n\n\n<div style=\"height:74px\" aria-hidden=\"true\" class=\"wp-block-spacer\"><\/div>\n<\/div>\n<\/div>\n\n\n\n<div class=\"wp-block-columns grid about-section is-layout-flex wp-container-core-columns-is-layout-3 wp-block-columns-is-layout-flex\">\n<div class=\"wp-block-column col-desk-5 col-tab-5 col-mob-4 p-l-none p-r-none m-y-auto js-parallax-richtext is-layout-flow wp-block-column-is-layout-flow\">\n<h2 class=\"font-serif text-30 font-normal primary deco m-b-none wp-block-heading\">Eine Bestellung von 3 Blumenstr\u00e4u\u00dfen (und mehr...)?<\/h2>\n\n\n\n<p class=\"font-sans text-md font-light primary m-t-none m-b-none\">F\u00fcr eine <strong>Gro\u00dfeinkauf<\/strong> (ab 3 Str\u00e4u\u00dfen), Sie brauchen nicht online zu bestellen, unser Firmenservice \u00fcbernimmt die Bestellung und schickt Ihnen eine Rechnung. Die Zahlung erfolgt nach Erhalt der Rechnung. Wir versenden die Str\u00e4u\u00dfe nach Bezahlung oder direkt, wenn Sie einen Rahmenvertrag haben. <a href=\"mailto:info@mademoiselle.flowers\">Kontaktieren Sie uns f\u00fcr ein Gespr\u00e4ch.<\/a><\/p>\n<\/div>\n\n\n\n<div class=\"wp-block-column col-desk-6 col-tab-6 col-mob-4 p-r-none p-l-none m-l-auto is-layout-flow wp-block-column-is-layout-flow\">\n<figure class=\"wp-block-image size-large who__img-contain\"><img decoding=\"async\" width=\"1460\" height=\"973\" src=\"https:\/\/mademoiselle.flowers\/wp-content\/uploads\/2021\/07\/Charlotte-HOME-1460x973.jpg\" alt=\"Bestellung von Blumenstr\u00e4u\u00dfen f\u00fcr den Geburtstag eines Kollegen\" class=\"wp-image-2712\" srcset=\"https:\/\/mademoiselle.flowers\/wp-content\/uploads\/2021\/07\/Charlotte-HOME-1460x973.jpg 1460w, https:\/\/mademoiselle.flowers\/wp-content\/uploads\/2021\/07\/Charlotte-HOME-600x400.jpg 600w, https:\/\/mademoiselle.flowers\/wp-content\/uploads\/2021\/07\/Charlotte-HOME-768x512.jpg 768w, https:\/\/mademoiselle.flowers\/wp-content\/uploads\/2021\/07\/Charlotte-HOME-1600x1066.jpg 1600w, https:\/\/mademoiselle.flowers\/wp-content\/uploads\/2021\/07\/Charlotte-HOME-1536x1024.jpg 1536w, https:\/\/mademoiselle.flowers\/wp-content\/uploads\/2021\/07\/Charlotte-HOME-16x12.jpg 16w, https:\/\/mademoiselle.flowers\/wp-content\/uploads\/2021\/07\/Charlotte-HOME-700x467.jpg 700w, https:\/\/mademoiselle.flowers\/wp-content\/uploads\/2021\/07\/Charlotte-HOME-1920x1280.jpg 1920w, https:\/\/mademoiselle.flowers\/wp-content\/uploads\/2021\/07\/Charlotte-HOME.jpg 2048w\" sizes=\"(max-width: 1460px) 100vw, 1460px\" \/><\/figure>\n\n\n\n<div style=\"height:35px\" aria-hidden=\"true\" class=\"wp-block-spacer\"><\/div>\n<\/div>\n<\/div>\n\n\n\n<div class=\"wp-block-columns grid about-section items-top p-l-none p-r-none is-layout-flex wp-container-core-columns-is-layout-4 wp-block-columns-is-layout-flex\">\n<div class=\"wp-block-column who__container-right col-desk-6 col-tab-6 col-mob-4 p-l-none p-r-none is-layout-flow wp-block-column-is-layout-flow\">\n<figure class=\"wp-block-image size-large who__img-contain\"><img decoding=\"async\" width=\"1154\" height=\"1460\" src=\"https:\/\/mademoiselle.flowers\/wp-content\/uploads\/2021\/02\/QUE-PENSE-1154x1460.jpg\" alt=\"Blumenlieferung mit Rechnung\" class=\"wp-image-1152\" srcset=\"https:\/\/mademoiselle.flowers\/wp-content\/uploads\/2021\/02\/QUE-PENSE-1154x1460.jpg 1154w, https:\/\/mademoiselle.flowers\/wp-content\/uploads\/2021\/02\/QUE-PENSE-474x600.jpg 474w, https:\/\/mademoiselle.flowers\/wp-content\/uploads\/2021\/02\/QUE-PENSE-768x972.jpg 768w, https:\/\/mademoiselle.flowers\/wp-content\/uploads\/2021\/02\/QUE-PENSE-1600x2025.jpg 1600w, https:\/\/mademoiselle.flowers\/wp-content\/uploads\/2021\/02\/QUE-PENSE-1214x1536.jpg 1214w, https:\/\/mademoiselle.flowers\/wp-content\/uploads\/2021\/02\/QUE-PENSE-1618x2048.jpg 1618w, https:\/\/mademoiselle.flowers\/wp-content\/uploads\/2021\/02\/QUE-PENSE-9x12.jpg 9w, https:\/\/mademoiselle.flowers\/wp-content\/uploads\/2021\/02\/QUE-PENSE-700x886.jpg 700w, https:\/\/mademoiselle.flowers\/wp-content\/uploads\/2021\/02\/QUE-PENSE-1920x2430.jpg 1920w, https:\/\/mademoiselle.flowers\/wp-content\/uploads\/2021\/02\/QUE-PENSE-scaled.jpg 2023w\" sizes=\"(max-width: 1154px) 100vw, 1154px\" \/><\/figure>\n<\/div>\n\n\n\n<div class=\"wp-block-column col-desk-5 col-tab-5 col-mob-shift-0 col-mob-4 p-r-none p-l-none m-l-auto m-y-auto js-parallax-richtext is-layout-flow wp-block-column-is-layout-flow\">\n<h2 class=\"font-serif text-30 font-normal primary deco m-b-none m-t-none wp-block-heading\">Angepasste Lieferungen<\/h2>\n\n\n\n<p class=\"font-sans text-md font-light primary m-t-none m-b-none\">Wenn Sie Ihre Waren geliefert haben m\u00f6chten <strong>mehrere Str\u00e4u\u00dfe an dieselbe Adresse<\/strong> (oft die Ihres Unternehmens) mit individuellen Botschaften, <a href=\"mailto:info@mademoiselle.flowers\">kontaktieren Sie uns<\/a>Wir bieten eine Sammellieferung mit angepassten Versandkosten an.<\/p>\n\n\n\n<div style=\"height:100px\" aria-hidden=\"true\" class=\"wp-block-spacer\"><\/div>\n<\/div>\n<\/div>\n\n\n\n<div class=\"wp-block-columns is-layout-flex wp-container-core-columns-is-layout-5 wp-block-columns-is-layout-flex\">\n<div class=\"wp-block-column grid about-section is-layout-flow wp-block-column-is-layout-flow\">\n<h2 class=\"font-serif text-30 font-normal primary deco m-b-none wp-block-heading\">Unsere Abonnements, f\u00fcr monatliche Blumen in Ihrem B\u00fcro<\/h2>\n\n\n\n<p class=\"font-sans text-md font-light primary m-t-none m-b-none\">Verleihen Sie Ihrem Arbeitsplatz jeden Monat die zarte Note eines mademoiselle-Bouquets. Wir bieten Ihnen unser Sortiment an Blumenstr\u00e4u\u00dfen als professionelles Abonnement an - inklusive Rechnung. <br>Entdecken Sie unser <a href=\"https:\/\/mademoiselle.flowers\/de\/unsere-abonnements\/\">L\u00f6sungen im Monatsabonnement<\/a>.<\/p>\n\n\n\n<div style=\"height:168px\" aria-hidden=\"true\" class=\"wp-block-spacer\"><\/div>\n\n\n\n<p class=\"font-sans text-md font-light primary m-t-none m-b-none\"><br><\/p>\n\n\n\n<div style=\"height:22px\" aria-hidden=\"true\" class=\"wp-block-spacer\"><\/div>\n<\/div>\n<\/div>\n<\/div><\/div>","protected":false},"excerpt":{"rendered":"<p>L\u00f6sungen f\u00fcr Unternehmen Ein Premium-Angebot f\u00fcr Unternehmen, die auf ihr Image achten Zum Leben eines Unternehmens geh\u00f6rt es auch, die starken Momente eines Mitarbeiters zu feiern (Geburt, Geburtstag, Hochzeit, ...), aber auch die Freude \u00fcber einen Erfolg oder einen Sieg zu teilen. In einer Zeit, in der die Rekrutierung von Mitarbeitern manchmal eine komplizierte Aufgabe ist, ist eine starke Unternehmenskultur [...].<\/p>","protected":false},"author":439,"featured_media":0,"parent":0,"menu_order":0,"comment_status":"closed","ping_status":"closed","template":"","meta":{"inline_featured_image":false,"_uag_custom_page_level_css":"","footnotes":""},"class_list":["post-3467","page","type-page","status-publish","hentry"],"acf":[],"uagb_featured_image_src":{"full":false,"thumbnail":false,"medium":false,"medium_large":false,"large":false,"gs-tiny":false,"xl":false,"xxl":false,"xxxl":false,"xxxxl":false,"xxxxxl":false,"1536x1536":false,"2048x2048":false,"trp-custom-language-flag":false,"woocommerce_thumbnail":false,"woocommerce_single":false,"woocommerce_gallery_thumbnail":false},"uagb_author_info":{"display_name":"","author_link":"https:\/\/mademoiselle.flowers\/de\/author\/ml-si\/"},"uagb_comment_info":0,"uagb_excerpt":"Solutions pour Entreprises Une offre premium pour les soci\u00e9t\u00e9s soucieuses de leur image La vie d&rsquo;une entreprise, c&rsquo;est \u00e9galement f\u00eater les moments forts d&rsquo;un employ\u00e9 (naissance, anniversaire, mariage, &#8230;) mais aussi partager la joie d&rsquo;une r\u00e9ussite ou d&rsquo;une victoire. \u00c0 l&rsquo;heure o\u00f9 le recrutement de collaborateurs est parfois une mission compliqu\u00e9e, une culture d&rsquo;entreprise forte,&hellip;","_links":{"self":[{"href":"https:\/\/mademoiselle.flowers\/de\/wp-json\/wp\/v2\/pages\/3467"}],"collection":[{"href":"https:\/\/mademoiselle.flowers\/de\/wp-json\/wp\/v2\/pages"}],"about":[{"href":"https:\/\/mademoiselle.flowers\/de\/wp-json\/wp\/v2\/types\/page"}],"author":[{"embeddable":true,"href":"https:\/\/mademoiselle.flowers\/de\/wp-json\/wp\/v2\/users\/439"}],"replies":[{"embeddable":true,"href":"https:\/\/mademoiselle.flowers\/de\/wp-json\/wp\/v2\/comments?post=3467"}],"version-history":[{"count":9,"href":"https:\/\/mademoiselle.flowers\/de\/wp-json\/wp\/v2\/pages\/3467\/revisions"}],"predecessor-version":[{"id":6323,"href":"https:\/\/mademoiselle.flowers\/de\/wp-json\/wp\/v2\/pages\/3467\/revisions\/6323"}],"wp:attachment":[{"href":"https:\/\/mademoiselle.flowers\/de\/wp-json\/wp\/v2\/media?parent=3467"}],"curies":[{"name":"wp","href":"https:\/\/api.w.org\/{rel}","templated":true}]}}