{"id":5753,"date":"2022-06-29T14:15:54","date_gmt":"2022-06-29T12:15:54","guid":{"rendered":"https:\/\/mademoiselle.flowers\/?page_id=5753"},"modified":"2023-01-09T22:00:50","modified_gmt":"2023-01-09T21:00:50","slug":"c1-e-concevoir-un-bouquet","status":"publish","type":"page","link":"https:\/\/mademoiselle.flowers\/de\/g-c1-e-concevoir-un-bouquet\/","title":{"rendered":"C1 e &#8211; conception"},"content":{"rendered":"<div class=\"wp-block-group grid about-section items-top deco-bottom deco-small\"><div class=\"wp-block-group__inner-container is-layout-flow wp-block-group-is-layout-flow\">\n<div style=\"height:112px\" aria-hidden=\"true\" class=\"wp-block-spacer\"><\/div>\n\n\n\n<div class=\"wp-block-uagb-advanced-heading uagb-block-123191f3 font-serif text-25 font-normal primary\"><h1 class=\"uagb-heading-text\">Comment faire un beau bouquet de fleurs ?<\/h1><div class=\"uagb-separator-wrap\"><div class=\"uagb-separator\"><\/div><\/div><p class=\"uagb-desc-text\">La composition d\u2019un <a href=\"https:\/\/mademoiselle.flowers\/de\/blumenstrause\/\">Blumenstrau\u00df<\/a> frais requiert quelques notions importantes. <\/p><\/div>\n\n\n\n<div class=\"wp-block-columns is-layout-flex wp-container-core-columns-is-layout-1 wp-block-columns-is-layout-flex\">\n<div class=\"wp-block-column grid about-section is-layout-flow wp-block-column-is-layout-flow\">\n<p class=\"font-sans text-md font-light primary m-t-none m-b-none\">Bien que consid\u00e9r\u00e9 comme une activit\u00e9 passionnante et instinctive, vous devriez disposer d\u2019une bonne ma\u00eetrise pour concevoir de magnifiques bouquets. Retrouvez dans cet article quelques astuces de notre artisan florale mademoiselle pour vous aider !<\/p>\n\n\n\n<h2 class=\"font-serif text-30 font-normal primary deco wp-block-heading\">L\u2019art floral, le 8ieme art !<\/h2>\n\n\n\n<p class=\"font-sans text-md font-light primary m-t-none m-b-none\">Savoir cr\u00e9er des bouquets demeure un art, une profession. Outre l\u2019aspect d\u00e9coratif et la <a href=\"https:\/\/mademoiselle.flowers\/de\/g-c1b-parfum-des-fleurs\/\">senteur<\/a>, chaque fleur porte une <a href=\"https:\/\/mademoiselle.flowers\/de\/g-c1-c\/\">signification<\/a> \u00e0 prendre en compte pour une composition r\u00e9ussie. Ainsi, pour obtenir un r\u00e9sultat satisfaisant, vous devez commencer par choisir le style convenable. Ici, nous aborderons deux types d\u2019art floral&nbsp;: l\u2019art floral japonais et l\u2019art floral moderne. Le premier se distingue par son originalit\u00e9 et son aspect exotique. Il comprend pr\u00e9cis\u00e9ment deux genres \u00e0 savoir&nbsp;: <strong>Ikebana<\/strong>\u2009et <strong>Kokedama<\/strong>.<\/p>\n\n\n\n<p class=\"font-sans text-md font-light primary m-t-none m-b-none\">En ce qui concerne l\u2019art floral moderne, il propose un mod\u00e8le de compositions florales assez \u00e9volu\u00e9 et adapt\u00e9 aux nouvelles tendances. Pour constituer un bouquet de fleurs de ce mod\u00e8le, vous devez privil\u00e9gier un contenant assez original, de grandes fleurs aux tiges rigides, un style g\u00e9om\u00e9trique et tr\u00e8s \u00e9pur\u00e9.<\/p>\n\n\n\n<h2 class=\"font-serif text-30 font-normal primary deco m-b-none wp-block-heading\">Les types de bouquets<\/h2>\n\n\n\n<p class=\"font-sans text-md font-light primary m-t-none m-b-none\">Nous vous y trompez pas, c&rsquo;est l\u00e0 que cela se corse! Selon la saison, la forme, l\u2019objectif ou les \u00e9l\u00e9ments utilis\u00e9s, on peut distinguer <strong>diff\u00e9rents types de bouquets<\/strong>. Nous avons recens\u00e9 quelques exemples pour mieux vous aider guider&nbsp;:<\/p>\n\n\n\n<ul class=\"font-sans text-md font-light primary m-t-none m-b-none wp-block-list\">\n<li>Die <strong>bouquet rond<\/strong>&nbsp;: tr\u00e8s original, coquet et facile \u00e0 composer, ce bouquet regroupe des tiges courtes et des fleurs champ\u00eatres ou printani\u00e8res. Il pr\u00e9sente la forme d\u2019une demi-sph\u00e8re et s\u2019utilise \u00e0 diverses occasions\u2009. Le bouquet rond est un arrangement florale en forme de sph\u00e8re, g\u00e9n\u00e9ralement compos\u00e9 de fleurs de la m\u00eame couleur ou de couleurs assorties. C&rsquo;est un choix classique pour les mariages et les autres occasions sp\u00e9ciales. <\/li>\n\n\n\n<li>Die <strong>bouquet parall\u00e8le<\/strong>&nbsp;: parfois tr\u00e8s complexe \u00e0 r\u00e9aliser, il arbore une structure horizontale et convient parfaitement \u00e0 la d\u00e9coration de table lors des f\u00eates\u2009;<\/li>\n\n\n\n<li>Die <strong>bouquet de la mari\u00e9e<\/strong>&nbsp;: Le bouquet de mari\u00e9 est le bouquet de fleurs que la mari\u00e9e tient pendant la c\u00e9r\u00e9monie de mariage. Il est souvent classique, sauvage ou asym\u00e9trique, ce mod\u00e8le de bouquet varie en fonction du go\u00fbt de la mari\u00e9e et des composants utilis\u00e9s\u2009. Il peut \u00eatre de n&rsquo;importe quelle forme et taille, mais il est souvent un peu plus petit et plus sophistiqu\u00e9 que les bouquets ordinaires.<\/li>\n\n\n\n<li><strong>Bouquet demi-lune :<\/strong> le bouquet demi-lune est un arrangement florale en forme de demi-lune, g\u00e9n\u00e9ralement compos\u00e9 de fleurs de diff\u00e9rentes couleurs et tailles. C&rsquo;est un choix populaire pour les mariages et les autres occasions sp\u00e9ciales.<\/li>\n\n\n\n<li>Die <strong>bouquet sans fleurs&nbsp;<\/strong>: ce bouquet demeure l\u2019un des plus originaux \u00e0 ce jour, m\u00eame si il n&rsquo;\u00e9gale pas la beaut\u00e9 d&rsquo;un bouquet classique. Il s\u2019utilise lors d\u2019un anniversaire, d\u2019un bapt\u00eame ou d\u2019un mariage. Pour sa composition, vous pouvez vous servir du papier, des ballons ou des bonbons.<\/li>\n<\/ul>\n\n\n\n<h2 class=\"font-serif text-30 font-normal primary deco m-b-none wp-block-heading\">Comment faire un bouquet\u2009de fleurs?<\/h2>\n\n\n\n<p class=\"font-sans text-md font-light primary m-t-none m-b-none\">Un bouquet de fleurs est destin\u00e9 \u00e0 provoquer une \u00e9motion vive et particuli\u00e8re chez la personne qui le re\u00e7oit. Ainsi, pour <a href=\"https:\/\/mademoiselle.flowers\/de\/g-c1-e-a\/\">cr\u00e9er une composition florale<\/a>, vous devez maitriser les crit\u00e8res de s\u00e9lections des fleurs, la signification de ces derni\u00e8res, sans oublier les m\u00e9thodes d\u2019associations. Voici quelques \u00e9tapes importantes \u00e0 suivre pour bien concevoir votre bouquet directement dans le vase\u00a0:<\/p>\n\n\n\n<ol class=\"font-sans text-md font-light primary m-t-none m-b-none wp-block-list\">\n<li><strong>Choisissez quelques vari\u00e9t\u00e9s de fleurs fra\u00eeches<\/strong> (selon la saison) pour composer un bouquet color\u00e9 et harmonieux\u2009;<\/li>\n\n\n\n<li><strong>Nettoyez correctement et coupez l\u00e9g\u00e8rement les tiges<\/strong> pour faciliter l\u2019absorption de l\u2019eau, puis retirez quelques feuilles\u2009;<\/li>\n\n\n\n<li><strong>Remplissez un vase<\/strong> jusqu\u2019\u00e0 la moiti\u00e9 de sa hauteur&nbsp;avec une eau \u00e0 temp\u00e9rature ambiante\u2009;<\/li>\n\n\n\n<li><strong>Disposez les tiges<\/strong> sur le pourtour du contenant de sorte \u00e0 cr\u00e9er une structure entrecrois\u00e9e et joyeuse (tenez compte de la forme d\u00e9sir\u00e9e)\u2009;<\/li>\n\n\n\n<li><strong>Placez ensuite les fleurs de t\u00eate<\/strong> puis les petites fleurs de mani\u00e8re esth\u00e9tique\u2009;<\/li>\n\n\n\n<li>Apportez <strong>quelques \u00e9l\u00e9ments floraux<\/strong> plus fins pour donner plus de hauteur et de l\u00e9g\u00e8ret\u00e9 \u00e0 votre bouquet.<\/li>\n<\/ol>\n\n\n\n<div style=\"height:59px\" aria-hidden=\"true\" class=\"wp-block-spacer\"><\/div>\n\n\n\n<figure class=\"wp-block-image size-medium font-sans text-md font-light primary m-t-none m-b-none uag-hide-mob\"><img decoding=\"async\" width=\"450\" height=\"600\" src=\"https:\/\/mademoiselle.flowers\/wp-content\/uploads\/2022\/04\/camille-home-450x600.jpeg\" alt=\"les grandes \u00e9tapes de la cr\u00e9ation d'un bouquet\" class=\"wp-image-5163\" srcset=\"https:\/\/mademoiselle.flowers\/wp-content\/uploads\/2022\/04\/camille-home-450x600.jpeg 450w, https:\/\/mademoiselle.flowers\/wp-content\/uploads\/2022\/04\/camille-home-1095x1460.jpeg 1095w, https:\/\/mademoiselle.flowers\/wp-content\/uploads\/2022\/04\/camille-home-768x1024.jpeg 768w, https:\/\/mademoiselle.flowers\/wp-content\/uploads\/2022\/04\/camille-home-1600x2133.jpeg 1600w, https:\/\/mademoiselle.flowers\/wp-content\/uploads\/2022\/04\/camille-home-1152x1536.jpeg 1152w, https:\/\/mademoiselle.flowers\/wp-content\/uploads\/2022\/04\/camille-home-1536x2048.jpeg 1536w, https:\/\/mademoiselle.flowers\/wp-content\/uploads\/2022\/04\/camille-home-9x12.jpeg 9w, https:\/\/mademoiselle.flowers\/wp-content\/uploads\/2022\/04\/camille-home-700x933.jpeg 700w, https:\/\/mademoiselle.flowers\/wp-content\/uploads\/2022\/04\/camille-home-scaled.jpeg 1920w\" sizes=\"(max-width: 450px) 100vw, 450px\" \/><\/figure>\n\n\n\n<h2 class=\"font-serif text-30 font-normal primary deco m-b-none wp-block-heading\">\u00c9quilibrer fleurs et verdure dans un bouquet<\/h2>\n\n\n\n<p class=\"font-sans text-md font-light primary m-t-none m-b-none\">Pour cr\u00e9er un bouquet harmonieux, vous devez bien associer les composants. <a href=\"https:\/\/mademoiselle.flowers\/de\/g-c1-e-e\/\">Entre fleurs et verdures<\/a>, les volumes doivent s\u2019accorder pour rehausser la beaut\u00e9 de votre bouquet. En ce qui concerne les couleurs, un peu de monotonie permet d\u2019aboutir \u00e0 un r\u00e9sultat satisfaisant. Aux d\u00e9butants, l\u2019on recommande en g\u00e9n\u00e9ral d\u2019\u00e9viter le m\u00e9lange de teintes. Vous pouvez par exemple opter pour une couleur forte (le rouge ou le jaune), puis une couleur neutre comme le vert. La verdure permettra pour sa part d&rsquo;\u00e9toffer le bouquet.<\/p>\n\n\n\n<p class=\"font-sans text-md font-light primary m-t-none m-b-none\">De m\u00eame, en dehors des fleurs, vous devez apporter quelques autres composants comme les feuilles, les tiges ou les gramin\u00e9es, pour cr\u00e9er un bouquet frais, \u00e9quilibr\u00e9 et joyeux. Pour la verdure, nous avons une pr\u00e9f\u00e9rence chez mademoiselle pour l&rsquo;eucalyptus (petit ou grand) qui donne une teinte gris olive assez tendance.  <\/p>\n\n\n\n<p class=\"font-sans text-md font-light primary m-t-none m-b-none\"><\/p>\n\n\n\n<p class=\"font-sans text-md font-light primary m-t-none m-b-none\"><strong>Lesen Sie auch: <\/strong><br><\/p>\n\n\n\n<p class=\"font-sans text-md font-light primary m-t-none m-b-none\">Die N\u00fctzlichkeit der Blumen<br>Die Freude am Schenken von Blumen<br>Blumen online kaufen<br>Blumen versenden<br>Blumen im Gesch\u00e4ft (B2B)<br>Der Beruf des Blumenh\u00e4ndlers<br><\/p>\n<\/div>\n<\/div>\n<\/div><\/div>\n\n\n\n<div class=\"wp-block-columns card-descover__container grid about-section m-b-2xl deco-top is-layout-flex wp-container-core-columns-is-layout-2 wp-block-columns-is-layout-flex\">\n<div class=\"wp-block-column card-descover__left col-desk-6 col-tab-6 col-mob-2 p-l-none is-layout-flow wp-block-column-is-layout-flow\">\n<div class=\"wp-block-group relative\"><div class=\"wp-block-group__inner-container is-layout-flow wp-block-group-is-layout-flow\">\n<figure class=\"wp-block-image size-large who__img-contain\"><img decoding=\"async\" width=\"1365\" height=\"768\" src=\"https:\/\/mademoiselle.flowers\/wp-content\/uploads\/2021\/02\/ABONNEMENT-12MOIS-edited.jpg\" alt=\"Blumenlieferung \u00fcberall in der Hauptstadt\" class=\"wp-image-1161\" srcset=\"https:\/\/mademoiselle.flowers\/wp-content\/uploads\/2021\/02\/ABONNEMENT-12MOIS-edited.jpg 1365w, https:\/\/mademoiselle.flowers\/wp-content\/uploads\/2021\/02\/ABONNEMENT-12MOIS-edited-700x394.jpg 700w, https:\/\/mademoiselle.flowers\/wp-content\/uploads\/2021\/02\/ABONNEMENT-12MOIS-edited-600x338.jpg 600w, https:\/\/mademoiselle.flowers\/wp-content\/uploads\/2021\/02\/ABONNEMENT-12MOIS-edited-768x432.jpg 768w, https:\/\/mademoiselle.flowers\/wp-content\/uploads\/2021\/02\/ABONNEMENT-12MOIS-edited-16x9.jpg 16w\" sizes=\"(max-width: 1365px) 100vw, 1365px\" \/><\/figure>\n\n\n\n<p class=\"button--white upperCase d-inline-block cursor-pointer center--middle\"><a href=\"\/de\/shop\/nos-bouquets\/\">Voir nos bouquets disponibles \u00e0 la livraison<\/a><\/p>\n<\/div><\/div>\n<\/div>\n\n\n\n<div class=\"wp-block-column card-descover__right col-desk-6 col-tab-6 col-mob-2 p-r-none is-layout-flow wp-block-column-is-layout-flow\">\n<div class=\"wp-block-group relative\"><div class=\"wp-block-group__inner-container is-layout-flow wp-block-group-is-layout-flow\">\n<figure class=\"wp-block-image size-large who__img-contain\"><img decoding=\"async\" width=\"350\" height=\"197\" src=\"https:\/\/mademoiselle.flowers\/wp-content\/uploads\/2021\/02\/victoire-ambiance-a-edited.jpg\" alt=\"Blumenabonnement in Br\u00fcssel\" class=\"wp-image-1165\" srcset=\"https:\/\/mademoiselle.flowers\/wp-content\/uploads\/2021\/02\/victoire-ambiance-a-edited.jpg 350w, https:\/\/mademoiselle.flowers\/wp-content\/uploads\/2021\/02\/victoire-ambiance-a-edited-16x9.jpg 16w\" sizes=\"(max-width: 350px) 100vw, 350px\" \/><\/figure>\n\n\n\n<p class=\"button--white upperCase d-inline-block cursor-pointer center--middle\"><a href=\"https:\/\/mademoiselle.flowers\/de\/unsere-abonnements\/\">Nos abonnements de fleurs<\/a> <\/p>\n<\/div><\/div>\n<\/div>\n<\/div>\n\n\n\n<p><\/p>","protected":false},"excerpt":{"rendered":"<p>Comment faire un beau bouquet de fleurs ? La composition d\u2019un bouquet de fleurs frais requiert quelques notions importantes. Bien que consid\u00e9r\u00e9 comme une activit\u00e9 passionnante et instinctive, vous devriez disposer d\u2019une bonne ma\u00eetrise pour concevoir de magnifiques bouquets. Retrouvez dans cet article quelques astuces de notre artisan florale mademoiselle pour vous aider ! L\u2019art [&hellip;]<\/p>","protected":false},"author":439,"featured_media":0,"parent":0,"menu_order":0,"comment_status":"closed","ping_status":"closed","template":"","meta":{"inline_featured_image":false,"_uag_custom_page_level_css":"","footnotes":""},"class_list":["post-5753","page","type-page","status-publish","hentry"],"acf":[],"uagb_featured_image_src":{"full":false,"thumbnail":false,"medium":false,"medium_large":false,"large":false,"gs-tiny":false,"xl":false,"xxl":false,"xxxl":false,"xxxxl":false,"xxxxxl":false,"1536x1536":false,"2048x2048":false,"trp-custom-language-flag":false,"woocommerce_thumbnail":false,"woocommerce_single":false,"woocommerce_gallery_thumbnail":false},"uagb_author_info":{"display_name":"","author_link":"https:\/\/mademoiselle.flowers\/de\/author\/ml-si\/"},"uagb_comment_info":0,"uagb_excerpt":"Comment faire un beau bouquet de fleurs ? La composition d\u2019un bouquet de fleurs frais requiert quelques notions importantes. Bien que consid\u00e9r\u00e9 comme une activit\u00e9 passionnante et instinctive, vous devriez disposer d\u2019une bonne ma\u00eetrise pour concevoir de magnifiques bouquets. Retrouvez dans cet article quelques astuces de notre artisan florale mademoiselle pour vous aider ! L\u2019art&hellip;","_links":{"self":[{"href":"https:\/\/mademoiselle.flowers\/de\/wp-json\/wp\/v2\/pages\/5753"}],"collection":[{"href":"https:\/\/mademoiselle.flowers\/de\/wp-json\/wp\/v2\/pages"}],"about":[{"href":"https:\/\/mademoiselle.flowers\/de\/wp-json\/wp\/v2\/types\/page"}],"author":[{"embeddable":true,"href":"https:\/\/mademoiselle.flowers\/de\/wp-json\/wp\/v2\/users\/439"}],"replies":[{"embeddable":true,"href":"https:\/\/mademoiselle.flowers\/de\/wp-json\/wp\/v2\/comments?post=5753"}],"version-history":[{"count":9,"href":"https:\/\/mademoiselle.flowers\/de\/wp-json\/wp\/v2\/pages\/5753\/revisions"}],"predecessor-version":[{"id":6384,"href":"https:\/\/mademoiselle.flowers\/de\/wp-json\/wp\/v2\/pages\/5753\/revisions\/6384"}],"wp:attachment":[{"href":"https:\/\/mademoiselle.flowers\/de\/wp-json\/wp\/v2\/media?parent=5753"}],"curies":[{"name":"wp","href":"https:\/\/api.w.org\/{rel}","templated":true}]}}