{"id":6354,"date":"2023-01-06T18:10:39","date_gmt":"2023-01-06T17:10:39","guid":{"rendered":"https:\/\/mademoiselle.flowers\/?page_id=6354"},"modified":"2023-01-06T22:27:15","modified_gmt":"2023-01-06T21:27:15","slug":"c1-e-a-comment-faire-un-bouquet","status":"publish","type":"page","link":"https:\/\/mademoiselle.flowers\/de\/g-c1-e-a\/","title":{"rendered":"C1 e a &#8211; comment faire un bouquet"},"content":{"rendered":"<div class=\"wp-block-group grid about-section items-top deco-bottom deco-small\"><div class=\"wp-block-group__inner-container is-layout-flow wp-block-group-is-layout-flow\">\n<div style=\"height:112px\" aria-hidden=\"true\" class=\"wp-block-spacer\"><\/div>\n\n\n\n<div class=\"wp-block-uagb-advanced-heading uagb-block-122d63bc font-serif text-25 font-normal primary\"><h1 class=\"uagb-heading-text\">Comment fabriquer un bouquet de fleurs : les \u00e9tapes \u00e0 suivre<\/h1><div class=\"uagb-separator-wrap\"><div class=\"uagb-separator\"><\/div><\/div><p class=\"uagb-desc-text\">Die <a href=\"https:\/\/mademoiselle.flowers\/de\/blumenstrause\/\">Blumenstrau\u00df<\/a> est un incontournable de la d\u00e9coration florale, qu&rsquo;il s&rsquo;agisse d&rsquo;un simple bouquet de roses pour d\u00e9corer votre maison ou d&rsquo;un arrangement sophistiqu\u00e9 pour une occasion sp\u00e9ciale. Si vous souhaitez apprendre \u00e0 fabriquer vous-m\u00eame vos bouquets, voici quelques \u00e9tapes \u00e0 suivre pour ma\u00eetriser la <a href=\"https:\/\/mademoiselle.flowers\/de\/g-c1-e-concevoir-un-bouquet\/\">composition de bouquet<\/a>.<\/p><\/div>\n\n\n\n<div class=\"wp-block-columns is-layout-flex wp-container-core-columns-is-layout-1 wp-block-columns-is-layout-flex\">\n<div class=\"wp-block-column grid about-section is-layout-flow wp-block-column-is-layout-flow\">\n<h2 class=\"font-serif text-30 font-normal primary deco wp-block-heading\">Le choix des fleurs de saison<\/h2>\n\n\n\n<p class=\"font-sans text-md font-light primary m-t-none m-b-none\">Le choix des fleurs est un \u00e9l\u00e9ment cl\u00e9 pour r\u00e9ussir un bouquet r\u00e9ussi. Pour maximiser votre budget et obtenir les meilleures fleurs possibles, optez pour des fleurs de saison. Non seulement elles seront plus abordables, mais elles seront \u00e9galement plus fra\u00eeches et plus \u00e9clatantes.<\/p>\n\n\n\n<h2 class=\"font-serif text-30 font-normal primary deco wp-block-heading\">Combien de fleurs dans un bouquet ?<\/h2>\n\n\n\n<p class=\"font-sans text-md font-light primary m-t-none m-b-none\">Il n&rsquo;y a pas de r\u00e8gle fixe pour d\u00e9terminer combien de fleurs doivent \u00eatre incluse dans un bouquet. Cela d\u00e9pend de la taille et de la forme des fleurs que vous utilisez, ainsi que de l&rsquo;<a href=\"https:\/\/mademoiselle.flowers\/de\/g-c1-f-esthetisme\/\">effet visuel<\/a> que vous souhaitez obtenir. En g\u00e9n\u00e9ral, il est recommand\u00e9 d&rsquo;utiliser une vari\u00e9t\u00e9 de fleurs de tailles et de couleurs diff\u00e9rentes pour cr\u00e9er de l&rsquo;int\u00e9r\u00eat visuel et de la profondeur. Si vous voulez \u00e9paissir le bouquet, vous pouvez jouer sur la quantit\u00e9 de <a href=\"https:\/\/mademoiselle.flowers\/de\/g-c1-e-e\/\">verdure<\/a> et lui donner ainsi plus de naturel, de masse et d&rsquo;\u00e9paisseur.<\/p>\n\n\n\n<h2 class=\"font-serif text-30 font-normal primary deco wp-block-heading\">Comment attacher le bouquet ?<\/h2>\n\n\n\n<p class=\"font-sans text-md font-light primary m-t-none m-b-none\">Une fois que vous avez choisi vos fleurs et assembl\u00e9 votre bouquet, il est temps de le nouer pour maintenir les tiges en place. Il existe plusieurs options pour attacher un bouquet, parmi lesquelles :<\/p>\n\n\n\n<ul class=\"font-sans text-md font-light primary m-t-none m-b-none wp-block-list\">\n<li><strong>Le rafia<\/strong> : le rafia est un mat\u00e9riau naturel id\u00e9al pour attacher un bouquet. Il est robuste et peut \u00eatre facilement nou\u00e9 autour des tiges pour maintenir les fleurs en place.<\/li>\n\n\n\n<li><strong>L&rsquo;\u00e9lastique<\/strong> : l&rsquo;\u00e9lastique est une option pratique pour attacher un bouquet, surtout si vous avez beaucoup de tiges de diff\u00e9rentes tailles. Il suffit de glisser les tiges dans l&rsquo;\u00e9lastique et de le serrer pour maintenir les fleurs en place.<\/li>\n\n\n\n<li><strong>Le ruban<\/strong> : le ruban est une option \u00e9l\u00e9gante pour attacher un bouquet. Vous pouvez utiliser un ruban de couleur assortie aux fleurs ou opter pour un ruban plus d\u00e9coratif pour ajouter une touche de sophistication \u00e0 votre bouquet.<\/li>\n<\/ul>\n\n\n\n<h2 class=\"font-serif text-30 font-normal primary deco wp-block-heading\">A quelle hauteur couper les tiges ?<\/h2>\n\n\n\n<p class=\"font-sans text-md font-light primary m-t-none m-b-none\">Il est important de couper les tiges des fleurs \u00e0 la bonne hauteur pour permettre \u00e0 vos fleurs de mieux absorber l&rsquo;eau et de rester fra\u00eeches plus longtemps. En g\u00e9n\u00e9ral, il est recommand\u00e9 de couper les tiges \u00e0 une hauteur d&rsquo;environ 5 cm sous le niveau de l&rsquo;eau dans le vase. Cela permettra \u00e0 vos fleurs de rester en place et de ne pas s&rsquo;affaisser.<\/p>\n\n\n\n<p class=\"font-sans text-md font-light primary m-t-none m-b-none\">Il est \u00e9galement important de retirer toutes les feuilles qui se trouvent en dessous du niveau de l&rsquo;eau, car elles pourraient pourrir et contaminer l&rsquo;eau. Si vous utilisez des fleurs avec des tiges fines, comme les pivoines ou les roses, vous pouvez couper les tiges un peu plus courtes pour leur donner plus de stabilit\u00e9.<\/p>\n\n\n\n<p class=\"font-sans text-md font-light primary m-t-none m-b-none\">En r\u00e9sum\u00e9, fabriquer un bouquet de fleurs est un art simple mais gratifiant. En suivant les \u00e9tapes ci-dessus et en faisant preuve de cr\u00e9ativit\u00e9, vous pouvez cr\u00e9er des bouquets uniques et personnels \u00e0 l&rsquo;aide de fleurs de saison et de votre choix. N&rsquo;h\u00e9sitez pas \u00e0 exp\u00e9rimenter avec diff\u00e9rentes combinaisons de fleurs et de verdure pour trouver l&rsquo;arrangement qui vous convient le mieux.<\/p>\n\n\n\n<p class=\"font-sans text-md font-light primary m-t-none m-b-none\"><\/p>\n\n\n\n<p class=\"font-sans text-md font-light primary m-t-none m-b-none\"><strong>Lesen Sie auch: <\/strong><\/p>\n\n\n\n<p class=\"font-sans text-md font-light primary m-t-none m-b-none\">Die N\u00fctzlichkeit der Blumen<br>Die Freude am Schenken von Blumen<br>Blumen online kaufen<br>Blumen versenden<br>Blumen im Gesch\u00e4ft (B2B)<br>Der Beruf des Blumenh\u00e4ndlers<br><\/p>\n<\/div>\n<\/div>\n<\/div><\/div>\n\n\n\n<div class=\"wp-block-columns card-descover__container grid about-section m-b-2xl deco-top is-layout-flex wp-container-core-columns-is-layout-2 wp-block-columns-is-layout-flex\">\n<div class=\"wp-block-column card-descover__left col-desk-6 col-tab-6 col-mob-2 p-l-none is-layout-flow wp-block-column-is-layout-flow\">\n<div class=\"wp-block-group relative\"><div class=\"wp-block-group__inner-container is-layout-flow wp-block-group-is-layout-flow\">\n<figure class=\"wp-block-image size-large who__img-contain\"><img decoding=\"async\" width=\"1365\" height=\"768\" src=\"https:\/\/mademoiselle.flowers\/wp-content\/uploads\/2021\/02\/ABONNEMENT-12MOIS-edited.jpg\" alt=\"Blumenlieferung \u00fcberall in der Hauptstadt\" class=\"wp-image-1161\" srcset=\"https:\/\/mademoiselle.flowers\/wp-content\/uploads\/2021\/02\/ABONNEMENT-12MOIS-edited.jpg 1365w, https:\/\/mademoiselle.flowers\/wp-content\/uploads\/2021\/02\/ABONNEMENT-12MOIS-edited-700x394.jpg 700w, https:\/\/mademoiselle.flowers\/wp-content\/uploads\/2021\/02\/ABONNEMENT-12MOIS-edited-600x338.jpg 600w, https:\/\/mademoiselle.flowers\/wp-content\/uploads\/2021\/02\/ABONNEMENT-12MOIS-edited-768x432.jpg 768w, https:\/\/mademoiselle.flowers\/wp-content\/uploads\/2021\/02\/ABONNEMENT-12MOIS-edited-16x9.jpg 16w\" sizes=\"(max-width: 1365px) 100vw, 1365px\" \/><\/figure>\n\n\n\n<p class=\"button--white upperCase d-inline-block cursor-pointer center--middle\"><a href=\"\/de\/shop\/nos-bouquets\/\">Voir nos bouquets disponibles \u00e0 la livraison<\/a><\/p>\n<\/div><\/div>\n<\/div>\n\n\n\n<div class=\"wp-block-column card-descover__right col-desk-6 col-tab-6 col-mob-2 p-r-none is-layout-flow wp-block-column-is-layout-flow\">\n<div class=\"wp-block-group relative\"><div class=\"wp-block-group__inner-container is-layout-flow wp-block-group-is-layout-flow\">\n<figure class=\"wp-block-image size-large who__img-contain\"><img decoding=\"async\" width=\"350\" height=\"197\" src=\"https:\/\/mademoiselle.flowers\/wp-content\/uploads\/2021\/02\/victoire-ambiance-a-edited.jpg\" alt=\"Blumenabonnement in Br\u00fcssel\" class=\"wp-image-1165\" srcset=\"https:\/\/mademoiselle.flowers\/wp-content\/uploads\/2021\/02\/victoire-ambiance-a-edited.jpg 350w, https:\/\/mademoiselle.flowers\/wp-content\/uploads\/2021\/02\/victoire-ambiance-a-edited-16x9.jpg 16w\" sizes=\"(max-width: 350px) 100vw, 350px\" \/><\/figure>\n\n\n\n<p class=\"button--white upperCase d-inline-block cursor-pointer center--middle\"><a href=\"https:\/\/mademoiselle.flowers\/de\/unsere-abonnements\/\">Nos abonnements de fleurs<\/a> <\/p>\n<\/div><\/div>\n<\/div>\n<\/div>\n\n\n\n<p><\/p>","protected":false},"excerpt":{"rendered":"<p>Comment fabriquer un bouquet de fleurs : les \u00e9tapes \u00e0 suivre Le bouquet de fleurs est un incontournable de la d\u00e9coration florale, qu&rsquo;il s&rsquo;agisse d&rsquo;un simple bouquet de roses pour d\u00e9corer votre maison ou d&rsquo;un arrangement sophistiqu\u00e9 pour une occasion sp\u00e9ciale. Si vous souhaitez apprendre \u00e0 fabriquer vous-m\u00eame vos bouquets, voici quelques \u00e9tapes \u00e0 suivre [&hellip;]<\/p>","protected":false},"author":439,"featured_media":0,"parent":0,"menu_order":0,"comment_status":"closed","ping_status":"closed","template":"","meta":{"inline_featured_image":false,"_uag_custom_page_level_css":"","footnotes":""},"class_list":["post-6354","page","type-page","status-publish","hentry"],"acf":[],"uagb_featured_image_src":{"full":false,"thumbnail":false,"medium":false,"medium_large":false,"large":false,"gs-tiny":false,"xl":false,"xxl":false,"xxxl":false,"xxxxl":false,"xxxxxl":false,"1536x1536":false,"2048x2048":false,"trp-custom-language-flag":false,"woocommerce_thumbnail":false,"woocommerce_single":false,"woocommerce_gallery_thumbnail":false},"uagb_author_info":{"display_name":"","author_link":"https:\/\/mademoiselle.flowers\/de\/author\/ml-si\/"},"uagb_comment_info":0,"uagb_excerpt":"Comment fabriquer un bouquet de fleurs : les \u00e9tapes \u00e0 suivre Le bouquet de fleurs est un incontournable de la d\u00e9coration florale, qu&rsquo;il s&rsquo;agisse d&rsquo;un simple bouquet de roses pour d\u00e9corer votre maison ou d&rsquo;un arrangement sophistiqu\u00e9 pour une occasion sp\u00e9ciale. Si vous souhaitez apprendre \u00e0 fabriquer vous-m\u00eame vos bouquets, voici quelques \u00e9tapes \u00e0 suivre&hellip;","_links":{"self":[{"href":"https:\/\/mademoiselle.flowers\/de\/wp-json\/wp\/v2\/pages\/6354"}],"collection":[{"href":"https:\/\/mademoiselle.flowers\/de\/wp-json\/wp\/v2\/pages"}],"about":[{"href":"https:\/\/mademoiselle.flowers\/de\/wp-json\/wp\/v2\/types\/page"}],"author":[{"embeddable":true,"href":"https:\/\/mademoiselle.flowers\/de\/wp-json\/wp\/v2\/users\/439"}],"replies":[{"embeddable":true,"href":"https:\/\/mademoiselle.flowers\/de\/wp-json\/wp\/v2\/comments?post=6354"}],"version-history":[{"count":4,"href":"https:\/\/mademoiselle.flowers\/de\/wp-json\/wp\/v2\/pages\/6354\/revisions"}],"predecessor-version":[{"id":6376,"href":"https:\/\/mademoiselle.flowers\/de\/wp-json\/wp\/v2\/pages\/6354\/revisions\/6376"}],"wp:attachment":[{"href":"https:\/\/mademoiselle.flowers\/de\/wp-json\/wp\/v2\/media?parent=6354"}],"curies":[{"name":"wp","href":"https:\/\/api.w.org\/{rel}","templated":true}]}}