{"id":1699,"date":"2021-04-14T20:38:41","date_gmt":"2021-04-14T18:38:41","guid":{"rendered":"https:\/\/mademoiselle.flowers\/?page_id=1699"},"modified":"2022-06-30T13:26:01","modified_gmt":"2022-06-30T11:26:01","slug":"bouquets-fleurs","status":"publish","type":"page","link":"https:\/\/mademoiselle.flowers\/en\/flower\/","title":{"rendered":"C1 - Flower Bouquets"},"content":{"rendered":"<div class=\"wp-block-group grid about-section items-top deco-bottom deco-small\"><div class=\"wp-block-group__inner-container is-layout-flow wp-block-group-is-layout-flow\">\n<div style=\"height:112px\" aria-hidden=\"true\" class=\"wp-block-spacer\"><\/div>\n\n\n\n<div class=\"wp-block-uagb-advanced-heading uagb-block-31ce67c9 font-serif text-25 font-normal primary\"><h1 class=\"uagb-heading-text\"><strong>Flower bouquets<\/strong><\/h1><div class=\"uagb-separator-wrap\"><div class=\"uagb-separator\"><\/div><\/div><p class=\"uagb-desc-text\">Discover the complex world of flower bouquets<\/p><\/div>\n\n\n\n<div class=\"wp-block-columns is-layout-flex wp-container-core-columns-is-layout-1 wp-block-columns-is-layout-flex\">\n<div class=\"wp-block-column grid about-section is-layout-flow wp-block-column-is-layout-flow\">\n<h2 class=\"font-serif text-30 font-normal primary deco wp-block-heading\">All about the biology of flowers<\/h2>\n\n\n\n<p class=\"font-sans text-md font-light primary m-t-none m-b-none\">Flowers are the main organ that composes the bouquet, to understand their genetics and their particularities, we must look at the <strong><a href=\"https:\/\/mademoiselle.flowers\/en\/flower\/\">biology of flowers<\/a>.<\/strong> You will then have information on their reproduction, their habitat, their environment and their behaviour.<\/p>\n\n\n\n<h2 class=\"font-serif text-30 font-normal primary deco wp-block-heading\">What is a flower bouquet?<\/h2>\n\n\n\n<p class=\"font-sans text-md font-light primary m-t-none m-b-none\">The <strong>bunches of flowers<\/strong> are creative assemblies of <a href=\"https:\/\/mademoiselle.flowers\/en\/c0-flower\/\">flowers<\/a>These associations are made in such a way as to compose a harmony of shapes, colours and scents. These associations are made in such a way as to compose a harmony of forms, colors and perfumes. They are appreciated as gifts, which makes the <a href=\"https:\/\/mademoiselle.flowers\/en\/\">flower delivery in Belgium<\/a> so popular.<\/p>\n\n\n\n<p class=\"font-sans text-md font-light primary m-t-none m-b-none\">The creation of a beautiful <strong>bunches of flowers<\/strong> is not a simple story of creative assembly. You will think that it is necessary to first consider the aesthetic question, the atmosphere or the message that one wishes to communicate... you are not wrong. But a bouquet of flowers is first and foremost made up of beautiful flowers. These little marvels have a particular biology that it is important to understand in order to master the evolution of their hue, their opening, their associations of perfume etc. To do this, looking at the planting of flower bulbs, the harvesting of flowers is an important prerequisite. It will tell you a lot about the life span, the species and especially their flowering period. Indeed, tulips do not grow in August! When designing a bouquet, the choice of the assemblies and the flowers which compose it is essential. One does not offer red roses to a colleague... (they are reserved in their significance to lovers).<\/p>\n\n\n\n<h2 class=\"font-serif text-30 font-normal primary deco m-b-none wp-block-heading\">The scent of flowers, an olfactory art<\/h2>\n\n\n\n<p class=\"font-sans text-md font-light primary m-t-none m-b-none\">The flowers that nature offers us offer a wide and fragrant olfactory range, for the greatest pleasure of our nose! Used for a long time for the composition of natural perfume, flowers are a fundamental element in the creation of perfumes. In 1889, Aim\u00e9 Guerlain created the first great perfume based on natural essences in Jicky. Today, a bouquet of flowers must be perfumed to embalm the room and make the person to whom it is offered travel. This is also part of the pleasure of giving flowers.<\/p>\n\n\n\n<p class=\"font-sans text-md font-light primary m-t-none m-b-none\"><strong>The <a href=\"https:\/\/mademoiselle.flowers\/en\/e-c1b-parfum-des-fleurs\/\">fragrance of flowers<\/a><\/strong>This is why it is important. Indeed, it is better to avoid having very fragrant varieties of flowers together. To put only one fragrance in value will give a more subtle effect which will embalm the part in which it is.<\/p>\n\n\n\n<p class=\"font-sans text-md font-light primary m-t-none m-b-none\">Combining flowers is a delicate alchemy!<\/p>\n\n\n\n<div style=\"height:100px\" aria-hidden=\"true\" class=\"wp-block-spacer\"><\/div>\n\n\n\n<figure class=\"wp-block-image size-medium is-resized font-sans text-md font-light primary m-t-none m-b-none uag-hide-mob\"><img decoding=\"async\" src=\"https:\/\/mademoiselle.flowers\/wp-content\/uploads\/2021\/04\/42-17042021-950A2202-Olivia-Poncelet-Mademoiselle-Bouquet-HD-Screen-300-copie-3-600x400.jpg\" alt=\"\" class=\"wp-image-1866\" width=\"600\" height=\"400\" srcset=\"https:\/\/mademoiselle.flowers\/wp-content\/uploads\/2021\/04\/42-17042021-950A2202-Olivia-Poncelet-Mademoiselle-Bouquet-HD-Screen-300-copie-3-600x400.jpg 600w, https:\/\/mademoiselle.flowers\/wp-content\/uploads\/2021\/04\/42-17042021-950A2202-Olivia-Poncelet-Mademoiselle-Bouquet-HD-Screen-300-copie-3-1460x973.jpg 1460w, https:\/\/mademoiselle.flowers\/wp-content\/uploads\/2021\/04\/42-17042021-950A2202-Olivia-Poncelet-Mademoiselle-Bouquet-HD-Screen-300-copie-3-768x512.jpg 768w, https:\/\/mademoiselle.flowers\/wp-content\/uploads\/2021\/04\/42-17042021-950A2202-Olivia-Poncelet-Mademoiselle-Bouquet-HD-Screen-300-copie-3-1600x1067.jpg 1600w, https:\/\/mademoiselle.flowers\/wp-content\/uploads\/2021\/04\/42-17042021-950A2202-Olivia-Poncelet-Mademoiselle-Bouquet-HD-Screen-300-copie-3-1536x1024.jpg 1536w, https:\/\/mademoiselle.flowers\/wp-content\/uploads\/2021\/04\/42-17042021-950A2202-Olivia-Poncelet-Mademoiselle-Bouquet-HD-Screen-300-copie-3-2048x1365.jpg 2048w, https:\/\/mademoiselle.flowers\/wp-content\/uploads\/2021\/04\/42-17042021-950A2202-Olivia-Poncelet-Mademoiselle-Bouquet-HD-Screen-300-copie-3-16x12.jpg 16w, https:\/\/mademoiselle.flowers\/wp-content\/uploads\/2021\/04\/42-17042021-950A2202-Olivia-Poncelet-Mademoiselle-Bouquet-HD-Screen-300-copie-3-700x467.jpg 700w, https:\/\/mademoiselle.flowers\/wp-content\/uploads\/2021\/04\/42-17042021-950A2202-Olivia-Poncelet-Mademoiselle-Bouquet-HD-Screen-300-copie-3-1920x1280.jpg 1920w\" sizes=\"(max-width: 600px) 100vw, 600px\" \/><\/figure>\n\n\n\n<h2 class=\"font-serif text-30 font-normal primary deco m-b-none wp-block-heading\">How do you grow and harvest the flowers?<\/h2>\n\n\n\n<p class=\"font-sans text-md font-light primary m-t-none m-b-none\">The <strong><a href=\"https:\/\/mademoiselle.flowers\/en\/e-c1-d-recolter-des-fleurs\/\">cultivation of flowers<\/a><\/strong> is the first step in the design of a flower bouquet. The final goal is to assemble the flowers into a floral creation. Whether the flowers are wild (without pesticides) and from the fields or from a commercial and controlled culture, the harvest remains the same. The question of ecological cultivation or not can then be asked. <\/p>\n\n\n\n<h2 class=\"font-serif text-30 font-normal primary deco wp-block-heading\">How to design a bouquet?<\/h2>\n\n\n\n<p class=\"font-sans text-md font-light primary m-t-none m-b-none\">The <strong><a href=\"https:\/\/mademoiselle.flowers\/en\/e-c1-e-concevoir-un-bouquet\/\">bouquet design<\/a><\/strong> is no small task, but a few simple rules can make your flower arrangement a success. Creating beautiful and harmonious bouquets is an artist's job and it all depends on the result you want to achieve.<br>It is necessary to start by mixing the colors, choosing the variety of flowers, the shape of the bouquet.<\/p>\n\n\n\n<h2 class=\"font-serif text-30 font-normal primary deco wp-block-heading\">Every flower has its own meaning!<\/h2>\n\n\n\n<p class=\"font-sans text-md font-light primary m-t-none m-b-none\">When creating the bouquet, care must be taken to respect conventions from the mists of time: the <strong><a href=\"https:\/\/mademoiselle.flowers\/en\/e-c1-c\/\">meaning of flowers<\/a><\/strong>. Indeed, in order to avoid any clumsy gesture, it will be advisable to make sure that the symbolism of the flower corresponds to the emotion which one wants to pass in the flower bouquet. The color but also the family of the flower have all their importance. There is no need to remind you that, for example, in love, it is better to opt for road roses. In short, there is a type of flower for every occasion! <\/p>\n\n\n\n<h2 class=\"font-serif text-30 font-normal primary deco wp-block-heading\">So why make a bouquet of flowers?<\/h2>\n\n\n\n<p class=\"font-sans text-md font-light primary m-t-none m-b-none\">Since the earliest paintings of Brueghel, bouquets of flowers are found in the<strong>aesthetics and art<\/strong>. Indeed, a beautiful bouquet of flowers will be the ideal touch to decorate a room, a hall or a kitchen table, giving it charm or a colorful and lively touch. <\/p>\n\n\n\n<p class=\"font-sans text-md font-light primary m-t-none m-b-none\">Whether the flowers are large and slender or smaller and collected, they will compose the bouquet that corresponds to them: small, medium or large ... for the greatest pleasure of decorators and interior designers.<\/p>\n\n\n\n<h2 class=\"font-serif text-30 font-normal primary deco wp-block-heading\">Why pack a bouquet of flowers?<\/h2>\n\n\n\n<p class=\"font-sans text-md font-light primary m-t-none m-b-none\">In the past, bouquets of flowers were offered without packaging because it was only used for protection and transportation. Today this rule has changed! Have you thought about how this magnificent bouquet, composed with love and having gone through all the stages of planting, flowering, harvesting, ... will remain sublime once it arrives at your home or the person to whom you offer it? The question of packaging is not a small aside. It will be necessary to take care of it, because it would not be a question of devaluing the bouquet in an ugly packing, nor to forget to protect it or to give it water... at the risk of delivering expired flowers.<br>Florists package their bouquets of flowers in beautiful, colorful, decorative containers that are an integral part of the aesthetic and gift giving process. When it comes to sending it for a <a href=\"https:\/\/belgium.mademoiselle.flowers\/en\/flower-delivery-bruxelles-1000-1.html\">flower delivery in Brussels<\/a> For example, even if the destination is close to our florist's shop, adequate packaging must be provided.<\/p>\n\n\n\n<p class=\"font-sans text-md font-light primary m-t-none m-b-none\">But packaging also has a more practical function, as protection, for <strong>keep the bouquet<\/strong> to and from its destination.<\/p>\n\n\n\n<h2 class=\"font-serif text-30 font-normal primary wp-block-heading\">How to enhance a bouquet in your home?<\/h2>\n\n\n\n<p class=\"font-sans text-md font-light primary m-t-none m-b-none\">The bouquet composed, offered and delivered to your home, you will have to find the ideal place for it. There is a world of difference between a beautiful bouquet placed unhappily on a window sill and a bouquet placed masterfully in the middle of a large dining room table. Flowers have an aestheticism, a beauty that we will have to understand, respect and sublimate! It will also be necessary to take into account their different forms of bouquet: the small and collected (as for the bridal bouquet), the large slender with long stems ... the choice of the vase and their location will be important to properly highlight.<\/p>\n\n\n\n<h2 class=\"font-serif text-30 font-normal primary deco wp-block-heading\">Flower care<\/h2>\n\n\n\n<p class=\"font-sans text-md font-light primary m-t-none m-b-none\">What makes the charm of a flower bouquet is its ephemeral side. It translates life, an emotion, a stolen moment... and it is perhaps because it is ephemeral that it is so beautiful. Ok, but you'll tell me that if we can make the good moments last, it's not bad! To do this, you need to know the tricks of caring for a bouquet of flowers. From placement in the house, to cutting the stems or changing the water... there is a world of difference to make your bouquet last. And for those who are nostalgic and want to keep material memories alive... why not dry it?<br><br>L'<strong>flower care<\/strong> is necessary to enjoy your bouquets longer. Indeed, once the flowers are cut, they become perishable but some advice on the good gestures to adopt exists and will allow you to take care of them. The maintenance of the stems, the choice of the vase, the water, the location of your bouquet are elements to be taken into account at its reception. Without forgetting the few gestures to adopt the following days and the particular cases!<\/p>\n\n\n\n<p class=\"font-sans text-md font-light primary m-t-none m-b-none\"><strong>Read also: <\/strong><br><\/p>\n\n\n\n<p class=\"font-sans text-md font-light primary m-t-none m-b-none\">The usefulness of flowers<br>The pleasure of giving flowers<br>Buy flowers online<br>Send flowers<br>Flowers in companies (B2B)<br>The profession of florist<br><\/p>\n<\/div>\n<\/div>\n<\/div><\/div>\n\n\n\n<div class=\"wp-block-columns card-descover__container grid about-section m-b-2xl deco-top is-layout-flex wp-container-core-columns-is-layout-2 wp-block-columns-is-layout-flex\">\n<div class=\"wp-block-column card-descover__left col-desk-6 col-tab-6 col-mob-2 p-l-none is-layout-flow wp-block-column-is-layout-flow\">\n<div class=\"wp-block-group relative\"><div class=\"wp-block-group__inner-container is-layout-flow wp-block-group-is-layout-flow\">\n<figure class=\"wp-block-image size-large who__img-contain\"><img decoding=\"async\" width=\"1365\" height=\"768\" src=\"https:\/\/mademoiselle.flowers\/wp-content\/uploads\/2021\/02\/ABONNEMENT-12MOIS-edited.jpg\" alt=\"Flower delivery anywhere in the Kingdom\" class=\"wp-image-1161\" srcset=\"https:\/\/mademoiselle.flowers\/wp-content\/uploads\/2021\/02\/ABONNEMENT-12MOIS-edited.jpg 1365w, https:\/\/mademoiselle.flowers\/wp-content\/uploads\/2021\/02\/ABONNEMENT-12MOIS-edited-700x394.jpg 700w, https:\/\/mademoiselle.flowers\/wp-content\/uploads\/2021\/02\/ABONNEMENT-12MOIS-edited-600x338.jpg 600w, https:\/\/mademoiselle.flowers\/wp-content\/uploads\/2021\/02\/ABONNEMENT-12MOIS-edited-768x432.jpg 768w, https:\/\/mademoiselle.flowers\/wp-content\/uploads\/2021\/02\/ABONNEMENT-12MOIS-edited-16x9.jpg 16w\" sizes=\"(max-width: 1365px) 100vw, 1365px\" \/><\/figure>\n\n\n\n<p class=\"button--white upperCase d-inline-block cursor-pointer center--middle\"><a href=\"\/en\/\">Send Flowers to Belgium<\/a><\/p>\n<\/div><\/div>\n<\/div>\n\n\n\n<div class=\"wp-block-column card-descover__right col-desk-6 col-tab-6 col-mob-2 p-r-none is-layout-flow wp-block-column-is-layout-flow\">\n<div class=\"wp-block-group relative\"><div class=\"wp-block-group__inner-container is-layout-flow wp-block-group-is-layout-flow\">\n<figure class=\"wp-block-image size-large who__img-contain\"><img decoding=\"async\" width=\"350\" height=\"197\" src=\"https:\/\/mademoiselle.flowers\/wp-content\/uploads\/2021\/02\/victoire-ambiance-a-edited.jpg\" alt=\"Flower subscription in Belgium - Europe\" class=\"wp-image-1165\" srcset=\"https:\/\/mademoiselle.flowers\/wp-content\/uploads\/2021\/02\/victoire-ambiance-a-edited.jpg 350w, https:\/\/mademoiselle.flowers\/wp-content\/uploads\/2021\/02\/victoire-ambiance-a-edited-16x9.jpg 16w\" sizes=\"(max-width: 350px) 100vw, 350px\" \/><\/figure>\n\n\n\n<p class=\"button--white upperCase d-inline-block cursor-pointer center--middle\"><a href=\"https:\/\/mademoiselle.flowers\/en\/flower-subscription\/\">Our flower bouquet subscriptions<\/a> <\/p>\n<\/div><\/div>\n<\/div>\n<\/div>\n\n\n\n<p><\/p>","protected":false},"excerpt":{"rendered":"<p>Les bouquets de fleurs D\u00e9couvrez l&rsquo;univers complexe des bouquets des fleurs Tout savoir sur la biologie des fleurs Les fleurs sont l\u2019organe principal qui compose le bouquet, pour comprendre leur g\u00e9n\u00e9tique et leurs particularit\u00e9s, il faut s\u2019int\u00e9resser \u00e0 la biologie des fleurs. Vous aurez alors des informations sur leur reproduction, leur habitat, leur environnement et [&hellip;]<\/p>","protected":false},"author":439,"featured_media":0,"parent":0,"menu_order":0,"comment_status":"closed","ping_status":"closed","template":"","meta":{"inline_featured_image":false,"_uag_custom_page_level_css":"","footnotes":""},"class_list":["post-1699","page","type-page","status-publish","hentry"],"acf":[],"uagb_featured_image_src":{"full":false,"thumbnail":false,"medium":false,"medium_large":false,"large":false,"gs-tiny":false,"xl":false,"xxl":false,"xxxl":false,"xxxxl":false,"xxxxxl":false,"1536x1536":false,"2048x2048":false,"trp-custom-language-flag":false,"woocommerce_thumbnail":false,"woocommerce_single":false,"woocommerce_gallery_thumbnail":false},"uagb_author_info":{"display_name":"","author_link":"https:\/\/mademoiselle.flowers\/en\/author\/ml-si\/"},"uagb_comment_info":0,"uagb_excerpt":"Les bouquets de fleurs D\u00e9couvrez l&rsquo;univers complexe des bouquets des fleurs Tout savoir sur la biologie des fleurs Les fleurs sont l\u2019organe principal qui compose le bouquet, pour comprendre leur g\u00e9n\u00e9tique et leurs particularit\u00e9s, il faut s\u2019int\u00e9resser \u00e0 la biologie des fleurs. Vous aurez alors des informations sur leur reproduction, leur habitat, leur environnement et&hellip;","_links":{"self":[{"href":"https:\/\/mademoiselle.flowers\/en\/wp-json\/wp\/v2\/pages\/1699"}],"collection":[{"href":"https:\/\/mademoiselle.flowers\/en\/wp-json\/wp\/v2\/pages"}],"about":[{"href":"https:\/\/mademoiselle.flowers\/en\/wp-json\/wp\/v2\/types\/page"}],"author":[{"embeddable":true,"href":"https:\/\/mademoiselle.flowers\/en\/wp-json\/wp\/v2\/users\/439"}],"replies":[{"embeddable":true,"href":"https:\/\/mademoiselle.flowers\/en\/wp-json\/wp\/v2\/comments?post=1699"}],"version-history":[{"count":10,"href":"https:\/\/mademoiselle.flowers\/en\/wp-json\/wp\/v2\/pages\/1699\/revisions"}],"predecessor-version":[{"id":5768,"href":"https:\/\/mademoiselle.flowers\/en\/wp-json\/wp\/v2\/pages\/1699\/revisions\/5768"}],"wp:attachment":[{"href":"https:\/\/mademoiselle.flowers\/en\/wp-json\/wp\/v2\/media?parent=1699"}],"curies":[{"name":"wp","href":"https:\/\/api.w.org\/{rel}","templated":true}]}}