{"id":2324,"date":"2021-05-28T12:52:55","date_gmt":"2021-05-28T10:52:55","guid":{"rendered":"https:\/\/mademoiselle.flowers\/?page_id=2324"},"modified":"2023-02-04T13:49:58","modified_gmt":"2023-02-04T12:49:58","slug":"c0-fleurs","status":"publish","type":"page","link":"https:\/\/mademoiselle.flowers\/en\/c0-flower\/","title":{"rendered":"C0 - Home Cocoon"},"content":{"rendered":"<div class=\"wp-block-group\"><div class=\"wp-block-group__inner-container is-layout-flow wp-block-group-is-layout-flow\">\n<div style=\"height:112px\" aria-hidden=\"true\" class=\"wp-block-spacer\"><\/div>\n<\/div><\/div>\n\n\n\n<div class=\"wp-block-uagb-advanced-heading uagb-block-9446e6f4 font-serif text-25 font-normal primary\"><h1 class=\"uagb-heading-text\"><strong>The flowers<\/strong><\/h1><div class=\"uagb-separator-wrap\"><div class=\"uagb-separator\"><\/div><\/div><p class=\"uagb-desc-text\">Discover the mademoiselle universe and experience<\/p><\/div>\n\n\n\n<div class=\"wp-block-columns is-layout-flex wp-container-core-columns-is-layout-1 wp-block-columns-is-layout-flex\">\n<div class=\"wp-block-column grid about-section is-layout-flow wp-block-column-is-layout-flow\">\n<p class=\"font-sans text-md font-light primary m-t-none m-b-none\">mademoiselle was launched in early 2020. Its founders wanted to offer a unique experience, far from the existing online offer. A touch of graphic design, the good taste of a high-end experience, a flawless customer relationship for satisfaction and a guaranteed wow effect. Finally the \"beautiful\" has found its place in the <a href=\"https:\/\/mademoiselle.flowers\/en\/\">flower delivery in Belgium<\/a>.<\/p>\n\n\n\n<p><\/p>\n\n\n\n<p class=\"font-sans text-md font-light primary m-t-none m-b-none\">In this guide, we'll take you through the entire world of flowers, so you'll know everything there is to know!  We've covered the universe like no other. Judge for yourself: we'll cover the subject of flower bouquets and their definition (technical and biological), their fragrance and the meaning of flowers. Together, we'll look at the usefulness of flowers as an element of decoration and zenitude, and the pleasure it is to offer a magnificent bouquet of fresh flowers, whatever the occasion (such as a birthday or anniversary). <a href=\"\/en\/.\/shop\/saint-valentin\/\">Valentine's Day flower delivery<\/a> for example). This can be done through a florist, but also by buying flowers online, which involves all the meticulous logistics of delivering your bouquet to your front door. Last but not least, we'd like to mention our corporate clients, who make up an important part of our clientele, both for decorating and for thanking employees or customers.<br><\/p>\n\n\n\n<p class=\"font-sans text-md font-light primary m-t-none m-b-none\">Finally, we may have aroused vocations and we will tell you about our job as a florist, behind the scenes of our workshop located in Brussels. And then, who knows, maybe one day you'll join our team for a job as a florist!<\/p>\n\n\n\n<p><\/p>\n\n\n<div class=\"wp-block-image\">\n<figure class=\"aligncenter size-full is-resized uag-hide-mob\"><img decoding=\"async\" src=\"https:\/\/mademoiselle.flowers\/wp-content\/uploads\/2021\/02\/ABONNEMENT-12MOIS-edited.jpg\" alt=\"\" class=\"wp-image-1161\" width=\"1024\" height=\"576\" srcset=\"https:\/\/mademoiselle.flowers\/wp-content\/uploads\/2021\/02\/ABONNEMENT-12MOIS-edited.jpg 1365w, https:\/\/mademoiselle.flowers\/wp-content\/uploads\/2021\/02\/ABONNEMENT-12MOIS-edited-700x394.jpg 700w, https:\/\/mademoiselle.flowers\/wp-content\/uploads\/2021\/02\/ABONNEMENT-12MOIS-edited-600x338.jpg 600w, https:\/\/mademoiselle.flowers\/wp-content\/uploads\/2021\/02\/ABONNEMENT-12MOIS-edited-768x432.jpg 768w, https:\/\/mademoiselle.flowers\/wp-content\/uploads\/2021\/02\/ABONNEMENT-12MOIS-edited-16x9.jpg 16w\" sizes=\"(max-width: 1024px) 100vw, 1024px\" \/><\/figure><\/div>\n\n\n<p><\/p>\n\n\n\n<p class=\"font-sans text-md font-light primary m-t-none m-b-none display:block;\"><strong>Table of Contents<\/strong> :<\/p>\n\n\n\n<h2 class=\"font-serif text-30 font-normal primary deco wp-block-heading\"><strong>What is a beautiful bouquet of flowers?<\/strong><\/h2>\n\n\n\n<p class=\"font-sans text-md font-light primary m-t-none m-b-none\">It's true, after all... what's a nice <a href=\"https:\/\/mademoiselle.flowers\/en\/flower\/\">bunch of flowers<\/a>. In addition to personal preferences, it is important to consider the composition of a bouquet, its fragrance, its packaging and above all how it will look in your home and how you will care for it.<\/p>\n\n\n\n<p class=\"font-sans text-md font-light primary m-t-none m-b-none\"><strong>Know the <a href=\"https:\/\/mademoiselle.flowers\/en\/flower\/\">biology of flowers<\/a> before creating a bouquet<\/strong><br><strong>The <a href=\"https:\/\/mademoiselle.flowers\/en\/e-c1-d-recolter-des-fleurs\/\">harvesting flowers<\/a><\/strong><br><strong>The <a href=\"https:\/\/mademoiselle.flowers\/en\/e-c1b-parfum-des-fleurs\/\">fragrance of flowers<\/a><\/strong><br><strong>The <a href=\"https:\/\/mademoiselle.flowers\/en\/e-c1-c\/\">meaning of flowers<\/a> in a bouquet<\/strong><br><strong>How to <a href=\"https:\/\/mademoiselle.flowers\/en\/e-c1-e-concevoir-un-bouquet\/\">design a beautiful bouquet of flowers<\/a>?<\/strong><br><strong>Floral art or how to <a href=\"https:\/\/mademoiselle.flowers\/en\/e-c1-f-esthetisme\/\">adding value to a bouquet in a home<\/a>?<\/strong><br><strong>Packaging as part of the experience<\/strong><br><strong>How to care for a bouquet?<\/strong><\/p>\n\n\n\n<p><\/p>\n\n\n\n<h2 class=\"font-serif text-30 font-normal primary deco wp-block-heading\"><strong>Flowers in all their states: the usefulness of flowers<\/strong><\/h2>\n\n\n\n<p class=\"font-sans text-md font-light primary\"><strong>Flowers in the kitchen<\/strong><br><strong>Flowers in companies<\/strong><br><strong>Flowers at home<\/strong><\/p>\n\n\n\n<h2 class=\"font-serif text-30 font-normal primary deco m-b-none m-t-none wp-block-heading\"><strong>The pleasure of giving flowers<\/strong><\/h2>\n\n\n\n<p class=\"font-sans text-md font-light primary m-t-none m-b-none\"><strong>On which holidays do we give flowers?<\/strong><br><strong>Life events to which flowers are given<\/strong><br><strong>What little note to add to my bouquet?<\/strong><br><strong>Who to give flowers to?<\/strong><br><strong>Chocolate, champagne, ... which goes well with a bouquet of flowers<\/strong><br><strong>Offer a flower subscription<\/strong><\/p>\n\n\n\n<h2 class=\"font-serif text-30 font-normal primary deco wp-block-heading\"><strong>Buy flowers online?<\/strong><\/h2>\n\n\n\n<p class=\"font-sans text-md font-light primary m-t-none m-b-none\"><strong>The different types of service providers<\/strong><br><strong>The cost and payment of a flower bouquet <\/strong><br><strong>Security is an important aspect of online sales<\/strong><br><strong>Ordering flowers, the procedure in detail<\/strong><\/p>\n\n\n\n<h2 class=\"font-serif text-30 font-normal primary deco, wp-block-heading\"><strong>Send flowers<\/strong><\/h2>\n\n\n\n<p class=\"font-sans text-md font-light primary m-t-none m-b-none\"><strong>Where to have flowers delivered?<\/strong><br><strong>When is the best time to have flowers delivered?<\/strong><br><strong>What is the cost of a flower delivery?<\/strong><br><strong>Is there an alternative to paid delivery?<\/strong><br><strong>Transport modes in delivery<\/strong><br><strong>How does a delivery to mademoiselle work?<\/strong><br><strong>Receive flowers delivered to your home<\/strong><br><strong>Delivering flowers in Belgium from abroad<\/strong><br><\/p>\n\n\n\n<h2 class=\"font-serif text-30 font-normal primary deco wp-block-heading\"><strong>Give flowers to a colleague or decorate in your company<\/strong><\/h2>\n\n\n\n<p class=\"font-sans text-md font-light primary m-t-none m-b-none\"><strong>Give flowers in a company<\/strong><br><strong>Flowering a workspace<\/strong><br><strong>The benefits of flowers in business<\/strong><\/p>\n\n\n\n<h2 class=\"font-serif text-30 font-normal primary deco wp-block-heading\"><strong>The florist's trade<\/strong><\/h2>\n\n\n\n<p class=\"font-sans text-md font-light primary m-t-none m-b-none\"><strong>Training as a florist<\/strong><br><strong>Our workshop, tools and offices<\/strong><br><strong>Employment in the flower sector<\/strong><br><strong>Being a florist in Belgium<\/strong><br><strong>Sourcing\", the question of the supply of flowers<\/strong><br><strong>Flower logistics<\/strong><\/p>\n<\/div>\n<\/div>\n\n\n\n<div class=\"wp-block-columns card-descover__container grid about-section m-b-2xl deco-top is-layout-flex wp-container-core-columns-is-layout-2 wp-block-columns-is-layout-flex\">\n<div class=\"wp-block-column card-descover__left col-desk-6 col-tab-6 col-mob-2 p-l-none is-layout-flow wp-block-column-is-layout-flow\">\n<div class=\"wp-block-group relative\"><div class=\"wp-block-group__inner-container is-layout-flow wp-block-group-is-layout-flow\">\n<figure class=\"wp-block-image size-large who__img-contain\"><img decoding=\"async\" width=\"1365\" height=\"768\" src=\"https:\/\/mademoiselle.flowers\/wp-content\/uploads\/2021\/02\/ABONNEMENT-12MOIS-edited.jpg\" alt=\"Flower delivery everywhere in Belgium\" class=\"wp-image-1161\" srcset=\"https:\/\/mademoiselle.flowers\/wp-content\/uploads\/2021\/02\/ABONNEMENT-12MOIS-edited.jpg 1365w, https:\/\/mademoiselle.flowers\/wp-content\/uploads\/2021\/02\/ABONNEMENT-12MOIS-edited-700x394.jpg 700w, https:\/\/mademoiselle.flowers\/wp-content\/uploads\/2021\/02\/ABONNEMENT-12MOIS-edited-600x338.jpg 600w, https:\/\/mademoiselle.flowers\/wp-content\/uploads\/2021\/02\/ABONNEMENT-12MOIS-edited-768x432.jpg 768w, https:\/\/mademoiselle.flowers\/wp-content\/uploads\/2021\/02\/ABONNEMENT-12MOIS-edited-16x9.jpg 16w\" sizes=\"(max-width: 1365px) 100vw, 1365px\" \/><\/figure>\n\n\n\n<p class=\"button--white upperCase d-inline-block cursor-pointer center--middle\"><a href=\"\/en\/shop\/nos-bouquets\/\">See our bouquets available for delivery in Belgium<\/a><\/p>\n<\/div><\/div>\n<\/div>\n\n\n\n<div class=\"wp-block-column card-descover__right col-desk-6 col-tab-6 col-mob-2 p-r-none is-layout-flow wp-block-column-is-layout-flow\">\n<div class=\"wp-block-group relative\"><div class=\"wp-block-group__inner-container is-layout-flow wp-block-group-is-layout-flow\">\n<figure class=\"wp-block-image size-large who__img-contain\"><img decoding=\"async\" width=\"350\" height=\"197\" src=\"https:\/\/mademoiselle.flowers\/wp-content\/uploads\/2021\/02\/victoire-ambiance-a-edited.jpg\" alt=\"Flower subscription Belgium\" class=\"wp-image-1165\" srcset=\"https:\/\/mademoiselle.flowers\/wp-content\/uploads\/2021\/02\/victoire-ambiance-a-edited.jpg 350w, https:\/\/mademoiselle.flowers\/wp-content\/uploads\/2021\/02\/victoire-ambiance-a-edited-16x9.jpg 16w\" sizes=\"(max-width: 350px) 100vw, 350px\" \/><\/figure>\n\n\n\n<p class=\"button--white upperCase d-inline-block cursor-pointer center--middle\"><a href=\"https:\/\/mademoiselle.flowers\/en\/flower-subscription\/\">Our subscriptions valid in Belgium<\/a><\/p>\n<\/div><\/div>\n<\/div>\n<\/div>\n\n\n\n<p><\/p>","protected":false},"excerpt":{"rendered":"<p>Les fleurs D\u00e9couvrez l&rsquo;univers et l&rsquo;exp\u00e9rience mademoiselle mademoiselle a vu la jour d\u00e9but 2020. Ses fondateurs ont voulu proposer une exp\u00e9rience unique, loin de l&rsquo;offre existante en ligne. Un touche de graphisme, le bon gout d&rsquo;une exp\u00e9rience haut de gamme, une relation client sans failles pour une satisfaction et un effet waw garanti. Enfin le [&hellip;]<\/p>","protected":false},"author":439,"featured_media":0,"parent":0,"menu_order":0,"comment_status":"closed","ping_status":"closed","template":"page-template-boxed.php","meta":{"inline_featured_image":false,"_uag_custom_page_level_css":"","footnotes":""},"class_list":["post-2324","page","type-page","status-publish","hentry"],"acf":[],"uagb_featured_image_src":{"full":false,"thumbnail":false,"medium":false,"medium_large":false,"large":false,"gs-tiny":false,"xl":false,"xxl":false,"xxxl":false,"xxxxl":false,"xxxxxl":false,"1536x1536":false,"2048x2048":false,"trp-custom-language-flag":false,"woocommerce_thumbnail":false,"woocommerce_single":false,"woocommerce_gallery_thumbnail":false},"uagb_author_info":{"display_name":"","author_link":"https:\/\/mademoiselle.flowers\/en\/author\/ml-si\/"},"uagb_comment_info":0,"uagb_excerpt":"Les fleurs D\u00e9couvrez l&rsquo;univers et l&rsquo;exp\u00e9rience mademoiselle mademoiselle a vu la jour d\u00e9but 2020. Ses fondateurs ont voulu proposer une exp\u00e9rience unique, loin de l&rsquo;offre existante en ligne. Un touche de graphisme, le bon gout d&rsquo;une exp\u00e9rience haut de gamme, une relation client sans failles pour une satisfaction et un effet waw garanti. Enfin le&hellip;","_links":{"self":[{"href":"https:\/\/mademoiselle.flowers\/en\/wp-json\/wp\/v2\/pages\/2324"}],"collection":[{"href":"https:\/\/mademoiselle.flowers\/en\/wp-json\/wp\/v2\/pages"}],"about":[{"href":"https:\/\/mademoiselle.flowers\/en\/wp-json\/wp\/v2\/types\/page"}],"author":[{"embeddable":true,"href":"https:\/\/mademoiselle.flowers\/en\/wp-json\/wp\/v2\/users\/439"}],"replies":[{"embeddable":true,"href":"https:\/\/mademoiselle.flowers\/en\/wp-json\/wp\/v2\/comments?post=2324"}],"version-history":[{"count":10,"href":"https:\/\/mademoiselle.flowers\/en\/wp-json\/wp\/v2\/pages\/2324\/revisions"}],"predecessor-version":[{"id":6438,"href":"https:\/\/mademoiselle.flowers\/en\/wp-json\/wp\/v2\/pages\/2324\/revisions\/6438"}],"wp:attachment":[{"href":"https:\/\/mademoiselle.flowers\/en\/wp-json\/wp\/v2\/media?parent=2324"}],"curies":[{"name":"wp","href":"https:\/\/api.w.org\/{rel}","templated":true}]}}