{"id":2831,"date":"2021-08-22T11:07:38","date_gmt":"2021-08-22T09:07:38","guid":{"rendered":"https:\/\/mademoiselle.flowers\/?page_id=2831"},"modified":"2021-11-11T14:24:17","modified_gmt":"2021-11-11T13:24:17","slug":"livraison-de-fleurs-hainaut","status":"publish","type":"page","link":"https:\/\/mademoiselle.flowers\/en\/flower-delivery-hainaut\/","title":{"rendered":"Flower delivery in Hainaut"},"content":{"rendered":"<div class=\"wp-block-group about-section about-section__intro grid text-center p-t-4xl p-b-2xl\"><div class=\"wp-block-group__inner-container is-layout-flow wp-block-group-is-layout-flow\">\n<div class=\"wp-block-getwid-advanced-heading font-serif text-1xl font-normal primary m-t-none m-b-none\"><h1 class=\"wp-block-getwid-advanced-heading__content\">The elegant solution for flower delivery in Hainaut<\/h1><\/div>\n\n\n\n<p class=\"font-sans text-md font-normal upperCase secondary m-t-md m-b-none deco--center\">Would you like to please an acquaintance who lives in Hainaut or simply send yourself mademoiselle flowers, to tell you how great you are? Whatever the occasion (birthday, anniversary, good wishes, ...) we have the ideal and elegant bouquet. In addition to being a floral designer and florist, <strong>send flowers to Hainaut<\/strong>This is our business.<\/p>\n<\/div><\/div>\n\n\n\n<div class=\"wp-block-columns card-descover__container grid about-section m-b-2xl deco-top is-layout-flex wp-container-core-columns-is-layout-1 wp-block-columns-is-layout-flex\">\n<div class=\"wp-block-column card-descover__left col-desk-6 col-tab-6 col-mob-2 p-l-none is-layout-flow wp-block-column-is-layout-flow\">\n<div class=\"wp-block-group relative\"><div class=\"wp-block-group__inner-container is-layout-flow wp-block-group-is-layout-flow\">\n<figure class=\"wp-block-image size-large who__img-contain\"><img decoding=\"async\" width=\"1365\" height=\"768\" src=\"https:\/\/mademoiselle.flowers\/wp-content\/uploads\/2021\/02\/ABONNEMENT-12MOIS-edited.jpg\" alt=\"Flower delivery anywhere in Hainaut \" class=\"wp-image-1161\" srcset=\"https:\/\/mademoiselle.flowers\/wp-content\/uploads\/2021\/02\/ABONNEMENT-12MOIS-edited.jpg 1365w, https:\/\/mademoiselle.flowers\/wp-content\/uploads\/2021\/02\/ABONNEMENT-12MOIS-edited-700x394.jpg 700w, https:\/\/mademoiselle.flowers\/wp-content\/uploads\/2021\/02\/ABONNEMENT-12MOIS-edited-600x338.jpg 600w, https:\/\/mademoiselle.flowers\/wp-content\/uploads\/2021\/02\/ABONNEMENT-12MOIS-edited-768x432.jpg 768w, https:\/\/mademoiselle.flowers\/wp-content\/uploads\/2021\/02\/ABONNEMENT-12MOIS-edited-16x9.jpg 16w\" sizes=\"(max-width: 1365px) 100vw, 1365px\" \/><\/figure>\n\n\n\n<p class=\"button--white upperCase d-inline-block cursor-pointer center--middle\"><a href=\"\/en\/shop\/nos-bouquets\/\">See our bouquets available for delivery in the province of Hainaut<\/a><\/p>\n<\/div><\/div>\n<\/div>\n\n\n\n<div class=\"wp-block-column card-descover__right col-desk-6 col-tab-6 col-mob-2 p-r-none is-layout-flow wp-block-column-is-layout-flow\">\n<div class=\"wp-block-group relative\"><div class=\"wp-block-group__inner-container is-layout-flow wp-block-group-is-layout-flow\">\n<figure class=\"wp-block-image size-large who__img-contain\"><img decoding=\"async\" width=\"350\" height=\"197\" src=\"https:\/\/mademoiselle.flowers\/wp-content\/uploads\/2021\/02\/victoire-ambiance-a-edited.jpg\" alt=\"Flower subscription Hainaut\" class=\"wp-image-1165\" srcset=\"https:\/\/mademoiselle.flowers\/wp-content\/uploads\/2021\/02\/victoire-ambiance-a-edited.jpg 350w, https:\/\/mademoiselle.flowers\/wp-content\/uploads\/2021\/02\/victoire-ambiance-a-edited-16x9.jpg 16w\" sizes=\"(max-width: 350px) 100vw, 350px\" \/><\/figure>\n\n\n\n<p class=\"button--white upperCase d-inline-block cursor-pointer center--middle\"><a href=\"https:\/\/mademoiselle.flowers\/en\/flower-subscription\/\">Our subscriptions valid in the province of Hainaut<\/a><\/p>\n<\/div><\/div>\n<\/div>\n<\/div>\n\n\n\n<div class=\"wp-block-columns grid about-section items-top deco-bottom deco-small is-layout-flex wp-container-core-columns-is-layout-2 wp-block-columns-is-layout-flex\">\n<div class=\"wp-block-column who__container-right col-desk-6 col-tab-6 col-mob-4 p-l-none p-r-none is-layout-flow wp-block-column-is-layout-flow\">\n<figure class=\"wp-block-image size-large who__img-contain\"><img decoding=\"async\" width=\"1154\" height=\"1460\" src=\"https:\/\/mademoiselle.flowers\/wp-content\/uploads\/2021\/02\/QUE-PENSE-1154x1460.jpg\" alt=\"4 bouquets of freshly cut flowers in a white apartment in Dour\" class=\"wp-image-1152\" srcset=\"https:\/\/mademoiselle.flowers\/wp-content\/uploads\/2021\/02\/QUE-PENSE-1154x1460.jpg 1154w, https:\/\/mademoiselle.flowers\/wp-content\/uploads\/2021\/02\/QUE-PENSE-474x600.jpg 474w, https:\/\/mademoiselle.flowers\/wp-content\/uploads\/2021\/02\/QUE-PENSE-768x972.jpg 768w, https:\/\/mademoiselle.flowers\/wp-content\/uploads\/2021\/02\/QUE-PENSE-1600x2025.jpg 1600w, https:\/\/mademoiselle.flowers\/wp-content\/uploads\/2021\/02\/QUE-PENSE-1214x1536.jpg 1214w, https:\/\/mademoiselle.flowers\/wp-content\/uploads\/2021\/02\/QUE-PENSE-1618x2048.jpg 1618w, https:\/\/mademoiselle.flowers\/wp-content\/uploads\/2021\/02\/QUE-PENSE-9x12.jpg 9w, https:\/\/mademoiselle.flowers\/wp-content\/uploads\/2021\/02\/QUE-PENSE-700x886.jpg 700w, https:\/\/mademoiselle.flowers\/wp-content\/uploads\/2021\/02\/QUE-PENSE-1920x2430.jpg 1920w, https:\/\/mademoiselle.flowers\/wp-content\/uploads\/2021\/02\/QUE-PENSE-scaled.jpg 2023w\" sizes=\"(max-width: 1154px) 100vw, 1154px\" \/><\/figure>\n<\/div>\n\n\n\n<div class=\"wp-block-column col-desk-5 col-tab-5 col-mob-shift-0 col-mob-4 p-r-none p-l-none m-l-auto m-y-auto js-parallax-richtext is-layout-flow wp-block-column-is-layout-flow\">\n<h2 class=\"font-serif text-30 font-normal primary deco m-b-none m-t-none wp-block-heading\">Send a bouquet anywhere in the province of Hainaut<\/h2>\n\n\n\n<p class=\"font-sans text-md font-light grey-700 m-t-none m-b-none p-r-none\">With mademoiselle, flower delivery in West Belgium has never been so simple and elegant. Our team of floral designers put all their knowledge to work to offer you a range of floral compositions available for delivery from Anderlues to Thuin. <a href=\"\/en\/\">Send flowers to Belgium<\/a>or <a href=\"https:\/\/belgium.mademoiselle.flowers\/en\/flower-delivery-charleroi-6000-1513.html\">deliver a bouquet in Charleroi<\/a>This is our specialty!<\/p>\n\n\n\n<p class=\"button--outline button--container upperCase d-inline-block cursor-pointer m-t-xl m-b-none\"><a href=\"https:\/\/mademoiselle.flowers\/en\/shop\/nos-bouquets\/\">Discover our Bouquets<\/a><\/p>\n\n\n\n<div style=\"height:67px\" aria-hidden=\"true\" class=\"wp-block-spacer\"><\/div>\n\n\n\n<h2 class=\"font-serif text-30 font-normal primary deco m-b-none m-t-none wp-block-heading\">Whatever the occasion, we deliver the most beautiful bouquets of flowers<\/h2>\n\n\n\n<p class=\"font-sans text-md font-light grey-700 m-t-none m-b-none p-r-none\">mademoiselle is an online florist that offers a selection of 6 <strong>bunches of flowers<\/strong> by season. Country, romantic, refined or sparkling bouquets that will enchant the heart of the recipient, whether for a birthday, Mother's Day or simply to show your love or your presence in thought during a bereavement. Sending a bouquet to a loved one has never been so elegant.<\/p>\n<\/div>\n<\/div>\n\n\n\n<div class=\"wp-block-columns grid about-section deco-top is-layout-flex wp-container-core-columns-is-layout-3 wp-block-columns-is-layout-flex\">\n<div class=\"wp-block-column quote__container col-desk-11 col-mob-4 is-layout-flow wp-block-column-is-layout-flow\">\n<p class=\"quote upperCase text-center text-lg\"><em>We deliver our beautiful bouquets of flowers in 24 hours in Hainaut<\/em><\/p>\n<\/div>\n<\/div>\n\n\n\n<div class=\"wp-block-columns grid about-section m-t-2xl m-b-2xl is-layout-flex wp-container-core-columns-is-layout-4 wp-block-columns-is-layout-flex\">\n<div class=\"wp-block-column col-desk-5 col-tab-5 col-mob-4 p-l-none p-r-none m-y-auto js-parallax-richtext is-layout-flow wp-block-column-is-layout-flow\">\n<h2 class=\"font-serif text-30 font-normal primary deco m-b-none m-t-none wp-block-heading\">We deliver our beautiful bouquets of flowers within 24 hours in the whole province of Hainaut.<\/h2>\n\n\n\n<p class=\"font-sans text-md font-light grey-700 m-t-none m-b-none p-r-none\">We can deliver the bouquet the next day in all the communes of Hainaut. We deliver to every district such as Charleroi, Ath, Mons or Mouscron and to every commune: Beaumont, Farciennes, Ecaussinne, Jurbise, Seneffe, etc.<\/p>\n<\/div>\n\n\n\n<div class=\"wp-block-column col-desk-6 col-tab-6 col-mob-4 p-r-none p-l-none m-l-auto is-layout-flow wp-block-column-is-layout-flow\">\n<figure class=\"wp-block-image size-large who__img-contain\"><img decoding=\"async\" width=\"2048\" height=\"2050\" src=\"https:\/\/mademoiselle.flowers\/wp-content\/uploads\/2021\/02\/Lola-Ambiance-12-1-edited-2.jpg\" alt=\"Delivery in Hainaut within 24 hours\" class=\"wp-image-1171\" srcset=\"https:\/\/mademoiselle.flowers\/wp-content\/uploads\/2021\/02\/Lola-Ambiance-12-1-edited-2.jpg 2048w, https:\/\/mademoiselle.flowers\/wp-content\/uploads\/2021\/02\/Lola-Ambiance-12-1-edited-2-700x701.jpg 700w, https:\/\/mademoiselle.flowers\/wp-content\/uploads\/2021\/02\/Lola-Ambiance-12-1-edited-2-100x100.jpg 100w, https:\/\/mademoiselle.flowers\/wp-content\/uploads\/2021\/02\/Lola-Ambiance-12-1-edited-2-1920x1922.jpg 1920w, https:\/\/mademoiselle.flowers\/wp-content\/uploads\/2021\/02\/Lola-Ambiance-12-1-edited-2-600x600.jpg 600w, https:\/\/mademoiselle.flowers\/wp-content\/uploads\/2021\/02\/Lola-Ambiance-12-1-edited-2-1460x1460.jpg 1460w, https:\/\/mademoiselle.flowers\/wp-content\/uploads\/2021\/02\/Lola-Ambiance-12-1-edited-2-300x300.jpg 300w, https:\/\/mademoiselle.flowers\/wp-content\/uploads\/2021\/02\/Lola-Ambiance-12-1-edited-2-768x769.jpg 768w, https:\/\/mademoiselle.flowers\/wp-content\/uploads\/2021\/02\/Lola-Ambiance-12-1-edited-2-1600x1602.jpg 1600w, https:\/\/mademoiselle.flowers\/wp-content\/uploads\/2021\/02\/Lola-Ambiance-12-1-edited-2-2046x2048.jpg 2046w, https:\/\/mademoiselle.flowers\/wp-content\/uploads\/2021\/02\/Lola-Ambiance-12-1-edited-2-12x12.jpg 12w\" sizes=\"(max-width: 2048px) 100vw, 2048px\" \/><\/figure>\n<\/div>\n<\/div>\n\n\n\n<div class=\"wp-block-columns card-descover__container grid about-section m-b-2xl deco-top is-layout-flex wp-container-core-columns-is-layout-5 wp-block-columns-is-layout-flex\">\n<div class=\"wp-block-column card-descover__left col-desk-6 col-tab-6 col-mob-2 p-l-none is-layout-flow wp-block-column-is-layout-flow\">\n<div class=\"wp-block-group relative\"><div class=\"wp-block-group__inner-container is-layout-flow wp-block-group-is-layout-flow\">\n<figure class=\"wp-block-image size-large who__img-contain\"><img decoding=\"async\" width=\"1365\" height=\"768\" src=\"https:\/\/mademoiselle.flowers\/wp-content\/uploads\/2021\/02\/ABONNEMENT-12MOIS-edited.jpg\" alt=\"Flower delivery anywhere in Hainaut\" class=\"wp-image-1161\" srcset=\"https:\/\/mademoiselle.flowers\/wp-content\/uploads\/2021\/02\/ABONNEMENT-12MOIS-edited.jpg 1365w, https:\/\/mademoiselle.flowers\/wp-content\/uploads\/2021\/02\/ABONNEMENT-12MOIS-edited-700x394.jpg 700w, https:\/\/mademoiselle.flowers\/wp-content\/uploads\/2021\/02\/ABONNEMENT-12MOIS-edited-600x338.jpg 600w, https:\/\/mademoiselle.flowers\/wp-content\/uploads\/2021\/02\/ABONNEMENT-12MOIS-edited-768x432.jpg 768w, https:\/\/mademoiselle.flowers\/wp-content\/uploads\/2021\/02\/ABONNEMENT-12MOIS-edited-16x9.jpg 16w\" sizes=\"(max-width: 1365px) 100vw, 1365px\" \/><\/figure>\n\n\n\n<p class=\"button--white upperCase d-inline-block cursor-pointer center--middle\"><a href=\"\/en\/shop\/nos-bouquets\/\">Choosing a bouquet<\/a><\/p>\n<\/div><\/div>\n<\/div>\n\n\n\n<div class=\"wp-block-column card-descover__right col-desk-6 col-tab-6 col-mob-2 p-r-none is-layout-flow wp-block-column-is-layout-flow\">\n<div class=\"wp-block-group relative\"><div class=\"wp-block-group__inner-container is-layout-flow wp-block-group-is-layout-flow\">\n<figure class=\"wp-block-image size-large who__img-contain\"><img decoding=\"async\" width=\"350\" height=\"197\" src=\"https:\/\/mademoiselle.flowers\/wp-content\/uploads\/2021\/02\/victoire-ambiance-a-edited.jpg\" alt=\"Flower subscription anywhere in Hainaut\" class=\"wp-image-1165\" srcset=\"https:\/\/mademoiselle.flowers\/wp-content\/uploads\/2021\/02\/victoire-ambiance-a-edited.jpg 350w, https:\/\/mademoiselle.flowers\/wp-content\/uploads\/2021\/02\/victoire-ambiance-a-edited-16x9.jpg 16w\" sizes=\"(max-width: 350px) 100vw, 350px\" \/><\/figure>\n\n\n\n<p class=\"button--white upperCase d-inline-block cursor-pointer center--middle\"><a href=\"https:\/\/mademoiselle.flowers\/en\/flower-subscription\/\">Discover our subscriptions<\/a><\/p>\n<\/div><\/div>\n<\/div>\n<\/div>\n\n\n\n<div class=\"wp-block-columns grid about-section m-t-2xl m-b-2xl is-layout-flex wp-container-core-columns-is-layout-6 wp-block-columns-is-layout-flex\">\n<div class=\"wp-block-column col-desk-5 col-tab-5 col-mob-4 p-l-none p-r-none m-y-auto js-parallax-richtext is-layout-flow wp-block-column-is-layout-flow\">\n<h2 class=\"font-serif text-30 font-normal primary deco m-b-none m-t-none wp-block-heading\">Complete list of municipalities covered by our delivery service in the province of Hainaut.<\/h2>\n\n\n\n<p><\/p>\n\n\n\n<p><br>A<br>Aiseau-Presles<br>Anderlues<br>Antoing<br><a href=\"https:\/\/belgium.mademoiselle.flowers\/en\/flower-delivery-ath-7800-2126.html\">Ath<\/a><br>B<br>Beaumont<br>Beloeil<br>Bernissart<br>Binche<br>Boussu<br><a href=\"https:\/\/belgium.mademoiselle.flowers\/en\/flower-delivery-braine-le-comte-7090-1939.html\">Braine-le-Comte<\/a><br>Brugelette<br>Brunehaut<br>C<br>Those<br>Chapelle-lez-Herlaimont<br><a href=\"https:\/\/belgium.mademoiselle.flowers\/en\/flower-delivery-charleroi-6000-1513.html\">Charleroi<\/a><br>Ch\u00e2telet<br>Chi\u00e8vres<br>Chimay<br>Colfontaine<br>Comines-Warneton<br>Courcelles<br>D<br>Dour<br>E<br>Ecaussinnes<br>Ellezelles<br>Enghien<br>Erquelinnes<br>Estaimpuis<br>Estinnes<br>F<br>Farciennes<br>Fleurus<br>Flobecq<br>Fontaine-l'\u00c9v\u00eaque<br>Frameries<br>Frasnes-lez-Anvaing<br>Froidchapelle<br><br><br><\/p>\n<\/div>\n\n\n\n<div class=\"wp-block-column col-desk-6 col-tab-6 col-mob-4 p-r-none p-l-none m-l-auto is-layout-flow wp-block-column-is-layout-flow\">\n<figure class=\"wp-block-image size-large who__img-contain\"><img decoding=\"async\" width=\"1460\" height=\"821\" src=\"https:\/\/mademoiselle.flowers\/wp-content\/uploads\/2021\/02\/mademoiselle-diamant-2-scaled-edited-1460x821.jpg\" alt=\"Florists in the municipalities of the province of Hainaut\" class=\"wp-image-1164\" srcset=\"https:\/\/mademoiselle.flowers\/wp-content\/uploads\/2021\/02\/mademoiselle-diamant-2-scaled-edited-1460x821.jpg 1460w, https:\/\/mademoiselle.flowers\/wp-content\/uploads\/2021\/02\/mademoiselle-diamant-2-scaled-edited-700x394.jpg 700w, https:\/\/mademoiselle.flowers\/wp-content\/uploads\/2021\/02\/mademoiselle-diamant-2-scaled-edited-600x337.jpg 600w, https:\/\/mademoiselle.flowers\/wp-content\/uploads\/2021\/02\/mademoiselle-diamant-2-scaled-edited-768x432.jpg 768w, https:\/\/mademoiselle.flowers\/wp-content\/uploads\/2021\/02\/mademoiselle-diamant-2-scaled-edited-1600x900.jpg 1600w, https:\/\/mademoiselle.flowers\/wp-content\/uploads\/2021\/02\/mademoiselle-diamant-2-scaled-edited-1536x864.jpg 1536w, https:\/\/mademoiselle.flowers\/wp-content\/uploads\/2021\/02\/mademoiselle-diamant-2-scaled-edited-16x9.jpg 16w, https:\/\/mademoiselle.flowers\/wp-content\/uploads\/2021\/02\/mademoiselle-diamant-2-scaled-edited.jpg 1707w\" sizes=\"(max-width: 1460px) 100vw, 1460px\" \/><\/figure>\n\n\n\n<p>G<br>Gerpinnes<br>H<br>Ham-sur-Heure-Nalinnes<br>Hensies<br>Honest<br>J<br>Jurbise<br>L<br><a href=\"https:\/\/belgium.mademoiselle.flowers\/en\/flower-delivery-la-louviere-7100-1942.html\">La Louvi\u00e8re<\/a><br>Lens<br>Le Roeulx<br>Les Bons Villers<br>Lessines<br>Leuze-en-Hainaut<br>Lobbes<br>M<br>Manage<br>Merbes-le-Ch\u00e2teau<br>Momignies<br><a href=\"https:\/\/belgium.mademoiselle.flowers\/en\/flower-delivery-mons-7000-1881.html\">Mons<\/a><br>Mont-de-l'Enclus<br>Montigny-le-Tilleul<br>Morlanwelz<br>Mouscron<br>P<br>Pecq<br>P\u00e9ruwelz<br>Pont-\u00e0-Celles<br>Q<br>Quaregnon<br>Qu\u00e9vy<br>Qui\u00e9vrain<br>R<br>Rumes<br>S<br>Saint-Ghislain<br>Seneffe<br>Silly<br>Sivry-Rance<br>Soignies<br>T<br>Thuin<br>Tournai<\/p>\n\n\n\n<p class=\"font-sans text-md font-light grey-700 m-t-none m-b-none p-r-none\"><br><\/p>\n<\/div>\n<\/div>\n\n\n\t\t\t<div \n\t\t\tclass=\"wp-block-uagb-google-map uagb-google-map__wrap uagb-block-e152fe94\"\n\t\t\tstyle=\"\" >\n\t\t\t\t<embed\n\t\t\t\t\tclass=\"uagb-google-map__iframe\"\n\t\t\t\t\ttitle=\"Google Map for \"\n\t\t\t\t\tsrc=\"https:\/\/maps.google.com\/maps?q=hainaut&#038;z=9&#038;hl=fr&#038;t=m&#038;output=embed&#038;iwloc=near\"\n\t\t\t\t\twidth=\"640\"\n\t\t\t\t\theight=\"369\"\n\t\t\t\t\tloading=\"lazy\"\n\t\t\t\t><\/embed>\n\t\t\t<\/div>\n\t\t\t\n\n\n<div class=\"wp-block-columns is-layout-flex wp-container-core-columns-is-layout-7 wp-block-columns-is-layout-flex\">\n<div class=\"wp-block-column grid sur-mesure-section items-top p-t-4xl p-b-2xl is-layout-flow wp-block-column-is-layout-flow\">\n<h2 class=\"font-serif text-4xl font-normal primary wp-block-heading\">Questions about our online flower sales service<\/h2>\n\n\n\n<div class=\"wp-block-uagb-faq uagb-faq__outer-wrap uagb-block-10f483ca uagb-faq-icon-row uagb-faq-layout-accordion uagb-faq-expand-first-false uagb-faq-inactive-other-true uagb-faq-equal-height\" data-faqtoggle=\"true\" role=\"tablist\"><script type=\"application\/ld+json\">{\"@context\":\"https:\/\/schema.org\",\"@type\":\"FAQPage\",\"@id\":\"https:\/\/mademoiselle.flowers\/livraison-de-fleurs-hainaut\/\",\"mainEntity\":[{\"@type\":\"Question\",\"name\":\"Comment faire livrer des fleurs dans le Hainaut ?\",\"acceptedAnswer\":{\"@type\":\"Answer\",\"text\":\"Sur notre site, choisissez entre les 6 superbes bouquets de saison. Indiquez une adresse de livraison situ\u00e9e dans la province du Hainaut. S\u00e9lectionnez une date de livraison et nous ex\u00e9cuterons votre commande avec le plus grand soin.\"}},{\"@type\":\"Question\",\"name\":\"Est-ce que vous livrez des fleurs fra\u00eeches?\",\"acceptedAnswer\":{\"@type\":\"Answer\",\"text\":\"Oui, l'ensemble des fleurs qui composent les bouquets que nous envoyons dans le Hainaut sont des tiges coup\u00e9es r\u00e9cemment. Nous garantissons leur tenue en vase pendant plus de 7 jours. Elles restent \u00e9galement parfum\u00e9es pendant de nombreux jours.\"}},{\"@type\":\"Question\",\"name\":\"Quels sont les moyens de paiement propos\u00e9s sur vitre e-Shop?\",\"acceptedAnswer\":{\"@type\":\"Answer\",\"text\":\"Nous acceptons les paiements pas cartes bancaires \/ de cr\u00e9dit, mais \u00e9galement avec le syst\u00e8me Bancontact. Si vous vous trouv\u00e9 \u00e0 l'\u00e9tranger et que la personne \u00e0 qui vous souhaitez envoyer des fleurs est situ\u00e9e dans le Brabant Wallon, nous vous conseillons le paiement s\u00e9curis\u00e9e par carte de Cr\u00e9dit (Visa \/ Mastercard)\"}}]}<\/script><div class=\"uagb-faq__wrap uagb-buttons-layout-wrap\">\n<div class=\"wp-block-uagb-faq-child uagb-faq-child__outer-wrap uagb-block-f7ae7c1a\"><div class=\"uagb-faq-child__wrapper\"><div class=\"uagb-faq-item\" role=\"tab\" tabindex=\"0\"><div class=\"uagb-faq-questions-button uagb-faq-questions\"><span class=\"uagb-icon uagb-faq-icon-wrap\"><svg xmlns=\"http:\/\/www.w3.org\/2000\/svg\" viewbox=\"0 0 448 512\"><path d=\"M416 208H272V64c0-17.67-14.33-32-32-32h-32c-17.67 0-32 14.33-32 32v144H32c-17.67 0-32 14.33-32 32v32c0 17.67 14.33 32 32 32h144v144c0 17.67 14.33 32 32 32h32c17.67 0 32-14.33 32-32V304h144c17.67 0 32-14.33 32-32v-32c0-17.67-14.33-32-32-32z\"><\/path><\/svg><\/span><span class=\"uagb-icon-active uagb-faq-icon-wrap\"><svg xmlns=\"http:\/\/www.w3.org\/2000\/svg\" viewbox=\"0 0 448 512\"><path d=\"M416 208H32c-17.67 0-32 14.33-32 32v32c0 17.67 14.33 32 32 32h384c17.67 0 32-14.33 32-32v-32c0-17.67-14.33-32-32-32z\"><\/path><\/svg><\/span><h3 class=\"uagb-question\">How to have flowers delivered in Hainaut?<\/h3><\/div><div class=\"uagb-faq-content\"><span><p>On our website, choose between 6 beautiful seasonal bouquets. Enter a delivery address in the province of Hainaut. Select a delivery date and we will execute your order with the utmost care.<\/p><\/span><\/div><\/div><\/div><\/div>\n\n\n\n<div class=\"wp-block-uagb-faq-child uagb-faq-child__outer-wrap uagb-block-29d53d1e\"><div class=\"uagb-faq-child__wrapper\"><div class=\"uagb-faq-item\" role=\"tab\" tabindex=\"0\"><div class=\"uagb-faq-questions-button uagb-faq-questions\"><span class=\"uagb-icon uagb-faq-icon-wrap\"><svg xmlns=\"http:\/\/www.w3.org\/2000\/svg\" viewbox=\"0 0 448 512\"><path d=\"M416 208H272V64c0-17.67-14.33-32-32-32h-32c-17.67 0-32 14.33-32 32v144H32c-17.67 0-32 14.33-32 32v32c0 17.67 14.33 32 32 32h144v144c0 17.67 14.33 32 32 32h32c17.67 0 32-14.33 32-32V304h144c17.67 0 32-14.33 32-32v-32c0-17.67-14.33-32-32-32z\"><\/path><\/svg><\/span><span class=\"uagb-icon-active uagb-faq-icon-wrap\"><svg xmlns=\"http:\/\/www.w3.org\/2000\/svg\" viewbox=\"0 0 448 512\"><path d=\"M416 208H32c-17.67 0-32 14.33-32 32v32c0 17.67 14.33 32 32 32h384c17.67 0 32-14.33 32-32v-32c0-17.67-14.33-32-32-32z\"><\/path><\/svg><\/span><h3 class=\"uagb-question\">Do you deliver fresh flowers?<\/h3><\/div><div class=\"uagb-faq-content\"><span><p>Yes, all the flowers that make up the bouquets we send to Hainaut are recently cut stems. We guarantee that they will remain in the vase for more than 7 days. They also remain fragrant for many days.<\/p><\/span><\/div><\/div><\/div><\/div>\n\n\n\n<div class=\"wp-block-uagb-faq-child uagb-faq-child__outer-wrap uagb-block-7786301a\"><div class=\"uagb-faq-child__wrapper\"><div class=\"uagb-faq-item\" role=\"tab\" tabindex=\"0\"><div class=\"uagb-faq-questions-button uagb-faq-questions\"><span class=\"uagb-icon uagb-faq-icon-wrap\"><svg xmlns=\"http:\/\/www.w3.org\/2000\/svg\" viewbox=\"0 0 448 512\"><path d=\"M416 208H272V64c0-17.67-14.33-32-32-32h-32c-17.67 0-32 14.33-32 32v144H32c-17.67 0-32 14.33-32 32v32c0 17.67 14.33 32 32 32h144v144c0 17.67 14.33 32 32 32h32c17.67 0 32-14.33 32-32V304h144c17.67 0 32-14.33 32-32v-32c0-17.67-14.33-32-32-32z\"><\/path><\/svg><\/span><span class=\"uagb-icon-active uagb-faq-icon-wrap\"><svg xmlns=\"http:\/\/www.w3.org\/2000\/svg\" viewbox=\"0 0 448 512\"><path d=\"M416 208H32c-17.67 0-32 14.33-32 32v32c0 17.67 14.33 32 32 32h384c17.67 0 32-14.33 32-32v-32c0-17.67-14.33-32-32-32z\"><\/path><\/svg><\/span><h3 class=\"uagb-question\">What are the payment methods offered on your e-Shop?<\/h3><\/div><div class=\"uagb-faq-content\"><span><p>We accept payment by bank\/credit card, but also with the Bancontact system. If you are abroad and the person you want to send flowers to is located in Walloon Brabant, we advise you to pay securely by credit card (Visa \/ Mastercard)<\/p><\/span><\/div><\/div><\/div><\/div>\n<\/div><\/div>\n<\/div>\n<\/div>\n\n\n\n<p><\/p>","protected":false},"excerpt":{"rendered":"<p>Would you like to please an acquaintance who lives in Hainaut or simply send yourself mademoiselle flowers, to tell you how great you are? Whatever the occasion (birthdays, anniversaries, good wishes, ...) we have the ideal and elegant bouquet. In addition to being a floral designer and florist, sending flowers in Hainaut is our job. See our available bouquets [...]<\/p>","protected":false},"author":439,"featured_media":0,"parent":0,"menu_order":0,"comment_status":"closed","ping_status":"closed","template":"","meta":{"inline_featured_image":false,"_uag_custom_page_level_css":"","footnotes":""},"class_list":["post-2831","page","type-page","status-publish","hentry"],"acf":[],"uagb_featured_image_src":{"full":false,"thumbnail":false,"medium":false,"medium_large":false,"large":false,"gs-tiny":false,"xl":false,"xxl":false,"xxxl":false,"xxxxl":false,"xxxxxl":false,"1536x1536":false,"2048x2048":false,"trp-custom-language-flag":false,"woocommerce_thumbnail":false,"woocommerce_single":false,"woocommerce_gallery_thumbnail":false},"uagb_author_info":{"display_name":"ml-si","author_link":"https:\/\/mademoiselle.flowers\/en\/author\/ml-si\/"},"uagb_comment_info":0,"uagb_excerpt":"Vous souhaitez faire plaisir \u00e0 une connaissance qui habite dans le Hainaut ou simplement vous envoyer des fleurs mademoiselle, pour vous dire combien vous \u00eates formidable ?&nbsp;Quelle que&nbsp;soit l&rsquo;occasion&nbsp;(anniversaire, f\u00eates, bons v\u0153ux, &#8230;)&nbsp;nous avons&nbsp;le&nbsp;bouquet id\u00e9al et&nbsp;\u00e9l\u00e9gant.&nbsp;En plus d&rsquo;\u00eatre designer floral et fleuriste, envoyer des fleurs dans le Hainaut, c&rsquo;est notre m\u00e9tier. Voir nos bouquets disponibles&hellip;","_links":{"self":[{"href":"https:\/\/mademoiselle.flowers\/en\/wp-json\/wp\/v2\/pages\/2831"}],"collection":[{"href":"https:\/\/mademoiselle.flowers\/en\/wp-json\/wp\/v2\/pages"}],"about":[{"href":"https:\/\/mademoiselle.flowers\/en\/wp-json\/wp\/v2\/types\/page"}],"author":[{"embeddable":true,"href":"https:\/\/mademoiselle.flowers\/en\/wp-json\/wp\/v2\/users\/439"}],"replies":[{"embeddable":true,"href":"https:\/\/mademoiselle.flowers\/en\/wp-json\/wp\/v2\/comments?post=2831"}],"version-history":[{"count":11,"href":"https:\/\/mademoiselle.flowers\/en\/wp-json\/wp\/v2\/pages\/2831\/revisions"}],"predecessor-version":[{"id":4005,"href":"https:\/\/mademoiselle.flowers\/en\/wp-json\/wp\/v2\/pages\/2831\/revisions\/4005"}],"wp:attachment":[{"href":"https:\/\/mademoiselle.flowers\/en\/wp-json\/wp\/v2\/media?parent=2831"}],"curies":[{"name":"wp","href":"https:\/\/api.w.org\/{rel}","templated":true}]}}