{"id":3467,"date":"2021-09-23T18:18:19","date_gmt":"2021-09-23T16:18:19","guid":{"rendered":"https:\/\/mademoiselle.flowers\/?page_id=3467"},"modified":"2023-01-05T16:54:11","modified_gmt":"2023-01-05T15:54:11","slug":"livraison-fleurs-entreprise","status":"publish","type":"page","link":"https:\/\/mademoiselle.flowers\/en\/flower-florist-corporate\/","title":{"rendered":"Company Service"},"content":{"rendered":"<div class=\"wp-block-group grid about-section items-top deco-bottom deco-small\"><div class=\"wp-block-group__inner-container is-layout-flow wp-block-group-is-layout-flow\">\n<h1 class=\"wp-block-heading\"><\/h1>\n\n\n\n<div style=\"height:112px\" aria-hidden=\"true\" class=\"wp-block-spacer\"><\/div>\n\n\n\n<div class=\"wp-block-uagb-advanced-heading uagb-block-cfbacb8c font-serif text-25 font-normal primary\"><h1 class=\"uagb-heading-text\">Business Solutions<\/h1><div class=\"uagb-separator-wrap\"><div class=\"uagb-separator\"><\/div><\/div><p class=\"uagb-desc-text\">A premium offer for image-conscious companies<\/p><\/div>\n\n\n\n<div class=\"wp-block-columns m-t-none m-b-none is-layout-flex wp-container-core-columns-is-layout-1 wp-block-columns-is-layout-flex\">\n<div class=\"wp-block-column grid about-section m-b-none is-layout-flow wp-block-column-is-layout-flow\">\n<p class=\"font-sans text-md font-light primary m-t-none m-b-none\">The life of a company is also about celebrating the strong moments of an employee (birth, birthday, wedding, ...) but also sharing the joy of a success or a victory. At a time when recruiting employees is sometimes a complicated mission, a strong, human and joyful corporate culture is more necessary than ever. <\/p>\n\n\n\n<p class=\"font-sans text-md font-light primary m-t-none m-b-none\">For corporate customers, we offer a simple and effective solution: volume discounts (<strong>on our entire range<\/strong>), a <strong>VIP phone line<\/strong> to place your orders.<br><\/p>\n\n\n\n<p><strong>Do you have a business project?<\/strong> A particular need? <a href=\"mailto:info@mademoiselle.flowers\">Contact us<\/a><br><strong>Need a customized offer?<\/strong> <a href=\"mailto:info@mademoiselle.flowers\">Contact us<\/a><\/p>\n\n\n\n<p class=\"font-sans text-md font-light primary m-t-none m-b-none\"><br><\/p>\n\n\n\n<p class=\"font-sans text-md font-light primary m-t-none m-b-none\"><\/p>\n<\/div>\n<\/div>\n\n\n\n<div class=\"wp-block-columns grid about-section is-layout-flex wp-container-core-columns-is-layout-2 wp-block-columns-is-layout-flex\">\n<div class=\"wp-block-column who__container-right col-desk-6 col-tab-6 col-mob-4 p-l-none p-r-none is-layout-flow wp-block-column-is-layout-flow\">\n<figure class=\"wp-block-image size-large who__img-contain\"><img decoding=\"async\" width=\"350\" height=\"430\" src=\"https:\/\/mademoiselle.flowers\/wp-content\/uploads\/2021\/07\/Victoire-Ambiance-1.jpg\" alt=\"send flowers with invoice\" class=\"wp-image-2705\" srcset=\"https:\/\/mademoiselle.flowers\/wp-content\/uploads\/2021\/07\/Victoire-Ambiance-1.jpg 350w, https:\/\/mademoiselle.flowers\/wp-content\/uploads\/2021\/07\/Victoire-Ambiance-1-10x12.jpg 10w\" sizes=\"(max-width: 350px) 100vw, 350px\" \/><\/figure>\n<\/div>\n\n\n\n<div class=\"wp-block-column col-desk-5 col-tab-5 col-mob-shift-0 col-mob-4 p-r-none p-l-none m-l-auto m-y-auto js-parallax-richtext is-layout-flow wp-block-column-is-layout-flow\">\n<h2 class=\"font-serif text-30 font-normal primary deco m-b-none m-t-none wp-block-heading\">Simplified invoicing<\/h2>\n\n\n\n<p class=\"font-sans text-md font-light primary m-t-none m-b-none\">For a <strong>single purchase<\/strong> Simply place your order online and enter your VAT number. Our partner will send you an invoice by e-mail automatically. To do this, you'll need a <strong>plastic<\/strong>. Your customer account will remember your billing information for the next order. A simple solution, which will please your accountant.<\/p>\n\n\n\n<p class=\"font-sans text-md font-light primary m-t-none m-b-none\">You do not <strong>do not have a corporate credit card<\/strong> ? That's okay, <a href=\"mailto:info@mademoiselle.flowers\">contact us by e-mail<\/a>We'll get back to you within the hour. Our partner will take your order and send you an invoice to be settled before shipment. <\/p>\n\n\n\n<p class=\"font-sans text-md font-light primary m-t-none m-b-none\">For a<strong> 30-day billing<\/strong>, <a href=\"mailto:info@mademoiselle.flowers\">contact us by e-mail<\/a>We'll get back to you within the hour. We'll set up a customer account together. At the end of the month, you'll receive a summary invoice of your purchases, payable within 30 days.<\/p>\n\n\n\n<div style=\"height:74px\" aria-hidden=\"true\" class=\"wp-block-spacer\"><\/div>\n<\/div>\n<\/div>\n\n\n\n<div class=\"wp-block-columns grid about-section is-layout-flex wp-container-core-columns-is-layout-3 wp-block-columns-is-layout-flex\">\n<div class=\"wp-block-column col-desk-5 col-tab-5 col-mob-4 p-l-none p-r-none m-y-auto js-parallax-richtext is-layout-flow wp-block-column-is-layout-flow\">\n<h2 class=\"font-serif text-30 font-normal primary deco m-b-none wp-block-heading\">An order of 3 bouquets (and more...)?<\/h2>\n\n\n\n<p class=\"font-sans text-md font-light primary m-t-none m-b-none\">For a <strong>bulk purchase<\/strong> (from 3 bouquets), no need to place your order online, our company service will take care of placing your order and send you an invoice. Payment will be made upon receipt of the invoice. We will send the bouquets after payment or directly if you have a framework contract. <a href=\"mailto:info@mademoiselle.flowers\">Contact us to discuss.<\/a><\/p>\n<\/div>\n\n\n\n<div class=\"wp-block-column col-desk-6 col-tab-6 col-mob-4 p-r-none p-l-none m-l-auto is-layout-flow wp-block-column-is-layout-flow\">\n<figure class=\"wp-block-image size-large who__img-contain\"><img decoding=\"async\" width=\"1460\" height=\"973\" src=\"https:\/\/mademoiselle.flowers\/wp-content\/uploads\/2021\/07\/Charlotte-HOME-1460x973.jpg\" alt=\"Order bouauets for a colleague&#039;s birthday\" class=\"wp-image-2712\" srcset=\"https:\/\/mademoiselle.flowers\/wp-content\/uploads\/2021\/07\/Charlotte-HOME-1460x973.jpg 1460w, https:\/\/mademoiselle.flowers\/wp-content\/uploads\/2021\/07\/Charlotte-HOME-600x400.jpg 600w, https:\/\/mademoiselle.flowers\/wp-content\/uploads\/2021\/07\/Charlotte-HOME-768x512.jpg 768w, https:\/\/mademoiselle.flowers\/wp-content\/uploads\/2021\/07\/Charlotte-HOME-1600x1066.jpg 1600w, https:\/\/mademoiselle.flowers\/wp-content\/uploads\/2021\/07\/Charlotte-HOME-1536x1024.jpg 1536w, https:\/\/mademoiselle.flowers\/wp-content\/uploads\/2021\/07\/Charlotte-HOME-16x12.jpg 16w, https:\/\/mademoiselle.flowers\/wp-content\/uploads\/2021\/07\/Charlotte-HOME-700x467.jpg 700w, https:\/\/mademoiselle.flowers\/wp-content\/uploads\/2021\/07\/Charlotte-HOME-1920x1280.jpg 1920w, https:\/\/mademoiselle.flowers\/wp-content\/uploads\/2021\/07\/Charlotte-HOME.jpg 2048w\" sizes=\"(max-width: 1460px) 100vw, 1460px\" \/><\/figure>\n\n\n\n<div style=\"height:35px\" aria-hidden=\"true\" class=\"wp-block-spacer\"><\/div>\n<\/div>\n<\/div>\n\n\n\n<div class=\"wp-block-columns grid about-section items-top p-l-none p-r-none is-layout-flex wp-container-core-columns-is-layout-4 wp-block-columns-is-layout-flex\">\n<div class=\"wp-block-column who__container-right col-desk-6 col-tab-6 col-mob-4 p-l-none p-r-none is-layout-flow wp-block-column-is-layout-flow\">\n<figure class=\"wp-block-image size-large who__img-contain\"><img decoding=\"async\" width=\"1154\" height=\"1460\" src=\"https:\/\/mademoiselle.flowers\/wp-content\/uploads\/2021\/02\/QUE-PENSE-1154x1460.jpg\" alt=\"flower delivery with invoice\" class=\"wp-image-1152\" srcset=\"https:\/\/mademoiselle.flowers\/wp-content\/uploads\/2021\/02\/QUE-PENSE-1154x1460.jpg 1154w, https:\/\/mademoiselle.flowers\/wp-content\/uploads\/2021\/02\/QUE-PENSE-474x600.jpg 474w, https:\/\/mademoiselle.flowers\/wp-content\/uploads\/2021\/02\/QUE-PENSE-768x972.jpg 768w, https:\/\/mademoiselle.flowers\/wp-content\/uploads\/2021\/02\/QUE-PENSE-1600x2025.jpg 1600w, https:\/\/mademoiselle.flowers\/wp-content\/uploads\/2021\/02\/QUE-PENSE-1214x1536.jpg 1214w, https:\/\/mademoiselle.flowers\/wp-content\/uploads\/2021\/02\/QUE-PENSE-1618x2048.jpg 1618w, https:\/\/mademoiselle.flowers\/wp-content\/uploads\/2021\/02\/QUE-PENSE-9x12.jpg 9w, https:\/\/mademoiselle.flowers\/wp-content\/uploads\/2021\/02\/QUE-PENSE-700x886.jpg 700w, https:\/\/mademoiselle.flowers\/wp-content\/uploads\/2021\/02\/QUE-PENSE-1920x2430.jpg 1920w, https:\/\/mademoiselle.flowers\/wp-content\/uploads\/2021\/02\/QUE-PENSE-scaled.jpg 2023w\" sizes=\"(max-width: 1154px) 100vw, 1154px\" \/><\/figure>\n<\/div>\n\n\n\n<div class=\"wp-block-column col-desk-5 col-tab-5 col-mob-shift-0 col-mob-4 p-r-none p-l-none m-l-auto m-y-auto js-parallax-richtext is-layout-flow wp-block-column-is-layout-flow\">\n<h2 class=\"font-serif text-30 font-normal primary deco m-b-none m-t-none wp-block-heading\">Adapted deliveries<\/h2>\n\n\n\n<p class=\"font-sans text-md font-light primary m-t-none m-b-none\">If you wish to have your goods delivered <strong>multiple bouquets at the same address<\/strong> (often your company's) with individual messages, <a href=\"mailto:info@mademoiselle.flowers\">contact us<\/a>We offer a grouped delivery with adapted shipping costs.<\/p>\n\n\n\n<div style=\"height:100px\" aria-hidden=\"true\" class=\"wp-block-spacer\"><\/div>\n<\/div>\n<\/div>\n\n\n\n<div class=\"wp-block-columns is-layout-flex wp-container-core-columns-is-layout-5 wp-block-columns-is-layout-flex\">\n<div class=\"wp-block-column grid about-section is-layout-flow wp-block-column-is-layout-flow\">\n<h2 class=\"font-serif text-30 font-normal primary deco m-b-none wp-block-heading\">Our subscriptions, for monthly flowers in your office<\/h2>\n\n\n\n<p class=\"font-sans text-md font-light primary m-t-none m-b-none\">Each month, add the delicate touch of a mademoiselle bouquet to your professional space. We offer you our range of bouquets as a professional subscription - invoice included. <br>Discover our <a href=\"https:\/\/mademoiselle.flowers\/en\/flower-subscription\/\">monthly subscription solutions<\/a>.<\/p>\n\n\n\n<div style=\"height:168px\" aria-hidden=\"true\" class=\"wp-block-spacer\"><\/div>\n\n\n\n<p class=\"font-sans text-md font-light primary m-t-none m-b-none\"><br><\/p>\n\n\n\n<div style=\"height:22px\" aria-hidden=\"true\" class=\"wp-block-spacer\"><\/div>\n<\/div>\n<\/div>\n<\/div><\/div>","protected":false},"excerpt":{"rendered":"<p>Solutions pour Entreprises A premium offer for image-conscious companies Corporate life also means celebrating an employee's special moments (birthdays, anniversaries, weddings, etc.), as well as sharing in the joy of a success or victory. At a time when recruiting new employees is sometimes a complicated task, a strong corporate culture, [...]<\/p>","protected":false},"author":439,"featured_media":0,"parent":0,"menu_order":0,"comment_status":"closed","ping_status":"closed","template":"","meta":{"inline_featured_image":false,"_uag_custom_page_level_css":"","footnotes":""},"class_list":["post-3467","page","type-page","status-publish","hentry"],"acf":[],"uagb_featured_image_src":{"full":false,"thumbnail":false,"medium":false,"medium_large":false,"large":false,"gs-tiny":false,"xl":false,"xxl":false,"xxxl":false,"xxxxl":false,"xxxxxl":false,"1536x1536":false,"2048x2048":false,"trp-custom-language-flag":false,"woocommerce_thumbnail":false,"woocommerce_single":false,"woocommerce_gallery_thumbnail":false},"uagb_author_info":{"display_name":"","author_link":"https:\/\/mademoiselle.flowers\/en\/author\/ml-si\/"},"uagb_comment_info":0,"uagb_excerpt":"Solutions pour Entreprises Une offre premium pour les soci\u00e9t\u00e9s soucieuses de leur image La vie d&rsquo;une entreprise, c&rsquo;est \u00e9galement f\u00eater les moments forts d&rsquo;un employ\u00e9 (naissance, anniversaire, mariage, &#8230;) mais aussi partager la joie d&rsquo;une r\u00e9ussite ou d&rsquo;une victoire. \u00c0 l&rsquo;heure o\u00f9 le recrutement de collaborateurs est parfois une mission compliqu\u00e9e, une culture d&rsquo;entreprise forte,&hellip;","_links":{"self":[{"href":"https:\/\/mademoiselle.flowers\/en\/wp-json\/wp\/v2\/pages\/3467"}],"collection":[{"href":"https:\/\/mademoiselle.flowers\/en\/wp-json\/wp\/v2\/pages"}],"about":[{"href":"https:\/\/mademoiselle.flowers\/en\/wp-json\/wp\/v2\/types\/page"}],"author":[{"embeddable":true,"href":"https:\/\/mademoiselle.flowers\/en\/wp-json\/wp\/v2\/users\/439"}],"replies":[{"embeddable":true,"href":"https:\/\/mademoiselle.flowers\/en\/wp-json\/wp\/v2\/comments?post=3467"}],"version-history":[{"count":9,"href":"https:\/\/mademoiselle.flowers\/en\/wp-json\/wp\/v2\/pages\/3467\/revisions"}],"predecessor-version":[{"id":6323,"href":"https:\/\/mademoiselle.flowers\/en\/wp-json\/wp\/v2\/pages\/3467\/revisions\/6323"}],"wp:attachment":[{"href":"https:\/\/mademoiselle.flowers\/en\/wp-json\/wp\/v2\/media?parent=3467"}],"curies":[{"name":"wp","href":"https:\/\/api.w.org\/{rel}","templated":true}]}}