{"id":5715,"date":"2022-06-29T11:55:49","date_gmt":"2022-06-29T09:55:49","guid":{"rendered":"https:\/\/mademoiselle.flowers\/?page_id=5715"},"modified":"2022-06-30T13:26:36","modified_gmt":"2022-06-30T11:26:36","slug":"c1b-parfum-des-fleurs","status":"publish","type":"page","link":"https:\/\/mademoiselle.flowers\/en\/e-c1b-parfum-des-fleurs\/","title":{"rendered":"C1 b &#8211; parfum"},"content":{"rendered":"<div class=\"wp-block-group grid about-section items-top deco-bottom deco-small\"><div class=\"wp-block-group__inner-container is-layout-flow wp-block-group-is-layout-flow\">\n<div style=\"height:112px\" aria-hidden=\"true\" class=\"wp-block-spacer\"><\/div>\n\n\n\n<div class=\"wp-block-uagb-advanced-heading uagb-block-426dd7ca font-serif text-25 font-normal primary\"><h1 class=\"uagb-heading-text\">The bewitching scent of flowers<\/h1><div class=\"uagb-separator-wrap\"><div class=\"uagb-separator\"><\/div><\/div><p class=\"uagb-desc-text\">Flowers aren't just for decoration or seduction. They are also used in perfumery for their sweet fragrances. Whether top, middle or base notes, flowers can offer a complex fragrance. What's more, every fragrance (whether it comes from a bottle of perfume or from a <a href=\"https:\/\/mademoiselle.flowers\/en\/flower\/\">bouquet of fresh flowers<\/a>) or in can convey a message and symbolize an emotion. To find out more, read on.<\/p><\/div>\n\n\n\n<div class=\"wp-block-columns is-layout-flex wp-container-core-columns-is-layout-1 wp-block-columns-is-layout-flex\">\n<div class=\"wp-block-column grid about-section is-layout-flow wp-block-column-is-layout-flow\">\n<h2 class=\"font-serif text-30 font-normal primary deco wp-block-heading\">Flowers and their fragrances, a whole palette of scents<\/h2>\n\n\n\n<p class=\"font-sans text-md font-light primary m-t-none m-b-none\">As important as flower varieties are, so varied are their fragrances. Likewise, each type of flower has its own distinctive scent, and can have a different fragrance. <a href=\"https:\/\/mademoiselle.flowers\/en\/e-c1-c\/\">meaning<\/a>. Depending on your preferences and tastes, you'll find something to suit you. To give you a better idea, here are a few examples of flowers, their fragrances and symbols:<\/p>\n\n\n\n<ul class=\"font-sans text-md font-light primary m-t-none m-b-none wp-block-list\"><li><strong>The rose<\/strong>&nbsp;This fragrance has a lemony, spicy note, with raspberry scents, as well as transparent, aquatic scents. These fragrances symbolize gentleness and tenderness;<\/li><li><strong>Jasmine<\/strong>&nbsp;This exotic, narcotic flower gives off a singular scent, somewhere between honeyed and candied nectar, exotic, poisonous and erotic. It is the perfume of lovers;<\/li><li><strong>Ylang-ylang<\/strong>&nbsp;Jasmine: this flower is characterized by an exuberant, extroverted nature, with fragrances in a variety of colors. Its scent is halfway between jasmine and tuberose. It symbolizes sensuality, lasciviousness and passion;<\/li><li><strong>Gardenia<\/strong>&nbsp;This fragrance is recognized by its highly fragrant white flowers. It contains a green rhubarb note, but tends more towards the neutral;<\/li><li><strong>The magnolia<\/strong>&nbsp;This fresh flower is distinguished by a floral note with a citrus facet. It has a lemony scent tinged with green notes. It conveys softness and tenderness.<\/li><\/ul>\n\n\n\n<h2 class=\"font-serif text-30 font-normal primary deco m-b-none wp-block-heading\">Flowers in perfumery and perfume composition<\/h2>\n\n\n\n<p class=\"font-sans text-md font-light primary m-t-none m-b-none\">As explained above, flowers are also distinguished by their fragrance. Logically, then, they are used in perfumery to make scents of all kinds. What's more, each flower is composed of top, middle or base notes, as well as multiple <a href=\"https:\/\/mademoiselle.flowers\/en\/flower\/\">aromatic molecules<\/a>with different odors. Therefore, in the process, the type of molecule and the proportion must be taken into account. Generally speaking, however, a perfume can be composed of the following elements:<\/p>\n\n\n\n<ul class=\"font-sans text-md font-light primary m-t-none m-b-none wp-block-list\"><li><strong>Essential oils<\/strong>&nbsp;They are obtained by steam distillation and offer alcoholic fragrances, with volatile molecules from the flower;<\/li><li><strong>Absolutes<\/strong>&nbsp;Soluble in alcohol and emulsions, they can be used to produce solid, oily perfumes;<\/li><li><strong>CO<sub>2<\/sub><\/strong>They provide a scent that is often closer to that of the flower than that of the essential oil. They are dosed with fragrant active ingredients and produce oily fragrances.<\/li><\/ul>\n\n\n\n<p class=\"font-sans text-md font-light primary m-t-none m-b-none\">Other elements can also be used to produce floral fragrances. It all depends on the manufacturer and the objectives.<\/p>\n\n\n\n<div style=\"height:142px\" aria-hidden=\"true\" class=\"wp-block-spacer\"><\/div>\n\n\n\n<figure class=\"wp-block-image size-medium is-resized font-sans text-md font-light primary m-t-none m-b-none uag-hide-mob\"><img decoding=\"async\" src=\"https:\/\/mademoiselle.flowers\/wp-content\/uploads\/2021\/04\/42-17042021-950A2202-Olivia-Poncelet-Mademoiselle-Bouquet-HD-Screen-300-copie-3-600x400.jpg\" alt=\"fresh, fragrant bouquet \" class=\"wp-image-1866\" width=\"600\" height=\"400\" srcset=\"https:\/\/mademoiselle.flowers\/wp-content\/uploads\/2021\/04\/42-17042021-950A2202-Olivia-Poncelet-Mademoiselle-Bouquet-HD-Screen-300-copie-3-600x400.jpg 600w, https:\/\/mademoiselle.flowers\/wp-content\/uploads\/2021\/04\/42-17042021-950A2202-Olivia-Poncelet-Mademoiselle-Bouquet-HD-Screen-300-copie-3-1460x973.jpg 1460w, https:\/\/mademoiselle.flowers\/wp-content\/uploads\/2021\/04\/42-17042021-950A2202-Olivia-Poncelet-Mademoiselle-Bouquet-HD-Screen-300-copie-3-768x512.jpg 768w, https:\/\/mademoiselle.flowers\/wp-content\/uploads\/2021\/04\/42-17042021-950A2202-Olivia-Poncelet-Mademoiselle-Bouquet-HD-Screen-300-copie-3-1600x1067.jpg 1600w, https:\/\/mademoiselle.flowers\/wp-content\/uploads\/2021\/04\/42-17042021-950A2202-Olivia-Poncelet-Mademoiselle-Bouquet-HD-Screen-300-copie-3-1536x1024.jpg 1536w, https:\/\/mademoiselle.flowers\/wp-content\/uploads\/2021\/04\/42-17042021-950A2202-Olivia-Poncelet-Mademoiselle-Bouquet-HD-Screen-300-copie-3-2048x1365.jpg 2048w, https:\/\/mademoiselle.flowers\/wp-content\/uploads\/2021\/04\/42-17042021-950A2202-Olivia-Poncelet-Mademoiselle-Bouquet-HD-Screen-300-copie-3-16x12.jpg 16w, https:\/\/mademoiselle.flowers\/wp-content\/uploads\/2021\/04\/42-17042021-950A2202-Olivia-Poncelet-Mademoiselle-Bouquet-HD-Screen-300-copie-3-700x467.jpg 700w, https:\/\/mademoiselle.flowers\/wp-content\/uploads\/2021\/04\/42-17042021-950A2202-Olivia-Poncelet-Mademoiselle-Bouquet-HD-Screen-300-copie-3-1920x1280.jpg 1920w\" sizes=\"(max-width: 600px) 100vw, 600px\" \/><\/figure>\n\n\n\n<h2 class=\"font-serif text-30 font-normal primary deco m-b-none wp-block-heading\">How to prolong the fragrance of flowers?<\/h2>\n\n\n\n<p class=\"font-sans text-md font-light primary m-t-none m-b-none\">It all starts with the <a href=\"https:\/\/mademoiselle.flowers\/en\/e-c1-d-recolter-des-fleurs\/\">growing flowers<\/a>A special attention will be given to fragrant flower families. Then, once the bouquet of flowers is in your home, we all like to enjoy its fragrant essences for as long as possible. If you want to enjoy the fragrance of flowers for as long as possible, you need to store them well. The first rule is to keep it away from light, heat and air. And don't forget that unopened perfume can improve with age, just like wine. The most important thing is to store it in the best possible conditions.<\/p>\n\n\n\n<p class=\"font-sans text-md font-light primary m-t-none m-b-none\">To prolong the fragrance of the flowers, we suggest you keep it in its original packaging, stored in a dry cellar. If you leave it too long in the bathroom, for example, it will fade very quickly. In short, here are a few useful tips:<\/p>\n\n\n\n<ul class=\"font-sans text-md font-light primary m-t-none m-b-none wp-block-list\"><li>Avoid exposing perfume to contact with the <strong>direct light<\/strong>;<\/li><li>Do not place the fragrance near a radiator or heater.<strong> heat source<\/strong>;<\/li><li>Maintain a stable temperature around the fragrance and avoid places <strong>too damp<\/strong>;<\/li><li>Don't shake the perfume, but <strong>handle with care<\/strong>.<\/li><\/ul>\n\n\n\n<h2 class=\"font-serif text-30 font-normal primary deco wp-block-heading\"><\/h2>\n\n\n\n<p class=\"font-sans text-md font-light primary m-t-none m-b-none\"><strong>Read also: <\/strong><br><\/p>\n\n\n\n<p class=\"font-sans text-md font-light primary m-t-none m-b-none\">The usefulness of flowers<br>The pleasure of giving flowers<br>Buy flowers online<br>Send flowers<br>Flowers in companies (B2B)<br>The profession of florist<br><\/p>\n<\/div>\n<\/div>\n<\/div><\/div>\n\n\n\n<div class=\"wp-block-columns card-descover__container grid about-section m-b-2xl deco-top is-layout-flex wp-container-core-columns-is-layout-2 wp-block-columns-is-layout-flex\">\n<div class=\"wp-block-column card-descover__left col-desk-6 col-tab-6 col-mob-2 p-l-none is-layout-flow wp-block-column-is-layout-flow\">\n<div class=\"wp-block-group relative\"><div class=\"wp-block-group__inner-container is-layout-flow wp-block-group-is-layout-flow\">\n<figure class=\"wp-block-image size-large who__img-contain\"><img decoding=\"async\" width=\"1365\" height=\"768\" src=\"https:\/\/mademoiselle.flowers\/wp-content\/uploads\/2021\/02\/ABONNEMENT-12MOIS-edited.jpg\" alt=\"Flower delivery everywhere in Belgium\" class=\"wp-image-1161\" srcset=\"https:\/\/mademoiselle.flowers\/wp-content\/uploads\/2021\/02\/ABONNEMENT-12MOIS-edited.jpg 1365w, https:\/\/mademoiselle.flowers\/wp-content\/uploads\/2021\/02\/ABONNEMENT-12MOIS-edited-700x394.jpg 700w, https:\/\/mademoiselle.flowers\/wp-content\/uploads\/2021\/02\/ABONNEMENT-12MOIS-edited-600x338.jpg 600w, https:\/\/mademoiselle.flowers\/wp-content\/uploads\/2021\/02\/ABONNEMENT-12MOIS-edited-768x432.jpg 768w, https:\/\/mademoiselle.flowers\/wp-content\/uploads\/2021\/02\/ABONNEMENT-12MOIS-edited-16x9.jpg 16w\" sizes=\"(max-width: 1365px) 100vw, 1365px\" \/><\/figure>\n\n\n\n<p class=\"button--white upperCase d-inline-block cursor-pointer center--middle\"><a href=\"\/en\/shop\/nos-bouquets\/\">See our bouquets available for delivery<\/a><\/p>\n<\/div><\/div>\n<\/div>\n\n\n\n<div class=\"wp-block-column card-descover__right col-desk-6 col-tab-6 col-mob-2 p-r-none is-layout-flow wp-block-column-is-layout-flow\">\n<div class=\"wp-block-group relative\"><div class=\"wp-block-group__inner-container is-layout-flow wp-block-group-is-layout-flow\">\n<figure class=\"wp-block-image size-large who__img-contain\"><img decoding=\"async\" width=\"350\" height=\"197\" src=\"https:\/\/mademoiselle.flowers\/wp-content\/uploads\/2021\/02\/victoire-ambiance-a-edited.jpg\" alt=\"Home flower subscription\" class=\"wp-image-1165\" srcset=\"https:\/\/mademoiselle.flowers\/wp-content\/uploads\/2021\/02\/victoire-ambiance-a-edited.jpg 350w, https:\/\/mademoiselle.flowers\/wp-content\/uploads\/2021\/02\/victoire-ambiance-a-edited-16x9.jpg 16w\" sizes=\"(max-width: 350px) 100vw, 350px\" \/><\/figure>\n\n\n\n<p class=\"button--white upperCase d-inline-block cursor-pointer center--middle\"><a href=\"https:\/\/mademoiselle.flowers\/en\/flower-subscription\/\">Our monthly flower subscriptions<\/a> <\/p>\n<\/div><\/div>\n<\/div>\n<\/div>\n\n\n\n<p><\/p>","protected":false},"excerpt":{"rendered":"<p>Le parfum envoutant des fleurs Les fleurs ne servent pas uniquement \u00e0 la d\u00e9coration ou la s\u00e9duction. Elles s\u2019utilisent \u00e9galement en parfumerie \u00e0 cause de leurs parfums suaves. Que ce soit au niveau des notes de t\u00eate,&nbsp;de c\u0153ur ou de fond, les fleurs peuvent offrir un parfum complexe. De plus, chaque parfum (qu&rsquo;il se d\u00e9gage [&hellip;]<\/p>","protected":false},"author":439,"featured_media":0,"parent":0,"menu_order":0,"comment_status":"closed","ping_status":"closed","template":"","meta":{"inline_featured_image":false,"_uag_custom_page_level_css":"","footnotes":""},"class_list":["post-5715","page","type-page","status-publish","hentry"],"acf":[],"uagb_featured_image_src":{"full":false,"thumbnail":false,"medium":false,"medium_large":false,"large":false,"gs-tiny":false,"xl":false,"xxl":false,"xxxl":false,"xxxxl":false,"xxxxxl":false,"1536x1536":false,"2048x2048":false,"trp-custom-language-flag":false,"woocommerce_thumbnail":false,"woocommerce_single":false,"woocommerce_gallery_thumbnail":false},"uagb_author_info":{"display_name":"","author_link":"https:\/\/mademoiselle.flowers\/en\/author\/ml-si\/"},"uagb_comment_info":0,"uagb_excerpt":"Le parfum envoutant des fleurs Les fleurs ne servent pas uniquement \u00e0 la d\u00e9coration ou la s\u00e9duction. Elles s\u2019utilisent \u00e9galement en parfumerie \u00e0 cause de leurs parfums suaves. Que ce soit au niveau des notes de t\u00eate,&nbsp;de c\u0153ur ou de fond, les fleurs peuvent offrir un parfum complexe. De plus, chaque parfum (qu&rsquo;il se d\u00e9gage&hellip;","_links":{"self":[{"href":"https:\/\/mademoiselle.flowers\/en\/wp-json\/wp\/v2\/pages\/5715"}],"collection":[{"href":"https:\/\/mademoiselle.flowers\/en\/wp-json\/wp\/v2\/pages"}],"about":[{"href":"https:\/\/mademoiselle.flowers\/en\/wp-json\/wp\/v2\/types\/page"}],"author":[{"embeddable":true,"href":"https:\/\/mademoiselle.flowers\/en\/wp-json\/wp\/v2\/users\/439"}],"replies":[{"embeddable":true,"href":"https:\/\/mademoiselle.flowers\/en\/wp-json\/wp\/v2\/comments?post=5715"}],"version-history":[{"count":9,"href":"https:\/\/mademoiselle.flowers\/en\/wp-json\/wp\/v2\/pages\/5715\/revisions"}],"predecessor-version":[{"id":5769,"href":"https:\/\/mademoiselle.flowers\/en\/wp-json\/wp\/v2\/pages\/5715\/revisions\/5769"}],"wp:attachment":[{"href":"https:\/\/mademoiselle.flowers\/en\/wp-json\/wp\/v2\/media?parent=5715"}],"curies":[{"name":"wp","href":"https:\/\/api.w.org\/{rel}","templated":true}]}}