{"id":6347,"date":"2023-01-06T17:58:17","date_gmt":"2023-01-06T16:58:17","guid":{"rendered":"https:\/\/mademoiselle.flowers\/?page_id=6347"},"modified":"2023-01-06T22:26:14","modified_gmt":"2023-01-06T21:26:14","slug":"c1-e-e-verdure","status":"publish","type":"page","link":"https:\/\/mademoiselle.flowers\/en\/e-c1-e-e\/","title":{"rendered":"C1 e e &#8211; verdure"},"content":{"rendered":"<div class=\"wp-block-group grid about-section items-top deco-bottom deco-small\"><div class=\"wp-block-group__inner-container is-layout-flow wp-block-group-is-layout-flow\">\n<div style=\"height:112px\" aria-hidden=\"true\" class=\"wp-block-spacer\"><\/div>\n\n\n\n<div class=\"wp-block-uagb-advanced-heading uagb-block-b91a2b42 font-serif text-25 font-normal primary\"><h1 class=\"uagb-heading-text\">L&rsquo;\u00e9quilibre Fleurs et Verdure dans un bouquet de fleurs<\/h1><div class=\"uagb-separator-wrap\"><div class=\"uagb-separator\"><\/div><\/div><p class=\"uagb-desc-text\">La composition <a href=\"https:\/\/mademoiselle.flowers\/en\/flower\/\">d&rsquo;un bouquet de fleurs<\/a> est un art qui consiste \u00e0 disposer de mani\u00e8re esth\u00e9tique des fleurs et de la verdure de mani\u00e8re \u00e0 cr\u00e9er un effet visuel harmonieux. L&rsquo;\u00e9quilibre entre les <strong>fleurs et la verdure<\/strong> est un \u00e9l\u00e9ment cl\u00e9 pour r\u00e9ussir un bouquet r\u00e9ussi, mais il peut \u00eatre difficile \u00e0 ma\u00eetriser. Voici quelques conseils pour trouver l&rsquo;\u00e9quilibre parfait entre fleurs et verdure dans votre <a href=\"https:\/\/mademoiselle.flowers\/en\/e-c1-e-concevoir-un-bouquet\/\">floral arrangement<\/a>.<\/p><\/div>\n\n\n\n<div class=\"wp-block-columns is-layout-flex wp-container-core-columns-is-layout-1 wp-block-columns-is-layout-flex\">\n<div class=\"wp-block-column grid about-section is-layout-flow wp-block-column-is-layout-flow\">\n<h2 class=\"font-serif text-30 font-normal primary deco wp-block-heading\">Les 3 types de verdure \u00e0 utiliser dans votre bouquet<\/h2>\n\n\n\n<p class=\"font-sans text-md font-light primary m-t-none m-b-none\">La verdure peut ajouter de la texture et de l&rsquo;int\u00e9r\u00eat visuel \u00e0 un bouquet, tout en servant de support pour les fleurs et de couvre-chef pour l&rsquo;arrangement. Il existe de nombreuses vari\u00e9t\u00e9s de verdure \u00e0 utiliser dans les compositions florales, parmi elles ont retrouver les 3 grands classiques :<\/p>\n\n\n\n<ul class=\"font-sans text-md font-light primary m-t-none m-b-none wp-block-list\">\n<li><strong>Eucalyptus<\/strong> : l&rsquo;eucalyptus est une verdure populaire pour les compositions florales en raison de sa forme int\u00e9ressante et de son parfum agr\u00e9able.<\/li>\n\n\n\n<li><strong>Ruscus<\/strong> : le ruscus est une verdure robuste et durable, parfaite pour ajouter de la structure et de la stabilit\u00e9 \u00e0 un bouquet.<\/li>\n\n\n\n<li><strong>Hypericum<\/strong> : l&rsquo;hypericum est une verdure brillante et color\u00e9e, id\u00e9ale pour ajouter de la couleur et de la d\u00e9coration \u00e0 un bouquet.<\/li>\n<\/ul>\n\n\n\n<p class=\"font-sans text-md font-light primary m-t-none m-b-none\">Il est important de choisir la verdure en fonction de la forme et de la couleur des fleurs que vous allez utiliser dans votre bouquet, afin de <a href=\"https:\/\/mademoiselle.flowers\/en\/e-c1-f-esthetisme\/\">cr\u00e9er un effet visuel harmonieux<\/a>. Evitez des feuilles de palmier avec des roses par exemple.. c&rsquo;est tr\u00e8s vite vulgaire \ud83d\ude09<\/p>\n\n\n\n<h2 class=\"font-serif text-30 font-normal primary deco wp-block-heading\">Bouquets a\u00e9r\u00e9s, sans verdure !<\/h2>\n\n\n\n<p class=\"font-sans text-md font-light primary m-t-none m-b-none\">Bien que la <strong>verdure<\/strong> soit un \u00e9l\u00e9ment important de la plupart des bouquets de fleurs, il est possible de <a href=\"https:\/\/mademoiselle.flowers\/en\/e-c1-e-a\/\">cr\u00e9er des arrangements<\/a> a\u00e9r\u00e9s et \u00e9l\u00e9gants <strong>sans utiliser de verdure<\/strong>. Pour ce faire, il suffit de choisir des fleurs de formes et de couleurs vari\u00e9es et de les disposer de mani\u00e8re \u00e0 cr\u00e9er de l&rsquo;espace et de la profondeur.<\/p>\n\n\n\n<p class=\"font-sans text-md font-light primary m-t-none m-b-none\">Par exemple, vous pouvez utiliser des fleurs grandes et volumineuses comme des pivoines ou des lys, ainsi que des fleurs plus petites comme des roses ou des girofl\u00e9es, pour cr\u00e9er un bouquet a\u00e9r\u00e9 et \u00e9quilibr\u00e9. Vous pouvez \u00e9galement jouer avec les couleurs en utilisant des fleurs de couleurs assorties ou en contraste pour ajouter de l&rsquo;int\u00e9r\u00eat visuel \u00e0 votre bouquet.<\/p>\n\n\n\n<p class=\"font-sans text-md font-light primary m-t-none m-b-none\">En r\u00e9sum\u00e9, trouver l&rsquo;<strong>\u00e9quilibre parfait entre fleurs et verdure dans un bouquet de fleurs<\/strong> est un art subtil qui n\u00e9cessite de bien choisir les fleurs et la verdure et de les disposer de mani\u00e8re \u00e0 cr\u00e9er un effet visuel harmonieux. <\/p>\n\n\n\n<p class=\"font-sans text-md font-light primary m-t-none m-b-none\">En utilisant judicieusement la verdure, vous pouvez ajouter de la texture et de l&rsquo;int\u00e9r\u00eat visuel \u00e0 votre bouquet, tandis que des bouquets a\u00e9r\u00e9s sans verdure peuvent \u00eatre \u00e9l\u00e9gants et sophistiqu\u00e9s en utilisant des fleurs de formes et de couleurs vari\u00e9es. Quel que soit votre style, il y a de nombreuses fa\u00e7ons de jouer avec l&rsquo;\u00e9quilibre entre fleurs et verdure pour cr\u00e9er des bouquets uniques et personnels.<\/p>\n\n\n\n<p class=\"font-sans text-md font-light primary m-t-none m-b-none\"><strong>Read also: <\/strong><\/p>\n\n\n\n<p class=\"font-sans text-md font-light primary m-t-none m-b-none\">The usefulness of flowers<br>The pleasure of giving flowers<br>Buy flowers online<br>Send flowers<br>Flowers in companies (B2B)<br>The profession of florist<br><\/p>\n<\/div>\n<\/div>\n<\/div><\/div>\n\n\n\n<div class=\"wp-block-columns card-descover__container grid about-section m-b-2xl deco-top is-layout-flex wp-container-core-columns-is-layout-2 wp-block-columns-is-layout-flex\">\n<div class=\"wp-block-column card-descover__left col-desk-6 col-tab-6 col-mob-2 p-l-none is-layout-flow wp-block-column-is-layout-flow\">\n<div class=\"wp-block-group relative\"><div class=\"wp-block-group__inner-container is-layout-flow wp-block-group-is-layout-flow\">\n<figure class=\"wp-block-image size-large who__img-contain\"><img decoding=\"async\" width=\"1365\" height=\"768\" src=\"https:\/\/mademoiselle.flowers\/wp-content\/uploads\/2021\/02\/ABONNEMENT-12MOIS-edited.jpg\" alt=\"Flower delivery anywhere in the capital\" class=\"wp-image-1161\" srcset=\"https:\/\/mademoiselle.flowers\/wp-content\/uploads\/2021\/02\/ABONNEMENT-12MOIS-edited.jpg 1365w, https:\/\/mademoiselle.flowers\/wp-content\/uploads\/2021\/02\/ABONNEMENT-12MOIS-edited-700x394.jpg 700w, https:\/\/mademoiselle.flowers\/wp-content\/uploads\/2021\/02\/ABONNEMENT-12MOIS-edited-600x338.jpg 600w, https:\/\/mademoiselle.flowers\/wp-content\/uploads\/2021\/02\/ABONNEMENT-12MOIS-edited-768x432.jpg 768w, https:\/\/mademoiselle.flowers\/wp-content\/uploads\/2021\/02\/ABONNEMENT-12MOIS-edited-16x9.jpg 16w\" sizes=\"(max-width: 1365px) 100vw, 1365px\" \/><\/figure>\n\n\n\n<p class=\"button--white upperCase d-inline-block cursor-pointer center--middle\"><a href=\"\/en\/shop\/nos-bouquets\/\">See our bouquets available for delivery<\/a><\/p>\n<\/div><\/div>\n<\/div>\n\n\n\n<div class=\"wp-block-column card-descover__right col-desk-6 col-tab-6 col-mob-2 p-r-none is-layout-flow wp-block-column-is-layout-flow\">\n<div class=\"wp-block-group relative\"><div class=\"wp-block-group__inner-container is-layout-flow wp-block-group-is-layout-flow\">\n<figure class=\"wp-block-image size-large who__img-contain\"><img decoding=\"async\" width=\"350\" height=\"197\" src=\"https:\/\/mademoiselle.flowers\/wp-content\/uploads\/2021\/02\/victoire-ambiance-a-edited.jpg\" alt=\"Flower subscription in Brussels\" class=\"wp-image-1165\" srcset=\"https:\/\/mademoiselle.flowers\/wp-content\/uploads\/2021\/02\/victoire-ambiance-a-edited.jpg 350w, https:\/\/mademoiselle.flowers\/wp-content\/uploads\/2021\/02\/victoire-ambiance-a-edited-16x9.jpg 16w\" sizes=\"(max-width: 350px) 100vw, 350px\" \/><\/figure>\n\n\n\n<p class=\"button--white upperCase d-inline-block cursor-pointer center--middle\"><a href=\"https:\/\/mademoiselle.flowers\/en\/flower-subscription\/\">Nos abonnements de fleurs<\/a> <\/p>\n<\/div><\/div>\n<\/div>\n<\/div>\n\n\n\n<p><\/p>","protected":false},"excerpt":{"rendered":"<p>L&rsquo;\u00e9quilibre Fleurs et Verdure dans un bouquet de fleurs La composition d&rsquo;un bouquet de fleurs est un art qui consiste \u00e0 disposer de mani\u00e8re esth\u00e9tique des fleurs et de la verdure de mani\u00e8re \u00e0 cr\u00e9er un effet visuel harmonieux. L&rsquo;\u00e9quilibre entre les fleurs et la verdure est un \u00e9l\u00e9ment cl\u00e9 pour r\u00e9ussir un bouquet r\u00e9ussi, [&hellip;]<\/p>","protected":false},"author":439,"featured_media":0,"parent":0,"menu_order":0,"comment_status":"closed","ping_status":"closed","template":"","meta":{"inline_featured_image":false,"_uag_custom_page_level_css":"","footnotes":""},"class_list":["post-6347","page","type-page","status-publish","hentry"],"acf":[],"uagb_featured_image_src":{"full":false,"thumbnail":false,"medium":false,"medium_large":false,"large":false,"gs-tiny":false,"xl":false,"xxl":false,"xxxl":false,"xxxxl":false,"xxxxxl":false,"1536x1536":false,"2048x2048":false,"trp-custom-language-flag":false,"woocommerce_thumbnail":false,"woocommerce_single":false,"woocommerce_gallery_thumbnail":false},"uagb_author_info":{"display_name":"","author_link":"https:\/\/mademoiselle.flowers\/en\/author\/ml-si\/"},"uagb_comment_info":0,"uagb_excerpt":"L&rsquo;\u00e9quilibre Fleurs et Verdure dans un bouquet de fleurs La composition d&rsquo;un bouquet de fleurs est un art qui consiste \u00e0 disposer de mani\u00e8re esth\u00e9tique des fleurs et de la verdure de mani\u00e8re \u00e0 cr\u00e9er un effet visuel harmonieux. L&rsquo;\u00e9quilibre entre les fleurs et la verdure est un \u00e9l\u00e9ment cl\u00e9 pour r\u00e9ussir un bouquet r\u00e9ussi,&hellip;","_links":{"self":[{"href":"https:\/\/mademoiselle.flowers\/en\/wp-json\/wp\/v2\/pages\/6347"}],"collection":[{"href":"https:\/\/mademoiselle.flowers\/en\/wp-json\/wp\/v2\/pages"}],"about":[{"href":"https:\/\/mademoiselle.flowers\/en\/wp-json\/wp\/v2\/types\/page"}],"author":[{"embeddable":true,"href":"https:\/\/mademoiselle.flowers\/en\/wp-json\/wp\/v2\/users\/439"}],"replies":[{"embeddable":true,"href":"https:\/\/mademoiselle.flowers\/en\/wp-json\/wp\/v2\/comments?post=6347"}],"version-history":[{"count":9,"href":"https:\/\/mademoiselle.flowers\/en\/wp-json\/wp\/v2\/pages\/6347\/revisions"}],"predecessor-version":[{"id":6375,"href":"https:\/\/mademoiselle.flowers\/en\/wp-json\/wp\/v2\/pages\/6347\/revisions\/6375"}],"wp:attachment":[{"href":"https:\/\/mademoiselle.flowers\/en\/wp-json\/wp\/v2\/media?parent=6347"}],"curies":[{"name":"wp","href":"https:\/\/api.w.org\/{rel}","templated":true}]}}