{"id":6372,"date":"2023-01-06T18:54:49","date_gmt":"2023-01-06T17:54:49","guid":{"rendered":"https:\/\/mademoiselle.flowers\/?page_id=6372"},"modified":"2023-01-06T22:38:40","modified_gmt":"2023-01-06T21:38:40","slug":"c1-f-esthetisme","status":"publish","type":"page","link":"https:\/\/mademoiselle.flowers\/en\/e-c1-f-esthetisme\/","title":{"rendered":"C1 f &#8211; esth\u00e9tisme"},"content":{"rendered":"<div class=\"wp-block-group grid about-section items-top deco-bottom deco-small\"><div class=\"wp-block-group__inner-container is-layout-flow wp-block-group-is-layout-flow\">\n<div style=\"height:112px\" aria-hidden=\"true\" class=\"wp-block-spacer\"><\/div>\n\n\n\n<div class=\"wp-block-uagb-advanced-heading uagb-block-50fd6590 font-serif text-25 font-normal primary\"><h1 class=\"uagb-heading-text\">L&rsquo;esth\u00e9tisme des fleurs : comment int\u00e9grer les fleurs dans la d\u00e9coration de votre maison?<\/h1><div class=\"uagb-separator-wrap\"><div class=\"uagb-separator\"><\/div><\/div><p class=\"uagb-desc-text\">The <a href=\"https:\/\/mademoiselle.flowers\/en\/flower\/\">bunches of flowers<\/a> sont un \u00e9l\u00e9ment de d\u00e9coration incontournable, que ce soit dans un contexte formel ou informel. <\/p><\/div>\n\n\n\n<div class=\"wp-block-columns is-layout-flex wp-container-core-columns-is-layout-1 wp-block-columns-is-layout-flex\">\n<div class=\"wp-block-column grid about-section is-layout-flow wp-block-column-is-layout-flow\">\n<p><\/p>\n\n\n\n<h2 class=\"font-serif text-30 font-normal primary deco wp-block-heading\">L&rsquo;Am\u00e9nagement int\u00e9rieur<\/h2>\n\n\n\n<p class=\"font-sans text-md font-light primary m-t-none m-b-none\">Non seulement elles ajoutent de la couleur et de la vie \u00e0 un espace, mais elles ont \u00e9galement des propri\u00e9t\u00e9s aromatiques et th\u00e9rapeutiques qui peuvent am\u00e9liorer votre bien-\u00eatre et votre humeur. Voici quelques id\u00e9es pour int\u00e9grer les fleurs de mani\u00e8re esth\u00e9tique dans la d\u00e9coration de votre maison.<\/p>\n\n\n\n<p class=\"font-sans text-md font-light primary m-t-none m-b-none\"><strong>Une touche color\u00e9e dans la maison<\/strong> : un simple bouquet de fleurs peut ajouter une touche de couleur et de vie \u00e0 n&rsquo;importe quel espace. Vous pouvez choisir des fleurs de couleurs assorties \u00e0 votre d\u00e9coration ou opter pour un bouquet de fleurs de couleurs contrast\u00e9es pour ajouter de l&rsquo;int\u00e9r\u00eat visuel. Le jaune tranche par exemple bien avec les couleurs sombres ou les bleus fonc\u00e9s.<\/p>\n\n\n\n<p class=\"font-sans text-md font-light primary m-t-none m-b-none\"><strong>Mariage avec les peintures murales<\/strong> : pour cr\u00e9er un effet visuel harmonieux, vous pouvez assortir les couleurs de vos fleurs \u00e0 celles de vos peintures murales. Par exemple, si vous avez des murs bleus, vous pouvez choisir des fleurs jaunes ou orange pour cr\u00e9er un contraste frappant. Cette petite touche de couleur va r\u00e9hausser le ton du m\u00fbr. Pensez \u00e0 avoir une autre touche de cette m\u00eame couleur ailleurs dans la pi\u00e8ce (un coussin jaune, un objet d\u00e9co orange etc).<\/p>\n\n\n\n<p class=\"font-sans text-md font-light primary m-t-none m-b-none\"><strong>Le choix du vase<\/strong> : le vase que vous utilisez pour votre bouquet peut \u00e9galement influencer l&rsquo;esth\u00e9tisme de votre arrangement. Optez pour un vase qui compl\u00e8te la forme et la couleur de vos fleurs pour cr\u00e9er un effet visuel harmonieux.<\/p>\n\n\n\n<p class=\"font-sans text-md font-light primary m-t-none m-b-none\"><strong>Fleurs et bougies<\/strong> : une association id\u00e9ale : les fleurs et les bougies sont une association id\u00e9ale pour cr\u00e9er une ambiance romantique et chaleureuse. Vous pouvez choisir des fleurs aux parfums doux et apaisants, comme les pivoines ou les roses, et les combiner avec des bougies parfum\u00e9es pour une exp\u00e9rience sensorielle compl\u00e8te.<\/p>\n\n\n\n<p class=\"font-sans text-md font-light primary m-t-none m-b-none\"><\/p>\n\n\n\n<h2 class=\"font-serif text-30 font-normal primary deco wp-block-heading\">Les bouquets dans la peinture et la photographie<\/h2>\n\n\n\n<p class=\"font-sans text-md font-light primary m-t-none m-b-none\">Les bouquets de fleurs ont \u00e9t\u00e9 une source d&rsquo;inspiration pour les artistes depuis des si\u00e8cles. Dans la peinture, de nombreux artistes c\u00e9l\u00e8bres ont immortalis\u00e9 les fleurs dans leurs oeuvres, comme Jan Brueghel l&rsquo;Ancien et son tableau c\u00e9l\u00e8bre \u00ab\u00a0Le Printemps\u00a0\u00bb qui pr\u00e9sente un \u00e9norme bouquet de fleurs sauvages. Les bouquets de fleurs ont \u00e9galement \u00e9t\u00e9 repr\u00e9sent\u00e9s par des artistes tels que Georgia O&rsquo;Keeffe et Claude Monet, qui ont utilis\u00e9 les fleurs comme sujet principal de leurs oeuvres.<\/p>\n\n\n\n<p class=\"font-sans text-md font-light primary m-t-none m-b-none\">Les bouquets de fleurs sont \u00e9galement une source d&rsquo;inspiration pour les photographes. Que ce soit pour immortaliser un mariage ou pour cr\u00e9er de jolies photos de fleurs pour votre maison, les bouquets de fleurs offrent un sujet de photographie color\u00e9 et int\u00e9ressant.<\/p>\n\n\n\n<p class=\"font-sans text-md font-light primary m-t-none m-b-none\">Pourquoi ne pas avoir un bouquet qui rappelle les couleurs dominantes de vos tableaux \/ cadres photos au mur ? Vous serrez \u00e9tonner comme le mariage des tons cr\u00e9\u00e9 une coh\u00e9rence visuelle.<\/p>\n\n\n\n<h2 class=\"font-serif text-30 font-normal primary deco wp-block-heading\">Les formes de fleurs, un doux mariage avec votre int\u00e9rieur<\/h2>\n\n\n\n<p class=\"font-sans text-md font-light primary m-t-none m-b-none\">Enfin, l&rsquo;esth\u00e9tisme des fleurs d\u00e9pend \u00e9galement de leur forme. Certaines fleurs ont des formes plus structur\u00e9es et sym\u00e9triques, comme les roses ou les lys, tandis que d&rsquo;autres ont des formes plus informelles et sauvages, comme les pivoines ou les marguerites. En jouant avec les formes de fleurs, vous pouvez cr\u00e9er des arrangements de fleurs qui correspondent \u00e0 votre style et \u00e0 votre personnalit\u00e9.<\/p>\n\n\n\n<p class=\"font-sans text-md font-light primary m-t-none m-b-none\">En r\u00e9sum\u00e9, l&rsquo;esth\u00e9tisme des fleurs est un \u00e9l\u00e9ment important de la d\u00e9coration int\u00e9rieure. En utilisant les conseils ci-dessus et en faisant preuve de cr\u00e9ativit\u00e9, vous pouvez int\u00e9grer les fleurs de mani\u00e8re esth\u00e9tique dans votre maison et cr\u00e9er un espace agr\u00e9able et paisible. N&rsquo;h\u00e9sitez pas \u00e0 exp\u00e9rimenter avec diff\u00e9rentes combinaisons de couleurs, de formes et de parfums pour trouver le look qui vous convient le mieux.<\/p>\n\n\n\n<p class=\"font-sans text-md font-light primary m-t-none m-b-none\"><\/p>\n\n\n\n<p class=\"font-sans text-md font-light primary m-t-none m-b-none\"><strong>Read also: <\/strong><\/p>\n\n\n\n<p class=\"font-sans text-md font-light primary m-t-none m-b-none\">The usefulness of flowers<br>The pleasure of giving flowers<br>Buy flowers online<br>Send flowers<br>Flowers in companies (B2B)<br>The profession of florist<br><\/p>\n<\/div>\n<\/div>\n<\/div><\/div>\n\n\n\n<div class=\"wp-block-columns card-descover__container grid about-section m-b-2xl deco-top is-layout-flex wp-container-core-columns-is-layout-2 wp-block-columns-is-layout-flex\">\n<div class=\"wp-block-column card-descover__left col-desk-6 col-tab-6 col-mob-2 p-l-none is-layout-flow wp-block-column-is-layout-flow\">\n<div class=\"wp-block-group relative\"><div class=\"wp-block-group__inner-container is-layout-flow wp-block-group-is-layout-flow\">\n<figure class=\"wp-block-image size-large who__img-contain\"><img decoding=\"async\" width=\"1365\" height=\"768\" src=\"https:\/\/mademoiselle.flowers\/wp-content\/uploads\/2021\/02\/ABONNEMENT-12MOIS-edited.jpg\" alt=\"Flower delivery anywhere in the capital\" class=\"wp-image-1161\" srcset=\"https:\/\/mademoiselle.flowers\/wp-content\/uploads\/2021\/02\/ABONNEMENT-12MOIS-edited.jpg 1365w, https:\/\/mademoiselle.flowers\/wp-content\/uploads\/2021\/02\/ABONNEMENT-12MOIS-edited-700x394.jpg 700w, https:\/\/mademoiselle.flowers\/wp-content\/uploads\/2021\/02\/ABONNEMENT-12MOIS-edited-600x338.jpg 600w, https:\/\/mademoiselle.flowers\/wp-content\/uploads\/2021\/02\/ABONNEMENT-12MOIS-edited-768x432.jpg 768w, https:\/\/mademoiselle.flowers\/wp-content\/uploads\/2021\/02\/ABONNEMENT-12MOIS-edited-16x9.jpg 16w\" sizes=\"(max-width: 1365px) 100vw, 1365px\" \/><\/figure>\n\n\n\n<p class=\"button--white upperCase d-inline-block cursor-pointer center--middle\"><a href=\"\/en\/shop\/nos-bouquets\/\">See our bouquets available for delivery<\/a><\/p>\n<\/div><\/div>\n<\/div>\n\n\n\n<div class=\"wp-block-column card-descover__right col-desk-6 col-tab-6 col-mob-2 p-r-none is-layout-flow wp-block-column-is-layout-flow\">\n<div class=\"wp-block-group relative\"><div class=\"wp-block-group__inner-container is-layout-flow wp-block-group-is-layout-flow\">\n<figure class=\"wp-block-image size-large who__img-contain\"><img decoding=\"async\" width=\"350\" height=\"197\" src=\"https:\/\/mademoiselle.flowers\/wp-content\/uploads\/2021\/02\/victoire-ambiance-a-edited.jpg\" alt=\"Flower subscription in Brussels\" class=\"wp-image-1165\" srcset=\"https:\/\/mademoiselle.flowers\/wp-content\/uploads\/2021\/02\/victoire-ambiance-a-edited.jpg 350w, https:\/\/mademoiselle.flowers\/wp-content\/uploads\/2021\/02\/victoire-ambiance-a-edited-16x9.jpg 16w\" sizes=\"(max-width: 350px) 100vw, 350px\" \/><\/figure>\n\n\n\n<p class=\"button--white upperCase d-inline-block cursor-pointer center--middle\"><a href=\"https:\/\/mademoiselle.flowers\/en\/flower-subscription\/\">Nos abonnements de fleurs<\/a> <\/p>\n<\/div><\/div>\n<\/div>\n<\/div>\n\n\n\n<p><\/p>","protected":false},"excerpt":{"rendered":"<p>L&rsquo;esth\u00e9tisme des fleurs : comment int\u00e9grer les fleurs dans la d\u00e9coration de votre maison? Les bouquets de fleurs sont un \u00e9l\u00e9ment de d\u00e9coration incontournable, que ce soit dans un contexte formel ou informel. L&rsquo;Am\u00e9nagement int\u00e9rieur Non seulement elles ajoutent de la couleur et de la vie \u00e0 un espace, mais elles ont \u00e9galement des propri\u00e9t\u00e9s [&hellip;]<\/p>","protected":false},"author":439,"featured_media":0,"parent":0,"menu_order":0,"comment_status":"closed","ping_status":"closed","template":"","meta":{"inline_featured_image":false,"_uag_custom_page_level_css":"","footnotes":""},"class_list":["post-6372","page","type-page","status-publish","hentry"],"acf":[],"uagb_featured_image_src":{"full":false,"thumbnail":false,"medium":false,"medium_large":false,"large":false,"gs-tiny":false,"xl":false,"xxl":false,"xxxl":false,"xxxxl":false,"xxxxxl":false,"1536x1536":false,"2048x2048":false,"trp-custom-language-flag":false,"woocommerce_thumbnail":false,"woocommerce_single":false,"woocommerce_gallery_thumbnail":false},"uagb_author_info":{"display_name":"","author_link":"https:\/\/mademoiselle.flowers\/en\/author\/ml-si\/"},"uagb_comment_info":0,"uagb_excerpt":"L&rsquo;esth\u00e9tisme des fleurs : comment int\u00e9grer les fleurs dans la d\u00e9coration de votre maison? Les bouquets de fleurs sont un \u00e9l\u00e9ment de d\u00e9coration incontournable, que ce soit dans un contexte formel ou informel. L&rsquo;Am\u00e9nagement int\u00e9rieur Non seulement elles ajoutent de la couleur et de la vie \u00e0 un espace, mais elles ont \u00e9galement des propri\u00e9t\u00e9s&hellip;","_links":{"self":[{"href":"https:\/\/mademoiselle.flowers\/en\/wp-json\/wp\/v2\/pages\/6372"}],"collection":[{"href":"https:\/\/mademoiselle.flowers\/en\/wp-json\/wp\/v2\/pages"}],"about":[{"href":"https:\/\/mademoiselle.flowers\/en\/wp-json\/wp\/v2\/types\/page"}],"author":[{"embeddable":true,"href":"https:\/\/mademoiselle.flowers\/en\/wp-json\/wp\/v2\/users\/439"}],"replies":[{"embeddable":true,"href":"https:\/\/mademoiselle.flowers\/en\/wp-json\/wp\/v2\/comments?post=6372"}],"version-history":[{"count":5,"href":"https:\/\/mademoiselle.flowers\/en\/wp-json\/wp\/v2\/pages\/6372\/revisions"}],"predecessor-version":[{"id":6383,"href":"https:\/\/mademoiselle.flowers\/en\/wp-json\/wp\/v2\/pages\/6372\/revisions\/6383"}],"wp:attachment":[{"href":"https:\/\/mademoiselle.flowers\/en\/wp-json\/wp\/v2\/media?parent=6372"}],"curies":[{"name":"wp","href":"https:\/\/api.w.org\/{rel}","templated":true}]}}