{"id":1699,"date":"2021-04-14T20:38:41","date_gmt":"2021-04-14T18:38:41","guid":{"rendered":"https:\/\/mademoiselle.flowers\/?page_id=1699"},"modified":"2022-06-30T13:26:01","modified_gmt":"2022-06-30T11:26:01","slug":"bouquets-fleurs","status":"publish","type":"page","link":"https:\/\/mademoiselle.flowers\/es\/ramos-de-flores\/","title":{"rendered":"C1 - Ramos de flores"},"content":{"rendered":"<div class=\"wp-block-group grid about-section items-top deco-bottom deco-small\"><div class=\"wp-block-group__inner-container is-layout-flow wp-block-group-is-layout-flow\">\n<div style=\"height:112px\" aria-hidden=\"true\" class=\"wp-block-spacer\"><\/div>\n\n\n\n<div class=\"wp-block-uagb-advanced-heading uagb-block-31ce67c9 font-serif text-25 font-normal primary\"><h1 class=\"uagb-heading-text\"><strong>Ramos de flores<\/strong><\/h1><div class=\"uagb-separator-wrap\"><div class=\"uagb-separator\"><\/div><\/div><p class=\"uagb-desc-text\">Descubra el complejo mundo de los ramos de flores<\/p><\/div>\n\n\n\n<div class=\"wp-block-columns is-layout-flex wp-container-core-columns-is-layout-1 wp-block-columns-is-layout-flex\">\n<div class=\"wp-block-column grid about-section is-layout-flow wp-block-column-is-layout-flow\">\n<h2 class=\"font-serif text-30 font-normal primary deco wp-block-heading\">Todo sobre la biolog\u00eda de las flores<\/h2>\n\n\n\n<p class=\"font-sans text-md font-light primary m-t-none m-b-none\">Las flores son el \u00f3rgano principal que compone el ramo, para entender su gen\u00e9tica y sus particularidades, debemos fijarnos en la <strong><a href=\"https:\/\/mademoiselle.flowers\/es\/ramos-de-flores\/\">biolog\u00eda de las flores<\/a>.<\/strong> A continuaci\u00f3n, tendr\u00e1 informaci\u00f3n sobre su reproducci\u00f3n, h\u00e1bitat, entorno y comportamiento.<\/p>\n\n\n\n<h2 class=\"font-serif text-30 font-normal primary deco wp-block-heading\">\u00bfQu\u00e9 es un ramo de flores?<\/h2>\n\n\n\n<p class=\"font-sans text-md font-light primary m-t-none m-b-none\">El <strong>ramos de flores<\/strong> son conjuntos creativos de <a href=\"https:\/\/mademoiselle.flowers\/es\/c0-flores\/\">flores<\/a>Estas asociaciones se hacen de tal manera que crean una armon\u00eda de formas, colores y olores. Estas asociaciones se hacen de tal manera que componen una armon\u00eda de formas, colores y olores. Se aprecian como regalos, lo que hace que el <a href=\"https:\/\/mademoiselle.flowers\/es\/\">entrega de flores en B\u00e9lgica<\/a> tan popular.<\/p>\n\n\n\n<p class=\"font-sans text-md font-light primary m-t-none m-b-none\">La creaci\u00f3n de un hermoso <strong>ramos de flores<\/strong> no es una simple cuesti\u00f3n de montaje creativo. Puede que pienses que lo primero que hay que tener en cuenta es la est\u00e9tica, el estado de \u00e1nimo o el mensaje que quieres comunicar... no te equivocas. Pero un ramo de flores se compone ante todo de hermosas flores. Estas peque\u00f1as maravillas tienen una biolog\u00eda particular que es importante comprender para controlar la evoluci\u00f3n de su color, su apertura, sus asociaciones de perfume, etc. Para ello, al observar la plantaci\u00f3n de bulbos de flor, la recolecci\u00f3n de las flores es un requisito previo importante. Te dir\u00e1 mucho sobre la vida \u00fatil, la especie y sobre todo su periodo de floraci\u00f3n. Al fin y al cabo, los tulipanes no crecen en agosto. A la hora de dise\u00f1ar un ramo, la elecci\u00f3n de las combinaciones y las flores es fundamental. No se regalan rosas rojas a un colega... (est\u00e1n reservadas para los amantes).<\/p>\n\n\n\n<h2 class=\"font-serif text-30 font-normal primary deco m-b-none wp-block-heading\">El aroma de las flores, un arte olfativo<\/h2>\n\n\n\n<p class=\"font-sans text-md font-light primary m-t-none m-b-none\">Las flores que nos ofrece la naturaleza ofrecen una amplia y fragante gama de aromas, \u00a1para deleite de nuestro olfato! Utilizadas desde hace mucho tiempo para la composici\u00f3n de perfumes naturales, las flores son un elemento fundamental en la creaci\u00f3n de perfumes. En 1889, Aim\u00e9 Guerlain cre\u00f3 en Jicky el primer gran perfume a base de esencias naturales. Hoy en d\u00eda, un ramo de flores debe estar perfumado para perfumar la habitaci\u00f3n y hacer viajar a la persona a la que se le ofrece. Esto tambi\u00e9n forma parte del placer de regalar flores.<\/p>\n\n\n\n<p class=\"font-sans text-md font-light primary m-t-none m-b-none\"><strong>El <a href=\"https:\/\/mademoiselle.flowers\/es\/s-c1b-parfum-des-fleurs\/\">la fragancia de las flores<\/a><\/strong>Por eso es importante. Es mejor evitar el uso conjunto de una variedad de flores muy perfumadas. El uso de una sola fragancia dar\u00e1 un efecto m\u00e1s sutil que perfumar\u00e1 la habitaci\u00f3n en la que se coloque.<\/p>\n\n\n\n<p class=\"font-sans text-md font-light primary m-t-none m-b-none\">La combinaci\u00f3n de flores es una delicada alquimia.<\/p>\n\n\n\n<div style=\"height:100px\" aria-hidden=\"true\" class=\"wp-block-spacer\"><\/div>\n\n\n\n<figure class=\"wp-block-image size-medium is-resized font-sans text-md font-light primary m-t-none m-b-none uag-hide-mob\"><img decoding=\"async\" src=\"https:\/\/mademoiselle.flowers\/wp-content\/uploads\/2021\/04\/42-17042021-950A2202-Olivia-Poncelet-Mademoiselle-Bouquet-HD-Screen-300-copie-3-600x400.jpg\" alt=\"\" class=\"wp-image-1866\" width=\"600\" height=\"400\" srcset=\"https:\/\/mademoiselle.flowers\/wp-content\/uploads\/2021\/04\/42-17042021-950A2202-Olivia-Poncelet-Mademoiselle-Bouquet-HD-Screen-300-copie-3-600x400.jpg 600w, https:\/\/mademoiselle.flowers\/wp-content\/uploads\/2021\/04\/42-17042021-950A2202-Olivia-Poncelet-Mademoiselle-Bouquet-HD-Screen-300-copie-3-1460x973.jpg 1460w, https:\/\/mademoiselle.flowers\/wp-content\/uploads\/2021\/04\/42-17042021-950A2202-Olivia-Poncelet-Mademoiselle-Bouquet-HD-Screen-300-copie-3-768x512.jpg 768w, https:\/\/mademoiselle.flowers\/wp-content\/uploads\/2021\/04\/42-17042021-950A2202-Olivia-Poncelet-Mademoiselle-Bouquet-HD-Screen-300-copie-3-1600x1067.jpg 1600w, https:\/\/mademoiselle.flowers\/wp-content\/uploads\/2021\/04\/42-17042021-950A2202-Olivia-Poncelet-Mademoiselle-Bouquet-HD-Screen-300-copie-3-1536x1024.jpg 1536w, https:\/\/mademoiselle.flowers\/wp-content\/uploads\/2021\/04\/42-17042021-950A2202-Olivia-Poncelet-Mademoiselle-Bouquet-HD-Screen-300-copie-3-2048x1365.jpg 2048w, https:\/\/mademoiselle.flowers\/wp-content\/uploads\/2021\/04\/42-17042021-950A2202-Olivia-Poncelet-Mademoiselle-Bouquet-HD-Screen-300-copie-3-16x12.jpg 16w, https:\/\/mademoiselle.flowers\/wp-content\/uploads\/2021\/04\/42-17042021-950A2202-Olivia-Poncelet-Mademoiselle-Bouquet-HD-Screen-300-copie-3-700x467.jpg 700w, https:\/\/mademoiselle.flowers\/wp-content\/uploads\/2021\/04\/42-17042021-950A2202-Olivia-Poncelet-Mademoiselle-Bouquet-HD-Screen-300-copie-3-1920x1280.jpg 1920w\" sizes=\"(max-width: 600px) 100vw, 600px\" \/><\/figure>\n\n\n\n<h2 class=\"font-serif text-30 font-normal primary deco m-b-none wp-block-heading\">\u00bfC\u00f3mo se cultivan y cosechan las flores?<\/h2>\n\n\n\n<p class=\"font-sans text-md font-light primary m-t-none m-b-none\">El <strong><a href=\"https:\/\/mademoiselle.flowers\/es\/s-c1-d-recolter-des-fleurs\/\">cultivo de flores<\/a><\/strong> es el primer paso para dise\u00f1ar un ramo de flores. El objetivo final de la cosecha de flores es ensamblarlas en una creaci\u00f3n floral. Tanto si las flores son silvestres (sin pesticidas) y procedentes del campo como si proceden de un cultivo comercial y controlado, la cosecha sigue siendo la misma. A continuaci\u00f3n, se puede plantear la cuesti\u00f3n del cultivo ecol\u00f3gico o no. <\/p>\n\n\n\n<h2 class=\"font-serif text-30 font-normal primary deco wp-block-heading\">\u00bfC\u00f3mo dise\u00f1ar un ramo de flores?<\/h2>\n\n\n\n<p class=\"font-sans text-md font-light primary m-t-none m-b-none\">El <strong><a href=\"https:\/\/mademoiselle.flowers\/es\/s-c1-e-concevoir-un-bouquet\/\">dise\u00f1o de ramos de flores<\/a><\/strong> no es una tarea f\u00e1cil, pero unas cuantas reglas sencillas pueden hacer que su arreglo floral sea un \u00e9xito. Crear ramos de flores bonitos y armoniosos es un trabajo de artista y todo depende del resultado que se quiera conseguir.<br>El primer paso es mezclar los colores, elegir la variedad de flores y la forma del ramo.<\/p>\n\n\n\n<h2 class=\"font-serif text-30 font-normal primary deco wp-block-heading\">Cada flor tiene su propio significado.<\/h2>\n\n\n\n<p class=\"font-sans text-md font-light primary m-t-none m-b-none\">A la hora de crear el ramo, tambi\u00e9n hay que tener cuidado de respetar las convenciones de la noche de los tiempos: el <strong><a href=\"https:\/\/mademoiselle.flowers\/es\/s-c1-c\/\">significado de las flores<\/a><\/strong>. Para evitar cualquier gesto torpe, es importante asegurarse de que el simbolismo de la flor se corresponde con la emoci\u00f3n que se quiere transmitir en el ramo de flores. No s\u00f3lo es importante el color, sino tambi\u00e9n la familia de la flor. Por ejemplo, cuando se trata de amor, es mejor optar por las rosas de carretera. En resumen, \u00a1hay un tipo de flor para cada ocasi\u00f3n! <\/p>\n\n\n\n<h2 class=\"font-serif text-30 font-normal primary deco wp-block-heading\">Entonces, \u00bfpor qu\u00e9 hacer un ramo de flores?<\/h2>\n\n\n\n<p class=\"font-sans text-md font-light primary m-t-none m-b-none\">Desde las primeras pinturas de Brueghel, los ramos de flores se han utilizado en la<strong>est\u00e9tica y arte<\/strong>. De hecho, un bonito ramo de flores ser\u00e1 el toque ideal para decorar una habitaci\u00f3n, un recibidor o una mesa de cocina, d\u00e1ndole encanto o un toque de color y vida. <\/p>\n\n\n\n<p class=\"font-sans text-md font-light primary m-t-none m-b-none\">Tanto si las flores son grandes y esbeltas como si son m\u00e1s peque\u00f1as y recogidas, compondr\u00e1n el ramo que les corresponde: peque\u00f1o, mediano o grande... para mayor placer de decoradores e interioristas.<\/p>\n\n\n\n<h2 class=\"font-serif text-30 font-normal primary deco wp-block-heading\">\u00bfPor qu\u00e9 llevar un ramo de flores?<\/h2>\n\n\n\n<p class=\"font-sans text-md font-light primary m-t-none m-b-none\">En el pasado, los ramos de flores se ofrec\u00edan sin embalaje, ya que \u00e9ste s\u00f3lo se utilizaba para su protecci\u00f3n y transporte. Hoy esta regla ha cambiado. \u00bfHa pensado en c\u00f3mo este hermoso ramo, compuesto con amor y que ha pasado por todas las etapas de plantaci\u00f3n, floraci\u00f3n, cosecha, ... seguir\u00e1 siendo sublime una vez que llegue a su casa o a la persona a la que se lo ofrezca? La cuesti\u00f3n del envasado no es un peque\u00f1o detalle. Es importante cuidarlo, porque no querr\u00e1 depreciar el ramo en un paquete feo, ni olvidarse de protegerlo o darle agua... a riesgo de entregar flores caducadas.<br>Los floristas empaquetan sus ramos de flores en bonitos y coloridos recipientes que forman parte del proceso est\u00e9tico y de regalo. Cuando se trata de enviarlo por un <a href=\"https:\/\/belgium.mademoiselle.flowers\/es\/entrega-flores-bruxelles-1000-1.html\">entrega de flores en Bruselas<\/a> Por ejemplo, aunque el destino est\u00e9 cerca de nuestra florister\u00eda, hay que proporcionar un embalaje adecuado.<\/p>\n\n\n\n<p class=\"font-sans text-md font-light primary m-t-none m-b-none\">Pero el envase tambi\u00e9n tiene una funci\u00f3n m\u00e1s pr\u00e1ctica y protectora para <strong>mantener el ramo<\/strong> hacia y desde su destino.<\/p>\n\n\n\n<h2 class=\"font-serif text-30 font-normal primary wp-block-heading\">\u00bfC\u00f3mo hacer que un ramo de flores quede bien en su casa?<\/h2>\n\n\n\n<p class=\"font-sans text-md font-light primary m-t-none m-b-none\">Una vez que el ramo ha sido compuesto, ofrecido y entregado en su casa, tendr\u00e1 que encontrar el lugar ideal para \u00e9l. Hay un mundo de diferencia entre un hermoso ramo de flores colocado con desgana en el alf\u00e9izar de una ventana y un ramo colocado con maestr\u00eda en el centro de una gran mesa de comedor. Las flores tienen un esteticismo, una belleza que tendremos que comprender, respetar y sublimar. Tambi\u00e9n tendr\u00e1s que tener en cuenta las diferentes formas del ramo: peque\u00f1as y compactas (como las de los ramos de novia), grandes y esbeltas con tallos largos... la elecci\u00f3n del jarr\u00f3n y su ubicaci\u00f3n ser\u00e1n importantes para resaltarlas correctamente.<\/p>\n\n\n\n<h2 class=\"font-serif text-30 font-normal primary deco wp-block-heading\">Cuidado de las flores<\/h2>\n\n\n\n<p class=\"font-sans text-md font-light primary m-t-none m-b-none\">El encanto de un ramo de flores es su car\u00e1cter ef\u00edmero. Expresa la vida, una emoci\u00f3n, un momento robado... y es quiz\u00e1s porque es ef\u00edmero que es tan hermoso. Vale, pero me dir\u00e1s que si conseguimos que los buenos momentos duren, \u00a1no est\u00e1 mal! Para ello, hay que conocer los trucos del oficio a la hora de cuidar un ramo de flores. Desde la colocaci\u00f3n en la casa, hasta el corte de los tallos o el cambio de agua... hay un mundo de diferencia para que tu ramo dure. Y para los nost\u00e1lgicos que quieren mantener vivos los recuerdos materiales... \u00bfpor qu\u00e9 no secarlo?<br><br>L'<strong>cuidado de las flores<\/strong> es necesario para disfrutar de sus ramos durante m\u00e1s tiempo. En efecto, una vez cortadas, las flores se vuelven perecederas, pero existen algunos consejos sobre los buenos gestos que hay que adoptar y que le permitir\u00e1n cuidarlas. El mantenimiento de los tallos, la elecci\u00f3n del jarr\u00f3n, el agua, la ubicaci\u00f3n de su ramo son elementos a tener en cuenta en su recepci\u00f3n. \u00a1Sin olvidar las pocas cosas que hay que hacer los d\u00edas siguientes y los casos especiales!<\/p>\n\n\n\n<p class=\"font-sans text-md font-light primary m-t-none m-b-none\"><strong>Lea tambi\u00e9n: <\/strong><br><\/p>\n\n\n\n<p class=\"font-sans text-md font-light primary m-t-none m-b-none\">La utilidad de las flores<br>El placer de regalar flores<br>Comprar flores online<br>Enviar flores<br>Flores en los negocios (B2B)<br>La profesi\u00f3n de florista<br><\/p>\n<\/div>\n<\/div>\n<\/div><\/div>\n\n\n\n<div class=\"wp-block-columns card-descover__container grid about-section m-b-2xl deco-top is-layout-flex wp-container-core-columns-is-layout-2 wp-block-columns-is-layout-flex\">\n<div class=\"wp-block-column card-descover__left col-desk-6 col-tab-6 col-mob-2 p-l-none is-layout-flow wp-block-column-is-layout-flow\">\n<div class=\"wp-block-group relative\"><div class=\"wp-block-group__inner-container is-layout-flow wp-block-group-is-layout-flow\">\n<figure class=\"wp-block-image size-large who__img-contain\"><img decoding=\"async\" width=\"1365\" height=\"768\" src=\"https:\/\/mademoiselle.flowers\/wp-content\/uploads\/2021\/02\/ABONNEMENT-12MOIS-edited.jpg\" alt=\"Entrega de flores en todo el Reino\" class=\"wp-image-1161\" srcset=\"https:\/\/mademoiselle.flowers\/wp-content\/uploads\/2021\/02\/ABONNEMENT-12MOIS-edited.jpg 1365w, https:\/\/mademoiselle.flowers\/wp-content\/uploads\/2021\/02\/ABONNEMENT-12MOIS-edited-700x394.jpg 700w, https:\/\/mademoiselle.flowers\/wp-content\/uploads\/2021\/02\/ABONNEMENT-12MOIS-edited-600x338.jpg 600w, https:\/\/mademoiselle.flowers\/wp-content\/uploads\/2021\/02\/ABONNEMENT-12MOIS-edited-768x432.jpg 768w, https:\/\/mademoiselle.flowers\/wp-content\/uploads\/2021\/02\/ABONNEMENT-12MOIS-edited-16x9.jpg 16w\" sizes=\"(max-width: 1365px) 100vw, 1365px\" \/><\/figure>\n\n\n\n<p class=\"button--white upperCase d-inline-block cursor-pointer center--middle\"><a href=\"\/es\/\">Enviar flores a B\u00e9lgica<\/a><\/p>\n<\/div><\/div>\n<\/div>\n\n\n\n<div class=\"wp-block-column card-descover__right col-desk-6 col-tab-6 col-mob-2 p-r-none is-layout-flow wp-block-column-is-layout-flow\">\n<div class=\"wp-block-group relative\"><div class=\"wp-block-group__inner-container is-layout-flow wp-block-group-is-layout-flow\">\n<figure class=\"wp-block-image size-large who__img-contain\"><img decoding=\"async\" width=\"350\" height=\"197\" src=\"https:\/\/mademoiselle.flowers\/wp-content\/uploads\/2021\/02\/victoire-ambiance-a-edited.jpg\" alt=\"Suscripci\u00f3n de flores en B\u00e9lgica - Europa\" class=\"wp-image-1165\" srcset=\"https:\/\/mademoiselle.flowers\/wp-content\/uploads\/2021\/02\/victoire-ambiance-a-edited.jpg 350w, https:\/\/mademoiselle.flowers\/wp-content\/uploads\/2021\/02\/victoire-ambiance-a-edited-16x9.jpg 16w\" sizes=\"(max-width: 350px) 100vw, 350px\" \/><\/figure>\n\n\n\n<p class=\"button--white upperCase d-inline-block cursor-pointer center--middle\"><a href=\"https:\/\/mademoiselle.flowers\/es\/nuestras-suscripciones\/\">Nuestros abonos de ramos de flores<\/a> <\/p>\n<\/div><\/div>\n<\/div>\n<\/div>\n\n\n\n<p><\/p>","protected":false},"excerpt":{"rendered":"<p>Les bouquets de fleurs D\u00e9couvrez l&rsquo;univers complexe des bouquets des fleurs Tout savoir sur la biologie des fleurs Les fleurs sont l\u2019organe principal qui compose le bouquet, pour comprendre leur g\u00e9n\u00e9tique et leurs particularit\u00e9s, il faut s\u2019int\u00e9resser \u00e0 la biologie des fleurs. Vous aurez alors des informations sur leur reproduction, leur habitat, leur environnement et [&hellip;]<\/p>","protected":false},"author":439,"featured_media":0,"parent":0,"menu_order":0,"comment_status":"closed","ping_status":"closed","template":"","meta":{"inline_featured_image":false,"_uag_custom_page_level_css":"","footnotes":""},"class_list":["post-1699","page","type-page","status-publish","hentry"],"acf":[],"uagb_featured_image_src":{"full":false,"thumbnail":false,"medium":false,"medium_large":false,"large":false,"gs-tiny":false,"xl":false,"xxl":false,"xxxl":false,"xxxxl":false,"xxxxxl":false,"1536x1536":false,"2048x2048":false,"trp-custom-language-flag":false,"woocommerce_thumbnail":false,"woocommerce_single":false,"woocommerce_gallery_thumbnail":false},"uagb_author_info":{"display_name":"","author_link":"https:\/\/mademoiselle.flowers\/es\/author\/ml-si\/"},"uagb_comment_info":0,"uagb_excerpt":"Les bouquets de fleurs D\u00e9couvrez l&rsquo;univers complexe des bouquets des fleurs Tout savoir sur la biologie des fleurs Les fleurs sont l\u2019organe principal qui compose le bouquet, pour comprendre leur g\u00e9n\u00e9tique et leurs particularit\u00e9s, il faut s\u2019int\u00e9resser \u00e0 la biologie des fleurs. Vous aurez alors des informations sur leur reproduction, leur habitat, leur environnement et&hellip;","_links":{"self":[{"href":"https:\/\/mademoiselle.flowers\/es\/wp-json\/wp\/v2\/pages\/1699"}],"collection":[{"href":"https:\/\/mademoiselle.flowers\/es\/wp-json\/wp\/v2\/pages"}],"about":[{"href":"https:\/\/mademoiselle.flowers\/es\/wp-json\/wp\/v2\/types\/page"}],"author":[{"embeddable":true,"href":"https:\/\/mademoiselle.flowers\/es\/wp-json\/wp\/v2\/users\/439"}],"replies":[{"embeddable":true,"href":"https:\/\/mademoiselle.flowers\/es\/wp-json\/wp\/v2\/comments?post=1699"}],"version-history":[{"count":10,"href":"https:\/\/mademoiselle.flowers\/es\/wp-json\/wp\/v2\/pages\/1699\/revisions"}],"predecessor-version":[{"id":5768,"href":"https:\/\/mademoiselle.flowers\/es\/wp-json\/wp\/v2\/pages\/1699\/revisions\/5768"}],"wp:attachment":[{"href":"https:\/\/mademoiselle.flowers\/es\/wp-json\/wp\/v2\/media?parent=1699"}],"curies":[{"name":"wp","href":"https:\/\/api.w.org\/{rel}","templated":true}]}}