{"id":2324,"date":"2021-05-28T12:52:55","date_gmt":"2021-05-28T10:52:55","guid":{"rendered":"https:\/\/mademoiselle.flowers\/?page_id=2324"},"modified":"2023-02-04T13:49:58","modified_gmt":"2023-02-04T12:49:58","slug":"c0-fleurs","status":"publish","type":"page","link":"https:\/\/mademoiselle.flowers\/es\/c0-flores\/","title":{"rendered":"C0 - Capullo del hogar"},"content":{"rendered":"<div class=\"wp-block-group\"><div class=\"wp-block-group__inner-container is-layout-flow wp-block-group-is-layout-flow\">\n<div style=\"height:112px\" aria-hidden=\"true\" class=\"wp-block-spacer\"><\/div>\n<\/div><\/div>\n\n\n\n<div class=\"wp-block-uagb-advanced-heading uagb-block-9446e6f4 font-serif text-25 font-normal primary\"><h1 class=\"uagb-heading-text\"><strong>Las flores<\/strong><\/h1><div class=\"uagb-separator-wrap\"><div class=\"uagb-separator\"><\/div><\/div><p class=\"uagb-desc-text\">Descubre el universo mademoiselle y experimenta<\/p><\/div>\n\n\n\n<div class=\"wp-block-columns is-layout-flex wp-container-core-columns-is-layout-1 wp-block-columns-is-layout-flex\">\n<div class=\"wp-block-column grid about-section is-layout-flow wp-block-column-is-layout-flow\">\n<p class=\"font-sans text-md font-light primary m-t-none m-b-none\">mademoiselle se lanz\u00f3 a principios de 2020. Sus fundadores quer\u00edan ofrecer una experiencia \u00fanica, alejada de la oferta online existente. Un toque de dise\u00f1o gr\u00e1fico, el buen gusto de una experiencia de alta gama, una relaci\u00f3n impecable con el cliente para una satisfacci\u00f3n garantizada y un efecto sorpresa. Por fin lo \"bello\" ha encontrado su lugar en la <a href=\"https:\/\/mademoiselle.flowers\/es\/\">entrega de flores en B\u00e9lgica<\/a>.<\/p>\n\n\n\n<p><\/p>\n\n\n\n<p class=\"font-sans text-md font-light primary m-t-none m-b-none\">En esta gu\u00eda, te llevaremos a un viaje por el mundo de las flores que ya no tendr\u00e1 secretos para ti.  Hemos cubierto el universo como nadie. Juzgue usted mismo: trataremos el tema de los ramos de flores y su definici\u00f3n (t\u00e9cnica y biol\u00f3gica), su fragancia y tambi\u00e9n el significado de las flores. Juntos, veremos la utilidad de las flores como elemento de decoraci\u00f3n y zenitud, y el placer de ofrecer un magn\u00edfico ramo de flores frescas, sea cual sea la ocasi\u00f3n (como un cumplea\u00f1os o un aniversario). <a href=\"\/es\/.\/shop\/saint-valentin\/\">Entrega de flores en San Valent\u00edn<\/a> por ejemplo). Esta compra se realiza a trav\u00e9s de una florister\u00eda, pero tambi\u00e9n comprando flores por Internet, lo que implica toda la meticulosa log\u00edstica de entrega del ramo a domicilio. Por \u00faltimo, pero no por ello menos importante, no nos hemos olvidado de los servicios a empresas, que constituyen una gran parte de nuestra clientela, tanto para decorar como para dar las gracias a empleados o clientes.<br><\/p>\n\n\n\n<p class=\"font-sans text-md font-light primary m-t-none m-b-none\">Por \u00faltimo, puede que hayamos inspirado algunas vocaciones y le hablaremos de nuestra profesi\u00f3n de floristas y de lo que ocurre entre bastidores en nuestro taller de Bruselas. Y luego, qui\u00e9n sabe, tal vez un d\u00eda te unas a nuestro equipo para trabajar como florista.<\/p>\n\n\n\n<p><\/p>\n\n\n<div class=\"wp-block-image\">\n<figure class=\"aligncenter size-full is-resized uag-hide-mob\"><img decoding=\"async\" src=\"https:\/\/mademoiselle.flowers\/wp-content\/uploads\/2021\/02\/ABONNEMENT-12MOIS-edited.jpg\" alt=\"\" class=\"wp-image-1161\" width=\"1024\" height=\"576\" srcset=\"https:\/\/mademoiselle.flowers\/wp-content\/uploads\/2021\/02\/ABONNEMENT-12MOIS-edited.jpg 1365w, https:\/\/mademoiselle.flowers\/wp-content\/uploads\/2021\/02\/ABONNEMENT-12MOIS-edited-700x394.jpg 700w, https:\/\/mademoiselle.flowers\/wp-content\/uploads\/2021\/02\/ABONNEMENT-12MOIS-edited-600x338.jpg 600w, https:\/\/mademoiselle.flowers\/wp-content\/uploads\/2021\/02\/ABONNEMENT-12MOIS-edited-768x432.jpg 768w, https:\/\/mademoiselle.flowers\/wp-content\/uploads\/2021\/02\/ABONNEMENT-12MOIS-edited-16x9.jpg 16w\" sizes=\"(max-width: 1024px) 100vw, 1024px\" \/><\/figure><\/div>\n\n\n<p><\/p>\n\n\n\n<p class=\"font-sans text-md font-light primary m-t-none m-b-none display:block;\"><strong>\u00cdndice de contenidos<\/strong> :<\/p>\n\n\n\n<h2 class=\"font-serif text-30 font-normal primary deco wp-block-heading\"><strong>\u00bfQu\u00e9 es un hermoso ramo de flores?<\/strong><\/h2>\n\n\n\n<p class=\"font-sans text-md font-light primary m-t-none m-b-none\">Es cierto, despu\u00e9s de todo... \u00bfqu\u00e9 es una hermosa <a href=\"https:\/\/mademoiselle.flowers\/es\/ramos-de-flores\/\">ramo de flores<\/a>. Adem\u00e1s de las preferencias personales, hay que tener en cuenta la composici\u00f3n del ramo, su fragancia, su envoltorio y, sobre todo, c\u00f3mo se valora en tu casa y c\u00f3mo lo vas a cuidar.<\/p>\n\n\n\n<p class=\"font-sans text-md font-light primary m-t-none m-b-none\"><strong>Conocer el <a href=\"https:\/\/mademoiselle.flowers\/es\/ramos-de-flores\/\">biolog\u00eda de las flores<\/a> antes de crear un ramo<\/strong><br><strong>El <a href=\"https:\/\/mademoiselle.flowers\/es\/s-c1-d-recolter-des-fleurs\/\">cosecha de flores<\/a><\/strong><br><strong>El <a href=\"https:\/\/mademoiselle.flowers\/es\/s-c1b-parfum-des-fleurs\/\">la fragancia de las flores<\/a><\/strong><br><strong>El <a href=\"https:\/\/mademoiselle.flowers\/es\/s-c1-c\/\">significado de las flores<\/a> en un ramo<\/strong><br><strong>C\u00f3mo <a href=\"https:\/\/mademoiselle.flowers\/es\/s-c1-e-concevoir-un-bouquet\/\">dise\u00f1ar un bonito ramo de flores<\/a>?<\/strong><br><strong>Arte floral o c\u00f3mo <a href=\"https:\/\/mademoiselle.flowers\/es\/s-c1-f-esthetisme\/\">a\u00f1adir valor a un ramo en una casa<\/a>?<\/strong><br><strong>El embalaje como parte de la experiencia<\/strong><br><strong>\u00bfC\u00f3mo se cuida un ramo de flores?<\/strong><\/p>\n\n\n\n<p><\/p>\n\n\n\n<h2 class=\"font-serif text-30 font-normal primary deco wp-block-heading\"><strong>Las flores en todos sus estados: la utilidad de las flores<\/strong><\/h2>\n\n\n\n<p class=\"font-sans text-md font-light primary\"><strong>Flores en la cocina<\/strong><br><strong>Flores en el lugar de trabajo<\/strong><br><strong>Flores en casa<\/strong><\/p>\n\n\n\n<h2 class=\"font-serif text-30 font-normal primary deco m-b-none m-t-none wp-block-heading\"><strong>El placer de regalar flores<\/strong><\/h2>\n\n\n\n<p class=\"font-sans text-md font-light primary m-t-none m-b-none\"><strong>\u00bfEn qu\u00e9 fiestas se regalan flores?<\/strong><br><strong>Acontecimientos de la vida a los que se regalan flores<\/strong><br><strong>\u00bfQu\u00e9 peque\u00f1a nota a\u00f1adir a mi ramo?<\/strong><br><strong>\u00bfA qui\u00e9n regalar flores?<\/strong><br><strong>Chocolate, champ\u00e1n, ... que va perfectamente con un ramo de flores<\/strong><br><strong>Ofrezca un abono floral<\/strong><\/p>\n\n\n\n<h2 class=\"font-serif text-30 font-normal primary deco wp-block-heading\"><strong>\u00bfComprar flores por Internet?<\/strong><\/h2>\n\n\n\n<p class=\"font-sans text-md font-light primary m-t-none m-b-none\"><strong>Los diferentes tipos de proveedores<\/strong><br><strong>El coste y el pago de un ramo de flores <\/strong><br><strong>La seguridad es un aspecto importante de las ventas en l\u00ednea<\/strong><br><strong>Pedir flores, el procedimiento en detalle<\/strong><\/p>\n\n\n\n<h2 class=\"font-serif text-30 font-normal primary deco, wp-block-heading\"><strong>Enviar flores<\/strong><\/h2>\n\n\n\n<p class=\"font-sans text-md font-light primary m-t-none m-b-none\"><strong>\u00bfD\u00f3nde enviar las flores?<\/strong><br><strong>\u00bfCu\u00e1l es el mejor momento para enviar flores a domicilio?<\/strong><br><strong>\u00bfCu\u00e1l es el coste de un env\u00edo de flores?<\/strong><br><strong>\u00bfHay alguna alternativa a la entrega de pago?<\/strong><br><strong>Modos de transporte en la entrega<\/strong><br><strong>\u00bfC\u00f3mo funciona una entrega a mademoiselle?<\/strong><br><strong>Reciba flores a domicilio<\/strong><br><strong>Entrega de flores en B\u00e9lgica desde el extranjero<\/strong><br><\/p>\n\n\n\n<h2 class=\"font-serif text-30 font-normal primary deco wp-block-heading\"><strong>Regalar flores a un compa\u00f1ero o decorar en la empresa<\/strong><\/h2>\n\n\n\n<p class=\"font-sans text-md font-light primary m-t-none m-b-none\"><strong>Regalar flores en el lugar de trabajo<\/strong><br><strong>Floraci\u00f3n de un espacio de trabajo<\/strong><br><strong>Los beneficios de las flores en los negocios<\/strong><\/p>\n\n\n\n<h2 class=\"font-serif text-30 font-normal primary deco wp-block-heading\"><strong>El oficio de florista<\/strong><\/h2>\n\n\n\n<p class=\"font-sans text-md font-light primary m-t-none m-b-none\"><strong>Formaci\u00f3n como florista<\/strong><br><strong>Nuestro taller, herramientas y oficinas<\/strong><br><strong>Empleo en el sector de las flores<\/strong><br><strong>Ser florista en B\u00e9lgica<\/strong><br><strong>El abastecimiento, la cuesti\u00f3n de las flores de abastecimiento<\/strong><br><strong>Log\u00edstica de las flores<\/strong><\/p>\n<\/div>\n<\/div>\n\n\n\n<div class=\"wp-block-columns card-descover__container grid about-section m-b-2xl deco-top is-layout-flex wp-container-core-columns-is-layout-2 wp-block-columns-is-layout-flex\">\n<div class=\"wp-block-column card-descover__left col-desk-6 col-tab-6 col-mob-2 p-l-none is-layout-flow wp-block-column-is-layout-flow\">\n<div class=\"wp-block-group relative\"><div class=\"wp-block-group__inner-container is-layout-flow wp-block-group-is-layout-flow\">\n<figure class=\"wp-block-image size-large who__img-contain\"><img decoding=\"async\" width=\"1365\" height=\"768\" src=\"https:\/\/mademoiselle.flowers\/wp-content\/uploads\/2021\/02\/ABONNEMENT-12MOIS-edited.jpg\" alt=\"Entrega de flores en toda B\u00e9lgica\" class=\"wp-image-1161\" srcset=\"https:\/\/mademoiselle.flowers\/wp-content\/uploads\/2021\/02\/ABONNEMENT-12MOIS-edited.jpg 1365w, https:\/\/mademoiselle.flowers\/wp-content\/uploads\/2021\/02\/ABONNEMENT-12MOIS-edited-700x394.jpg 700w, https:\/\/mademoiselle.flowers\/wp-content\/uploads\/2021\/02\/ABONNEMENT-12MOIS-edited-600x338.jpg 600w, https:\/\/mademoiselle.flowers\/wp-content\/uploads\/2021\/02\/ABONNEMENT-12MOIS-edited-768x432.jpg 768w, https:\/\/mademoiselle.flowers\/wp-content\/uploads\/2021\/02\/ABONNEMENT-12MOIS-edited-16x9.jpg 16w\" sizes=\"(max-width: 1365px) 100vw, 1365px\" \/><\/figure>\n\n\n\n<p class=\"button--white upperCase d-inline-block cursor-pointer center--middle\"><a href=\"\/es\/shop\/nos-bouquets\/\">Vea nuestros ramos disponibles para entrega en B\u00e9lgica<\/a><\/p>\n<\/div><\/div>\n<\/div>\n\n\n\n<div class=\"wp-block-column card-descover__right col-desk-6 col-tab-6 col-mob-2 p-r-none is-layout-flow wp-block-column-is-layout-flow\">\n<div class=\"wp-block-group relative\"><div class=\"wp-block-group__inner-container is-layout-flow wp-block-group-is-layout-flow\">\n<figure class=\"wp-block-image size-large who__img-contain\"><img decoding=\"async\" width=\"350\" height=\"197\" src=\"https:\/\/mademoiselle.flowers\/wp-content\/uploads\/2021\/02\/victoire-ambiance-a-edited.jpg\" alt=\"Suscripci\u00f3n de flores B\u00e9lgica\" class=\"wp-image-1165\" srcset=\"https:\/\/mademoiselle.flowers\/wp-content\/uploads\/2021\/02\/victoire-ambiance-a-edited.jpg 350w, https:\/\/mademoiselle.flowers\/wp-content\/uploads\/2021\/02\/victoire-ambiance-a-edited-16x9.jpg 16w\" sizes=\"(max-width: 350px) 100vw, 350px\" \/><\/figure>\n\n\n\n<p class=\"button--white upperCase d-inline-block cursor-pointer center--middle\"><a href=\"https:\/\/mademoiselle.flowers\/es\/nuestras-suscripciones\/\">Nuestros abonos son v\u00e1lidos en B\u00e9lgica<\/a><\/p>\n<\/div><\/div>\n<\/div>\n<\/div>\n\n\n\n<p><\/p>","protected":false},"excerpt":{"rendered":"<p>Les fleurs D\u00e9couvrez l&rsquo;univers et l&rsquo;exp\u00e9rience mademoiselle mademoiselle a vu la jour d\u00e9but 2020. Ses fondateurs ont voulu proposer une exp\u00e9rience unique, loin de l&rsquo;offre existante en ligne. Un touche de graphisme, le bon gout d&rsquo;une exp\u00e9rience haut de gamme, une relation client sans failles pour une satisfaction et un effet waw garanti. Enfin le [&hellip;]<\/p>","protected":false},"author":439,"featured_media":0,"parent":0,"menu_order":0,"comment_status":"closed","ping_status":"closed","template":"page-template-boxed.php","meta":{"inline_featured_image":false,"_uag_custom_page_level_css":"","footnotes":""},"class_list":["post-2324","page","type-page","status-publish","hentry"],"acf":[],"uagb_featured_image_src":{"full":false,"thumbnail":false,"medium":false,"medium_large":false,"large":false,"gs-tiny":false,"xl":false,"xxl":false,"xxxl":false,"xxxxl":false,"xxxxxl":false,"1536x1536":false,"2048x2048":false,"trp-custom-language-flag":false,"woocommerce_thumbnail":false,"woocommerce_single":false,"woocommerce_gallery_thumbnail":false},"uagb_author_info":{"display_name":"","author_link":"https:\/\/mademoiselle.flowers\/es\/author\/ml-si\/"},"uagb_comment_info":0,"uagb_excerpt":"Les fleurs D\u00e9couvrez l&rsquo;univers et l&rsquo;exp\u00e9rience mademoiselle mademoiselle a vu la jour d\u00e9but 2020. Ses fondateurs ont voulu proposer une exp\u00e9rience unique, loin de l&rsquo;offre existante en ligne. Un touche de graphisme, le bon gout d&rsquo;une exp\u00e9rience haut de gamme, une relation client sans failles pour une satisfaction et un effet waw garanti. Enfin le&hellip;","_links":{"self":[{"href":"https:\/\/mademoiselle.flowers\/es\/wp-json\/wp\/v2\/pages\/2324"}],"collection":[{"href":"https:\/\/mademoiselle.flowers\/es\/wp-json\/wp\/v2\/pages"}],"about":[{"href":"https:\/\/mademoiselle.flowers\/es\/wp-json\/wp\/v2\/types\/page"}],"author":[{"embeddable":true,"href":"https:\/\/mademoiselle.flowers\/es\/wp-json\/wp\/v2\/users\/439"}],"replies":[{"embeddable":true,"href":"https:\/\/mademoiselle.flowers\/es\/wp-json\/wp\/v2\/comments?post=2324"}],"version-history":[{"count":10,"href":"https:\/\/mademoiselle.flowers\/es\/wp-json\/wp\/v2\/pages\/2324\/revisions"}],"predecessor-version":[{"id":6438,"href":"https:\/\/mademoiselle.flowers\/es\/wp-json\/wp\/v2\/pages\/2324\/revisions\/6438"}],"wp:attachment":[{"href":"https:\/\/mademoiselle.flowers\/es\/wp-json\/wp\/v2\/media?parent=2324"}],"curies":[{"name":"wp","href":"https:\/\/api.w.org\/{rel}","templated":true}]}}