{"id":3467,"date":"2021-09-23T18:18:19","date_gmt":"2021-09-23T16:18:19","guid":{"rendered":"https:\/\/mademoiselle.flowers\/?page_id=3467"},"modified":"2023-01-05T16:54:11","modified_gmt":"2023-01-05T15:54:11","slug":"livraison-fleurs-entreprise","status":"publish","type":"page","link":"https:\/\/mademoiselle.flowers\/es\/entrega-flores-empresa\/","title":{"rendered":"Servicio corporativo"},"content":{"rendered":"<div class=\"wp-block-group grid about-section items-top deco-bottom deco-small\"><div class=\"wp-block-group__inner-container is-layout-flow wp-block-group-is-layout-flow\">\n<h1 class=\"wp-block-heading\"><\/h1>\n\n\n\n<div style=\"height:112px\" aria-hidden=\"true\" class=\"wp-block-spacer\"><\/div>\n\n\n\n<div class=\"wp-block-uagb-advanced-heading uagb-block-cfbacb8c font-serif text-25 font-normal primary\"><h1 class=\"uagb-heading-text\">Soluciones empresariales<\/h1><div class=\"uagb-separator-wrap\"><div class=\"uagb-separator\"><\/div><\/div><p class=\"uagb-desc-text\">Una oferta premium para las empresas que se preocupan por la imagen<\/p><\/div>\n\n\n\n<div class=\"wp-block-columns m-t-none m-b-none is-layout-flex wp-container-core-columns-is-layout-1 wp-block-columns-is-layout-flex\">\n<div class=\"wp-block-column grid about-section m-b-none is-layout-flow wp-block-column-is-layout-flow\">\n<p class=\"font-sans text-md font-light primary m-t-none m-b-none\">La vida de una empresa tambi\u00e9n consiste en celebrar los momentos fuertes de un empleado (nacimiento, cumplea\u00f1os, boda, ...) pero tambi\u00e9n en compartir la alegr\u00eda de un \u00e9xito o una victoria. En una \u00e9poca en la que la contrataci\u00f3n de empleados es a veces una misi\u00f3n complicada, una cultura corporativa fuerte, humana y alegre es m\u00e1s necesaria que nunca. <\/p>\n\n\n\n<p class=\"font-sans text-md font-light primary m-t-none m-b-none\">Para las empresas, ofrecemos una soluci\u00f3n sencilla y eficaz: descuentos por volumen (<strong>en toda nuestra gama<\/strong>), a <strong>L\u00ednea telef\u00f3nica VIP<\/strong> para hacer sus pedidos.<br><\/p>\n\n\n\n<p><strong>\u00bfTiene un proyecto empresarial?<\/strong> \u00bfTiene alguna necesidad concreta? <a href=\"mailto:info@mademoiselle.flowers\">Contacto con nosotros<\/a><br><strong>\u00bfNecesita una oferta a medida?<\/strong> <a href=\"mailto:info@mademoiselle.flowers\">Contacto con nosotros<\/a><\/p>\n\n\n\n<p class=\"font-sans text-md font-light primary m-t-none m-b-none\"><br><\/p>\n\n\n\n<p class=\"font-sans text-md font-light primary m-t-none m-b-none\"><\/p>\n<\/div>\n<\/div>\n\n\n\n<div class=\"wp-block-columns grid about-section is-layout-flex wp-container-core-columns-is-layout-2 wp-block-columns-is-layout-flex\">\n<div class=\"wp-block-column who__container-right col-desk-6 col-tab-6 col-mob-4 p-l-none p-r-none is-layout-flow wp-block-column-is-layout-flow\">\n<figure class=\"wp-block-image size-large who__img-contain\"><img decoding=\"async\" width=\"350\" height=\"430\" src=\"https:\/\/mademoiselle.flowers\/wp-content\/uploads\/2021\/07\/Victoire-Ambiance-1.jpg\" alt=\"enviar flores con factura\" class=\"wp-image-2705\" srcset=\"https:\/\/mademoiselle.flowers\/wp-content\/uploads\/2021\/07\/Victoire-Ambiance-1.jpg 350w, https:\/\/mademoiselle.flowers\/wp-content\/uploads\/2021\/07\/Victoire-Ambiance-1-10x12.jpg 10w\" sizes=\"(max-width: 350px) 100vw, 350px\" \/><\/figure>\n<\/div>\n\n\n\n<div class=\"wp-block-column col-desk-5 col-tab-5 col-mob-shift-0 col-mob-4 p-r-none p-l-none m-l-auto m-y-auto js-parallax-richtext is-layout-flow wp-block-column-is-layout-flow\">\n<h2 class=\"font-serif text-30 font-normal primary deco m-b-none m-t-none wp-block-heading\">Facturaci\u00f3n simplificada<\/h2>\n\n\n\n<p class=\"font-sans text-md font-light primary m-t-none m-b-none\">Para un <strong>compra individual<\/strong> Si desea hacer pedidos ocasionales de nuestros productos, s\u00f3lo tiene que hacer su pedido en l\u00ednea e introducir su n\u00famero de IVA. Nuestro socio le enviar\u00e1 autom\u00e1ticamente una factura por correo electr\u00f3nico. Para ello, necesitar\u00e1 un <strong>tarjeta de cr\u00e9dito<\/strong>. Su cuenta de cliente recordar\u00e1 sus datos de facturaci\u00f3n para el pr\u00f3ximo pedido. Una soluci\u00f3n sencilla que le encantar\u00e1 a su contable.<\/p>\n\n\n\n<p class=\"font-sans text-md font-light primary m-t-none m-b-none\">Usted no <strong>no tienen tarjeta de cr\u00e9dito de la empresa<\/strong> ? No pasa nada, <a href=\"mailto:info@mademoiselle.flowers\">contacte con nosotros por correo electr\u00f3nico<\/a>Nos pondremos en contacto con usted en menos de una hora. Nuestro colaborador tomar\u00e1 nota de su pedido y le enviar\u00e1 una factura que deber\u00e1 liquidar antes del env\u00edo. <\/p>\n\n\n\n<p class=\"font-sans text-md font-light primary m-t-none m-b-none\">Para un<strong> Facturaci\u00f3n a 30 d\u00edas<\/strong>, <a href=\"mailto:info@mademoiselle.flowers\">contacte con nosotros por correo electr\u00f3nico<\/a>Nos pondremos en contacto con usted en menos de una hora. Crearemos juntos una cuenta de cliente. A final de mes, recibir\u00e1s una factura recapitulativa de tus compras, pagadera en un plazo de 30 d\u00edas.<\/p>\n\n\n\n<div style=\"height:74px\" aria-hidden=\"true\" class=\"wp-block-spacer\"><\/div>\n<\/div>\n<\/div>\n\n\n\n<div class=\"wp-block-columns grid about-section is-layout-flex wp-container-core-columns-is-layout-3 wp-block-columns-is-layout-flex\">\n<div class=\"wp-block-column col-desk-5 col-tab-5 col-mob-4 p-l-none p-r-none m-y-auto js-parallax-richtext is-layout-flow wp-block-column-is-layout-flow\">\n<h2 class=\"font-serif text-30 font-normal primary deco m-b-none wp-block-heading\">\u00bfUn pedido de 3 ramos (y m\u00e1s...)?<\/h2>\n\n\n\n<p class=\"font-sans text-md font-light primary m-t-none m-b-none\">Para un <strong>compra a granel<\/strong> (a partir de 3 ramos), no es necesario que haga su pedido en l\u00ednea, nuestro servicio de atenci\u00f3n al cliente se encargar\u00e1 de hacer su pedido y le enviar\u00e1 una factura. El pago se realizar\u00e1 al recibir la factura. Le enviaremos los ramos despu\u00e9s del pago o directamente si tiene un contrato marco. <a href=\"mailto:info@mademoiselle.flowers\">P\u00f3ngase en contacto con nosotros para hablar.<\/a><\/p>\n<\/div>\n\n\n\n<div class=\"wp-block-column col-desk-6 col-tab-6 col-mob-4 p-r-none p-l-none m-l-auto is-layout-flow wp-block-column-is-layout-flow\">\n<figure class=\"wp-block-image size-large who__img-contain\"><img decoding=\"async\" width=\"1460\" height=\"973\" src=\"https:\/\/mademoiselle.flowers\/wp-content\/uploads\/2021\/07\/Charlotte-HOME-1460x973.jpg\" alt=\"Encargar ramos de flores para el cumplea\u00f1os de un colega\" class=\"wp-image-2712\" srcset=\"https:\/\/mademoiselle.flowers\/wp-content\/uploads\/2021\/07\/Charlotte-HOME-1460x973.jpg 1460w, https:\/\/mademoiselle.flowers\/wp-content\/uploads\/2021\/07\/Charlotte-HOME-600x400.jpg 600w, https:\/\/mademoiselle.flowers\/wp-content\/uploads\/2021\/07\/Charlotte-HOME-768x512.jpg 768w, https:\/\/mademoiselle.flowers\/wp-content\/uploads\/2021\/07\/Charlotte-HOME-1600x1066.jpg 1600w, https:\/\/mademoiselle.flowers\/wp-content\/uploads\/2021\/07\/Charlotte-HOME-1536x1024.jpg 1536w, https:\/\/mademoiselle.flowers\/wp-content\/uploads\/2021\/07\/Charlotte-HOME-16x12.jpg 16w, https:\/\/mademoiselle.flowers\/wp-content\/uploads\/2021\/07\/Charlotte-HOME-700x467.jpg 700w, https:\/\/mademoiselle.flowers\/wp-content\/uploads\/2021\/07\/Charlotte-HOME-1920x1280.jpg 1920w, https:\/\/mademoiselle.flowers\/wp-content\/uploads\/2021\/07\/Charlotte-HOME.jpg 2048w\" sizes=\"(max-width: 1460px) 100vw, 1460px\" \/><\/figure>\n\n\n\n<div style=\"height:35px\" aria-hidden=\"true\" class=\"wp-block-spacer\"><\/div>\n<\/div>\n<\/div>\n\n\n\n<div class=\"wp-block-columns grid about-section items-top p-l-none p-r-none is-layout-flex wp-container-core-columns-is-layout-4 wp-block-columns-is-layout-flex\">\n<div class=\"wp-block-column who__container-right col-desk-6 col-tab-6 col-mob-4 p-l-none p-r-none is-layout-flow wp-block-column-is-layout-flow\">\n<figure class=\"wp-block-image size-large who__img-contain\"><img decoding=\"async\" width=\"1154\" height=\"1460\" src=\"https:\/\/mademoiselle.flowers\/wp-content\/uploads\/2021\/02\/QUE-PENSE-1154x1460.jpg\" alt=\"entrega de flores con factura\" class=\"wp-image-1152\" srcset=\"https:\/\/mademoiselle.flowers\/wp-content\/uploads\/2021\/02\/QUE-PENSE-1154x1460.jpg 1154w, https:\/\/mademoiselle.flowers\/wp-content\/uploads\/2021\/02\/QUE-PENSE-474x600.jpg 474w, https:\/\/mademoiselle.flowers\/wp-content\/uploads\/2021\/02\/QUE-PENSE-768x972.jpg 768w, https:\/\/mademoiselle.flowers\/wp-content\/uploads\/2021\/02\/QUE-PENSE-1600x2025.jpg 1600w, https:\/\/mademoiselle.flowers\/wp-content\/uploads\/2021\/02\/QUE-PENSE-1214x1536.jpg 1214w, https:\/\/mademoiselle.flowers\/wp-content\/uploads\/2021\/02\/QUE-PENSE-1618x2048.jpg 1618w, https:\/\/mademoiselle.flowers\/wp-content\/uploads\/2021\/02\/QUE-PENSE-9x12.jpg 9w, https:\/\/mademoiselle.flowers\/wp-content\/uploads\/2021\/02\/QUE-PENSE-700x886.jpg 700w, https:\/\/mademoiselle.flowers\/wp-content\/uploads\/2021\/02\/QUE-PENSE-1920x2430.jpg 1920w, https:\/\/mademoiselle.flowers\/wp-content\/uploads\/2021\/02\/QUE-PENSE-scaled.jpg 2023w\" sizes=\"(max-width: 1154px) 100vw, 1154px\" \/><\/figure>\n<\/div>\n\n\n\n<div class=\"wp-block-column col-desk-5 col-tab-5 col-mob-shift-0 col-mob-4 p-r-none p-l-none m-l-auto m-y-auto js-parallax-richtext is-layout-flow wp-block-column-is-layout-flow\">\n<h2 class=\"font-serif text-30 font-normal primary deco m-b-none m-t-none wp-block-heading\">Entregas adaptadas<\/h2>\n\n\n\n<p class=\"font-sans text-md font-light primary m-t-none m-b-none\">Si desea que se le entregue su mercanc\u00eda <strong>varios ramos en la misma direcci\u00f3n<\/strong> (a menudo de su empresa) con mensajes individuales, <a href=\"mailto:info@mademoiselle.flowers\">contacto con nosotros<\/a>Ofrecemos una entrega agrupada con gastos de env\u00edo adaptados.<\/p>\n\n\n\n<div style=\"height:100px\" aria-hidden=\"true\" class=\"wp-block-spacer\"><\/div>\n<\/div>\n<\/div>\n\n\n\n<div class=\"wp-block-columns is-layout-flex wp-container-core-columns-is-layout-5 wp-block-columns-is-layout-flex\">\n<div class=\"wp-block-column grid about-section is-layout-flow wp-block-column-is-layout-flow\">\n<h2 class=\"font-serif text-30 font-normal primary deco m-b-none wp-block-heading\">Nuestras suscripciones, para flores mensuales en su oficina<\/h2>\n\n\n\n<p class=\"font-sans text-md font-light primary m-t-none m-b-none\">Cada mes, a\u00f1ada el delicado toque de un ramo mademoiselle a su espacio profesional. Le ofrecemos nuestra gama de ramos de flores en forma de abono profesional - factura incluida. <br>Descubra nuestro <a href=\"https:\/\/mademoiselle.flowers\/es\/nuestras-suscripciones\/\">soluciones de suscripci\u00f3n mensual<\/a>.<\/p>\n\n\n\n<div style=\"height:168px\" aria-hidden=\"true\" class=\"wp-block-spacer\"><\/div>\n\n\n\n<p class=\"font-sans text-md font-light primary m-t-none m-b-none\"><br><\/p>\n\n\n\n<div style=\"height:22px\" aria-hidden=\"true\" class=\"wp-block-spacer\"><\/div>\n<\/div>\n<\/div>\n<\/div><\/div>","protected":false},"excerpt":{"rendered":"<p>Soluciones para empresas Una oferta premium para empresas preocupadas por la imagen La vida corporativa tambi\u00e9n significa celebrar los momentos especiales de un empleado (nacimiento, cumplea\u00f1os, boda, etc.) y compartir la alegr\u00eda de un \u00e9xito o una victoria. En un momento en que la contrataci\u00f3n de nuevos empleados puede ser una tarea complicada, una cultura de empresa s\u00f3lida, [...]<\/p>","protected":false},"author":439,"featured_media":0,"parent":0,"menu_order":0,"comment_status":"closed","ping_status":"closed","template":"","meta":{"inline_featured_image":false,"_uag_custom_page_level_css":"","footnotes":""},"class_list":["post-3467","page","type-page","status-publish","hentry"],"acf":[],"uagb_featured_image_src":{"full":false,"thumbnail":false,"medium":false,"medium_large":false,"large":false,"gs-tiny":false,"xl":false,"xxl":false,"xxxl":false,"xxxxl":false,"xxxxxl":false,"1536x1536":false,"2048x2048":false,"trp-custom-language-flag":false,"woocommerce_thumbnail":false,"woocommerce_single":false,"woocommerce_gallery_thumbnail":false},"uagb_author_info":{"display_name":"","author_link":"https:\/\/mademoiselle.flowers\/es\/author\/ml-si\/"},"uagb_comment_info":0,"uagb_excerpt":"Solutions pour Entreprises Une offre premium pour les soci\u00e9t\u00e9s soucieuses de leur image La vie d&rsquo;une entreprise, c&rsquo;est \u00e9galement f\u00eater les moments forts d&rsquo;un employ\u00e9 (naissance, anniversaire, mariage, &#8230;) mais aussi partager la joie d&rsquo;une r\u00e9ussite ou d&rsquo;une victoire. \u00c0 l&rsquo;heure o\u00f9 le recrutement de collaborateurs est parfois une mission compliqu\u00e9e, une culture d&rsquo;entreprise forte,&hellip;","_links":{"self":[{"href":"https:\/\/mademoiselle.flowers\/es\/wp-json\/wp\/v2\/pages\/3467"}],"collection":[{"href":"https:\/\/mademoiselle.flowers\/es\/wp-json\/wp\/v2\/pages"}],"about":[{"href":"https:\/\/mademoiselle.flowers\/es\/wp-json\/wp\/v2\/types\/page"}],"author":[{"embeddable":true,"href":"https:\/\/mademoiselle.flowers\/es\/wp-json\/wp\/v2\/users\/439"}],"replies":[{"embeddable":true,"href":"https:\/\/mademoiselle.flowers\/es\/wp-json\/wp\/v2\/comments?post=3467"}],"version-history":[{"count":9,"href":"https:\/\/mademoiselle.flowers\/es\/wp-json\/wp\/v2\/pages\/3467\/revisions"}],"predecessor-version":[{"id":6323,"href":"https:\/\/mademoiselle.flowers\/es\/wp-json\/wp\/v2\/pages\/3467\/revisions\/6323"}],"wp:attachment":[{"href":"https:\/\/mademoiselle.flowers\/es\/wp-json\/wp\/v2\/media?parent=3467"}],"curies":[{"name":"wp","href":"https:\/\/api.w.org\/{rel}","templated":true}]}}