{"id":1699,"date":"2021-04-14T20:38:41","date_gmt":"2021-04-14T18:38:41","guid":{"rendered":"https:\/\/mademoiselle.flowers\/?page_id=1699"},"modified":"2022-06-30T13:26:01","modified_gmt":"2022-06-30T11:26:01","slug":"bouquets-fleurs","status":"publish","type":"page","link":"https:\/\/mademoiselle.flowers\/fi\/kukkakimput\/","title":{"rendered":"C1 - Kukkakimput"},"content":{"rendered":"<div class=\"wp-block-group grid about-section items-top deco-bottom deco-small\"><div class=\"wp-block-group__inner-container is-layout-flow wp-block-group-is-layout-flow\">\n<div style=\"height:112px\" aria-hidden=\"true\" class=\"wp-block-spacer\"><\/div>\n\n\n\n<div class=\"wp-block-uagb-advanced-heading uagb-block-31ce67c9 font-serif text-25 font-normal primary\"><h1 class=\"uagb-heading-text\"><strong>Kukkakimput<\/strong><\/h1><div class=\"uagb-separator-wrap\"><div class=\"uagb-separator\"><\/div><\/div><p class=\"uagb-desc-text\">Tutustu kukkakimppujen monimutkaiseen maailmaan<\/p><\/div>\n\n\n\n<div class=\"wp-block-columns is-layout-flex wp-container-core-columns-is-layout-1 wp-block-columns-is-layout-flex\">\n<div class=\"wp-block-column grid about-section is-layout-flow wp-block-column-is-layout-flow\">\n<h2 class=\"font-serif text-30 font-normal primary deco wp-block-heading\">Kaikki kukkien biologiasta<\/h2>\n\n\n\n<p class=\"font-sans text-md font-light primary m-t-none m-b-none\">Kukat ovat t\u00e4rkein elin, joka muodostaa kukkakimpun, ymm\u00e4rt\u00e4\u00e4ksemme niiden genetiikkaa ja niiden erityispiirteit\u00e4, meid\u00e4n on tarkasteltava <strong><a href=\"https:\/\/mademoiselle.flowers\/fi\/kukkakimput\/\">kukkien biologia<\/a>.<\/strong> Saat sitten tietoa niiden lis\u00e4\u00e4ntymisest\u00e4, elinymp\u00e4rist\u00f6st\u00e4, ymp\u00e4rist\u00f6st\u00e4 ja k\u00e4ytt\u00e4ytymisest\u00e4.<\/p>\n\n\n\n<h2 class=\"font-serif text-30 font-normal primary deco wp-block-heading\">Mik\u00e4 on kukkakimppu?<\/h2>\n\n\n\n<p class=\"font-sans text-md font-light primary m-t-none m-b-none\">Les <strong>kukkakimput<\/strong> ovat luovia kokoonpanoja <a href=\"https:\/\/mademoiselle.flowers\/fi\/c0-kukat\/\">kukkia<\/a>Yhdistelm\u00e4t luodaan siten, ett\u00e4 muodot, v\u00e4rit ja tuoksut muodostavat harmonisen kokonaisuuden. Yhdistelm\u00e4t muodostetaan siten, ett\u00e4 muodot, v\u00e4rit ja tuoksut muodostavat harmonisen kokonaisuuden. Niit\u00e4 arvostetaan lahjoina, mik\u00e4 tekee siit\u00e4 <a href=\"https:\/\/mademoiselle.flowers\/fi\/\">kukka toimitus Belgia<\/a> niin suosittu.<\/p>\n\n\n\n<p class=\"font-sans text-md font-light primary m-t-none m-b-none\">Luominen kaunis <strong>kukkakimput<\/strong> ei ole pelkk\u00e4 luovan kokoonpanon asia. Saatat ajatella, ett\u00e4 ensimm\u00e4inen asia, joka on otettava huomioon, on estetiikka, tunnelma tai viesti, jonka haluat v\u00e4litt\u00e4\u00e4... et ole v\u00e4\u00e4r\u00e4ss\u00e4. Kukkakimppu koostuu kuitenkin ennen kaikkea kauniista kukista. N\u00e4ill\u00e4 pienill\u00e4 ihmeill\u00e4 on erityinen biologia, jota on t\u00e4rke\u00e4\u00e4 ymm\u00e4rt\u00e4\u00e4, jotta niiden v\u00e4rin, avautumisen, hajuvesien jne. kehityst\u00e4 voidaan hallita. T\u00e4t\u00e4 varten kukkasipulien istutusta tarkasteltaessa kukkien ker\u00e4\u00e4minen on t\u00e4rke\u00e4 edellytys. Se kertoo paljon elini\u00e4st\u00e4, lajista ja ennen kaikkea kukinta-ajasta. Tulppaanit eiv\u00e4t nimitt\u00e4in kasva elokuussa! Kun suunnittelet kukkakimppua, yhdistelmien ja kukkien valinta on t\u00e4rke\u00e4\u00e4. Kollegalle ei anneta punaisia ruusuja... (ne on varattu rakastavaisille).<\/p>\n\n\n\n<h2 class=\"font-serif text-30 font-normal primary deco m-b-none wp-block-heading\">Kukkien tuoksu, hajutaide<\/h2>\n\n\n\n<p class=\"font-sans text-md font-light primary m-t-none m-b-none\">Luonnon meille tarjoamat kukat tarjoavat laajan ja tuoksuvan valikoiman tuoksuja, jotka ilahduttavat nen\u00e4\u00e4mme! Kukkia on k\u00e4ytetty pitk\u00e4\u00e4n luonnollisen hajuveden koostumuksessa, ja ne ovat olennainen osa hajuvesien luomista. Vuonna 1889 Aim\u00e9 Guerlain loi ensimm\u00e4isen suuren luonnollisiin esansseihin perustuvan hajuveden Jickyss\u00e4. Nyky\u00e4\u00e4n kukkakimppu on tuoksutettava, jotta se tuoksuu huoneeseen ja saa sen vastaanottajan matkustamaan. T\u00e4m\u00e4 on my\u00f6s osa kukkien antamisen iloa.<\/p>\n\n\n\n<p class=\"font-sans text-md font-light primary m-t-none m-b-none\"><strong>The <a href=\"https:\/\/mademoiselle.flowers\/fi\/f-c1b-parfum-des-fleurs\/\">kukkien tuoksu<\/a><\/strong>Siksi se on t\u00e4rke\u00e4\u00e4. On parasta v\u00e4ltt\u00e4\u00e4 erilaisten voimakkaasti tuoksuvien kukkien k\u00e4ytt\u00f6\u00e4 yhdess\u00e4. Yhden tuoksun k\u00e4ytt\u00e4minen antaa hienovaraisemman vaikutuksen, joka tuoksuttaa huoneen, johon se on sijoitettu.<\/p>\n\n\n\n<p class=\"font-sans text-md font-light primary m-t-none m-b-none\">Kukkien yhdist\u00e4minen on herkk\u00e4\u00e4 alkemiaa!<\/p>\n\n\n\n<div style=\"height:100px\" aria-hidden=\"true\" class=\"wp-block-spacer\"><\/div>\n\n\n\n<figure class=\"wp-block-image size-medium is-resized font-sans text-md font-light primary m-t-none m-b-none uag-hide-mob\"><img decoding=\"async\" src=\"https:\/\/mademoiselle.flowers\/wp-content\/uploads\/2021\/04\/42-17042021-950A2202-Olivia-Poncelet-Mademoiselle-Bouquet-HD-Screen-300-copie-3-600x400.jpg\" alt=\"\" class=\"wp-image-1866\" width=\"600\" height=\"400\" srcset=\"https:\/\/mademoiselle.flowers\/wp-content\/uploads\/2021\/04\/42-17042021-950A2202-Olivia-Poncelet-Mademoiselle-Bouquet-HD-Screen-300-copie-3-600x400.jpg 600w, https:\/\/mademoiselle.flowers\/wp-content\/uploads\/2021\/04\/42-17042021-950A2202-Olivia-Poncelet-Mademoiselle-Bouquet-HD-Screen-300-copie-3-1460x973.jpg 1460w, https:\/\/mademoiselle.flowers\/wp-content\/uploads\/2021\/04\/42-17042021-950A2202-Olivia-Poncelet-Mademoiselle-Bouquet-HD-Screen-300-copie-3-768x512.jpg 768w, https:\/\/mademoiselle.flowers\/wp-content\/uploads\/2021\/04\/42-17042021-950A2202-Olivia-Poncelet-Mademoiselle-Bouquet-HD-Screen-300-copie-3-1600x1067.jpg 1600w, https:\/\/mademoiselle.flowers\/wp-content\/uploads\/2021\/04\/42-17042021-950A2202-Olivia-Poncelet-Mademoiselle-Bouquet-HD-Screen-300-copie-3-1536x1024.jpg 1536w, https:\/\/mademoiselle.flowers\/wp-content\/uploads\/2021\/04\/42-17042021-950A2202-Olivia-Poncelet-Mademoiselle-Bouquet-HD-Screen-300-copie-3-2048x1365.jpg 2048w, https:\/\/mademoiselle.flowers\/wp-content\/uploads\/2021\/04\/42-17042021-950A2202-Olivia-Poncelet-Mademoiselle-Bouquet-HD-Screen-300-copie-3-16x12.jpg 16w, https:\/\/mademoiselle.flowers\/wp-content\/uploads\/2021\/04\/42-17042021-950A2202-Olivia-Poncelet-Mademoiselle-Bouquet-HD-Screen-300-copie-3-700x467.jpg 700w, https:\/\/mademoiselle.flowers\/wp-content\/uploads\/2021\/04\/42-17042021-950A2202-Olivia-Poncelet-Mademoiselle-Bouquet-HD-Screen-300-copie-3-1920x1280.jpg 1920w\" sizes=\"(max-width: 600px) 100vw, 600px\" \/><\/figure>\n\n\n\n<h2 class=\"font-serif text-30 font-normal primary deco m-b-none wp-block-heading\">Miten kasvatat ja ker\u00e4\u00e4t kukkia?<\/h2>\n\n\n\n<p class=\"font-sans text-md font-light primary m-t-none m-b-none\">La <strong><a href=\"https:\/\/mademoiselle.flowers\/fi\/f-c1-d-recolter-des-fleurs\/\">kukkien kasvattaminen<\/a><\/strong> on ensimm\u00e4inen vaihe kukkakimpun suunnittelussa. Kukkasadon lopullinen tavoite on koota kukat kukkasidonnaiseksi luomukseksi. Olivatpa kukat luonnonvaraisia (ilman torjunta-aineita) ja pelloilta tai kaupallisesta ja valvotusta viljelyst\u00e4, sato on sama. T\u00e4m\u00e4n j\u00e4lkeen voidaan kysy\u00e4, onko viljely ekologista vai ei. <\/p>\n\n\n\n<h2 class=\"font-serif text-30 font-normal primary deco wp-block-heading\">Miten suunnitella kimppu?<\/h2>\n\n\n\n<p class=\"font-sans text-md font-light primary m-t-none m-b-none\">La <strong><a href=\"https:\/\/mademoiselle.flowers\/fi\/f-c1-e-concevoir-un-bouquet\/\">kukkakimppujen suunnittelu<\/a><\/strong> ei ole helppo teht\u00e4v\u00e4, mutta muutama yksinkertainen s\u00e4\u00e4nt\u00f6 voi tehd\u00e4 kukka-asetelmastasi onnistuneen. Kauniiden ja harmonisten kukkakimppujen luominen on taiteilijan ty\u00f6t\u00e4, ja kaikki riippuu siit\u00e4, millaisen tuloksen haluat saavuttaa.<br>Ensimm\u00e4inen vaihe on v\u00e4rien sekoittaminen, kukkien lajikkeen ja kimpun muodon valitseminen.<\/p>\n\n\n\n<h2 class=\"font-serif text-30 font-normal primary deco wp-block-heading\">Jokaisella kukalla on oma merkityksens\u00e4!<\/h2>\n\n\n\n<p class=\"font-sans text-md font-light primary m-t-none m-b-none\">Kukkakimppua luotaessa on my\u00f6s kunnioitettava aikojen saatossa syntyneit\u00e4 konventioita: kimpun muotoilussa on noudatettava <strong><a href=\"https:\/\/mademoiselle.flowers\/fi\/f-c1-c\/\">kukkien merkitys<\/a><\/strong>. Jotta v\u00e4ltytt\u00e4isiin k\u00f6mpel\u00f6ilt\u00e4 eleilt\u00e4, on t\u00e4rke\u00e4\u00e4 varmistaa, ett\u00e4 kukan symboliikka vastaa sit\u00e4 tunnetta, joka kukkakimpulla halutaan v\u00e4litt\u00e4\u00e4. V\u00e4rin lis\u00e4ksi my\u00f6s kukan suku on t\u00e4rke\u00e4. Esimerkiksi kun kyse on rakkaudesta, kannattaa valita tieruusut. Lyhyesti sanottuna, jokaiseen tilaisuuteen on oma kukkatyyppi! <\/p>\n\n\n\n<h2 class=\"font-serif text-30 font-normal primary deco wp-block-heading\">Miksi siis tehd\u00e4 kukkakimppu?<\/h2>\n\n\n\n<p class=\"font-sans text-md font-light primary m-t-none m-b-none\">Kukkakimppuja on k\u00e4ytetty Brueghelin varhaisimmista maalauksista l\u00e4htien.<strong>estetiikka ja taide<\/strong>. Kaunis kukkakimppu on todellakin ihanteellinen kosketus huoneen, eteisen tai keitti\u00f6n p\u00f6yd\u00e4n koristeluun, sill\u00e4 se antaa sille charmia tai v\u00e4rikk\u00e4\u00e4n ja eloisan ilmeen. <\/p>\n\n\n\n<p class=\"font-sans text-md font-light primary m-t-none m-b-none\">Olivatpa kukat suuria ja hoikkia tai pienempi\u00e4 ja ker\u00e4ttyj\u00e4, ne muodostavat niit\u00e4 vastaavan kimpun: pienen, keskikokoisen tai suuren... sisustajien ja sisustussuunnittelijoiden suurimmaksi iloksi.<\/p>\n\n\n\n<h2 class=\"font-serif text-30 font-normal primary deco wp-block-heading\">Miksi pakata kukkakimppu?<\/h2>\n\n\n\n<p class=\"font-sans text-md font-light primary m-t-none m-b-none\">Aiemmin kukkakimput tarjottiin ilman pakkausta, koska sit\u00e4 k\u00e4ytettiin vain suojaamiseen ja kuljetukseen. T\u00e4n\u00e4\u00e4n t\u00e4m\u00e4 s\u00e4\u00e4nt\u00f6 on muuttunut! Oletko miettinyt, miten t\u00e4m\u00e4 kaunis kimppu, joka on koottu rakkaudella ja joka on k\u00e4ynyt l\u00e4pi kaikki istutuksen, kukinnan, sadonkorjuun, ... vaiheet, pysyy ylev\u00e4n\u00e4, kun se saapuu kotiisi tai henkil\u00f6lle, jolle tarjoat sen? Pakkauskysymys ei ole mik\u00e4\u00e4n pieni sivuseikka. On t\u00e4rke\u00e4\u00e4 pit\u00e4\u00e4 siit\u00e4 huolta, sill\u00e4 et halua, ett\u00e4 kimppu heikkenee rumassa paketissa, etk\u00e4 unohda suojata sit\u00e4 tai antaa sille vett\u00e4... jolloin vaarana on, ett\u00e4 toimitat vanhentuneita kukkia.<br>Kukkakaupat pakkaavat kukkakimput kauniisiin, v\u00e4rikk\u00e4isiin astioihin, jotka ovat olennainen osa esteettist\u00e4 ja lahjan antamista. Kun on kyse sen l\u00e4hett\u00e4misest\u00e4 <a href=\"https:\/\/belgium.mademoiselle.flowers\/fi\/kukkien-toimitus-bruxelles-1000-1.html\">kukka toimitus Bryssel<\/a> Esimerkiksi, vaikka m\u00e4\u00e4r\u00e4np\u00e4\u00e4 olisi l\u00e4hell\u00e4 kukkakauppaamme, on huolehdittava riitt\u00e4v\u00e4st\u00e4 pakkauksesta.<\/p>\n\n\n\n<p class=\"font-sans text-md font-light primary m-t-none m-b-none\">Pakkauksilla on kuitenkin my\u00f6s k\u00e4yt\u00e4nn\u00f6llisempi, suojaava teht\u00e4v\u00e4. <strong>pit\u00e4\u00e4 kimppu<\/strong> m\u00e4\u00e4r\u00e4np\u00e4\u00e4h\u00e4n ja m\u00e4\u00e4r\u00e4np\u00e4\u00e4st\u00e4.<\/p>\n\n\n\n<h2 class=\"font-serif text-30 font-normal primary wp-block-heading\">Miten saada kukkakimppu n\u00e4ytt\u00e4m\u00e4\u00e4n hyv\u00e4lt\u00e4 kotonasi?<\/h2>\n\n\n\n<p class=\"font-sans text-md font-light primary m-t-none m-b-none\">Kun kimppu on koottu, tarjottu ja toimitettu kotiisi, sinun on l\u00f6ydett\u00e4v\u00e4 sille ihanteellinen paikka. On suuri ero ikkunalaudalle onnettomasti asetetun kauniin kukkakimpun ja suuren ruokap\u00f6yd\u00e4n keskelle mestarillisesti asetetun kukkakimpun v\u00e4lill\u00e4. Kukilla on esteettisyys, kauneus, jota meid\u00e4n on ymm\u00e4rrett\u00e4v\u00e4, kunnioitettava ja alistettava! Sinun on my\u00f6s otettava huomioon kimpun eri muodot: pienet ja tiiviit (kuten morsiuskimput), suuret ja hoikat, joissa on pitk\u00e4t varret... maljakon valinta ja niiden sijainti on t\u00e4rke\u00e4\u00e4, jotta ne korostuvat oikein.<\/p>\n\n\n\n<h2 class=\"font-serif text-30 font-normal primary deco wp-block-heading\">Kukkien hoito<\/h2>\n\n\n\n<p class=\"font-sans text-md font-light primary m-t-none m-b-none\">Kukkakimpun vieh\u00e4tys on sen katoavainen luonne. Se ilmaisee el\u00e4m\u00e4\u00e4, tunnetta, varastettua hetke\u00e4... ja ehk\u00e4 juuri siksi, ett\u00e4 se on katoavaista, se on niin kaunista. Okei, mutta sanot minulle, ett\u00e4 jos saamme hyv\u00e4t hetket kest\u00e4m\u00e4\u00e4n, se ei ole huono juttu! T\u00e4t\u00e4 varten sinun on tunnettava kukkakimpun hoidon niksit. Kukkien sijoittelusta talossa, varsien leikkaamiseen tai veden vaihtamiseen... on suuri ero siin\u00e4, miten saat kukkakimppusi kest\u00e4m\u00e4\u00e4n. Ja niille, jotka ovat nostalgisia ja haluavat pit\u00e4\u00e4 materiaaliset muistot elossa... miksi ei kuivata sit\u00e4?<br><br>L'<strong>kukkien hoito<\/strong> on tarpeen, jotta voit nauttia kukkakimpuista pidemp\u00e4\u00e4n. Kun kukat on leikattu, niist\u00e4 tulee pilaantuvia, mutta on olemassa joitakin neuvoja hyvist\u00e4 eleist\u00e4, joiden avulla voit huolehtia niist\u00e4. Varsien huolto, maljakon valinta, vesi ja kukkakimpun sijainti ovat tekij\u00f6it\u00e4, jotka on otettava huomioon sen vastaanotossa. Unohtamatta niit\u00e4 muutamia asioita, jotka on teht\u00e4v\u00e4 seuraavina p\u00e4ivin\u00e4 ja erityistapauksissa!<\/p>\n\n\n\n<p class=\"font-sans text-md font-light primary m-t-none m-b-none\"><strong>Lue my\u00f6s: <\/strong><br><\/p>\n\n\n\n<p class=\"font-sans text-md font-light primary m-t-none m-b-none\">Kukkien hy\u00f6dyllisyys<br>Kukkien antamisen ilo<br>Osta kukkia verkossa<br>L\u00e4het\u00e4 kukkia<br>Kukat liike-el\u00e4m\u00e4ss\u00e4 (B2B)<br>Kukkakauppiaan ammatti<br><\/p>\n<\/div>\n<\/div>\n<\/div><\/div>\n\n\n\n<div class=\"wp-block-columns card-descover__container grid about-section m-b-2xl deco-top is-layout-flex wp-container-core-columns-is-layout-2 wp-block-columns-is-layout-flex\">\n<div class=\"wp-block-column card-descover__left col-desk-6 col-tab-6 col-mob-2 p-l-none is-layout-flow wp-block-column-is-layout-flow\">\n<div class=\"wp-block-group relative\"><div class=\"wp-block-group__inner-container is-layout-flow wp-block-group-is-layout-flow\">\n<figure class=\"wp-block-image size-large who__img-contain\"><img decoding=\"async\" width=\"1365\" height=\"768\" src=\"https:\/\/mademoiselle.flowers\/wp-content\/uploads\/2021\/02\/ABONNEMENT-12MOIS-edited.jpg\" alt=\"Kukka toimitus koko kuningaskunnassa\" class=\"wp-image-1161\" srcset=\"https:\/\/mademoiselle.flowers\/wp-content\/uploads\/2021\/02\/ABONNEMENT-12MOIS-edited.jpg 1365w, https:\/\/mademoiselle.flowers\/wp-content\/uploads\/2021\/02\/ABONNEMENT-12MOIS-edited-700x394.jpg 700w, https:\/\/mademoiselle.flowers\/wp-content\/uploads\/2021\/02\/ABONNEMENT-12MOIS-edited-600x338.jpg 600w, https:\/\/mademoiselle.flowers\/wp-content\/uploads\/2021\/02\/ABONNEMENT-12MOIS-edited-768x432.jpg 768w, https:\/\/mademoiselle.flowers\/wp-content\/uploads\/2021\/02\/ABONNEMENT-12MOIS-edited-16x9.jpg 16w\" sizes=\"(max-width: 1365px) 100vw, 1365px\" \/><\/figure>\n\n\n\n<p class=\"button--white upperCase d-inline-block cursor-pointer center--middle\"><a href=\"\/fi\/\">L\u00e4het\u00e4 kukkien Belgia<\/a><\/p>\n<\/div><\/div>\n<\/div>\n\n\n\n<div class=\"wp-block-column card-descover__right col-desk-6 col-tab-6 col-mob-2 p-r-none is-layout-flow wp-block-column-is-layout-flow\">\n<div class=\"wp-block-group relative\"><div class=\"wp-block-group__inner-container is-layout-flow wp-block-group-is-layout-flow\">\n<figure class=\"wp-block-image size-large who__img-contain\"><img decoding=\"async\" width=\"350\" height=\"197\" src=\"https:\/\/mademoiselle.flowers\/wp-content\/uploads\/2021\/02\/victoire-ambiance-a-edited.jpg\" alt=\"Kukka tilaus Belgia - Eurooppa\" class=\"wp-image-1165\" srcset=\"https:\/\/mademoiselle.flowers\/wp-content\/uploads\/2021\/02\/victoire-ambiance-a-edited.jpg 350w, https:\/\/mademoiselle.flowers\/wp-content\/uploads\/2021\/02\/victoire-ambiance-a-edited-16x9.jpg 16w\" sizes=\"(max-width: 350px) 100vw, 350px\" \/><\/figure>\n\n\n\n<p class=\"button--white upperCase d-inline-block cursor-pointer center--middle\"><a href=\"https:\/\/mademoiselle.flowers\/fi\/meidan-tilaukset-2\/\">Meid\u00e4n kukkakimppu tilaukset<\/a> <\/p>\n<\/div><\/div>\n<\/div>\n<\/div>\n\n\n\n<p><\/p>","protected":false},"excerpt":{"rendered":"<p>Les bouquets de fleurs D\u00e9couvrez l&rsquo;univers complexe des bouquets des fleurs Tout savoir sur la biologie des fleurs Les fleurs sont l\u2019organe principal qui compose le bouquet, pour comprendre leur g\u00e9n\u00e9tique et leurs particularit\u00e9s, il faut s\u2019int\u00e9resser \u00e0 la biologie des fleurs. Vous aurez alors des informations sur leur reproduction, leur habitat, leur environnement et [&hellip;]<\/p>","protected":false},"author":439,"featured_media":0,"parent":0,"menu_order":0,"comment_status":"closed","ping_status":"closed","template":"","meta":{"inline_featured_image":false,"_uag_custom_page_level_css":"","footnotes":""},"class_list":["post-1699","page","type-page","status-publish","hentry"],"acf":[],"uagb_featured_image_src":{"full":false,"thumbnail":false,"medium":false,"medium_large":false,"large":false,"gs-tiny":false,"xl":false,"xxl":false,"xxxl":false,"xxxxl":false,"xxxxxl":false,"1536x1536":false,"2048x2048":false,"trp-custom-language-flag":false,"woocommerce_thumbnail":false,"woocommerce_single":false,"woocommerce_gallery_thumbnail":false},"uagb_author_info":{"display_name":"","author_link":"https:\/\/mademoiselle.flowers\/fi\/author\/ml-si\/"},"uagb_comment_info":0,"uagb_excerpt":"Les bouquets de fleurs D\u00e9couvrez l&rsquo;univers complexe des bouquets des fleurs Tout savoir sur la biologie des fleurs Les fleurs sont l\u2019organe principal qui compose le bouquet, pour comprendre leur g\u00e9n\u00e9tique et leurs particularit\u00e9s, il faut s\u2019int\u00e9resser \u00e0 la biologie des fleurs. Vous aurez alors des informations sur leur reproduction, leur habitat, leur environnement et&hellip;","_links":{"self":[{"href":"https:\/\/mademoiselle.flowers\/fi\/wp-json\/wp\/v2\/pages\/1699"}],"collection":[{"href":"https:\/\/mademoiselle.flowers\/fi\/wp-json\/wp\/v2\/pages"}],"about":[{"href":"https:\/\/mademoiselle.flowers\/fi\/wp-json\/wp\/v2\/types\/page"}],"author":[{"embeddable":true,"href":"https:\/\/mademoiselle.flowers\/fi\/wp-json\/wp\/v2\/users\/439"}],"replies":[{"embeddable":true,"href":"https:\/\/mademoiselle.flowers\/fi\/wp-json\/wp\/v2\/comments?post=1699"}],"version-history":[{"count":10,"href":"https:\/\/mademoiselle.flowers\/fi\/wp-json\/wp\/v2\/pages\/1699\/revisions"}],"predecessor-version":[{"id":5768,"href":"https:\/\/mademoiselle.flowers\/fi\/wp-json\/wp\/v2\/pages\/1699\/revisions\/5768"}],"wp:attachment":[{"href":"https:\/\/mademoiselle.flowers\/fi\/wp-json\/wp\/v2\/media?parent=1699"}],"curies":[{"name":"wp","href":"https:\/\/api.w.org\/{rel}","templated":true}]}}