{"id":2324,"date":"2021-05-28T12:52:55","date_gmt":"2021-05-28T10:52:55","guid":{"rendered":"https:\/\/mademoiselle.flowers\/?page_id=2324"},"modified":"2023-02-04T13:49:58","modified_gmt":"2023-02-04T12:49:58","slug":"c0-fleurs","status":"publish","type":"page","link":"https:\/\/mademoiselle.flowers\/fi\/c0-kukat\/","title":{"rendered":"C0 - Kodin Cocoon"},"content":{"rendered":"<div class=\"wp-block-group\"><div class=\"wp-block-group__inner-container is-layout-flow wp-block-group-is-layout-flow\">\n<div style=\"height:112px\" aria-hidden=\"true\" class=\"wp-block-spacer\"><\/div>\n<\/div><\/div>\n\n\n\n<div class=\"wp-block-uagb-advanced-heading uagb-block-9446e6f4 font-serif text-25 font-normal primary\"><h1 class=\"uagb-heading-text\"><strong>Kukat<\/strong><\/h1><div class=\"uagb-separator-wrap\"><div class=\"uagb-separator\"><\/div><\/div><p class=\"uagb-desc-text\">Tutustu maailmaan ja mademoiselle:n kokemuksiin.<\/p><\/div>\n\n\n\n<div class=\"wp-block-columns is-layout-flex wp-container-core-columns-is-layout-1 wp-block-columns-is-layout-flex\">\n<div class=\"wp-block-column grid about-section is-layout-flow wp-block-column-is-layout-flow\">\n<p class=\"font-sans text-md font-light primary m-t-none m-b-none\">mademoiselle perustettiin vuoden 2020 alussa. Sen perustajat halusivat tarjota ainutlaatuisen kokemuksen, joka on kaukana nykyisest\u00e4 verkkotarjonnasta. Ripaus graafista suunnittelua, huippuluokan kokemuksen hyv\u00e4 maku, virheet\u00f6n asiakassuhde, joka takaa tyytyv\u00e4isyyden ja wow-vaikutuksen. Vihdoinkin \"kaunis\" on l\u00f6yt\u00e4nyt paikkansa... <a href=\"https:\/\/mademoiselle.flowers\/fi\/\">kukka toimitus Belgia<\/a>.<\/p>\n\n\n\n<p><\/p>\n\n\n\n<p class=\"font-sans text-md font-light primary m-t-none m-b-none\">T\u00e4ss\u00e4 oppaassa viemme sinut matkalle kukkien maailmaan, joka ei en\u00e4\u00e4 pid\u00e4 salaisuuksia sis\u00e4ll\u00e4\u00e4n!  Olemme kattaneet maailmankaikkeuden kuin mik\u00e4\u00e4n muu. Tuomitse itse: k\u00e4sittelemme kukkakimppuja ja niiden m\u00e4\u00e4ritelm\u00e4\u00e4 (teknist\u00e4 ja biologista), tuoksua ja my\u00f6s kukkien merkityst\u00e4. Yhdess\u00e4 tarkastelemme kukkien hy\u00f6dyllisyytt\u00e4 koristeena ja zenitude-elementtin\u00e4 sek\u00e4 iloa, jota tuottaa upean tuorekukkakimpun tarjoaminen tilaisuudesta riippumatta (kuten syntym\u00e4p\u00e4iv\u00e4 tai vuosip\u00e4iv\u00e4). <a href=\"\/fi\/.\/shop\/saint-valentin\/\">Yst\u00e4v\u00e4np\u00e4iv\u00e4 kukka toimitus<\/a> esimerkiksi). T\u00e4m\u00e4 ostos tehd\u00e4\u00e4n kukkakaupan kautta, mutta my\u00f6s ostamalla kukkia verkosta, jolloin kimppusi toimittaminen kotiovellesi edellytt\u00e4\u00e4 huolellista logistiikkaa. Viimeisen\u00e4 mutta ei v\u00e4h\u00e4isimp\u00e4n\u00e4 emme ole unohtaneet yrityspalveluja, jotka muodostavat suuren osan asiakaskunnastamme, sek\u00e4 koristeluun ett\u00e4 ty\u00f6ntekij\u00f6iden tai asiakkaiden kiitt\u00e4miseen.<br><\/p>\n\n\n\n<p class=\"font-sans text-md font-light primary m-t-none m-b-none\">Lopuksi olemme ehk\u00e4 inspiroineet joitakin kutsumuksia, ja kerromme sinulle ammatistamme floristeina ja siit\u00e4, mit\u00e4 kulissien takana tapahtuu ty\u00f6pajassamme Brysseliss\u00e4. Ja sitten, kuka tiet\u00e4\u00e4, ehk\u00e4 jonain p\u00e4iv\u00e4n\u00e4 liityt tiimiimme ja p\u00e4\u00e4set t\u00f6ihin floristiksi!<\/p>\n\n\n\n<p><\/p>\n\n\n<div class=\"wp-block-image\">\n<figure class=\"aligncenter size-full is-resized uag-hide-mob\"><img decoding=\"async\" src=\"https:\/\/mademoiselle.flowers\/wp-content\/uploads\/2021\/02\/ABONNEMENT-12MOIS-edited.jpg\" alt=\"\" class=\"wp-image-1161\" width=\"1024\" height=\"576\" srcset=\"https:\/\/mademoiselle.flowers\/wp-content\/uploads\/2021\/02\/ABONNEMENT-12MOIS-edited.jpg 1365w, https:\/\/mademoiselle.flowers\/wp-content\/uploads\/2021\/02\/ABONNEMENT-12MOIS-edited-700x394.jpg 700w, https:\/\/mademoiselle.flowers\/wp-content\/uploads\/2021\/02\/ABONNEMENT-12MOIS-edited-600x338.jpg 600w, https:\/\/mademoiselle.flowers\/wp-content\/uploads\/2021\/02\/ABONNEMENT-12MOIS-edited-768x432.jpg 768w, https:\/\/mademoiselle.flowers\/wp-content\/uploads\/2021\/02\/ABONNEMENT-12MOIS-edited-16x9.jpg 16w\" sizes=\"(max-width: 1024px) 100vw, 1024px\" \/><\/figure><\/div>\n\n\n<p><\/p>\n\n\n\n<p class=\"font-sans text-md font-light primary m-t-none m-b-none display:block;\"><strong>Sis\u00e4llysluettelo<\/strong> :<\/p>\n\n\n\n<h2 class=\"font-serif text-30 font-normal primary deco wp-block-heading\"><strong>Mik\u00e4 on kaunis kukkakimppu?<\/strong><\/h2>\n\n\n\n<p class=\"font-sans text-md font-light primary m-t-none m-b-none\">Onhan se totta, loppujen lopuksi... mik\u00e4 on kaunis... <a href=\"https:\/\/mademoiselle.flowers\/fi\/kukkakimput\/\">kukkakimppu<\/a>. Henkil\u00f6kohtaisten mieltymysten lis\u00e4ksi on t\u00e4rke\u00e4\u00e4 ottaa huomioon kukkakimpun koostumus, tuoksu, pakkaus ja ennen kaikkea se, miten se asetetaan esille kotonasi ja miten hoidat sit\u00e4.<\/p>\n\n\n\n<p class=\"font-sans text-md font-light primary m-t-none m-b-none\"><strong>Tiet\u00e4en <a href=\"https:\/\/mademoiselle.flowers\/fi\/kukkakimput\/\">kukkien biologia<\/a> ennen kimpun luomista<\/strong><br><strong>La <a href=\"https:\/\/mademoiselle.flowers\/fi\/f-c1-d-recolter-des-fleurs\/\">kukkien sadonkorjuu<\/a><\/strong><br><strong>The <a href=\"https:\/\/mademoiselle.flowers\/fi\/f-c1b-parfum-des-fleurs\/\">kukkien tuoksu<\/a><\/strong><br><strong>La <a href=\"https:\/\/mademoiselle.flowers\/fi\/f-c1-c\/\">kukkien merkitys<\/a> kimpussa<\/strong><br><strong>Miten <a href=\"https:\/\/mademoiselle.flowers\/fi\/f-c1-e-concevoir-un-bouquet\/\">suunnitella kaunis kukkakimppu<\/a>?<\/strong><br><strong>Kukkataide tai miten <a href=\"https:\/\/mademoiselle.flowers\/fi\/f-c1-f-esthetisme\/\">arvon lis\u00e4\u00e4minen kukkakimppu talossa<\/a>?<\/strong><br><strong>Pakkaus osana kokemusta<\/strong><br><strong>Miten hoitaa kukkakimppu?<\/strong><\/p>\n\n\n\n<p><\/p>\n\n\n\n<h2 class=\"font-serif text-30 font-normal primary deco wp-block-heading\"><strong>Kukat kaikissa tiloissaan: kukkien hy\u00f6dyllisyys<\/strong><\/h2>\n\n\n\n<p class=\"font-sans text-md font-light primary\"><strong>Kukkia keitti\u00f6ss\u00e4<\/strong><br><strong>Kukkia ty\u00f6paikalla<\/strong><br><strong>Kukkia kotona<\/strong><\/p>\n\n\n\n<h2 class=\"font-serif text-30 font-normal primary deco m-b-none m-t-none wp-block-heading\"><strong>Kukkien antamisen ilo<\/strong><\/h2>\n\n\n\n<p class=\"font-sans text-md font-light primary m-t-none m-b-none\"><strong>Mill\u00e4 juhlap\u00e4ivill\u00e4 annamme kukkia?<\/strong><br><strong>El\u00e4m\u00e4ntapahtumat, joihin kukkia annetaan<\/strong><br><strong>Mit\u00e4 pient\u00e4 viesti\u00e4 lis\u00e4t\u00e4 kukkakimppuuni?<\/strong><br><strong>Kenelle antaa kukkia?<\/strong><br><strong>Suklaata, samppanjaa, ... joka sopii t\u00e4ydellisesti kukkakimpun kanssa.<\/strong><br><strong>Tarjoa kukkatilaus<\/strong><\/p>\n\n\n\n<h2 class=\"font-serif text-30 font-normal primary deco wp-block-heading\"><strong>Osta kukkia verkossa?<\/strong><\/h2>\n\n\n\n<p class=\"font-sans text-md font-light primary m-t-none m-b-none\"><strong>Erilaiset palveluntarjoajat<\/strong><br><strong>Kukkakimpun hinta ja maksu <\/strong><br><strong>Turvallisuus on t\u00e4rke\u00e4 osa verkkomyynti\u00e4<\/strong><br><strong>Kukkien tilaaminen, menettely yksityiskohtaisesti<\/strong><\/p>\n\n\n\n<h2 class=\"font-serif text-30 font-normal primary deco, wp-block-heading\"><strong>L\u00e4het\u00e4 kukkia<\/strong><\/h2>\n\n\n\n<p class=\"font-sans text-md font-light primary m-t-none m-b-none\"><strong>Minne kukat toimitetaan?<\/strong><br><strong>Milloin on paras aika toimittaa kukkia?<\/strong><br><strong>Mik\u00e4 on kukkatoimituksen hinta?<\/strong><br><strong>Onko maksulliselle toimitukselle vaihtoehtoa?<\/strong><br><strong>Toimitusten liikennemuodot<\/strong><br><strong>Miten toimitus mademoiselle:ss\u00e4 toimii?<\/strong><br><strong>Vastaanota kukkia kotiin toimitettuna<\/strong><br><strong>Kukkien toimittaminen Belgiaan ulkomailta<\/strong><br><\/p>\n\n\n\n<h2 class=\"font-serif text-30 font-normal primary deco wp-block-heading\"><strong>Kukkien antaminen kollegalle tai koristelu yrityksess\u00e4<\/strong><\/h2>\n\n\n\n<p class=\"font-sans text-md font-light primary m-t-none m-b-none\"><strong>Kukkien antaminen ty\u00f6paikalla<\/strong><br><strong>Ty\u00f6tilan kukinta<\/strong><br><strong>Kukkien edut liiketoiminnassa<\/strong><\/p>\n\n\n\n<h2 class=\"font-serif text-30 font-normal primary deco wp-block-heading\"><strong>Kukkakauppiaan ammatti<\/strong><\/h2>\n\n\n\n<p class=\"font-sans text-md font-light primary m-t-none m-b-none\"><strong>Koulutus floristina<\/strong><br><strong>Ty\u00f6pajamme, ty\u00f6kalut ja toimistot<\/strong><br><strong>Ty\u00f6llisyys kukka-alalla<\/strong><br><strong>Kukkakauppias Belgiassa<\/strong><br><strong>Kukkien hankinta, kukkien hankintaa koskeva kysymys<\/strong><br><strong>Kukkien logistiikka<\/strong><\/p>\n<\/div>\n<\/div>\n\n\n\n<div class=\"wp-block-columns card-descover__container grid about-section m-b-2xl deco-top is-layout-flex wp-container-core-columns-is-layout-2 wp-block-columns-is-layout-flex\">\n<div class=\"wp-block-column card-descover__left col-desk-6 col-tab-6 col-mob-2 p-l-none is-layout-flow wp-block-column-is-layout-flow\">\n<div class=\"wp-block-group relative\"><div class=\"wp-block-group__inner-container is-layout-flow wp-block-group-is-layout-flow\">\n<figure class=\"wp-block-image size-large who__img-contain\"><img decoding=\"async\" width=\"1365\" height=\"768\" src=\"https:\/\/mademoiselle.flowers\/wp-content\/uploads\/2021\/02\/ABONNEMENT-12MOIS-edited.jpg\" alt=\"Kukka toimitus koko Belgia\" class=\"wp-image-1161\" srcset=\"https:\/\/mademoiselle.flowers\/wp-content\/uploads\/2021\/02\/ABONNEMENT-12MOIS-edited.jpg 1365w, https:\/\/mademoiselle.flowers\/wp-content\/uploads\/2021\/02\/ABONNEMENT-12MOIS-edited-700x394.jpg 700w, https:\/\/mademoiselle.flowers\/wp-content\/uploads\/2021\/02\/ABONNEMENT-12MOIS-edited-600x338.jpg 600w, https:\/\/mademoiselle.flowers\/wp-content\/uploads\/2021\/02\/ABONNEMENT-12MOIS-edited-768x432.jpg 768w, https:\/\/mademoiselle.flowers\/wp-content\/uploads\/2021\/02\/ABONNEMENT-12MOIS-edited-16x9.jpg 16w\" sizes=\"(max-width: 1365px) 100vw, 1365px\" \/><\/figure>\n\n\n\n<p class=\"button--white upperCase d-inline-block cursor-pointer center--middle\"><a href=\"\/fi\/shop\/nos-bouquets\/\">Katso kukkakimput saatavilla toimitus Belgia<\/a><\/p>\n<\/div><\/div>\n<\/div>\n\n\n\n<div class=\"wp-block-column card-descover__right col-desk-6 col-tab-6 col-mob-2 p-r-none is-layout-flow wp-block-column-is-layout-flow\">\n<div class=\"wp-block-group relative\"><div class=\"wp-block-group__inner-container is-layout-flow wp-block-group-is-layout-flow\">\n<figure class=\"wp-block-image size-large who__img-contain\"><img decoding=\"async\" width=\"350\" height=\"197\" src=\"https:\/\/mademoiselle.flowers\/wp-content\/uploads\/2021\/02\/victoire-ambiance-a-edited.jpg\" alt=\"Kukka tilaus Belgia\" class=\"wp-image-1165\" srcset=\"https:\/\/mademoiselle.flowers\/wp-content\/uploads\/2021\/02\/victoire-ambiance-a-edited.jpg 350w, https:\/\/mademoiselle.flowers\/wp-content\/uploads\/2021\/02\/victoire-ambiance-a-edited-16x9.jpg 16w\" sizes=\"(max-width: 350px) 100vw, 350px\" \/><\/figure>\n\n\n\n<p class=\"button--white upperCase d-inline-block cursor-pointer center--middle\"><a href=\"https:\/\/mademoiselle.flowers\/fi\/meidan-tilaukset-2\/\">Belgiassa voimassa olevat tilaukset<\/a><\/p>\n<\/div><\/div>\n<\/div>\n<\/div>\n\n\n\n<p><\/p>","protected":false},"excerpt":{"rendered":"<p>Les fleurs D\u00e9couvrez l&rsquo;univers et l&rsquo;exp\u00e9rience mademoiselle mademoiselle a vu la jour d\u00e9but 2020. Ses fondateurs ont voulu proposer une exp\u00e9rience unique, loin de l&rsquo;offre existante en ligne. Un touche de graphisme, le bon gout d&rsquo;une exp\u00e9rience haut de gamme, une relation client sans failles pour une satisfaction et un effet waw garanti. Enfin le [&hellip;]<\/p>","protected":false},"author":439,"featured_media":0,"parent":0,"menu_order":0,"comment_status":"closed","ping_status":"closed","template":"page-template-boxed.php","meta":{"inline_featured_image":false,"_uag_custom_page_level_css":"","footnotes":""},"class_list":["post-2324","page","type-page","status-publish","hentry"],"acf":[],"uagb_featured_image_src":{"full":false,"thumbnail":false,"medium":false,"medium_large":false,"large":false,"gs-tiny":false,"xl":false,"xxl":false,"xxxl":false,"xxxxl":false,"xxxxxl":false,"1536x1536":false,"2048x2048":false,"trp-custom-language-flag":false,"woocommerce_thumbnail":false,"woocommerce_single":false,"woocommerce_gallery_thumbnail":false},"uagb_author_info":{"display_name":"","author_link":"https:\/\/mademoiselle.flowers\/fi\/author\/ml-si\/"},"uagb_comment_info":0,"uagb_excerpt":"Les fleurs D\u00e9couvrez l&rsquo;univers et l&rsquo;exp\u00e9rience mademoiselle mademoiselle a vu la jour d\u00e9but 2020. Ses fondateurs ont voulu proposer une exp\u00e9rience unique, loin de l&rsquo;offre existante en ligne. Un touche de graphisme, le bon gout d&rsquo;une exp\u00e9rience haut de gamme, une relation client sans failles pour une satisfaction et un effet waw garanti. Enfin le&hellip;","_links":{"self":[{"href":"https:\/\/mademoiselle.flowers\/fi\/wp-json\/wp\/v2\/pages\/2324"}],"collection":[{"href":"https:\/\/mademoiselle.flowers\/fi\/wp-json\/wp\/v2\/pages"}],"about":[{"href":"https:\/\/mademoiselle.flowers\/fi\/wp-json\/wp\/v2\/types\/page"}],"author":[{"embeddable":true,"href":"https:\/\/mademoiselle.flowers\/fi\/wp-json\/wp\/v2\/users\/439"}],"replies":[{"embeddable":true,"href":"https:\/\/mademoiselle.flowers\/fi\/wp-json\/wp\/v2\/comments?post=2324"}],"version-history":[{"count":10,"href":"https:\/\/mademoiselle.flowers\/fi\/wp-json\/wp\/v2\/pages\/2324\/revisions"}],"predecessor-version":[{"id":6438,"href":"https:\/\/mademoiselle.flowers\/fi\/wp-json\/wp\/v2\/pages\/2324\/revisions\/6438"}],"wp:attachment":[{"href":"https:\/\/mademoiselle.flowers\/fi\/wp-json\/wp\/v2\/media?parent=2324"}],"curies":[{"name":"wp","href":"https:\/\/api.w.org\/{rel}","templated":true}]}}