{"id":3467,"date":"2021-09-23T18:18:19","date_gmt":"2021-09-23T16:18:19","guid":{"rendered":"https:\/\/mademoiselle.flowers\/?page_id=3467"},"modified":"2023-01-05T16:54:11","modified_gmt":"2023-01-05T15:54:11","slug":"livraison-fleurs-entreprise","status":"publish","type":"page","link":"https:\/\/mademoiselle.flowers\/fi\/toimitus-kukat-yritys\/","title":{"rendered":"Yrityspalvelu"},"content":{"rendered":"<div class=\"wp-block-group grid about-section items-top deco-bottom deco-small\"><div class=\"wp-block-group__inner-container is-layout-flow wp-block-group-is-layout-flow\">\n<h1 class=\"wp-block-heading\"><\/h1>\n\n\n\n<div style=\"height:112px\" aria-hidden=\"true\" class=\"wp-block-spacer\"><\/div>\n\n\n\n<div class=\"wp-block-uagb-advanced-heading uagb-block-cfbacb8c font-serif text-25 font-normal primary\"><h1 class=\"uagb-heading-text\">Yritysratkaisut<\/h1><div class=\"uagb-separator-wrap\"><div class=\"uagb-separator\"><\/div><\/div><p class=\"uagb-desc-text\">Ensiluokkainen tarjous imagotietoisille yrityksille<\/p><\/div>\n\n\n\n<div class=\"wp-block-columns m-t-none m-b-none is-layout-flex wp-container-core-columns-is-layout-1 wp-block-columns-is-layout-flex\">\n<div class=\"wp-block-column grid about-section m-b-none is-layout-flow wp-block-column-is-layout-flow\">\n<p class=\"font-sans text-md font-light primary m-t-none m-b-none\">Yrityksen el\u00e4m\u00e4ss\u00e4 on kyse my\u00f6s ty\u00f6ntekij\u00e4n vahvojen hetkien (syntym\u00e4p\u00e4iv\u00e4, syntym\u00e4p\u00e4iv\u00e4, h\u00e4\u00e4t jne.) juhlistamisesta, mutta my\u00f6s onnistumisen tai voiton ilon jakamisesta. Aikana, jolloin ty\u00f6ntekij\u00f6iden rekrytointi on toisinaan hankalaa, vahva, inhimillinen ja iloinen yrityskulttuuri on tarpeellisempi kuin koskaan. <\/p>\n\n\n\n<p class=\"font-sans text-md font-light primary m-t-none m-b-none\">Yritysasiakkaille tarjoamme yksinkertaisen ja tehokkaan ratkaisun: volyymialennukset (<strong>koko valikoimastamme<\/strong>), a <strong>VIP-puhelinlinja<\/strong> tilausten tekemist\u00e4 varten.<br><\/p>\n\n\n\n<p><strong>Onko sinulla liiketoimintaprojekti?<\/strong> Onko sinulla jokin erityinen tarve? <a href=\"mailto:info@mademoiselle.flowers\">Ota yhteytt\u00e4<\/a><br><strong>Tarvitsetko r\u00e4\u00e4t\u00e4l\u00f6idyn tarjouksen?<\/strong> <a href=\"mailto:info@mademoiselle.flowers\">Ota yhteytt\u00e4<\/a><\/p>\n\n\n\n<p class=\"font-sans text-md font-light primary m-t-none m-b-none\"><br><\/p>\n\n\n\n<p class=\"font-sans text-md font-light primary m-t-none m-b-none\"><\/p>\n<\/div>\n<\/div>\n\n\n\n<div class=\"wp-block-columns grid about-section is-layout-flex wp-container-core-columns-is-layout-2 wp-block-columns-is-layout-flex\">\n<div class=\"wp-block-column who__container-right col-desk-6 col-tab-6 col-mob-4 p-l-none p-r-none is-layout-flow wp-block-column-is-layout-flow\">\n<figure class=\"wp-block-image size-large who__img-contain\"><img decoding=\"async\" width=\"350\" height=\"430\" src=\"https:\/\/mademoiselle.flowers\/wp-content\/uploads\/2021\/07\/Victoire-Ambiance-1.jpg\" alt=\"l\u00e4hett\u00e4\u00e4 kukkia laskun mukana\" class=\"wp-image-2705\" srcset=\"https:\/\/mademoiselle.flowers\/wp-content\/uploads\/2021\/07\/Victoire-Ambiance-1.jpg 350w, https:\/\/mademoiselle.flowers\/wp-content\/uploads\/2021\/07\/Victoire-Ambiance-1-10x12.jpg 10w\" sizes=\"(max-width: 350px) 100vw, 350px\" \/><\/figure>\n<\/div>\n\n\n\n<div class=\"wp-block-column col-desk-5 col-tab-5 col-mob-shift-0 col-mob-4 p-r-none p-l-none m-l-auto m-y-auto js-parallax-richtext is-layout-flow wp-block-column-is-layout-flow\">\n<h2 class=\"font-serif text-30 font-normal primary deco m-b-none m-t-none wp-block-heading\">Yksinkertaistettu laskutus<\/h2>\n\n\n\n<p class=\"font-sans text-md font-light primary m-t-none m-b-none\">A <strong>kertaostos<\/strong> Jos haluat tilata tuotteitamme satunnaisesti, sinun tarvitsee vain tehd\u00e4 tilauksesi verkossa ja sy\u00f6tt\u00e4\u00e4 alv-numerosi. Kumppanimme l\u00e4hett\u00e4\u00e4 sinulle laskun automaattisesti s\u00e4hk\u00f6postitse. T\u00e4t\u00e4 varten tarvitset <strong>luottokortti<\/strong>. Asiakastilisi muistaa laskutustietosi seuraavaa tilausta varten. Yksinkertainen ratkaisu, josta kirjanpit\u00e4j\u00e4si tulee pit\u00e4m\u00e4\u00e4n.<\/p>\n\n\n\n<p class=\"font-sans text-md font-light primary m-t-none m-b-none\">Et ole <strong>ei ole yrityksen luottokorttia<\/strong> ? Ei se mit\u00e4\u00e4n, <a href=\"mailto:info@mademoiselle.flowers\">ota meihin yhteytt\u00e4 s\u00e4hk\u00f6postitse<\/a>Otamme yhteytt\u00e4 tunnin sis\u00e4ll\u00e4. Yhteisty\u00f6kumppanimme ottaa tilauksesi vastaan ja l\u00e4hett\u00e4\u00e4 sinulle laskun, joka on maksettava ennen l\u00e4hett\u00e4mist\u00e4. <\/p>\n\n\n\n<p class=\"font-sans text-md font-light primary m-t-none m-b-none\">A<strong> 30 p\u00e4iv\u00e4n laskutus<\/strong>, <a href=\"mailto:info@mademoiselle.flowers\">ota meihin yhteytt\u00e4 s\u00e4hk\u00f6postitse<\/a>Otamme yhteytt\u00e4 tunnin sis\u00e4ll\u00e4. Perustamme yhdess\u00e4 asiakastilin. Kuukauden lopussa saat ostoksistasi yhteenvetolaskun, joka maksetaan 30 p\u00e4iv\u00e4n kuluessa.<\/p>\n\n\n\n<div style=\"height:74px\" aria-hidden=\"true\" class=\"wp-block-spacer\"><\/div>\n<\/div>\n<\/div>\n\n\n\n<div class=\"wp-block-columns grid about-section is-layout-flex wp-container-core-columns-is-layout-3 wp-block-columns-is-layout-flex\">\n<div class=\"wp-block-column col-desk-5 col-tab-5 col-mob-4 p-l-none p-r-none m-y-auto js-parallax-richtext is-layout-flow wp-block-column-is-layout-flow\">\n<h2 class=\"font-serif text-30 font-normal primary deco m-b-none wp-block-heading\">3 kukkakimpun tilaus (ja enemm\u00e4n...)?<\/h2>\n\n\n\n<p class=\"font-sans text-md font-light primary m-t-none m-b-none\">A <strong>irtotavarana ostaminen<\/strong> (alkaen 3 kimppua), sinun ei tarvitse tehd\u00e4 tilausta verkossa, yrityksemme palvelu huolehtii tilauksen tekemisest\u00e4 ja l\u00e4hett\u00e4\u00e4 sinulle laskun. Maksu suoritetaan laskun vastaanottamisen j\u00e4lkeen. L\u00e4het\u00e4mme kukkakimput maksun j\u00e4lkeen tai suoraan, jos sinulla on puitesopimus. <a href=\"mailto:info@mademoiselle.flowers\">Ota yhteytt\u00e4 keskustellaksesi.<\/a><\/p>\n<\/div>\n\n\n\n<div class=\"wp-block-column col-desk-6 col-tab-6 col-mob-4 p-r-none p-l-none m-l-auto is-layout-flow wp-block-column-is-layout-flow\">\n<figure class=\"wp-block-image size-large who__img-contain\"><img decoding=\"async\" width=\"1460\" height=\"973\" src=\"https:\/\/mademoiselle.flowers\/wp-content\/uploads\/2021\/07\/Charlotte-HOME-1460x973.jpg\" alt=\"Tilaa kukkakimppuja kollegan syntym\u00e4p\u00e4iv\u00e4\u00e4 varten\" class=\"wp-image-2712\" srcset=\"https:\/\/mademoiselle.flowers\/wp-content\/uploads\/2021\/07\/Charlotte-HOME-1460x973.jpg 1460w, https:\/\/mademoiselle.flowers\/wp-content\/uploads\/2021\/07\/Charlotte-HOME-600x400.jpg 600w, https:\/\/mademoiselle.flowers\/wp-content\/uploads\/2021\/07\/Charlotte-HOME-768x512.jpg 768w, https:\/\/mademoiselle.flowers\/wp-content\/uploads\/2021\/07\/Charlotte-HOME-1600x1066.jpg 1600w, https:\/\/mademoiselle.flowers\/wp-content\/uploads\/2021\/07\/Charlotte-HOME-1536x1024.jpg 1536w, https:\/\/mademoiselle.flowers\/wp-content\/uploads\/2021\/07\/Charlotte-HOME-16x12.jpg 16w, https:\/\/mademoiselle.flowers\/wp-content\/uploads\/2021\/07\/Charlotte-HOME-700x467.jpg 700w, https:\/\/mademoiselle.flowers\/wp-content\/uploads\/2021\/07\/Charlotte-HOME-1920x1280.jpg 1920w, https:\/\/mademoiselle.flowers\/wp-content\/uploads\/2021\/07\/Charlotte-HOME.jpg 2048w\" sizes=\"(max-width: 1460px) 100vw, 1460px\" \/><\/figure>\n\n\n\n<div style=\"height:35px\" aria-hidden=\"true\" class=\"wp-block-spacer\"><\/div>\n<\/div>\n<\/div>\n\n\n\n<div class=\"wp-block-columns grid about-section items-top p-l-none p-r-none is-layout-flex wp-container-core-columns-is-layout-4 wp-block-columns-is-layout-flex\">\n<div class=\"wp-block-column who__container-right col-desk-6 col-tab-6 col-mob-4 p-l-none p-r-none is-layout-flow wp-block-column-is-layout-flow\">\n<figure class=\"wp-block-image size-large who__img-contain\"><img decoding=\"async\" width=\"1154\" height=\"1460\" src=\"https:\/\/mademoiselle.flowers\/wp-content\/uploads\/2021\/02\/QUE-PENSE-1154x1460.jpg\" alt=\"kukkien toimitus laskulla\" class=\"wp-image-1152\" srcset=\"https:\/\/mademoiselle.flowers\/wp-content\/uploads\/2021\/02\/QUE-PENSE-1154x1460.jpg 1154w, https:\/\/mademoiselle.flowers\/wp-content\/uploads\/2021\/02\/QUE-PENSE-474x600.jpg 474w, https:\/\/mademoiselle.flowers\/wp-content\/uploads\/2021\/02\/QUE-PENSE-768x972.jpg 768w, https:\/\/mademoiselle.flowers\/wp-content\/uploads\/2021\/02\/QUE-PENSE-1600x2025.jpg 1600w, https:\/\/mademoiselle.flowers\/wp-content\/uploads\/2021\/02\/QUE-PENSE-1214x1536.jpg 1214w, https:\/\/mademoiselle.flowers\/wp-content\/uploads\/2021\/02\/QUE-PENSE-1618x2048.jpg 1618w, https:\/\/mademoiselle.flowers\/wp-content\/uploads\/2021\/02\/QUE-PENSE-9x12.jpg 9w, https:\/\/mademoiselle.flowers\/wp-content\/uploads\/2021\/02\/QUE-PENSE-700x886.jpg 700w, https:\/\/mademoiselle.flowers\/wp-content\/uploads\/2021\/02\/QUE-PENSE-1920x2430.jpg 1920w, https:\/\/mademoiselle.flowers\/wp-content\/uploads\/2021\/02\/QUE-PENSE-scaled.jpg 2023w\" sizes=\"(max-width: 1154px) 100vw, 1154px\" \/><\/figure>\n<\/div>\n\n\n\n<div class=\"wp-block-column col-desk-5 col-tab-5 col-mob-shift-0 col-mob-4 p-r-none p-l-none m-l-auto m-y-auto js-parallax-richtext is-layout-flow wp-block-column-is-layout-flow\">\n<h2 class=\"font-serif text-30 font-normal primary deco m-b-none m-t-none wp-block-heading\">Mukautetut toimitukset<\/h2>\n\n\n\n<p class=\"font-sans text-md font-light primary m-t-none m-b-none\">Jos haluat, ett\u00e4 tavarasi toimitetaan <strong>useita kimppuja samaan osoitteeseen<\/strong> (usein yrityksesi) yksitt\u00e4isill\u00e4 viesteill\u00e4, <a href=\"mailto:info@mademoiselle.flowers\">Ota yhteytt\u00e4<\/a>Tarjoamme ryhmitelty\u00e4 toimitusta mukautetuin toimituskustannuksin.<\/p>\n\n\n\n<div style=\"height:100px\" aria-hidden=\"true\" class=\"wp-block-spacer\"><\/div>\n<\/div>\n<\/div>\n\n\n\n<div class=\"wp-block-columns is-layout-flex wp-container-core-columns-is-layout-5 wp-block-columns-is-layout-flex\">\n<div class=\"wp-block-column grid about-section is-layout-flow wp-block-column-is-layout-flow\">\n<h2 class=\"font-serif text-30 font-normal primary deco m-b-none wp-block-heading\">Tilauksemme, kuukausittaiset kukat toimistossasi<\/h2>\n\n\n\n<p class=\"font-sans text-md font-light primary m-t-none m-b-none\">Lis\u00e4\u00e4 joka kuukausi mademoiselle-kimpun herkk\u00e4 kosketus ammatilliseen tilaan. Tarjoamme sinulle kukkakimppuvalikoimamme ammattimaisena tilauksena - lasku sis\u00e4ltyy hintaan. <br>Tutustu <a href=\"https:\/\/mademoiselle.flowers\/fi\/meidan-tilaukset-2\/\">kuukausittaiset tilausratkaisut<\/a>.<\/p>\n\n\n\n<div style=\"height:168px\" aria-hidden=\"true\" class=\"wp-block-spacer\"><\/div>\n\n\n\n<p class=\"font-sans text-md font-light primary m-t-none m-b-none\"><br><\/p>\n\n\n\n<div style=\"height:22px\" aria-hidden=\"true\" class=\"wp-block-spacer\"><\/div>\n<\/div>\n<\/div>\n<\/div><\/div>","protected":false},"excerpt":{"rendered":"<p>Ratkaisut yrityksille Ensiluokkainen tarjous kuvatietoisille yrityksille Yritysel\u00e4m\u00e4ss\u00e4 juhlitaan my\u00f6s ty\u00f6ntekij\u00e4n erityisi\u00e4 hetki\u00e4 (syntym\u00e4p\u00e4iv\u00e4, syntym\u00e4p\u00e4iv\u00e4, h\u00e4\u00e4t jne.) ja jaetaan ilo menestyksest\u00e4 tai voitosta. Aikana, jolloin uusien ty\u00f6ntekij\u00f6iden rekrytointi voi olla monimutkainen teht\u00e4v\u00e4, vahva yrityskulttuuri, [...]<\/p>","protected":false},"author":439,"featured_media":0,"parent":0,"menu_order":0,"comment_status":"closed","ping_status":"closed","template":"","meta":{"inline_featured_image":false,"_uag_custom_page_level_css":"","footnotes":""},"class_list":["post-3467","page","type-page","status-publish","hentry"],"acf":[],"uagb_featured_image_src":{"full":false,"thumbnail":false,"medium":false,"medium_large":false,"large":false,"gs-tiny":false,"xl":false,"xxl":false,"xxxl":false,"xxxxl":false,"xxxxxl":false,"1536x1536":false,"2048x2048":false,"trp-custom-language-flag":false,"woocommerce_thumbnail":false,"woocommerce_single":false,"woocommerce_gallery_thumbnail":false},"uagb_author_info":{"display_name":"","author_link":"https:\/\/mademoiselle.flowers\/fi\/author\/ml-si\/"},"uagb_comment_info":0,"uagb_excerpt":"Solutions pour Entreprises Une offre premium pour les soci\u00e9t\u00e9s soucieuses de leur image La vie d&rsquo;une entreprise, c&rsquo;est \u00e9galement f\u00eater les moments forts d&rsquo;un employ\u00e9 (naissance, anniversaire, mariage, &#8230;) mais aussi partager la joie d&rsquo;une r\u00e9ussite ou d&rsquo;une victoire. \u00c0 l&rsquo;heure o\u00f9 le recrutement de collaborateurs est parfois une mission compliqu\u00e9e, une culture d&rsquo;entreprise forte,&hellip;","_links":{"self":[{"href":"https:\/\/mademoiselle.flowers\/fi\/wp-json\/wp\/v2\/pages\/3467"}],"collection":[{"href":"https:\/\/mademoiselle.flowers\/fi\/wp-json\/wp\/v2\/pages"}],"about":[{"href":"https:\/\/mademoiselle.flowers\/fi\/wp-json\/wp\/v2\/types\/page"}],"author":[{"embeddable":true,"href":"https:\/\/mademoiselle.flowers\/fi\/wp-json\/wp\/v2\/users\/439"}],"replies":[{"embeddable":true,"href":"https:\/\/mademoiselle.flowers\/fi\/wp-json\/wp\/v2\/comments?post=3467"}],"version-history":[{"count":9,"href":"https:\/\/mademoiselle.flowers\/fi\/wp-json\/wp\/v2\/pages\/3467\/revisions"}],"predecessor-version":[{"id":6323,"href":"https:\/\/mademoiselle.flowers\/fi\/wp-json\/wp\/v2\/pages\/3467\/revisions\/6323"}],"wp:attachment":[{"href":"https:\/\/mademoiselle.flowers\/fi\/wp-json\/wp\/v2\/media?parent=3467"}],"curies":[{"name":"wp","href":"https:\/\/api.w.org\/{rel}","templated":true}]}}