{"id":5729,"date":"2022-06-29T12:18:54","date_gmt":"2022-06-29T10:18:54","guid":{"rendered":"https:\/\/mademoiselle.flowers\/?page_id=5729"},"modified":"2022-06-30T13:27:44","modified_gmt":"2022-06-30T11:27:44","slug":"c1-c-symbolique","status":"publish","type":"page","link":"https:\/\/mademoiselle.flowers\/fi\/f-c1-c\/","title":{"rendered":"C1 c &#8211; symbolique"},"content":{"rendered":"<div class=\"wp-block-group grid about-section items-top deco-bottom deco-small\"><div class=\"wp-block-group__inner-container is-layout-flow wp-block-group-is-layout-flow\">\n<div style=\"height:112px\" aria-hidden=\"true\" class=\"wp-block-spacer\"><\/div>\n\n\n\n<div class=\"wp-block-uagb-advanced-heading uagb-block-a711a433 font-serif text-25 font-normal primary\"><h1 class=\"uagb-heading-text\">La symbolique des fleurs<\/h1><div class=\"uagb-separator-wrap\"><div class=\"uagb-separator\"><\/div><\/div><p class=\"uagb-desc-text\">Au-del\u00e0 de leur importance dans la d\u00e9coration, les fleurs peuvent \u00e9galement se r\u00e9v\u00e9ler utiles dans divers cas. Elles demeurent surtout essentielles en raison du message qu\u2019elles v\u00e9hiculent.&nbsp;<strong>Vous pourrez ainsi offrir un <a href=\"https:\/\/mademoiselle.flowers\/fi\/kukkakimput\/\">kukkakimppu<\/a> \u00e0 la place d\u2019un long discours<\/strong>. Pour en savoir davantage, retrouvez ici quelques informations cl\u00e9s sur la <strong>symbolique des fleurs<\/strong>.<\/p><\/div>\n\n\n\n<div class=\"wp-block-columns is-layout-flex wp-container-core-columns-is-layout-1 wp-block-columns-is-layout-flex\">\n<div class=\"wp-block-column grid about-section is-layout-flow wp-block-column-is-layout-flow\">\n<h2 class=\"font-serif text-30 font-normal primary deco wp-block-heading\">Le langage des fleurs&nbsp;: guides des fleurs \u00e0 offrir<\/h2>\n\n\n\n<p class=\"font-sans text-md font-light primary m-t-none m-b-none\">Les fleurs peuvent \u00eatre utilis\u00e9es dans de nombreux cas et transmettre diff\u00e9rents messages. Avant donc d\u2019offrir une fleur \u00e0 un proche, un ami ou un partenaire,&nbsp;<strong>vous devez conna\u00eetre le sens de celle que vous avez choisie et son symbole.<\/strong>&nbsp;Pour vous en donner une meilleure id\u00e9e, voici quelques exemples de fleurs et leur signification&nbsp;:<\/p>\n\n\n\n<ul class=\"font-sans text-md font-light primary m-t-none m-b-none wp-block-list\"><li><strong>L\u2019an\u00e9mone&nbsp;:&nbsp;<\/strong>elle est connue pour soigner les douleurs et les chagrins. Vous pouvez l\u2019offrir pour souhaiter un bon r\u00e9tablissement\u2009;<\/li><li><strong>L\u2019hibiscus&nbsp;:<\/strong>&nbsp;elle demeure propice pour une invitation, des f\u00e9licitations ou des remerciements\u2009;<\/li><li><strong>L\u2019hortensia&nbsp;:<\/strong>&nbsp;cette fleur est associ\u00e9e \u00e0 l\u2019amour filial et \u00e0 la gentillesse, et elle convient pour les f\u00eates des grands-parents\u2009;<\/li><li><strong>L\u2019iris&nbsp;:<\/strong>&nbsp;promesse de bonheur et de richesse, elle peut s\u2019offrir pour une naissance, un anniversaire ou un mariage\u2009;<\/li><li><strong>La rose&nbsp;:<\/strong>&nbsp;elle constitue une marque sinc\u00e8re de respect et d\u2019amour, et elle reste adapt\u00e9e pour des fian\u00e7ailles, la Saint-Valentin, le mariage ou pour d\u00e9clarer son amour.<\/li><\/ul>\n\n\n\n<p class=\"font-sans text-md font-light primary m-t-none m-b-none\">En plus de ces fleurs,&nbsp;<strong>vous pourrez aussi offrir de nombreuses autres pour faire passer un message.<\/strong>&nbsp;Que ce soit pour un voyage, une r\u00e9conciliation, une demande, un service ou juste de l\u2019attention, vous trouverez toujours ce qui convient.<\/p>\n\n\n\n<h2 class=\"font-serif text-30 font-normal primary deco m-b-none wp-block-heading\">Le langage des fleurs en fonction de leur couleur<\/h2>\n\n\n\n<p class=\"font-sans text-md font-light primary m-t-none m-b-none\">De m\u00eame que la signification des fleurs,&nbsp;<strong>leur couleur peut aussi v\u00e9hiculer un message.<\/strong>&nbsp;Par cons\u00e9quent, selon vos intentions, vous pouvez choisir la couleur de fleur qui les symbolise le mieux. De mani\u00e8re g\u00e9n\u00e9rale, voici la signification des couleurs les plus populaires&nbsp;:<\/p>\n\n\n\n<ul class=\"font-sans text-md font-light primary m-t-none m-b-none wp-block-list\"><li><strong>Le blanc&nbsp;:<\/strong>&nbsp;il symbolise l\u2019innocence, la s\u00e9r\u00e9nit\u00e9 et l\u2019honn\u00eatet\u00e9, et il convient pour r\u00e9v\u00e9ler son amour ou son affection\u2009;<\/li><li><strong>Le bleu&nbsp;:&nbsp;<\/strong>il est associ\u00e9 le plus souvent au r\u00eave et au voyage et peut constituer une invitation \u00e0 l\u2019aventure\u2009;<\/li><li><strong>Le jaune&nbsp;:<\/strong>&nbsp;il repr\u00e9sente une couleur de bonheur et de succ\u00e8s, adapt\u00e9e pour souhaiter un nouveau d\u00e9part ou un d\u00e9m\u00e9nagement\u2009;<\/li><li><strong>Le rose&nbsp;:<\/strong>&nbsp;il symbolise la douceur et l\u2019affection, et il envoie un message de tendresse\u2009;<\/li><li><strong>Le rouge&nbsp;:<\/strong>&nbsp;symbole de passion et de feu, il peut s\u2019utiliser pour une d\u00e9claration d\u2019amour enflamm\u00e9e.<\/li><\/ul>\n\n\n\n<p class=\"font-sans text-md font-light primary m-t-none m-b-none\">Vous trouverez aussi d\u2019autres couleurs de fleurs comme le vert, le violet ou l\u2019orange. Il vous suffit de prendre ce qui transmet le mieux vos intentions.<\/p>\n\n\n\n<div style=\"height:135px\" aria-hidden=\"true\" class=\"wp-block-spacer\"><\/div>\n\n\n\n<figure class=\"wp-block-image size-medium font-sans text-md font-light primary m-t-none m-b-none uag-hide-mob\"><img decoding=\"async\" width=\"600\" height=\"306\" src=\"https:\/\/mademoiselle.flowers\/wp-content\/uploads\/2022\/02\/Naomi-saint-valentin-600x306.jpg\" alt=\"\u00e0 chaque fleur sa signification\" class=\"wp-image-4597\" srcset=\"https:\/\/mademoiselle.flowers\/wp-content\/uploads\/2022\/02\/Naomi-saint-valentin-600x306.jpg 600w, https:\/\/mademoiselle.flowers\/wp-content\/uploads\/2022\/02\/Naomi-saint-valentin-1460x744.jpg 1460w, https:\/\/mademoiselle.flowers\/wp-content\/uploads\/2022\/02\/Naomi-saint-valentin-768x391.jpg 768w, https:\/\/mademoiselle.flowers\/wp-content\/uploads\/2022\/02\/Naomi-saint-valentin-1600x815.jpg 1600w, https:\/\/mademoiselle.flowers\/wp-content\/uploads\/2022\/02\/Naomi-saint-valentin-1536x782.jpg 1536w, https:\/\/mademoiselle.flowers\/wp-content\/uploads\/2022\/02\/Naomi-saint-valentin-2048x1043.jpg 2048w, https:\/\/mademoiselle.flowers\/wp-content\/uploads\/2022\/02\/Naomi-saint-valentin-16x8.jpg 16w, https:\/\/mademoiselle.flowers\/wp-content\/uploads\/2022\/02\/Naomi-saint-valentin-700x357.jpg 700w, https:\/\/mademoiselle.flowers\/wp-content\/uploads\/2022\/02\/Naomi-saint-valentin-1920x978.jpg 1920w\" sizes=\"(max-width: 600px) 100vw, 600px\" \/><\/figure>\n\n\n\n<h2 class=\"font-serif text-30 font-normal primary deco m-b-none wp-block-heading\">Quelles fleurs choisir pour quelle occasion\u2009?<\/h2>\n\n\n\n<p class=\"font-sans text-md font-light primary m-t-none m-b-none\"><strong>L\u2019autre avantage des fleurs reste qu\u2019elles conviennent \u00e0 toutes les occasions.<\/strong>&nbsp;Vous pouvez donc composer plus facilement votre bouquet en fonction du moment et de l\u2019\u00e9v\u00e9nement \u00e0 c\u00e9l\u00e9brer. En bref, voici quelques exemples pour vous orienter&nbsp;:<\/p>\n\n\n\n<ul class=\"font-sans text-md font-light primary m-t-none m-b-none wp-block-list\"><li><strong>Pour un d\u00eener&nbsp;:<\/strong>&nbsp;vous pouvez offrir des lys blancs, des roses, des pivoines ou des tulipes\u2009;<\/li><li><strong>Pour une f\u00eate ou un anniversaire&nbsp;:<\/strong>&nbsp;nous vous proposons des pivoines de couleur rose, une glycine ou un freesia avec un <a href=\"https:\/\/mademoiselle.flowers\/fi\/f-c1b-parfum-des-fleurs\/\">tuoksu<\/a> d\u2019agrume\u2009;<\/li><li><strong>Pour des remerciements&nbsp;:<\/strong>&nbsp;vous pouvez opter pour des campanules, des val\u00e9rianes ou des pivoines\u2009;<\/li><li><strong>Pour une d\u00e9claration d\u2019amour&nbsp;:&nbsp;<\/strong>l\u2019id\u00e9al reste d\u2019offrir des roses de couleur rouge ou rose, ainsi que la marguerite\u2009;<\/li><li><strong>Pour des f\u00e9licitations&nbsp;:<\/strong>&nbsp;dans ce cas, prenez des fleurs de couleur jaune comme une amaryllis ou une pivoine.<\/li><\/ul>\n\n\n\n<h2 class=\"font-serif text-30 font-normal primary deco wp-block-heading\">Le langage des fleurs en amour<\/h2>\n\n\n\n<p class=\"font-sans text-md font-light primary m-t-none m-b-none\"><strong>En amour, les fleurs peuvent pr\u00e9senter une signification tr\u00e8s vari\u00e9e.<\/strong>&nbsp;En d\u2019autres termes, selon que votre amour soit intense, mod\u00e9r\u00e9, ind\u00e9cis ou en d\u00e9clin, vous trouverez la fleur appropri\u00e9e. Voici les significations attribu\u00e9es \u00e0 chaque fleur&nbsp;:<\/p>\n\n\n\n<ul class=\"font-sans text-md font-light primary m-t-none m-b-none wp-block-list\"><li><strong>Pour un amour naissant&nbsp;:<\/strong>&nbsp;pensez \u00e0 l\u2019\u00e9glantine, avec ses p\u00e9tales roses, et \u00e0 la rose blanche\u2009;<\/li><li><strong>Pour un amour doux et passionn\u00e9&nbsp;:<\/strong>&nbsp;choisissez des roses de couleur rose ou rouge\u2009;<\/li><li><strong>Pour un amour \u00e9ternel&nbsp;:<\/strong>&nbsp;les cam\u00e9lias et les amarantes demeurent les plus appropri\u00e9s.<\/li><\/ul>\n\n\n\n<p class=\"font-sans text-md font-light primary m-t-none m-b-none\"><strong>Lue my\u00f6s: <\/strong><br><\/p>\n\n\n\n<p class=\"font-sans text-md font-light primary m-t-none m-b-none\">Kukkien hy\u00f6dyllisyys<br>Kukkien antamisen ilo<br>Osta kukkia verkossa<br>L\u00e4het\u00e4 kukkia<br>Kukat liike-el\u00e4m\u00e4ss\u00e4 (B2B)<br>Kukkakauppiaan ammatti<br><\/p>\n<\/div>\n<\/div>\n<\/div><\/div>\n\n\n\n<div class=\"wp-block-columns card-descover__container grid about-section m-b-2xl deco-top is-layout-flex wp-container-core-columns-is-layout-2 wp-block-columns-is-layout-flex\">\n<div class=\"wp-block-column card-descover__left col-desk-6 col-tab-6 col-mob-2 p-l-none is-layout-flow wp-block-column-is-layout-flow\">\n<div class=\"wp-block-group relative\"><div class=\"wp-block-group__inner-container is-layout-flow wp-block-group-is-layout-flow\">\n<figure class=\"wp-block-image size-large who__img-contain\"><img decoding=\"async\" width=\"1365\" height=\"768\" src=\"https:\/\/mademoiselle.flowers\/wp-content\/uploads\/2021\/02\/ABONNEMENT-12MOIS-edited.jpg\" alt=\"L\u00e4het\u00e4 kukkien Belgia\" class=\"wp-image-1161\" srcset=\"https:\/\/mademoiselle.flowers\/wp-content\/uploads\/2021\/02\/ABONNEMENT-12MOIS-edited.jpg 1365w, https:\/\/mademoiselle.flowers\/wp-content\/uploads\/2021\/02\/ABONNEMENT-12MOIS-edited-700x394.jpg 700w, https:\/\/mademoiselle.flowers\/wp-content\/uploads\/2021\/02\/ABONNEMENT-12MOIS-edited-600x338.jpg 600w, https:\/\/mademoiselle.flowers\/wp-content\/uploads\/2021\/02\/ABONNEMENT-12MOIS-edited-768x432.jpg 768w, https:\/\/mademoiselle.flowers\/wp-content\/uploads\/2021\/02\/ABONNEMENT-12MOIS-edited-16x9.jpg 16w\" sizes=\"(max-width: 1365px) 100vw, 1365px\" \/><\/figure>\n\n\n\n<p class=\"button--white upperCase d-inline-block cursor-pointer center--middle\"><a href=\"\/fi\/shop\/nos-bouquets\/\">Faire livrer des fleurs en Belgique<\/a><\/p>\n<\/div><\/div>\n<\/div>\n\n\n\n<div class=\"wp-block-column card-descover__right col-desk-6 col-tab-6 col-mob-2 p-r-none is-layout-flow wp-block-column-is-layout-flow\">\n<div class=\"wp-block-group relative\"><div class=\"wp-block-group__inner-container is-layout-flow wp-block-group-is-layout-flow\">\n<figure class=\"wp-block-image size-large who__img-contain\"><img decoding=\"async\" width=\"350\" height=\"197\" src=\"https:\/\/mademoiselle.flowers\/wp-content\/uploads\/2021\/02\/victoire-ambiance-a-edited.jpg\" alt=\"Abonnement mensuels de fleurs\" class=\"wp-image-1165\" srcset=\"https:\/\/mademoiselle.flowers\/wp-content\/uploads\/2021\/02\/victoire-ambiance-a-edited.jpg 350w, https:\/\/mademoiselle.flowers\/wp-content\/uploads\/2021\/02\/victoire-ambiance-a-edited-16x9.jpg 16w\" sizes=\"(max-width: 350px) 100vw, 350px\" \/><\/figure>\n\n\n\n<p class=\"button--white upperCase d-inline-block cursor-pointer center--middle\"><a href=\"https:\/\/mademoiselle.flowers\/fi\/meidan-tilaukset-2\/\">Kukkatilauksemme<\/a> <\/p>\n<\/div><\/div>\n<\/div>\n<\/div>\n\n\n\n<p><\/p>","protected":false},"excerpt":{"rendered":"<p>La symbolique des fleurs Au-del\u00e0 de leur importance dans la d\u00e9coration, les fleurs peuvent \u00e9galement se r\u00e9v\u00e9ler utiles dans divers cas. Elles demeurent surtout essentielles en raison du message qu\u2019elles v\u00e9hiculent.&nbsp;Vous pourrez ainsi offrir un bouquet de fleurs \u00e0 la place d\u2019un long discours. Pour en savoir davantage, retrouvez ici quelques informations cl\u00e9s sur la [&hellip;]<\/p>","protected":false},"author":439,"featured_media":0,"parent":0,"menu_order":0,"comment_status":"closed","ping_status":"closed","template":"","meta":{"inline_featured_image":false,"_uag_custom_page_level_css":"","footnotes":""},"class_list":["post-5729","page","type-page","status-publish","hentry"],"acf":[],"uagb_featured_image_src":{"full":false,"thumbnail":false,"medium":false,"medium_large":false,"large":false,"gs-tiny":false,"xl":false,"xxl":false,"xxxl":false,"xxxxl":false,"xxxxxl":false,"1536x1536":false,"2048x2048":false,"trp-custom-language-flag":false,"woocommerce_thumbnail":false,"woocommerce_single":false,"woocommerce_gallery_thumbnail":false},"uagb_author_info":{"display_name":"","author_link":"https:\/\/mademoiselle.flowers\/fi\/author\/ml-si\/"},"uagb_comment_info":0,"uagb_excerpt":"La symbolique des fleurs Au-del\u00e0 de leur importance dans la d\u00e9coration, les fleurs peuvent \u00e9galement se r\u00e9v\u00e9ler utiles dans divers cas. Elles demeurent surtout essentielles en raison du message qu\u2019elles v\u00e9hiculent.&nbsp;Vous pourrez ainsi offrir un bouquet de fleurs \u00e0 la place d\u2019un long discours. Pour en savoir davantage, retrouvez ici quelques informations cl\u00e9s sur la&hellip;","_links":{"self":[{"href":"https:\/\/mademoiselle.flowers\/fi\/wp-json\/wp\/v2\/pages\/5729"}],"collection":[{"href":"https:\/\/mademoiselle.flowers\/fi\/wp-json\/wp\/v2\/pages"}],"about":[{"href":"https:\/\/mademoiselle.flowers\/fi\/wp-json\/wp\/v2\/types\/page"}],"author":[{"embeddable":true,"href":"https:\/\/mademoiselle.flowers\/fi\/wp-json\/wp\/v2\/users\/439"}],"replies":[{"embeddable":true,"href":"https:\/\/mademoiselle.flowers\/fi\/wp-json\/wp\/v2\/comments?post=5729"}],"version-history":[{"count":6,"href":"https:\/\/mademoiselle.flowers\/fi\/wp-json\/wp\/v2\/pages\/5729\/revisions"}],"predecessor-version":[{"id":5770,"href":"https:\/\/mademoiselle.flowers\/fi\/wp-json\/wp\/v2\/pages\/5729\/revisions\/5770"}],"wp:attachment":[{"href":"https:\/\/mademoiselle.flowers\/fi\/wp-json\/wp\/v2\/media?parent=5729"}],"curies":[{"name":"wp","href":"https:\/\/api.w.org\/{rel}","templated":true}]}}