{"id":5732,"date":"2022-06-29T12:31:28","date_gmt":"2022-06-29T10:31:28","guid":{"rendered":"https:\/\/mademoiselle.flowers\/?page_id=5732"},"modified":"2022-06-30T09:54:21","modified_gmt":"2022-06-30T07:54:21","slug":"c1-d-recolter-des-fleurs","status":"publish","type":"page","link":"https:\/\/mademoiselle.flowers\/fi\/f-c1-d-recolter-des-fleurs\/","title":{"rendered":"C1 d &#8211; r\u00e9colte-culture"},"content":{"rendered":"<div class=\"wp-block-group grid about-section items-top deco-bottom deco-small\"><div class=\"wp-block-group__inner-container is-layout-flow wp-block-group-is-layout-flow\">\n<div style=\"height:112px\" aria-hidden=\"true\" class=\"wp-block-spacer\"><\/div>\n\n\n\n<div class=\"wp-block-uagb-advanced-heading uagb-block-a29bcf0e font-serif text-25 font-normal primary\"><h1 class=\"uagb-heading-text\">Kukkien kasvattaminen<\/h1><div class=\"uagb-separator-wrap\"><div class=\"uagb-separator\"><\/div><\/div><p class=\"uagb-desc-text\">Kukat, niiden kauneuden ansiosta <a href=\"https:\/\/mademoiselle.flowers\/fi\/f-c1b-parfum-des-fleurs\/\">tuoksu<\/a> ja niiden v\u00e4reill\u00e4 on erilaisia rooleja. Niit\u00e4 voidaan k\u00e4ytt\u00e4\u00e4 sis\u00e4tilojen koristeluun muodossa <a href=\"https:\/\/mademoiselle.flowers\/fi\/kukkakimput\/\">kukkakimput<\/a>Kunnianosoitus jollekin, osoittaaksesi kiintymyst\u00e4 rakkaalle henkil\u00f6lle jne. Jos haluat t\u00e4rke\u00e4\u00e4 tietoa&nbsp;<strong>kukkien kasvattaminen<\/strong>&nbsp;ja vuorovaikutus&nbsp;<strong>kukat ja ekologia<\/strong>Pyyd\u00e4mme sinua selaamaan t\u00e4m\u00e4n artikkelin eri kohtia.<\/p><\/div>\n\n\n\n<div class=\"wp-block-columns is-layout-flex wp-container-core-columns-is-layout-1 wp-block-columns-is-layout-flex\">\n<div class=\"wp-block-column grid about-section is-layout-flow wp-block-column-is-layout-flow\">\n<h2 class=\"font-serif text-30 font-normal primary deco wp-block-heading\">Kukkien kasvattaminen<\/h2>\n\n\n\n<p class=\"font-sans text-md font-light primary m-t-none m-b-none\"><strong>Kukkaviljely tai kukkaviljely<\/strong>\u00a0on puutarhaviljelyn osa-alue (katso artikkeli puutarhaviljelyst\u00e4). <a href=\"https:\/\/mademoiselle.flowers\/fi\/kukkakimput\/\">orgaaniset kukat<\/a>), ja sit\u00e4 on harjoitettu vuosikymmeni\u00e4. Leikkokukkia ja koristekasveja voidaan kasvattaa ruukuissa tai ikkunalaatikoissa k\u00e4ytt\u00e4m\u00e4ll\u00e4 erilaisia viljelytekniikoita. Euroopassa eksoottisten lajien k\u00e4ytt\u00f6\u00f6notto on johtanut kasvihuonekukkien tuotannon lis\u00e4\u00e4ntymiseen. \u00c4l\u00e4k\u00e4 unohda, ett\u00e4\u00a0<strong>Euroopan maiden osuus maailman puutarhakasvien viljelyst\u00e4 on noin 28 %.<\/strong>. T\u00e4\u00e4lt\u00e4 mademoiselle hankkii kukkansa ensin, jotta se voi tarjota kausikukkia ja eurooppalaisia kukkia.<\/p>\n\n\n\n<p class=\"font-sans text-md font-light primary m-t-none m-b-none\">T\u00e4ll\u00e4 alalla puutarhaviljelij\u00e4t k\u00e4ytt\u00e4v\u00e4t usein tehokkaita agronomisia menetelmi\u00e4, kuten esim.<strong>geneettinen parantaminen houkuttelevien lajikkeiden luomiseksi.&nbsp;<\/strong>T\u00e4m\u00e4 edist\u00e4\u00e4 valtavasti&nbsp;<strong>kukkien kaupallinen menestys<\/strong>&nbsp;ymp\u00e4ri maailmaa. Ja Euroopassa Alankomaat on ykk\u00f6skohde seuraaville kohteille&nbsp;<strong>maailman suurimpien kukkien ja koristekasvien tuottajien ranking.<\/strong>. Niit\u00e4 seuraavat Italia ja Saksa.<\/p>\n\n\n\n<h2 class=\"font-serif text-30 font-normal primary deco m-b-none wp-block-heading\">Luonnonkukat, jotka tunnetaan my\u00f6s nimell\u00e4 \"luonnonkukat\".<\/h2>\n\n\n\n<p class=\"font-sans text-md font-light primary m-t-none m-b-none\">Joitakin luonnonvaraisia kukkia k\u00e4ytet\u00e4\u00e4n harvoin tuoreiden kukkakimppujen luomiseen, mutta ne p\u00e4\u00e4tyv\u00e4t luonnonvaraisten kukkakimppujen tai \"kentt\u00e4kukkakimppujen\" kukka-asetelmiin. .&nbsp;<strong>luonnonvaraiset kukat<\/strong>&nbsp;kasvaa luonnossa spontaanisti. Houkuttelevia, hy\u00f6dyllisi\u00e4 ja joskus sy\u00f6t\u00e4vi\u00e4,&nbsp;<strong>ne auttavat yll\u00e4pit\u00e4m\u00e4\u00e4n biologista monimuotoisuutta.<\/strong>&nbsp;T\u00e4ss\u00e4 on joitakin luonnonvaraisia kukkia:<\/p>\n\n\n\n<ul class=\"font-sans text-md font-light primary m-t-none m-b-none wp-block-list\"><li><strong>Ammis&nbsp;<\/strong>Niit\u00e4 tavataan usein teiden varsilla, ja ne ovat eritt\u00e4in suosittuja luonnonvaraisia sateenvarjokasveja;<\/li><li><strong>Luonnonvarainen kirveli&nbsp;<\/strong>Pitsim\u00e4isten lehtien ja h\u00f6yry\u00e4vien kukkiensa ansiosta se tuo kukkapenkkiin kevyen s\u00e4v\u00e4yksen;<\/li><li><strong>Betony&nbsp;<\/strong>T\u00e4m\u00e4 on luonnonvarainen lamiaceae, jolla on kauniit vaaleanpunaisesta punertavaan vaihtelevat kukat;<\/li><li><strong>Knapweed&nbsp;<\/strong>Se tunnetaan my\u00f6s nimell\u00e4 ruiskaunokki, jacea tai barb, ja sit\u00e4 tavataan yleens\u00e4 vuorilla ja niityill\u00e4;<\/li><li><strong>Colchicum&nbsp;<\/strong>Colchicum: Colchicum on luonnollisen ja villin luonteensa vuoksi arvostettu kasvi, joka kasvaa spontaanisti kosteilla niityill\u00e4. N\u00e4it\u00e4 kasveja on kuitenkin helppo kasvattaa;<\/li><li><strong>Ruusunmarjat&nbsp;<\/strong>T\u00e4t\u00e4 luonnonvaraista kukkaa tavataan usein teiden varsilla ja pensasaidoissa, mutta se voi viihty\u00e4 my\u00f6s puutarhassa.<\/li><\/ul>\n\n\n\n<p class=\"font-sans text-md font-light primary m-t-none m-b-none\">Voit j\u00e4rjest\u00e4\u00e4 onnistuneen yhteiselon puutarhassasi, jos opit seuraavat asiat&nbsp;<strong>saadaksesi lis\u00e4tietoja n\u00e4ist\u00e4 luonnonvaraisista kukista.<\/strong><\/p>\n\n\n\n<div style=\"height:135px\" aria-hidden=\"true\" class=\"wp-block-spacer\"><\/div>\n\n\n\n<figure class=\"wp-block-image size-large font-sans text-md font-light primary m-t-none m-b-none uag-hide-mob\"><img decoding=\"async\" width=\"1460\" height=\"973\" src=\"https:\/\/mademoiselle.flowers\/wp-content\/uploads\/2021\/11\/47-20102021-950A3746-Mademoiselle-WEB-72-1460x973.jpg\" alt=\"Kukkien kasvattaminen kukkakimpputeollisuutta varten\" class=\"wp-image-4152\" srcset=\"https:\/\/mademoiselle.flowers\/wp-content\/uploads\/2021\/11\/47-20102021-950A3746-Mademoiselle-WEB-72-1460x973.jpg 1460w, https:\/\/mademoiselle.flowers\/wp-content\/uploads\/2021\/11\/47-20102021-950A3746-Mademoiselle-WEB-72-600x400.jpg 600w, https:\/\/mademoiselle.flowers\/wp-content\/uploads\/2021\/11\/47-20102021-950A3746-Mademoiselle-WEB-72-768x512.jpg 768w, https:\/\/mademoiselle.flowers\/wp-content\/uploads\/2021\/11\/47-20102021-950A3746-Mademoiselle-WEB-72-1600x1067.jpg 1600w, https:\/\/mademoiselle.flowers\/wp-content\/uploads\/2021\/11\/47-20102021-950A3746-Mademoiselle-WEB-72-1536x1024.jpg 1536w, https:\/\/mademoiselle.flowers\/wp-content\/uploads\/2021\/11\/47-20102021-950A3746-Mademoiselle-WEB-72-2048x1365.jpg 2048w, https:\/\/mademoiselle.flowers\/wp-content\/uploads\/2021\/11\/47-20102021-950A3746-Mademoiselle-WEB-72-16x12.jpg 16w, https:\/\/mademoiselle.flowers\/wp-content\/uploads\/2021\/11\/47-20102021-950A3746-Mademoiselle-WEB-72-700x467.jpg 700w, https:\/\/mademoiselle.flowers\/wp-content\/uploads\/2021\/11\/47-20102021-950A3746-Mademoiselle-WEB-72-1920x1280.jpg 1920w\" sizes=\"(max-width: 1460px) 100vw, 1460px\" \/><\/figure>\n\n\n\n<h2 class=\"font-serif text-30 font-normal primary deco m-b-none wp-block-heading\">Kukat ja ekologia<\/h2>\n\n\n\n<p class=\"font-sans text-md font-light primary m-t-none m-b-none\"><strong>Kukkien kasvattaminen edellytt\u00e4\u00e4 usein kemiallisten torjunta-aineiden k\u00e4ytt\u00f6\u00e4 ja energiankulutusta.<\/strong>. Esimerkkin\u00e4 mainittakoon, ett\u00e4 kukkakimpun tuottaminen edellytt\u00e4\u00e4 mineraalilannoitteiden ja synteettisten kasvinsuojeluaineiden k\u00e4ytt\u00f6\u00e4, tiettyjen koneiden k\u00e4ytt\u00f6\u00e4 ja toisinaan kasvihuoneen l\u00e4mmitt\u00e4mist\u00e4. On kuitenkin t\u00e4rke\u00e4\u00e4 muistaa, ett\u00e4&nbsp;<strong>t\u00e4m\u00e4 ei edist\u00e4 ymp\u00e4rist\u00f6nsuojelua<\/strong>.<\/p>\n\n\n\n<p class=\"font-sans text-md font-light primary m-t-none m-b-none\">Lis\u00e4ksi kukat toimitetaan joskus lentoteitse, mik\u00e4 lis\u00e4\u00e4 alan ymp\u00e4rist\u00f6jalanj\u00e4lke\u00e4. Voit kuitenkin nauttia kukista ja tehd\u00e4 samalla jotain ymp\u00e4rist\u00f6n hyv\u00e4ksi. N\u00e4in se onnistuu,<strong>&nbsp;osta paikallisia, kausikukkia tai kuivattuja kukkia<\/strong>. Valitse syksyll\u00e4 daaliat, krysanteemit ja syklaamit ja talvella kameliat, mimoosat ja helleboret.<\/p>\n\n\n\n<p class=\"font-sans text-md font-light primary m-t-none m-b-none\">Valitse kev\u00e4\u00e4ll\u00e4 pionit, tulppaanit tai magnolia ja kes\u00e4ll\u00e4 liljat, gladioli tai gypsophila. Toisaalta,&nbsp;<strong>ilman kukkia ei olisi mehil\u00e4isi\u00e4, ja ilman mehil\u00e4isi\u00e4 ei olisi kasveja eik\u00e4 hedelmi\u00e4.<\/strong>.<\/p>\n\n\n\n<p class=\"font-sans text-md font-light primary m-t-none m-b-none\"><strong>Lue my\u00f6s: <\/strong><br><\/p>\n\n\n\n<p class=\"font-sans text-md font-light primary m-t-none m-b-none\">Kukkien hy\u00f6dyllisyys<br>Kukkien antamisen ilo<br>Osta kukkia verkossa<br>L\u00e4het\u00e4 kukkia<br>Kukat liike-el\u00e4m\u00e4ss\u00e4 (B2B)<br>Kukkakauppiaan ammatti<br><\/p>\n<\/div>\n<\/div>\n<\/div><\/div>\n\n\n\n<div class=\"wp-block-columns card-descover__container grid about-section m-b-2xl deco-top is-layout-flex wp-container-core-columns-is-layout-2 wp-block-columns-is-layout-flex\">\n<div class=\"wp-block-column card-descover__left col-desk-6 col-tab-6 col-mob-2 p-l-none is-layout-flow wp-block-column-is-layout-flow\">\n<div class=\"wp-block-group relative\"><div class=\"wp-block-group__inner-container is-layout-flow wp-block-group-is-layout-flow\">\n<figure class=\"wp-block-image size-large who__img-contain\"><img decoding=\"async\" width=\"1365\" height=\"768\" src=\"https:\/\/mademoiselle.flowers\/wp-content\/uploads\/2021\/02\/ABONNEMENT-12MOIS-edited.jpg\" alt=\"Kukka toimitus kaikkialla p\u00e4\u00e4kaupungissa\" class=\"wp-image-1161\" srcset=\"https:\/\/mademoiselle.flowers\/wp-content\/uploads\/2021\/02\/ABONNEMENT-12MOIS-edited.jpg 1365w, https:\/\/mademoiselle.flowers\/wp-content\/uploads\/2021\/02\/ABONNEMENT-12MOIS-edited-700x394.jpg 700w, https:\/\/mademoiselle.flowers\/wp-content\/uploads\/2021\/02\/ABONNEMENT-12MOIS-edited-600x338.jpg 600w, https:\/\/mademoiselle.flowers\/wp-content\/uploads\/2021\/02\/ABONNEMENT-12MOIS-edited-768x432.jpg 768w, https:\/\/mademoiselle.flowers\/wp-content\/uploads\/2021\/02\/ABONNEMENT-12MOIS-edited-16x9.jpg 16w\" sizes=\"(max-width: 1365px) 100vw, 1365px\" \/><\/figure>\n\n\n\n<p class=\"button--white upperCase d-inline-block cursor-pointer center--middle\"><a href=\"\/fi\/shop\/nos-bouquets\/\">Katso kukkakimput saatavilla toimitukseen<\/a><\/p>\n<\/div><\/div>\n<\/div>\n\n\n\n<div class=\"wp-block-column card-descover__right col-desk-6 col-tab-6 col-mob-2 p-r-none is-layout-flow wp-block-column-is-layout-flow\">\n<div class=\"wp-block-group relative\"><div class=\"wp-block-group__inner-container is-layout-flow wp-block-group-is-layout-flow\">\n<figure class=\"wp-block-image size-large who__img-contain\"><img decoding=\"async\" width=\"350\" height=\"197\" src=\"https:\/\/mademoiselle.flowers\/wp-content\/uploads\/2021\/02\/victoire-ambiance-a-edited.jpg\" alt=\"Kukkatilaus Brysseliss\u00e4\" class=\"wp-image-1165\" srcset=\"https:\/\/mademoiselle.flowers\/wp-content\/uploads\/2021\/02\/victoire-ambiance-a-edited.jpg 350w, https:\/\/mademoiselle.flowers\/wp-content\/uploads\/2021\/02\/victoire-ambiance-a-edited-16x9.jpg 16w\" sizes=\"(max-width: 350px) 100vw, 350px\" \/><\/figure>\n\n\n\n<p class=\"button--white upperCase d-inline-block cursor-pointer center--middle\"><a href=\"https:\/\/mademoiselle.flowers\/fi\/meidan-tilaukset-2\/\">Kukkatilauksemme<\/a> <\/p>\n<\/div><\/div>\n<\/div>\n<\/div>\n\n\n\n<p><\/p>","protected":false},"excerpt":{"rendered":"<p>La Culture des fleurs Les fleurs, gr\u00e2ce \u00e0 leur beaut\u00e9, leur parfum et leurs couleurs, jouent divers r\u00f4les. En effet, elles peuvent servir \u00e0 d\u00e9corer son int\u00e9rieur sous forme de bouquets de fleurs, \u00e0 rendre hommage \u00e0 quelqu\u2019un, \u00e0 t\u00e9moigner son affection \u00e0 un proche, etc. Si vous souhaitez disposer d\u2019importantes informations sur la&nbsp;culture des [&hellip;]<\/p>","protected":false},"author":439,"featured_media":0,"parent":0,"menu_order":0,"comment_status":"closed","ping_status":"closed","template":"","meta":{"inline_featured_image":false,"_uag_custom_page_level_css":"","footnotes":""},"class_list":["post-5732","page","type-page","status-publish","hentry"],"acf":[],"uagb_featured_image_src":{"full":false,"thumbnail":false,"medium":false,"medium_large":false,"large":false,"gs-tiny":false,"xl":false,"xxl":false,"xxxl":false,"xxxxl":false,"xxxxxl":false,"1536x1536":false,"2048x2048":false,"trp-custom-language-flag":false,"woocommerce_thumbnail":false,"woocommerce_single":false,"woocommerce_gallery_thumbnail":false},"uagb_author_info":{"display_name":"","author_link":"https:\/\/mademoiselle.flowers\/fi\/author\/ml-si\/"},"uagb_comment_info":0,"uagb_excerpt":"La Culture des fleurs Les fleurs, gr\u00e2ce \u00e0 leur beaut\u00e9, leur parfum et leurs couleurs, jouent divers r\u00f4les. En effet, elles peuvent servir \u00e0 d\u00e9corer son int\u00e9rieur sous forme de bouquets de fleurs, \u00e0 rendre hommage \u00e0 quelqu\u2019un, \u00e0 t\u00e9moigner son affection \u00e0 un proche, etc. Si vous souhaitez disposer d\u2019importantes informations sur la&nbsp;culture des&hellip;","_links":{"self":[{"href":"https:\/\/mademoiselle.flowers\/fi\/wp-json\/wp\/v2\/pages\/5732"}],"collection":[{"href":"https:\/\/mademoiselle.flowers\/fi\/wp-json\/wp\/v2\/pages"}],"about":[{"href":"https:\/\/mademoiselle.flowers\/fi\/wp-json\/wp\/v2\/types\/page"}],"author":[{"embeddable":true,"href":"https:\/\/mademoiselle.flowers\/fi\/wp-json\/wp\/v2\/users\/439"}],"replies":[{"embeddable":true,"href":"https:\/\/mademoiselle.flowers\/fi\/wp-json\/wp\/v2\/comments?post=5732"}],"version-history":[{"count":5,"href":"https:\/\/mademoiselle.flowers\/fi\/wp-json\/wp\/v2\/pages\/5732\/revisions"}],"predecessor-version":[{"id":5764,"href":"https:\/\/mademoiselle.flowers\/fi\/wp-json\/wp\/v2\/pages\/5732\/revisions\/5764"}],"wp:attachment":[{"href":"https:\/\/mademoiselle.flowers\/fi\/wp-json\/wp\/v2\/media?parent=5732"}],"curies":[{"name":"wp","href":"https:\/\/api.w.org\/{rel}","templated":true}]}}