{"id":6347,"date":"2023-01-06T17:58:17","date_gmt":"2023-01-06T16:58:17","guid":{"rendered":"https:\/\/mademoiselle.flowers\/?page_id=6347"},"modified":"2023-01-06T22:26:14","modified_gmt":"2023-01-06T21:26:14","slug":"c1-e-e-verdure","status":"publish","type":"page","link":"https:\/\/mademoiselle.flowers\/fi\/f-c1-e-e\/","title":{"rendered":"C1 e e &#8211; verdure"},"content":{"rendered":"<div class=\"wp-block-group grid about-section items-top deco-bottom deco-small\"><div class=\"wp-block-group__inner-container is-layout-flow wp-block-group-is-layout-flow\">\n<div style=\"height:112px\" aria-hidden=\"true\" class=\"wp-block-spacer\"><\/div>\n\n\n\n<div class=\"wp-block-uagb-advanced-heading uagb-block-b91a2b42 font-serif text-25 font-normal primary\"><h1 class=\"uagb-heading-text\">Kukkien ja viherkasvien tasapaino kukkakimpussa<\/h1><div class=\"uagb-separator-wrap\"><div class=\"uagb-separator\"><\/div><\/div><p class=\"uagb-desc-text\">Koostumus <a href=\"https:\/\/mademoiselle.flowers\/fi\/kukkakimput\/\">kukkakimppu<\/a> on taito j\u00e4rjest\u00e4\u00e4 kukkia ja viherkasveja esteettisesti harmonisen visuaalisen vaikutelman luomiseksi. Tasapaino <strong>kukkia ja viherkasveja<\/strong> on avainasemassa onnistuneen kukkakimpun luomisessa, mutta sit\u00e4 voi olla vaikea hallita. Seuraavassa on muutama vinkki, joiden avulla l\u00f6yd\u00e4t kukkien ja viherkasvien t\u00e4ydellisen tasapainon kimpussa. <a href=\"https:\/\/mademoiselle.flowers\/fi\/f-c1-e-concevoir-un-bouquet\/\">kukka-asetelma<\/a>.<\/p><\/div>\n\n\n\n<div class=\"wp-block-columns is-layout-flex wp-container-core-columns-is-layout-1 wp-block-columns-is-layout-flex\">\n<div class=\"wp-block-column grid about-section is-layout-flow wp-block-column-is-layout-flow\">\n<h2 class=\"font-serif text-30 font-normal primary deco wp-block-heading\">3 erilaista viherkasvia, joita kannattaa k\u00e4ytt\u00e4\u00e4 kimpussasi<\/h2>\n\n\n\n<p class=\"font-sans text-md font-light primary m-t-none m-b-none\">Viherkasvit voivat lis\u00e4t\u00e4 kimpun tekstuuria ja visuaalista mielenkiintoa sek\u00e4 toimia kukkien tukena ja asetelman p\u00e4\u00e4hineen\u00e4. Kukka-asetelmissa voidaan k\u00e4ytt\u00e4\u00e4 monia erilaisia viherkasveja, mukaan lukien kolme suurta klassikkoa:<\/p>\n\n\n\n<ul class=\"font-sans text-md font-light primary m-t-none m-b-none wp-block-list\">\n<li><strong>Eukalyptus<\/strong> Eukalyptus: Eukalyptus on suosittu kukka-asetelmien kasvi mielenkiintoisen muotonsa ja miellytt\u00e4v\u00e4n tuoksunsa vuoksi.<\/li>\n\n\n\n<li><strong>Ruscus<\/strong> Ruscus on vankka ja pitk\u00e4ik\u00e4inen kasvi, joka sopii t\u00e4ydellisesti lis\u00e4\u00e4m\u00e4\u00e4n kimpun rakennetta ja vakautta.<\/li>\n\n\n\n<li><strong>Hypericum<\/strong> Hypericum on kirkas, v\u00e4rik\u00e4s vihre\u00e4, joka sopii erinomaisesti v\u00e4rin ja koristeen lis\u00e4\u00e4miseen kukkakimppuun.<\/li>\n<\/ul>\n\n\n\n<p class=\"font-sans text-md font-light primary m-t-none m-b-none\">On t\u00e4rke\u00e4\u00e4 valita viherkasvit, jotka sopivat muodoltaan ja v\u00e4rilt\u00e4\u00e4n kukkien kanssa, joita aiot k\u00e4ytt\u00e4\u00e4 kimpussasi, jotta voit <a href=\"https:\/\/mademoiselle.flowers\/fi\/f-c1-f-esthetisme\/\">luoda harmoninen visuaalinen vaikutus<\/a>. V\u00e4lt\u00e4 esimerkiksi palmunlehti\u00e4 ruusujen kanssa... se on hyvin nopeasti mautonta \ud83d\ude09.<\/p>\n\n\n\n<h2 class=\"font-serif text-30 font-normal primary deco wp-block-heading\">Ilmavat kimput ilman viherkasveja!<\/h2>\n\n\n\n<p class=\"font-sans text-md font-light primary m-t-none m-b-none\">Vaikka <strong>viherkasvit<\/strong> on t\u00e4rke\u00e4 osa useimpia kukkakimppuja, se on mahdollista tehd\u00e4 <a href=\"https:\/\/mademoiselle.flowers\/fi\/f-c1-e-a\/\">luoda j\u00e4rjestelyj\u00e4<\/a> ilmava ja tyylik\u00e4s <strong>ilman viherkasveja<\/strong>. Sinun tarvitsee vain valita eri muotoisia ja v\u00e4risi\u00e4 kukkia ja j\u00e4rjest\u00e4\u00e4 ne niin, ett\u00e4 ne luovat tilaa ja syvyytt\u00e4.<\/p>\n\n\n\n<p class=\"font-sans text-md font-light primary m-t-none m-b-none\">Voit esimerkiksi k\u00e4ytt\u00e4\u00e4 isoja, tuuheita kukkia, kuten pioneita tai liljoja, pienempien kukkien, kuten ruusujen tai sein\u00e4kukkien, rinnalla ja luoda ilmavan, tasapainoisen kimpun. Voit my\u00f6s leikitell\u00e4 v\u00e4reill\u00e4 k\u00e4ytt\u00e4m\u00e4ll\u00e4 samans\u00e4vyisi\u00e4 tai kontrastiv\u00e4risi\u00e4 kukkia ja lis\u00e4t\u00e4 n\u00e4in visuaalista mielenkiintoa kimppuusi.<\/p>\n\n\n\n<p class=\"font-sans text-md font-light primary m-t-none m-b-none\">Lyhyesti sanottuna, l\u00f6yt\u00e4\u00e4<strong>t\u00e4ydellinen tasapaino kukkien ja viherkasvien v\u00e4lill\u00e4 kukkakimpussa.<\/strong> on hienovarainen taito, johon kuuluu oikeiden kukkien ja viherkasvien valinta ja niiden j\u00e4rjest\u00e4minen siten, ett\u00e4 saadaan aikaan harmoninen visuaalinen vaikutus. <\/p>\n\n\n\n<p class=\"font-sans text-md font-light primary m-t-none m-b-none\">K\u00e4ytt\u00e4m\u00e4ll\u00e4 viherkasveja viisaasti voit lis\u00e4t\u00e4 kimppuusi tekstuuria ja visuaalista mielenkiintoa, kun taas ilmavat kimput ilman viherkasveja voivat olla tyylikk\u00e4it\u00e4 ja hienostuneita k\u00e4ytt\u00e4m\u00e4ll\u00e4 eri muotoisia ja v\u00e4risi\u00e4 kukkia. Olipa tyylisi mik\u00e4 tahansa, on monia tapoja leikitell\u00e4 kukkien ja viherkasvien v\u00e4lisell\u00e4 tasapainolla ja luoda ainutlaatuisia ja persoonallisia kimppuja.<\/p>\n\n\n\n<p class=\"font-sans text-md font-light primary m-t-none m-b-none\"><strong>Lue my\u00f6s: <\/strong><\/p>\n\n\n\n<p class=\"font-sans text-md font-light primary m-t-none m-b-none\">Kukkien hy\u00f6dyllisyys<br>Kukkien antamisen ilo<br>Osta kukkia verkossa<br>L\u00e4het\u00e4 kukkia<br>Kukat liike-el\u00e4m\u00e4ss\u00e4 (B2B)<br>Kukkakauppiaan ammatti<br><\/p>\n<\/div>\n<\/div>\n<\/div><\/div>\n\n\n\n<div class=\"wp-block-columns card-descover__container grid about-section m-b-2xl deco-top is-layout-flex wp-container-core-columns-is-layout-2 wp-block-columns-is-layout-flex\">\n<div class=\"wp-block-column card-descover__left col-desk-6 col-tab-6 col-mob-2 p-l-none is-layout-flow wp-block-column-is-layout-flow\">\n<div class=\"wp-block-group relative\"><div class=\"wp-block-group__inner-container is-layout-flow wp-block-group-is-layout-flow\">\n<figure class=\"wp-block-image size-large who__img-contain\"><img decoding=\"async\" width=\"1365\" height=\"768\" src=\"https:\/\/mademoiselle.flowers\/wp-content\/uploads\/2021\/02\/ABONNEMENT-12MOIS-edited.jpg\" alt=\"Kukka toimitus kaikkialla p\u00e4\u00e4kaupungissa\" class=\"wp-image-1161\" srcset=\"https:\/\/mademoiselle.flowers\/wp-content\/uploads\/2021\/02\/ABONNEMENT-12MOIS-edited.jpg 1365w, https:\/\/mademoiselle.flowers\/wp-content\/uploads\/2021\/02\/ABONNEMENT-12MOIS-edited-700x394.jpg 700w, https:\/\/mademoiselle.flowers\/wp-content\/uploads\/2021\/02\/ABONNEMENT-12MOIS-edited-600x338.jpg 600w, https:\/\/mademoiselle.flowers\/wp-content\/uploads\/2021\/02\/ABONNEMENT-12MOIS-edited-768x432.jpg 768w, https:\/\/mademoiselle.flowers\/wp-content\/uploads\/2021\/02\/ABONNEMENT-12MOIS-edited-16x9.jpg 16w\" sizes=\"(max-width: 1365px) 100vw, 1365px\" \/><\/figure>\n\n\n\n<p class=\"button--white upperCase d-inline-block cursor-pointer center--middle\"><a href=\"\/fi\/shop\/nos-bouquets\/\">Katso kukkakimput saatavilla toimitukseen<\/a><\/p>\n<\/div><\/div>\n<\/div>\n\n\n\n<div class=\"wp-block-column card-descover__right col-desk-6 col-tab-6 col-mob-2 p-r-none is-layout-flow wp-block-column-is-layout-flow\">\n<div class=\"wp-block-group relative\"><div class=\"wp-block-group__inner-container is-layout-flow wp-block-group-is-layout-flow\">\n<figure class=\"wp-block-image size-large who__img-contain\"><img decoding=\"async\" width=\"350\" height=\"197\" src=\"https:\/\/mademoiselle.flowers\/wp-content\/uploads\/2021\/02\/victoire-ambiance-a-edited.jpg\" alt=\"Kukkatilaus Brysseliss\u00e4\" class=\"wp-image-1165\" srcset=\"https:\/\/mademoiselle.flowers\/wp-content\/uploads\/2021\/02\/victoire-ambiance-a-edited.jpg 350w, https:\/\/mademoiselle.flowers\/wp-content\/uploads\/2021\/02\/victoire-ambiance-a-edited-16x9.jpg 16w\" sizes=\"(max-width: 350px) 100vw, 350px\" \/><\/figure>\n\n\n\n<p class=\"button--white upperCase d-inline-block cursor-pointer center--middle\"><a href=\"https:\/\/mademoiselle.flowers\/fi\/meidan-tilaukset-2\/\">Kukkatilauksemme<\/a> <\/p>\n<\/div><\/div>\n<\/div>\n<\/div>\n\n\n\n<p><\/p>","protected":false},"excerpt":{"rendered":"<p>L&rsquo;\u00e9quilibre Fleurs et Verdure dans un bouquet de fleurs La composition d&rsquo;un bouquet de fleurs est un art qui consiste \u00e0 disposer de mani\u00e8re esth\u00e9tique des fleurs et de la verdure de mani\u00e8re \u00e0 cr\u00e9er un effet visuel harmonieux. L&rsquo;\u00e9quilibre entre les fleurs et la verdure est un \u00e9l\u00e9ment cl\u00e9 pour r\u00e9ussir un bouquet r\u00e9ussi, [&hellip;]<\/p>","protected":false},"author":439,"featured_media":0,"parent":0,"menu_order":0,"comment_status":"closed","ping_status":"closed","template":"","meta":{"inline_featured_image":false,"_uag_custom_page_level_css":"","footnotes":""},"class_list":["post-6347","page","type-page","status-publish","hentry"],"acf":[],"uagb_featured_image_src":{"full":false,"thumbnail":false,"medium":false,"medium_large":false,"large":false,"gs-tiny":false,"xl":false,"xxl":false,"xxxl":false,"xxxxl":false,"xxxxxl":false,"1536x1536":false,"2048x2048":false,"trp-custom-language-flag":false,"woocommerce_thumbnail":false,"woocommerce_single":false,"woocommerce_gallery_thumbnail":false},"uagb_author_info":{"display_name":"","author_link":"https:\/\/mademoiselle.flowers\/fi\/author\/ml-si\/"},"uagb_comment_info":0,"uagb_excerpt":"L&rsquo;\u00e9quilibre Fleurs et Verdure dans un bouquet de fleurs La composition d&rsquo;un bouquet de fleurs est un art qui consiste \u00e0 disposer de mani\u00e8re esth\u00e9tique des fleurs et de la verdure de mani\u00e8re \u00e0 cr\u00e9er un effet visuel harmonieux. L&rsquo;\u00e9quilibre entre les fleurs et la verdure est un \u00e9l\u00e9ment cl\u00e9 pour r\u00e9ussir un bouquet r\u00e9ussi,&hellip;","_links":{"self":[{"href":"https:\/\/mademoiselle.flowers\/fi\/wp-json\/wp\/v2\/pages\/6347"}],"collection":[{"href":"https:\/\/mademoiselle.flowers\/fi\/wp-json\/wp\/v2\/pages"}],"about":[{"href":"https:\/\/mademoiselle.flowers\/fi\/wp-json\/wp\/v2\/types\/page"}],"author":[{"embeddable":true,"href":"https:\/\/mademoiselle.flowers\/fi\/wp-json\/wp\/v2\/users\/439"}],"replies":[{"embeddable":true,"href":"https:\/\/mademoiselle.flowers\/fi\/wp-json\/wp\/v2\/comments?post=6347"}],"version-history":[{"count":9,"href":"https:\/\/mademoiselle.flowers\/fi\/wp-json\/wp\/v2\/pages\/6347\/revisions"}],"predecessor-version":[{"id":6375,"href":"https:\/\/mademoiselle.flowers\/fi\/wp-json\/wp\/v2\/pages\/6347\/revisions\/6375"}],"wp:attachment":[{"href":"https:\/\/mademoiselle.flowers\/fi\/wp-json\/wp\/v2\/media?parent=6347"}],"curies":[{"name":"wp","href":"https:\/\/api.w.org\/{rel}","templated":true}]}}