{"id":6372,"date":"2023-01-06T18:54:49","date_gmt":"2023-01-06T17:54:49","guid":{"rendered":"https:\/\/mademoiselle.flowers\/?page_id=6372"},"modified":"2023-01-06T22:38:40","modified_gmt":"2023-01-06T21:38:40","slug":"c1-f-esthetisme","status":"publish","type":"page","link":"https:\/\/mademoiselle.flowers\/fi\/f-c1-f-esthetisme\/","title":{"rendered":"C1 f &#8211; esth\u00e9tisme"},"content":{"rendered":"<div class=\"wp-block-group grid about-section items-top deco-bottom deco-small\"><div class=\"wp-block-group__inner-container is-layout-flow wp-block-group-is-layout-flow\">\n<div style=\"height:112px\" aria-hidden=\"true\" class=\"wp-block-spacer\"><\/div>\n\n\n\n<div class=\"wp-block-uagb-advanced-heading uagb-block-50fd6590 font-serif text-25 font-normal primary\"><h1 class=\"uagb-heading-text\">Kukkien estetiikka: miten voit sis\u00e4llytt\u00e4\u00e4 kukkia kodin sisustukseen?<\/h1><div class=\"uagb-separator-wrap\"><div class=\"uagb-separator\"><\/div><\/div><p class=\"uagb-desc-text\">Les <a href=\"https:\/\/mademoiselle.flowers\/fi\/kukkakimput\/\">kukkakimput<\/a> ovat olennainen sisustuselementti, olipa kyseess\u00e4 sitten virallinen tai ep\u00e4virallinen ymp\u00e4rist\u00f6. <\/p><\/div>\n\n\n\n<div class=\"wp-block-columns is-layout-flex wp-container-core-columns-is-layout-1 wp-block-columns-is-layout-flex\">\n<div class=\"wp-block-column grid about-section is-layout-flow wp-block-column-is-layout-flow\">\n<p><\/p>\n\n\n\n<h2 class=\"font-serif text-30 font-normal primary deco wp-block-heading\">Sis\u00e4tilojen varusteet<\/h2>\n\n\n\n<p class=\"font-sans text-md font-light primary m-t-none m-b-none\">Sen lis\u00e4ksi, ett\u00e4 ne tuovat tilaan v\u00e4ri\u00e4 ja eloa, niill\u00e4 on my\u00f6s aromaattisia ja terapeuttisia ominaisuuksia, jotka voivat parantaa hyvinvointia ja mielialaa. Seuraavassa on muutamia ideoita, joiden avulla voit sis\u00e4llytt\u00e4\u00e4 kukkia esteettisesti kotisi sisustukseen.<\/p>\n\n\n\n<p class=\"font-sans text-md font-light primary m-t-none m-b-none\"><strong>Ripaus v\u00e4ri\u00e4 kotiin<\/strong> Yksinkertainen kukkakimppu voi tuoda v\u00e4ri\u00e4 ja eloa mihin tahansa tilaan. Voit valita kukkia sisustukseen sopivissa v\u00e4reiss\u00e4 tai valita kontrastiv\u00e4risen kukkakimpun, joka lis\u00e4\u00e4 visuaalista mielenkiintoa. Esimerkiksi keltainen erottuu hyvin tummien v\u00e4rien tai tummansinisten kanssa.<\/p>\n\n\n\n<p class=\"font-sans text-md font-light primary m-t-none m-b-none\"><strong>Avioliitto sein\u00e4maalausten kanssa<\/strong> Voit luoda harmonisen visuaalisen vaikutelman sovittamalla kukkien v\u00e4rit sein\u00e4maalausten v\u00e4reihin. Jos sinulla on esimerkiksi siniset sein\u00e4t, voit valita keltaisia tai oransseja kukkia luodaksesi n\u00e4ytt\u00e4v\u00e4n kontrastin. T\u00e4m\u00e4 pieni ripaus v\u00e4ri\u00e4 parantaa sein\u00e4n s\u00e4vy\u00e4. Mieti, voisitko k\u00e4ytt\u00e4\u00e4 samaa v\u00e4ri\u00e4 my\u00f6s muualla huoneessa (keltainen tyyny, oranssi koriste-esine jne.).<\/p>\n\n\n\n<p class=\"font-sans text-md font-light primary m-t-none m-b-none\"><strong>Maljakon valitseminen<\/strong> Estetiikka: kukkakimppuusi k\u00e4ytt\u00e4m\u00e4si maljakko voi my\u00f6s vaikuttaa j\u00e4rjestelysi estetiikkaan. Valitse maljakko, joka sopii yhteen kukkiesi muodon ja v\u00e4rin kanssa ja luo n\u00e4in harmonisen visuaalisen vaikutelman.<\/p>\n\n\n\n<p class=\"font-sans text-md font-light primary m-t-none m-b-none\"><strong>Kukkia ja kynttil\u00f6it\u00e4<\/strong> Kukat ja kynttil\u00e4t: ihanteellinen yhdistelm\u00e4: kukat ja kynttil\u00e4t ovat ihanteellinen yhdistelm\u00e4 l\u00e4mpim\u00e4n ja romanttisen tunnelman luomiseen. Voit valita kukkia, joissa on pehme\u00e4t, rauhoittavat tuoksut, kuten pionit tai ruusut, ja yhdist\u00e4\u00e4 ne tuoksukynttil\u00f6ihin t\u00e4ydellist\u00e4 aistikokemusta varten.<\/p>\n\n\n\n<p class=\"font-sans text-md font-light primary m-t-none m-b-none\"><\/p>\n\n\n\n<h2 class=\"font-serif text-30 font-normal primary deco wp-block-heading\">Kukkakimput maalauksessa ja valokuvauksessa<\/h2>\n\n\n\n<p class=\"font-sans text-md font-light primary m-t-none m-b-none\">Kukkakimput ovat olleet taiteilijoiden inspiraation l\u00e4hde vuosisatojen ajan. Monet kuuluisat taiteilijat ovat ikuistaneet kukkia maalauksissaan, kuten Jan Brueghel vanhempi ja h\u00e4nen kuuluisa maalauksensa \"Kev\u00e4t\", jossa on valtava kukkakimppu luonnonvaraisia kukkia. Kukkakimppuja ovat kuvanneet my\u00f6s taiteilijat, kuten Georgia O'Keeffe ja Claude Monet, jotka ovat k\u00e4ytt\u00e4neet kukkia teostensa p\u00e4\u00e4aiheena.<\/p>\n\n\n\n<p class=\"font-sans text-md font-light primary m-t-none m-b-none\">Kukkakimput ovat my\u00f6s valokuvaajien inspiraation l\u00e4hde. Kukkakimput tarjoavat v\u00e4rikk\u00e4\u00e4n ja mielenkiintoisen kuvauskohteen, halusitpa sitten kuvata h\u00e4it\u00e4 tai luoda kauniita kukkakuvia kotiisi.<\/p>\n\n\n\n<p class=\"font-sans text-md font-light primary m-t-none m-b-none\">Miksi et valitsisi kukkakimppua, joka heijastaa sein\u00e4ll\u00e4 olevien maalausten\/valokuvakehysten hallitsevia v\u00e4rej\u00e4? Tulet h\u00e4mm\u00e4stym\u00e4\u00e4n, miten s\u00e4vyjen yhdistelm\u00e4 luo visuaalisen yhten\u00e4isyyden.<\/p>\n\n\n\n<h2 class=\"font-serif text-30 font-normal primary deco wp-block-heading\">Kukkamuotoja, pehme\u00e4 ottelu sisustukseesi<\/h2>\n\n\n\n<p class=\"font-sans text-md font-light primary m-t-none m-b-none\">Kukkien esteettisyys riippuu my\u00f6s niiden muodosta. Jotkut kukat ovat rakenteeltaan symmetrisempi\u00e4, kuten ruusut tai liljat, kun taas toiset ovat ep\u00e4muodollisempia ja villimpi\u00e4, kuten pionit tai p\u00e4iv\u00e4nkakkarat. Leikkim\u00e4ll\u00e4 kukkien muodoilla voit luoda kukka-asetelmia, jotka sopivat tyyliisi ja persoonallisuuteesi.<\/p>\n\n\n\n<p class=\"font-sans text-md font-light primary m-t-none m-b-none\">Lyhyesti sanottuna kukkien esteettisyys on t\u00e4rke\u00e4 osa sisustusta. K\u00e4ytt\u00e4m\u00e4ll\u00e4 yll\u00e4 olevia vinkkej\u00e4 ja olemalla luova voit integroida kukat esteettisesti kotiisi ja luoda miellytt\u00e4v\u00e4n, rauhallisen tilan. Voit vapaasti kokeilla erilaisia v\u00e4ri-, muoto- ja tuoksuyhdistelmi\u00e4 l\u00f6yt\u00e4\u00e4ksesi itsellesi parhaiten sopivan ilmeen.<\/p>\n\n\n\n<p class=\"font-sans text-md font-light primary m-t-none m-b-none\"><\/p>\n\n\n\n<p class=\"font-sans text-md font-light primary m-t-none m-b-none\"><strong>Lue my\u00f6s: <\/strong><\/p>\n\n\n\n<p class=\"font-sans text-md font-light primary m-t-none m-b-none\">Kukkien hy\u00f6dyllisyys<br>Kukkien antamisen ilo<br>Osta kukkia verkossa<br>L\u00e4het\u00e4 kukkia<br>Kukat liike-el\u00e4m\u00e4ss\u00e4 (B2B)<br>Kukkakauppiaan ammatti<br><\/p>\n<\/div>\n<\/div>\n<\/div><\/div>\n\n\n\n<div class=\"wp-block-columns card-descover__container grid about-section m-b-2xl deco-top is-layout-flex wp-container-core-columns-is-layout-2 wp-block-columns-is-layout-flex\">\n<div class=\"wp-block-column card-descover__left col-desk-6 col-tab-6 col-mob-2 p-l-none is-layout-flow wp-block-column-is-layout-flow\">\n<div class=\"wp-block-group relative\"><div class=\"wp-block-group__inner-container is-layout-flow wp-block-group-is-layout-flow\">\n<figure class=\"wp-block-image size-large who__img-contain\"><img decoding=\"async\" width=\"1365\" height=\"768\" src=\"https:\/\/mademoiselle.flowers\/wp-content\/uploads\/2021\/02\/ABONNEMENT-12MOIS-edited.jpg\" alt=\"Kukka toimitus kaikkialla p\u00e4\u00e4kaupungissa\" class=\"wp-image-1161\" srcset=\"https:\/\/mademoiselle.flowers\/wp-content\/uploads\/2021\/02\/ABONNEMENT-12MOIS-edited.jpg 1365w, https:\/\/mademoiselle.flowers\/wp-content\/uploads\/2021\/02\/ABONNEMENT-12MOIS-edited-700x394.jpg 700w, https:\/\/mademoiselle.flowers\/wp-content\/uploads\/2021\/02\/ABONNEMENT-12MOIS-edited-600x338.jpg 600w, https:\/\/mademoiselle.flowers\/wp-content\/uploads\/2021\/02\/ABONNEMENT-12MOIS-edited-768x432.jpg 768w, https:\/\/mademoiselle.flowers\/wp-content\/uploads\/2021\/02\/ABONNEMENT-12MOIS-edited-16x9.jpg 16w\" sizes=\"(max-width: 1365px) 100vw, 1365px\" \/><\/figure>\n\n\n\n<p class=\"button--white upperCase d-inline-block cursor-pointer center--middle\"><a href=\"\/fi\/shop\/nos-bouquets\/\">Katso kukkakimput saatavilla toimitukseen<\/a><\/p>\n<\/div><\/div>\n<\/div>\n\n\n\n<div class=\"wp-block-column card-descover__right col-desk-6 col-tab-6 col-mob-2 p-r-none is-layout-flow wp-block-column-is-layout-flow\">\n<div class=\"wp-block-group relative\"><div class=\"wp-block-group__inner-container is-layout-flow wp-block-group-is-layout-flow\">\n<figure class=\"wp-block-image size-large who__img-contain\"><img decoding=\"async\" width=\"350\" height=\"197\" src=\"https:\/\/mademoiselle.flowers\/wp-content\/uploads\/2021\/02\/victoire-ambiance-a-edited.jpg\" alt=\"Kukkatilaus Brysseliss\u00e4\" class=\"wp-image-1165\" srcset=\"https:\/\/mademoiselle.flowers\/wp-content\/uploads\/2021\/02\/victoire-ambiance-a-edited.jpg 350w, https:\/\/mademoiselle.flowers\/wp-content\/uploads\/2021\/02\/victoire-ambiance-a-edited-16x9.jpg 16w\" sizes=\"(max-width: 350px) 100vw, 350px\" \/><\/figure>\n\n\n\n<p class=\"button--white upperCase d-inline-block cursor-pointer center--middle\"><a href=\"https:\/\/mademoiselle.flowers\/fi\/meidan-tilaukset-2\/\">Kukkatilauksemme<\/a> <\/p>\n<\/div><\/div>\n<\/div>\n<\/div>\n\n\n\n<p><\/p>","protected":false},"excerpt":{"rendered":"<p>L&rsquo;esth\u00e9tisme des fleurs : comment int\u00e9grer les fleurs dans la d\u00e9coration de votre maison? Les bouquets de fleurs sont un \u00e9l\u00e9ment de d\u00e9coration incontournable, que ce soit dans un contexte formel ou informel. L&rsquo;Am\u00e9nagement int\u00e9rieur Non seulement elles ajoutent de la couleur et de la vie \u00e0 un espace, mais elles ont \u00e9galement des propri\u00e9t\u00e9s [&hellip;]<\/p>","protected":false},"author":439,"featured_media":0,"parent":0,"menu_order":0,"comment_status":"closed","ping_status":"closed","template":"","meta":{"inline_featured_image":false,"_uag_custom_page_level_css":"","footnotes":""},"class_list":["post-6372","page","type-page","status-publish","hentry"],"acf":[],"uagb_featured_image_src":{"full":false,"thumbnail":false,"medium":false,"medium_large":false,"large":false,"gs-tiny":false,"xl":false,"xxl":false,"xxxl":false,"xxxxl":false,"xxxxxl":false,"1536x1536":false,"2048x2048":false,"trp-custom-language-flag":false,"woocommerce_thumbnail":false,"woocommerce_single":false,"woocommerce_gallery_thumbnail":false},"uagb_author_info":{"display_name":"","author_link":"https:\/\/mademoiselle.flowers\/fi\/author\/ml-si\/"},"uagb_comment_info":0,"uagb_excerpt":"L&rsquo;esth\u00e9tisme des fleurs : comment int\u00e9grer les fleurs dans la d\u00e9coration de votre maison? Les bouquets de fleurs sont un \u00e9l\u00e9ment de d\u00e9coration incontournable, que ce soit dans un contexte formel ou informel. L&rsquo;Am\u00e9nagement int\u00e9rieur Non seulement elles ajoutent de la couleur et de la vie \u00e0 un espace, mais elles ont \u00e9galement des propri\u00e9t\u00e9s&hellip;","_links":{"self":[{"href":"https:\/\/mademoiselle.flowers\/fi\/wp-json\/wp\/v2\/pages\/6372"}],"collection":[{"href":"https:\/\/mademoiselle.flowers\/fi\/wp-json\/wp\/v2\/pages"}],"about":[{"href":"https:\/\/mademoiselle.flowers\/fi\/wp-json\/wp\/v2\/types\/page"}],"author":[{"embeddable":true,"href":"https:\/\/mademoiselle.flowers\/fi\/wp-json\/wp\/v2\/users\/439"}],"replies":[{"embeddable":true,"href":"https:\/\/mademoiselle.flowers\/fi\/wp-json\/wp\/v2\/comments?post=6372"}],"version-history":[{"count":5,"href":"https:\/\/mademoiselle.flowers\/fi\/wp-json\/wp\/v2\/pages\/6372\/revisions"}],"predecessor-version":[{"id":6383,"href":"https:\/\/mademoiselle.flowers\/fi\/wp-json\/wp\/v2\/pages\/6372\/revisions\/6383"}],"wp:attachment":[{"href":"https:\/\/mademoiselle.flowers\/fi\/wp-json\/wp\/v2\/media?parent=6372"}],"curies":[{"name":"wp","href":"https:\/\/api.w.org\/{rel}","templated":true}]}}