{"id":1699,"date":"2021-04-14T20:38:41","date_gmt":"2021-04-14T18:38:41","guid":{"rendered":"https:\/\/mademoiselle.flowers\/?page_id=1699"},"modified":"2022-06-30T13:26:01","modified_gmt":"2022-06-30T11:26:01","slug":"bouquets-fleurs","status":"publish","type":"page","link":"https:\/\/mademoiselle.flowers\/it\/mazzi-di-fiori\/","title":{"rendered":"C1 - Bouquet di fiori"},"content":{"rendered":"<div class=\"wp-block-group grid about-section items-top deco-bottom deco-small\"><div class=\"wp-block-group__inner-container is-layout-flow wp-block-group-is-layout-flow\">\n<div style=\"height:112px\" aria-hidden=\"true\" class=\"wp-block-spacer\"><\/div>\n\n\n\n<div class=\"wp-block-uagb-advanced-heading uagb-block-31ce67c9 font-serif text-25 font-normal primary\"><h1 class=\"uagb-heading-text\"><strong>Mazzi di fiori<\/strong><\/h1><div class=\"uagb-separator-wrap\"><div class=\"uagb-separator\"><\/div><\/div><p class=\"uagb-desc-text\">Scopri il complesso mondo dei bouquet di fiori<\/p><\/div>\n\n\n\n<div class=\"wp-block-columns is-layout-flex wp-container-core-columns-is-layout-1 wp-block-columns-is-layout-flex\">\n<div class=\"wp-block-column grid about-section is-layout-flow wp-block-column-is-layout-flow\">\n<h2 class=\"font-serif text-30 font-normal primary deco wp-block-heading\">Tutto sulla biologia dei fiori<\/h2>\n\n\n\n<p class=\"font-sans text-md font-light primary m-t-none m-b-none\">I fiori sono l'organo principale che compone il bouquet, per capire la loro genetica e le loro particolarit\u00e0, dobbiamo guardare il <strong><a href=\"https:\/\/mademoiselle.flowers\/it\/mazzi-di-fiori\/\">biologia dei fiori<\/a>.<\/strong> Avrete quindi informazioni sulla loro riproduzione, habitat, ambiente e comportamento.<\/p>\n\n\n\n<h2 class=\"font-serif text-30 font-normal primary deco wp-block-heading\">Cos'\u00e8 un bouquet di fiori?<\/h2>\n\n\n\n<p class=\"font-sans text-md font-light primary m-t-none m-b-none\">Il <strong>mazzi di fiori<\/strong> sono assemblaggi creativi di <a href=\"https:\/\/mademoiselle.flowers\/it\/fiori-di-c0\/\">fiori<\/a>Queste associazioni sono fatte in modo da creare un'armonia di forme, colori e profumi. Queste associazioni sono fatte in modo da comporre un'armonia di forme, colori e profumi. Sono apprezzati come regali, il che rende il <a href=\"https:\/\/mademoiselle.flowers\/it\/\">consegna di fiori in Belgio<\/a> cos\u00ec popolare.<\/p>\n\n\n\n<p class=\"font-sans text-md font-light primary m-t-none m-b-none\">La creazione di una bella <strong>mazzi di fiori<\/strong> non \u00e8 una semplice questione di assemblaggio creativo. Si pu\u00f2 pensare che la prima cosa da considerare sia l'estetica, l'umore o il messaggio che si vuole comunicare... non si sbaglia. Ma un bouquet di fiori \u00e8 prima di tutto composto da bei fiori. Queste piccole meraviglie hanno una biologia particolare che \u00e8 importante capire per controllare l'evoluzione del loro colore, la loro apertura, le loro associazioni di profumo, ecc. Per fare questo, guardando la piantagione di bulbi di fiori, la raccolta dei fiori \u00e8 un prerequisito importante. Vi dir\u00e0 molto sulla durata di vita, la specie e soprattutto il periodo di fioritura. Dopo tutto, i tulipani non crescono in agosto! Quando si progetta un bouquet, la scelta delle combinazioni e dei fiori \u00e8 essenziale. Non si regalano rose rosse a un collega... (sono riservate agli amanti).<\/p>\n\n\n\n<h2 class=\"font-serif text-30 font-normal primary deco m-b-none wp-block-heading\">Il profumo dei fiori, un'arte olfattiva<\/h2>\n\n\n\n<p class=\"font-sans text-md font-light primary m-t-none m-b-none\">I fiori che la natura ci offre offrono una vasta e fragrante gamma di profumi, per la gioia del nostro naso! Utilizzati da molto tempo per la composizione di profumi naturali, i fiori sono un elemento fondamentale nella creazione di profumi. Nel 1889, Aim\u00e9 Guerlain ha creato il primo grande profumo a base di essenze naturali a Jicky. Oggi, un mazzo di fiori deve essere profumato per profumare la stanza e far viaggiare la persona a cui viene offerto. Anche questo fa parte del piacere di regalare fiori.<\/p>\n\n\n\n<p class=\"font-sans text-md font-light primary m-t-none m-b-none\"><strong>Il <a href=\"https:\/\/mademoiselle.flowers\/it\/i-c1b-parfum-des-fleurs\/\">profumo dei fiori<\/a><\/strong>Ecco perch\u00e9 \u00e8 importante. \u00c8 meglio evitare di usare insieme una variet\u00e0 di fiori molto profumati. L'uso di una sola fragranza dar\u00e0 un effetto pi\u00f9 sottile che profumer\u00e0 la stanza in cui \u00e8 posto.<\/p>\n\n\n\n<p class=\"font-sans text-md font-light primary m-t-none m-b-none\">Combinare i fiori \u00e8 un'alchimia delicata!<\/p>\n\n\n\n<div style=\"height:100px\" aria-hidden=\"true\" class=\"wp-block-spacer\"><\/div>\n\n\n\n<figure class=\"wp-block-image size-medium is-resized font-sans text-md font-light primary m-t-none m-b-none uag-hide-mob\"><img decoding=\"async\" src=\"https:\/\/mademoiselle.flowers\/wp-content\/uploads\/2021\/04\/42-17042021-950A2202-Olivia-Poncelet-Mademoiselle-Bouquet-HD-Screen-300-copie-3-600x400.jpg\" alt=\"\" class=\"wp-image-1866\" width=\"600\" height=\"400\" srcset=\"https:\/\/mademoiselle.flowers\/wp-content\/uploads\/2021\/04\/42-17042021-950A2202-Olivia-Poncelet-Mademoiselle-Bouquet-HD-Screen-300-copie-3-600x400.jpg 600w, https:\/\/mademoiselle.flowers\/wp-content\/uploads\/2021\/04\/42-17042021-950A2202-Olivia-Poncelet-Mademoiselle-Bouquet-HD-Screen-300-copie-3-1460x973.jpg 1460w, https:\/\/mademoiselle.flowers\/wp-content\/uploads\/2021\/04\/42-17042021-950A2202-Olivia-Poncelet-Mademoiselle-Bouquet-HD-Screen-300-copie-3-768x512.jpg 768w, https:\/\/mademoiselle.flowers\/wp-content\/uploads\/2021\/04\/42-17042021-950A2202-Olivia-Poncelet-Mademoiselle-Bouquet-HD-Screen-300-copie-3-1600x1067.jpg 1600w, https:\/\/mademoiselle.flowers\/wp-content\/uploads\/2021\/04\/42-17042021-950A2202-Olivia-Poncelet-Mademoiselle-Bouquet-HD-Screen-300-copie-3-1536x1024.jpg 1536w, https:\/\/mademoiselle.flowers\/wp-content\/uploads\/2021\/04\/42-17042021-950A2202-Olivia-Poncelet-Mademoiselle-Bouquet-HD-Screen-300-copie-3-2048x1365.jpg 2048w, https:\/\/mademoiselle.flowers\/wp-content\/uploads\/2021\/04\/42-17042021-950A2202-Olivia-Poncelet-Mademoiselle-Bouquet-HD-Screen-300-copie-3-16x12.jpg 16w, https:\/\/mademoiselle.flowers\/wp-content\/uploads\/2021\/04\/42-17042021-950A2202-Olivia-Poncelet-Mademoiselle-Bouquet-HD-Screen-300-copie-3-700x467.jpg 700w, https:\/\/mademoiselle.flowers\/wp-content\/uploads\/2021\/04\/42-17042021-950A2202-Olivia-Poncelet-Mademoiselle-Bouquet-HD-Screen-300-copie-3-1920x1280.jpg 1920w\" sizes=\"(max-width: 600px) 100vw, 600px\" \/><\/figure>\n\n\n\n<h2 class=\"font-serif text-30 font-normal primary deco m-b-none wp-block-heading\">Come si coltivano e si raccolgono i fiori?<\/h2>\n\n\n\n<p class=\"font-sans text-md font-light primary m-t-none m-b-none\">Il <strong><a href=\"https:\/\/mademoiselle.flowers\/it\/i-c1-d-recolter-des-fleurs\/\">coltivazione di fiori<\/a><\/strong> \u00e8 il primo passo nella progettazione di un bouquet di fiori. L'obiettivo finale della raccolta dei fiori \u00e8 quello di assemblare i fiori in una creazione floreale. Che i fiori siano selvatici (senza pesticidi) e provenienti dai campi o da una coltivazione commerciale e controllata, il raccolto rimane lo stesso. Si pu\u00f2 quindi porre la questione della coltivazione ecologica o meno. <\/p>\n\n\n\n<h2 class=\"font-serif text-30 font-normal primary deco wp-block-heading\">Come progettare un bouquet?<\/h2>\n\n\n\n<p class=\"font-sans text-md font-light primary m-t-none m-b-none\">Il <strong><a href=\"https:\/\/mademoiselle.flowers\/it\/i-c1-e-concevoir-un-bouquet\/\">design di bouquet<\/a><\/strong> non \u00e8 un compito facile, ma alcune semplici regole possono rendere la vostra composizione floreale un successo. Creare bouquet belli e armoniosi \u00e8 un lavoro per un artista e tutto dipende dal risultato che si vuole ottenere.<br>Il primo passo \u00e8 mescolare i colori, scegliere la variet\u00e0 di fiori e la forma del bouquet.<\/p>\n\n\n\n<h2 class=\"font-serif text-30 font-normal primary deco wp-block-heading\">Ogni fiore ha il suo significato!<\/h2>\n\n\n\n<p class=\"font-sans text-md font-light primary m-t-none m-b-none\">Nel creare il bouquet, bisogna anche fare attenzione a rispettare le convenzioni della notte dei tempi: il <strong><a href=\"https:\/\/mademoiselle.flowers\/it\/i-c1-c\/\">significato dei fiori<\/a><\/strong>. Per evitare qualsiasi gesto maldestro, \u00e8 importante assicurarsi che il simbolismo del fiore corrisponda all'emozione che si vuole trasmettere nel bouquet di fiori. Non solo il colore, ma anche la famiglia del fiore \u00e8 importante. Per esempio, quando si tratta di amore, \u00e8 meglio optare per le rose di strada. In breve, c'\u00e8 un tipo di fiore per ogni occasione! <\/p>\n\n\n\n<h2 class=\"font-serif text-30 font-normal primary deco wp-block-heading\">Allora perch\u00e9 fare un bouquet di fiori?<\/h2>\n\n\n\n<p class=\"font-sans text-md font-light primary m-t-none m-b-none\">Fin dai primi dipinti di Brueghel, i mazzi di fiori sono stati utilizzati nella<strong>estetica e arte<\/strong>. Infatti, un bel bouquet di fiori sar\u00e0 il tocco ideale per decorare una stanza, un ingresso o un tavolo da cucina, dandogli fascino o un tocco colorato e vivace. <\/p>\n\n\n\n<p class=\"font-sans text-md font-light primary m-t-none m-b-none\">Che i fiori siano grandi e snelli o pi\u00f9 piccoli e raccolti, comporranno il bouquet che gli corrisponde: piccolo, medio o grande... per il pi\u00f9 grande piacere di decoratori e arredatori.<\/p>\n\n\n\n<h2 class=\"font-serif text-30 font-normal primary deco wp-block-heading\">Perch\u00e9 mettere in valigia un mazzo di fiori?<\/h2>\n\n\n\n<p class=\"font-sans text-md font-light primary m-t-none m-b-none\">In passato, i mazzi di fiori venivano offerti senza imballaggio perch\u00e9 serviva solo per la protezione e il trasporto. Oggi questa regola \u00e8 cambiata! Avete pensato a come questo bel bouquet, composto con amore e avendo attraversato tutte le fasi di piantagione, fioritura, raccolta, ... rimarr\u00e0 sublime una volta arrivato a casa vostra o alla persona a cui lo offrite? La questione dell'imballaggio non \u00e8 una piccola divagazione. \u00c8 importante averne cura, perch\u00e9 non si vuole deprezzare il bouquet in un brutto pacchetto, n\u00e9 dimenticare di proteggerlo o di dargli acqua... con il rischio di consegnare fiori scaduti.<br>I fioristi confezionano i loro bouquet di fiori in contenitori belli e colorati che sono parte integrante del processo estetico e di regalo. Quando si tratta di inviarlo per un <a href=\"https:\/\/belgium.mademoiselle.flowers\/it\/consegna-fiori-bruxelles-1000-1.html\">consegna di fiori a Bruxelles<\/a> Per esempio, anche se la destinazione \u00e8 vicina al nostro negozio di fiori, deve essere fornito un imballaggio adeguato.<\/p>\n\n\n\n<p class=\"font-sans text-md font-light primary m-t-none m-b-none\">Ma l'imballaggio ha anche una funzione pi\u00f9 pratica e protettiva per <strong>mantenere il bouquet<\/strong> da e per la sua destinazione.<\/p>\n\n\n\n<h2 class=\"font-serif text-30 font-normal primary wp-block-heading\">Come fare in modo che un bouquet abbia un bell'aspetto nella vostra casa?<\/h2>\n\n\n\n<p class=\"font-sans text-md font-light primary m-t-none m-b-none\">Una volta che il bouquet \u00e8 stato composto, offerto e consegnato a casa vostra, dovrete trovare il posto ideale per esso. C'\u00e8 un mondo di differenza tra un bel bouquet posto infelicemente sul davanzale di una finestra e un bouquet posto magistralmente al centro di un grande tavolo da pranzo. I fiori hanno un estetismo, una bellezza che dovremo capire, rispettare e sublimare! Dovrete anche tener conto delle diverse forme del bouquet: piccolo e compatto (come per i bouquet da sposa), grande e slanciato con steli lunghi... la scelta del vaso e la loro posizione saranno importanti per metterli in risalto correttamente.<\/p>\n\n\n\n<h2 class=\"font-serif text-30 font-normal primary deco wp-block-heading\">Cura dei fiori<\/h2>\n\n\n\n<p class=\"font-sans text-md font-light primary m-t-none m-b-none\">Il fascino di un bouquet di fiori \u00e8 la sua natura effimera. Esprime la vita, un'emozione, un momento rubato... ed \u00e8 forse perch\u00e9 \u00e8 effimero che \u00e8 cos\u00ec bello. Ok, ma mi direte che se riusciamo a far durare i bei momenti, non \u00e8 male! Per fare questo, \u00e8 necessario conoscere i trucchi del mestiere quando si tratta di curare un bouquet di fiori. Dal posizionamento in casa, al taglio dei gambi o al cambio dell'acqua... c'\u00e8 un mondo di differenza nel far durare il tuo bouquet. E per i nostalgici che vogliono mantenere vivi i ricordi materiali... perch\u00e9 non asciugarlo?<br><br>L'<strong>cura dei fiori<\/strong> \u00e8 necessario per godere pi\u00f9 a lungo dei vostri bouquet. Infatti, una volta che i fiori sono tagliati, diventano deperibili ma alcuni consigli sui buoni gesti da adottare esistono e vi permetteranno di prendervi cura di loro. La manutenzione degli steli, la scelta del vaso, l'acqua, la posizione del vostro bouquet sono elementi da prendere in considerazione al suo ricevimento. Senza dimenticare le poche cose da fare nei giorni seguenti e i casi speciali!<\/p>\n\n\n\n<p class=\"font-sans text-md font-light primary m-t-none m-b-none\"><strong>Leggi anche: <\/strong><br><\/p>\n\n\n\n<p class=\"font-sans text-md font-light primary m-t-none m-b-none\">L'utilit\u00e0 dei fiori<br>Il piacere di regalare fiori<br>Comprare fiori online<br>Inviare fiori<br>Fiori in affari (B2B)<br>Il mestiere del fiorista<br><\/p>\n<\/div>\n<\/div>\n<\/div><\/div>\n\n\n\n<div class=\"wp-block-columns card-descover__container grid about-section m-b-2xl deco-top is-layout-flex wp-container-core-columns-is-layout-2 wp-block-columns-is-layout-flex\">\n<div class=\"wp-block-column card-descover__left col-desk-6 col-tab-6 col-mob-2 p-l-none is-layout-flow wp-block-column-is-layout-flow\">\n<div class=\"wp-block-group relative\"><div class=\"wp-block-group__inner-container is-layout-flow wp-block-group-is-layout-flow\">\n<figure class=\"wp-block-image size-large who__img-contain\"><img decoding=\"async\" width=\"1365\" height=\"768\" src=\"https:\/\/mademoiselle.flowers\/wp-content\/uploads\/2021\/02\/ABONNEMENT-12MOIS-edited.jpg\" alt=\"Consegna di fiori in tutto il Regno\" class=\"wp-image-1161\" srcset=\"https:\/\/mademoiselle.flowers\/wp-content\/uploads\/2021\/02\/ABONNEMENT-12MOIS-edited.jpg 1365w, https:\/\/mademoiselle.flowers\/wp-content\/uploads\/2021\/02\/ABONNEMENT-12MOIS-edited-700x394.jpg 700w, https:\/\/mademoiselle.flowers\/wp-content\/uploads\/2021\/02\/ABONNEMENT-12MOIS-edited-600x338.jpg 600w, https:\/\/mademoiselle.flowers\/wp-content\/uploads\/2021\/02\/ABONNEMENT-12MOIS-edited-768x432.jpg 768w, https:\/\/mademoiselle.flowers\/wp-content\/uploads\/2021\/02\/ABONNEMENT-12MOIS-edited-16x9.jpg 16w\" sizes=\"(max-width: 1365px) 100vw, 1365px\" \/><\/figure>\n\n\n\n<p class=\"button--white upperCase d-inline-block cursor-pointer center--middle\"><a href=\"\/it\/\">Inviare fiori in Belgio<\/a><\/p>\n<\/div><\/div>\n<\/div>\n\n\n\n<div class=\"wp-block-column card-descover__right col-desk-6 col-tab-6 col-mob-2 p-r-none is-layout-flow wp-block-column-is-layout-flow\">\n<div class=\"wp-block-group relative\"><div class=\"wp-block-group__inner-container is-layout-flow wp-block-group-is-layout-flow\">\n<figure class=\"wp-block-image size-large who__img-contain\"><img decoding=\"async\" width=\"350\" height=\"197\" src=\"https:\/\/mademoiselle.flowers\/wp-content\/uploads\/2021\/02\/victoire-ambiance-a-edited.jpg\" alt=\"Abbonamento fiori in Belgio - Europa\" class=\"wp-image-1165\" srcset=\"https:\/\/mademoiselle.flowers\/wp-content\/uploads\/2021\/02\/victoire-ambiance-a-edited.jpg 350w, https:\/\/mademoiselle.flowers\/wp-content\/uploads\/2021\/02\/victoire-ambiance-a-edited-16x9.jpg 16w\" sizes=\"(max-width: 350px) 100vw, 350px\" \/><\/figure>\n\n\n\n<p class=\"button--white upperCase d-inline-block cursor-pointer center--middle\"><a href=\"https:\/\/mademoiselle.flowers\/it\/our-subscriptions\/\">I nostri abbonamenti ai bouquet di fiori<\/a> <\/p>\n<\/div><\/div>\n<\/div>\n<\/div>\n\n\n\n<p><\/p>","protected":false},"excerpt":{"rendered":"<p>Les bouquets de fleurs D\u00e9couvrez l&rsquo;univers complexe des bouquets des fleurs Tout savoir sur la biologie des fleurs Les fleurs sont l\u2019organe principal qui compose le bouquet, pour comprendre leur g\u00e9n\u00e9tique et leurs particularit\u00e9s, il faut s\u2019int\u00e9resser \u00e0 la biologie des fleurs. Vous aurez alors des informations sur leur reproduction, leur habitat, leur environnement et [&hellip;]<\/p>","protected":false},"author":439,"featured_media":0,"parent":0,"menu_order":0,"comment_status":"closed","ping_status":"closed","template":"","meta":{"inline_featured_image":false,"_uag_custom_page_level_css":"","footnotes":""},"class_list":["post-1699","page","type-page","status-publish","hentry"],"acf":[],"uagb_featured_image_src":{"full":false,"thumbnail":false,"medium":false,"medium_large":false,"large":false,"gs-tiny":false,"xl":false,"xxl":false,"xxxl":false,"xxxxl":false,"xxxxxl":false,"1536x1536":false,"2048x2048":false,"trp-custom-language-flag":false,"woocommerce_thumbnail":false,"woocommerce_single":false,"woocommerce_gallery_thumbnail":false},"uagb_author_info":{"display_name":"","author_link":"https:\/\/mademoiselle.flowers\/it\/author\/ml-si\/"},"uagb_comment_info":0,"uagb_excerpt":"Les bouquets de fleurs D\u00e9couvrez l&rsquo;univers complexe des bouquets des fleurs Tout savoir sur la biologie des fleurs Les fleurs sont l\u2019organe principal qui compose le bouquet, pour comprendre leur g\u00e9n\u00e9tique et leurs particularit\u00e9s, il faut s\u2019int\u00e9resser \u00e0 la biologie des fleurs. Vous aurez alors des informations sur leur reproduction, leur habitat, leur environnement et&hellip;","_links":{"self":[{"href":"https:\/\/mademoiselle.flowers\/it\/wp-json\/wp\/v2\/pages\/1699"}],"collection":[{"href":"https:\/\/mademoiselle.flowers\/it\/wp-json\/wp\/v2\/pages"}],"about":[{"href":"https:\/\/mademoiselle.flowers\/it\/wp-json\/wp\/v2\/types\/page"}],"author":[{"embeddable":true,"href":"https:\/\/mademoiselle.flowers\/it\/wp-json\/wp\/v2\/users\/439"}],"replies":[{"embeddable":true,"href":"https:\/\/mademoiselle.flowers\/it\/wp-json\/wp\/v2\/comments?post=1699"}],"version-history":[{"count":10,"href":"https:\/\/mademoiselle.flowers\/it\/wp-json\/wp\/v2\/pages\/1699\/revisions"}],"predecessor-version":[{"id":5768,"href":"https:\/\/mademoiselle.flowers\/it\/wp-json\/wp\/v2\/pages\/1699\/revisions\/5768"}],"wp:attachment":[{"href":"https:\/\/mademoiselle.flowers\/it\/wp-json\/wp\/v2\/media?parent=1699"}],"curies":[{"name":"wp","href":"https:\/\/api.w.org\/{rel}","templated":true}]}}