{"id":2324,"date":"2021-05-28T12:52:55","date_gmt":"2021-05-28T10:52:55","guid":{"rendered":"https:\/\/mademoiselle.flowers\/?page_id=2324"},"modified":"2023-02-04T13:49:58","modified_gmt":"2023-02-04T12:49:58","slug":"c0-fleurs","status":"publish","type":"page","link":"https:\/\/mademoiselle.flowers\/it\/fiori-di-c0\/","title":{"rendered":"C0 - Bozzolo di casa"},"content":{"rendered":"<div class=\"wp-block-group\"><div class=\"wp-block-group__inner-container is-layout-flow wp-block-group-is-layout-flow\">\n<div style=\"height:112px\" aria-hidden=\"true\" class=\"wp-block-spacer\"><\/div>\n<\/div><\/div>\n\n\n\n<div class=\"wp-block-uagb-advanced-heading uagb-block-9446e6f4 font-serif text-25 font-normal primary\"><h1 class=\"uagb-heading-text\"><strong>I fiori<\/strong><\/h1><div class=\"uagb-separator-wrap\"><div class=\"uagb-separator\"><\/div><\/div><p class=\"uagb-desc-text\">Scopri il mondo e l'esperienza di mademoiselle<\/p><\/div>\n\n\n\n<div class=\"wp-block-columns is-layout-flex wp-container-core-columns-is-layout-1 wp-block-columns-is-layout-flex\">\n<div class=\"wp-block-column grid about-section is-layout-flow wp-block-column-is-layout-flow\">\n<p class=\"font-sans text-md font-light primary m-t-none m-b-none\">mademoiselle \u00e8 stato creato all'inizio del 2020. I suoi fondatori volevano offrire un'esperienza unica, lontana dall'offerta online esistente. Un tocco di design grafico, il buon gusto di un'esperienza di alta gamma, un rapporto impeccabile con il cliente per una soddisfazione garantita e un effetto wow. Finalmente il \"bello\" ha trovato il suo posto nel <a href=\"https:\/\/mademoiselle.flowers\/it\/\">consegna di fiori in Belgio<\/a>.<\/p>\n\n\n\n<p><\/p>\n\n\n\n<p class=\"font-sans text-md font-light primary m-t-none m-b-none\">In questa guida vi accompagneremo in un viaggio nel mondo dei fiori che non avr\u00e0 pi\u00f9 segreti per voi!  Abbiamo coperto l'universo come nessun altro. Giudicate voi stessi: tratteremo l'argomento dei bouquet di fiori e la loro definizione (tecnica e biologica), il loro profumo e anche il significato dei fiori. Insieme, esamineremo l'utilit\u00e0 dei fiori come elemento di decorazione e di gioia, e il piacere di offrire un magnifico bouquet di fiori freschi, qualunque sia l'occasione (come un compleanno o un anniversario). <a href=\"\/it\/.\/shop\/saint-valentin\/\">Consegna di fiori per San Valentino<\/a> per esempio). Questo acquisto viene effettuato tramite un fiorista, ma anche con l'acquisto di fiori online, che comporta tutta la meticolosa logistica della consegna del bouquet a domicilio. Infine, non abbiamo dimenticato i servizi aziendali, che costituiscono una parte consistente della nostra clientela, sia per decorare che per ringraziare i dipendenti o i clienti.<br><\/p>\n\n\n\n<p class=\"font-sans text-md font-light primary m-t-none m-b-none\">Infine, potremmo aver ispirato alcune vocazioni e vi racconteremo la nostra professione di fioristi e cosa succede dietro le quinte del nostro laboratorio a Bruxelles. E poi, chiss\u00e0, forse un giorno ti unirai al nostro team per un lavoro come fiorista!<\/p>\n\n\n\n<p><\/p>\n\n\n<div class=\"wp-block-image\">\n<figure class=\"aligncenter size-full is-resized uag-hide-mob\"><img decoding=\"async\" src=\"https:\/\/mademoiselle.flowers\/wp-content\/uploads\/2021\/02\/ABONNEMENT-12MOIS-edited.jpg\" alt=\"\" class=\"wp-image-1161\" width=\"1024\" height=\"576\" srcset=\"https:\/\/mademoiselle.flowers\/wp-content\/uploads\/2021\/02\/ABONNEMENT-12MOIS-edited.jpg 1365w, https:\/\/mademoiselle.flowers\/wp-content\/uploads\/2021\/02\/ABONNEMENT-12MOIS-edited-700x394.jpg 700w, https:\/\/mademoiselle.flowers\/wp-content\/uploads\/2021\/02\/ABONNEMENT-12MOIS-edited-600x338.jpg 600w, https:\/\/mademoiselle.flowers\/wp-content\/uploads\/2021\/02\/ABONNEMENT-12MOIS-edited-768x432.jpg 768w, https:\/\/mademoiselle.flowers\/wp-content\/uploads\/2021\/02\/ABONNEMENT-12MOIS-edited-16x9.jpg 16w\" sizes=\"(max-width: 1024px) 100vw, 1024px\" \/><\/figure><\/div>\n\n\n<p><\/p>\n\n\n\n<p class=\"font-sans text-md font-light primary m-t-none m-b-none display:block;\"><strong>Tabella dei contenuti<\/strong> :<\/p>\n\n\n\n<h2 class=\"font-serif text-30 font-normal primary deco wp-block-heading\"><strong>Cos'\u00e8 un bel bouquet di fiori?<\/strong><\/h2>\n\n\n\n<p class=\"font-sans text-md font-light primary m-t-none m-b-none\">\u00c8 vero, dopo tutto... cos'\u00e8 una bella <a href=\"https:\/\/mademoiselle.flowers\/it\/mazzi-di-fiori\/\">bouquet di fiori<\/a>. Oltre alle preferenze personali, \u00e8 importante considerare la composizione di un bouquet, la sua fragranza, il suo imballaggio e soprattutto come viene esposto nella vostra casa e come ve ne prenderete cura.<\/p>\n\n\n\n<p class=\"font-sans text-md font-light primary m-t-none m-b-none\"><strong>Conoscere il <a href=\"https:\/\/mademoiselle.flowers\/it\/mazzi-di-fiori\/\">biologia dei fiori<\/a> prima di creare un bouquet<\/strong><br><strong>Il <a href=\"https:\/\/mademoiselle.flowers\/it\/i-c1-d-recolter-des-fleurs\/\">raccolta dei fiori<\/a><\/strong><br><strong>Il <a href=\"https:\/\/mademoiselle.flowers\/it\/i-c1b-parfum-des-fleurs\/\">profumo dei fiori<\/a><\/strong><br><strong>Il <a href=\"https:\/\/mademoiselle.flowers\/it\/i-c1-c\/\">significato dei fiori<\/a> in un bouquet<\/strong><br><strong>Come <a href=\"https:\/\/mademoiselle.flowers\/it\/i-c1-e-concevoir-un-bouquet\/\">disegnare un bellissimo bouquet di fiori<\/a>?<\/strong><br><strong>Arte floreale o come <a href=\"https:\/\/mademoiselle.flowers\/it\/i-c1-f-esthetisme\/\">valorizzare un bouquet in casa<\/a>?<\/strong><br><strong>L'imballaggio come parte dell'esperienza<\/strong><br><strong>Come curare un bouquet?<\/strong><\/p>\n\n\n\n<p><\/p>\n\n\n\n<h2 class=\"font-serif text-30 font-normal primary deco wp-block-heading\"><strong>Fiori in tutti i loro stati: l'utilit\u00e0 dei fiori<\/strong><\/h2>\n\n\n\n<p class=\"font-sans text-md font-light primary\"><strong>Fiori in cucina<\/strong><br><strong>Fiori sul posto di lavoro<\/strong><br><strong>Fiori a casa<\/strong><\/p>\n\n\n\n<h2 class=\"font-serif text-30 font-normal primary deco m-b-none m-t-none wp-block-heading\"><strong>Il piacere di regalare fiori<\/strong><\/h2>\n\n\n\n<p class=\"font-sans text-md font-light primary m-t-none m-b-none\"><strong>In quali feste si regalano fiori?<\/strong><br><strong>Eventi della vita a cui si regalano fiori<\/strong><br><strong>Quale piccola nota da aggiungere al mio bouquet?<\/strong><br><strong>A chi regalare fiori?<\/strong><br><strong>Cioccolato, champagne, ... che si sposa perfettamente con un bouquet di fiori<\/strong><br><strong>Offrire un abbonamento di fiori<\/strong><\/p>\n\n\n\n<h2 class=\"font-serif text-30 font-normal primary deco wp-block-heading\"><strong>Comprare fiori online?<\/strong><\/h2>\n\n\n\n<p class=\"font-sans text-md font-light primary m-t-none m-b-none\"><strong>I diversi tipi di fornitori<\/strong><br><strong>Il costo e il pagamento di un bouquet di fiori <\/strong><br><strong>La sicurezza \u00e8 un aspetto importante delle vendite online<\/strong><br><strong>Ordinare fiori, la procedura in dettaglio<\/strong><\/p>\n\n\n\n<h2 class=\"font-serif text-30 font-normal primary deco, wp-block-heading\"><strong>Inviare fiori<\/strong><\/h2>\n\n\n\n<p class=\"font-sans text-md font-light primary m-t-none m-b-none\"><strong>Dove far consegnare i fiori?<\/strong><br><strong>Quando \u00e8 il momento migliore per la consegna dei fiori?<\/strong><br><strong>Qual \u00e8 il costo di una consegna di fiori?<\/strong><br><strong>C'\u00e8 un'alternativa alla consegna a pagamento?<\/strong><br><strong>Modalit\u00e0 di trasporto nella consegna<\/strong><br><strong>Come funziona una consegna al mademoiselle?<\/strong><br><strong>Ricevi fiori consegnati a casa tua<\/strong><br><strong>Consegnare fiori in Belgio dall'estero<\/strong><br><\/p>\n\n\n\n<h2 class=\"font-serif text-30 font-normal primary deco wp-block-heading\"><strong>Regalare fiori a un collega o decorare in azienda<\/strong><\/h2>\n\n\n\n<p class=\"font-sans text-md font-light primary m-t-none m-b-none\"><strong>Regalare fiori sul posto di lavoro<\/strong><br><strong>Fioritura di uno spazio di lavoro<\/strong><br><strong>I benefici dei fiori negli affari<\/strong><\/p>\n\n\n\n<h2 class=\"font-serif text-30 font-normal primary deco wp-block-heading\"><strong>Il mestiere del fiorista<\/strong><\/h2>\n\n\n\n<p class=\"font-sans text-md font-light primary m-t-none m-b-none\"><strong>Formazione come fiorista<\/strong><br><strong>Il nostro laboratorio, gli strumenti e gli uffici<\/strong><br><strong>Occupazione nel settore dei fiori<\/strong><br><strong>Essere un fiorista in Belgio<\/strong><br><strong>Sourcing, la questione dei fiori di sourcing<\/strong><br><strong>Logistica dei fiori<\/strong><\/p>\n<\/div>\n<\/div>\n\n\n\n<div class=\"wp-block-columns card-descover__container grid about-section m-b-2xl deco-top is-layout-flex wp-container-core-columns-is-layout-2 wp-block-columns-is-layout-flex\">\n<div class=\"wp-block-column card-descover__left col-desk-6 col-tab-6 col-mob-2 p-l-none is-layout-flow wp-block-column-is-layout-flow\">\n<div class=\"wp-block-group relative\"><div class=\"wp-block-group__inner-container is-layout-flow wp-block-group-is-layout-flow\">\n<figure class=\"wp-block-image size-large who__img-contain\"><img decoding=\"async\" width=\"1365\" height=\"768\" src=\"https:\/\/mademoiselle.flowers\/wp-content\/uploads\/2021\/02\/ABONNEMENT-12MOIS-edited.jpg\" alt=\"Consegna di fiori in tutto il Belgio\" class=\"wp-image-1161\" srcset=\"https:\/\/mademoiselle.flowers\/wp-content\/uploads\/2021\/02\/ABONNEMENT-12MOIS-edited.jpg 1365w, https:\/\/mademoiselle.flowers\/wp-content\/uploads\/2021\/02\/ABONNEMENT-12MOIS-edited-700x394.jpg 700w, https:\/\/mademoiselle.flowers\/wp-content\/uploads\/2021\/02\/ABONNEMENT-12MOIS-edited-600x338.jpg 600w, https:\/\/mademoiselle.flowers\/wp-content\/uploads\/2021\/02\/ABONNEMENT-12MOIS-edited-768x432.jpg 768w, https:\/\/mademoiselle.flowers\/wp-content\/uploads\/2021\/02\/ABONNEMENT-12MOIS-edited-16x9.jpg 16w\" sizes=\"(max-width: 1365px) 100vw, 1365px\" \/><\/figure>\n\n\n\n<p class=\"button--white upperCase d-inline-block cursor-pointer center--middle\"><a href=\"\/it\/shop\/nos-bouquets\/\">Vedere i nostri bouquet disponibili per la consegna in Belgio<\/a><\/p>\n<\/div><\/div>\n<\/div>\n\n\n\n<div class=\"wp-block-column card-descover__right col-desk-6 col-tab-6 col-mob-2 p-r-none is-layout-flow wp-block-column-is-layout-flow\">\n<div class=\"wp-block-group relative\"><div class=\"wp-block-group__inner-container is-layout-flow wp-block-group-is-layout-flow\">\n<figure class=\"wp-block-image size-large who__img-contain\"><img decoding=\"async\" width=\"350\" height=\"197\" src=\"https:\/\/mademoiselle.flowers\/wp-content\/uploads\/2021\/02\/victoire-ambiance-a-edited.jpg\" alt=\"Abbonamento fiori Belgio\" class=\"wp-image-1165\" srcset=\"https:\/\/mademoiselle.flowers\/wp-content\/uploads\/2021\/02\/victoire-ambiance-a-edited.jpg 350w, https:\/\/mademoiselle.flowers\/wp-content\/uploads\/2021\/02\/victoire-ambiance-a-edited-16x9.jpg 16w\" sizes=\"(max-width: 350px) 100vw, 350px\" \/><\/figure>\n\n\n\n<p class=\"button--white upperCase d-inline-block cursor-pointer center--middle\"><a href=\"https:\/\/mademoiselle.flowers\/it\/our-subscriptions\/\">I nostri abbonamenti validi in Belgio<\/a><\/p>\n<\/div><\/div>\n<\/div>\n<\/div>\n\n\n\n<p><\/p>","protected":false},"excerpt":{"rendered":"<p>Les fleurs D\u00e9couvrez l&rsquo;univers et l&rsquo;exp\u00e9rience mademoiselle mademoiselle a vu la jour d\u00e9but 2020. Ses fondateurs ont voulu proposer une exp\u00e9rience unique, loin de l&rsquo;offre existante en ligne. Un touche de graphisme, le bon gout d&rsquo;une exp\u00e9rience haut de gamme, une relation client sans failles pour une satisfaction et un effet waw garanti. Enfin le [&hellip;]<\/p>","protected":false},"author":439,"featured_media":0,"parent":0,"menu_order":0,"comment_status":"closed","ping_status":"closed","template":"page-template-boxed.php","meta":{"inline_featured_image":false,"_uag_custom_page_level_css":"","footnotes":""},"class_list":["post-2324","page","type-page","status-publish","hentry"],"acf":[],"uagb_featured_image_src":{"full":false,"thumbnail":false,"medium":false,"medium_large":false,"large":false,"gs-tiny":false,"xl":false,"xxl":false,"xxxl":false,"xxxxl":false,"xxxxxl":false,"1536x1536":false,"2048x2048":false,"trp-custom-language-flag":false,"woocommerce_thumbnail":false,"woocommerce_single":false,"woocommerce_gallery_thumbnail":false},"uagb_author_info":{"display_name":"","author_link":"https:\/\/mademoiselle.flowers\/it\/author\/ml-si\/"},"uagb_comment_info":0,"uagb_excerpt":"Les fleurs D\u00e9couvrez l&rsquo;univers et l&rsquo;exp\u00e9rience mademoiselle mademoiselle a vu la jour d\u00e9but 2020. Ses fondateurs ont voulu proposer une exp\u00e9rience unique, loin de l&rsquo;offre existante en ligne. Un touche de graphisme, le bon gout d&rsquo;une exp\u00e9rience haut de gamme, une relation client sans failles pour une satisfaction et un effet waw garanti. Enfin le&hellip;","_links":{"self":[{"href":"https:\/\/mademoiselle.flowers\/it\/wp-json\/wp\/v2\/pages\/2324"}],"collection":[{"href":"https:\/\/mademoiselle.flowers\/it\/wp-json\/wp\/v2\/pages"}],"about":[{"href":"https:\/\/mademoiselle.flowers\/it\/wp-json\/wp\/v2\/types\/page"}],"author":[{"embeddable":true,"href":"https:\/\/mademoiselle.flowers\/it\/wp-json\/wp\/v2\/users\/439"}],"replies":[{"embeddable":true,"href":"https:\/\/mademoiselle.flowers\/it\/wp-json\/wp\/v2\/comments?post=2324"}],"version-history":[{"count":10,"href":"https:\/\/mademoiselle.flowers\/it\/wp-json\/wp\/v2\/pages\/2324\/revisions"}],"predecessor-version":[{"id":6438,"href":"https:\/\/mademoiselle.flowers\/it\/wp-json\/wp\/v2\/pages\/2324\/revisions\/6438"}],"wp:attachment":[{"href":"https:\/\/mademoiselle.flowers\/it\/wp-json\/wp\/v2\/media?parent=2324"}],"curies":[{"name":"wp","href":"https:\/\/api.w.org\/{rel}","templated":true}]}}