{"id":2802,"date":"2021-09-06T10:55:29","date_gmt":"2021-09-06T08:55:29","guid":{"rendered":"https:\/\/mademoiselle.flowers\/?page_id=2802"},"modified":"2021-11-05T17:26:26","modified_gmt":"2021-11-05T16:26:26","slug":"la-livraison-de-fleurs-en-flandre-orientale","status":"publish","type":"page","link":"https:\/\/mademoiselle.flowers\/it\/delivery-of-flowers-in-east-flanders\/","title":{"rendered":"Consegna di fiori a Fiandre Orientali."},"content":{"rendered":"<div class=\"wp-block-group about-section about-section__intro grid text-center p-t-4xl p-b-2xl\"><div class=\"wp-block-group__inner-container is-layout-flow wp-block-group-is-layout-flow\">\n<div class=\"wp-block-getwid-advanced-heading font-serif text-1xl font-normal primary m-t-none m-b-none\"><h1 class=\"wp-block-getwid-advanced-heading__content\">La soluzione elegante per la consegna di fiori in Fiandre Orientali.<\/h1><\/div>\n\n\n\n<p class=\"font-sans text-md font-normal upperCase secondary m-t-md m-b-none deco--center\">Ti piacerebbe compiacere un conoscente che vive in uno dei quartieri del <strong>Fiandre orientali<\/strong> o semplicemente inviare fiori a casa tua in Belgio? Qualunque sia l'occasione (compleanni, anniversari, auguri, semplici pensieri,...) abbiamo il bouquet ideale ed elegante. Il <strong>consegna di fiori in Fiandre Orientali<\/strong>\u00c8 il nostro lavoro.<\/p>\n<\/div><\/div>\n\n\n\n<div class=\"wp-block-columns card-descover__container grid about-section m-b-2xl deco-top is-layout-flex wp-container-core-columns-is-layout-9d6595d7 wp-block-columns-is-layout-flex\">\n<div class=\"wp-block-column card-descover__left col-desk-6 col-tab-6 col-mob-2 p-l-none is-layout-flow wp-block-column-is-layout-flow\">\n<div class=\"wp-block-group relative\"><div class=\"wp-block-group__inner-container is-layout-flow wp-block-group-is-layout-flow\">\n<figure class=\"wp-block-image size-large who__img-contain\"><img decoding=\"async\" width=\"1365\" height=\"768\" src=\"https:\/\/mademoiselle.flowers\/wp-content\/uploads\/2021\/02\/ABONNEMENT-12MOIS-edited.jpg\" alt=\"Consegna fiori in tutti i distretti delle Fiandre Orientali: Aalst, Dendermonde, Eeklo, Ghent, Oudenaarde e Sint-Niklaas \" class=\"wp-image-1161\" srcset=\"https:\/\/mademoiselle.flowers\/wp-content\/uploads\/2021\/02\/ABONNEMENT-12MOIS-edited.jpg 1365w, https:\/\/mademoiselle.flowers\/wp-content\/uploads\/2021\/02\/ABONNEMENT-12MOIS-edited-700x394.jpg 700w, https:\/\/mademoiselle.flowers\/wp-content\/uploads\/2021\/02\/ABONNEMENT-12MOIS-edited-600x338.jpg 600w, https:\/\/mademoiselle.flowers\/wp-content\/uploads\/2021\/02\/ABONNEMENT-12MOIS-edited-768x432.jpg 768w, https:\/\/mademoiselle.flowers\/wp-content\/uploads\/2021\/02\/ABONNEMENT-12MOIS-edited-16x9.jpg 16w\" sizes=\"(max-width: 1365px) 100vw, 1365px\" \/><\/figure>\n\n\n\n<p class=\"button--white upperCase d-inline-block cursor-pointer center--middle\"><a href=\"\/it\/shop\/nos-bouquets\/\">Vedi i nostri bouquet disponibili per la consegna in Fiandre Orientali<\/a><\/p>\n<\/div><\/div>\n<\/div>\n\n\n\n<div class=\"wp-block-column card-descover__right col-desk-6 col-tab-6 col-mob-2 p-r-none is-layout-flow wp-block-column-is-layout-flow\">\n<div class=\"wp-block-group relative\"><div class=\"wp-block-group__inner-container is-layout-flow wp-block-group-is-layout-flow\">\n<figure class=\"wp-block-image size-large who__img-contain\"><img decoding=\"async\" width=\"350\" height=\"197\" src=\"https:\/\/mademoiselle.flowers\/wp-content\/uploads\/2021\/02\/victoire-ambiance-a-edited.jpg\" alt=\"Abbonamento di fiori in tutti i distretti delle Fiandre Orientali: Aalst, Dendermonde, Eeklo, Ghent, Oudenaarde e Sint-Niklaas \" class=\"wp-image-1165\" srcset=\"https:\/\/mademoiselle.flowers\/wp-content\/uploads\/2021\/02\/victoire-ambiance-a-edited.jpg 350w, https:\/\/mademoiselle.flowers\/wp-content\/uploads\/2021\/02\/victoire-ambiance-a-edited-16x9.jpg 16w\" sizes=\"(max-width: 350px) 100vw, 350px\" \/><\/figure>\n\n\n\n<p class=\"button--white upperCase d-inline-block cursor-pointer center--middle\"><a href=\"https:\/\/mademoiselle.flowers\/it\/our-subscriptions\/\">I nostri abbonamenti validi nelle Fiandre Orientali<\/a><\/p>\n<\/div><\/div>\n<\/div>\n<\/div>\n\n\n\n<div class=\"wp-block-columns grid about-section items-top deco-bottom deco-small is-layout-flex wp-container-core-columns-is-layout-9d6595d7 wp-block-columns-is-layout-flex\">\n<div class=\"wp-block-column who__container-right col-desk-6 col-tab-6 col-mob-4 p-l-none p-r-none is-layout-flow wp-block-column-is-layout-flow\">\n<figure class=\"wp-block-image size-large who__img-contain\"><img decoding=\"async\" width=\"1154\" height=\"1460\" src=\"https:\/\/mademoiselle.flowers\/wp-content\/uploads\/2021\/02\/QUE-PENSE-1154x1460.jpg\" alt=\"4 mazzi di fiori appena tagliati in un appartamento bianco ad Aalst\" class=\"wp-image-1152\" srcset=\"https:\/\/mademoiselle.flowers\/wp-content\/uploads\/2021\/02\/QUE-PENSE-1154x1460.jpg 1154w, https:\/\/mademoiselle.flowers\/wp-content\/uploads\/2021\/02\/QUE-PENSE-474x600.jpg 474w, https:\/\/mademoiselle.flowers\/wp-content\/uploads\/2021\/02\/QUE-PENSE-768x972.jpg 768w, https:\/\/mademoiselle.flowers\/wp-content\/uploads\/2021\/02\/QUE-PENSE-1600x2025.jpg 1600w, https:\/\/mademoiselle.flowers\/wp-content\/uploads\/2021\/02\/QUE-PENSE-1214x1536.jpg 1214w, https:\/\/mademoiselle.flowers\/wp-content\/uploads\/2021\/02\/QUE-PENSE-1618x2048.jpg 1618w, https:\/\/mademoiselle.flowers\/wp-content\/uploads\/2021\/02\/QUE-PENSE-9x12.jpg 9w, https:\/\/mademoiselle.flowers\/wp-content\/uploads\/2021\/02\/QUE-PENSE-700x886.jpg 700w, https:\/\/mademoiselle.flowers\/wp-content\/uploads\/2021\/02\/QUE-PENSE-1920x2430.jpg 1920w, https:\/\/mademoiselle.flowers\/wp-content\/uploads\/2021\/02\/QUE-PENSE-scaled.jpg 2023w\" sizes=\"(max-width: 1154px) 100vw, 1154px\" \/><\/figure>\n<\/div>\n\n\n\n<div class=\"wp-block-column col-desk-5 col-tab-5 col-mob-shift-0 col-mob-4 p-r-none p-l-none m-l-auto m-y-auto js-parallax-richtext is-layout-flow wp-block-column-is-layout-flow\">\n<h2 class=\"font-serif text-30 font-normal primary deco m-b-none m-t-none wp-block-heading\">Invia un bouquet ovunque nelle Fiandre Orientali<\/h2>\n\n\n\n<p class=\"font-sans text-md font-light grey-700 m-t-none m-b-none p-r-none\">Con mademoiselle, il <a href=\"\/it\/\">consegna di fiori in Belgio<\/a> nella regione fiamminga, da Ronse a Beveren passando per il Castello dei Conti a Gand, non \u00e8 mai stato cos\u00ec semplice ed elegante. Il nostro team di designer floreali, il cui laboratorio si trova nella capitale di Bruxelles, mette in opera tutte le sue conoscenze per offrirti una gamma di composizioni floreali disponibili per la consegna in tutte le Fiandre Orientali.<\/p>\n\n\n\n<p class=\"button--outline button--container upperCase d-inline-block cursor-pointer m-t-xl m-b-none\"><a href=\"https:\/\/mademoiselle.flowers\/it\/shop\/nos-bouquets\/\">Scopri i nostri bouquet<\/a><\/p>\n\n\n\n<div style=\"height:67px\" aria-hidden=\"true\" class=\"wp-block-spacer\"><\/div>\n\n\n\n<h2 class=\"font-serif text-30 font-normal primary deco m-b-none m-t-none wp-block-heading\">Qualunque sia l'occasione, consegniamo i pi\u00f9 bei bouquet di fiori<\/h2>\n\n\n\n<p class=\"font-sans text-md font-light grey-700 m-t-none m-b-none p-r-none\">mademoiselle \u00e8 una selezione di 6 <strong>mazzi di fiori<\/strong> a stagione, in una gamma di prezzi da 30 a 90 euro. Avrete l'imbarazzo della scelta. Bouquet rustici, romantici, raffinati o frizzanti che incanteranno il cuore di chi li ricever\u00e0, in occasione di un compleanno, della festa della mamma, di San Valentino o semplicemente per dimostrare amore o sostegno a un amico con un regalo fiorito. E per i pi\u00f9 romantici, abbiamo il regalo perfetto: un bellissimo bouquet di rose rosse Naomi. Il tutto avvolto in una bella confezione, consegnato a casa tua o in ufficio, con un sorriso.<\/p>\n<\/div>\n<\/div>\n\n\n\n<div class=\"wp-block-columns grid about-section deco-top is-layout-flex wp-container-core-columns-is-layout-9d6595d7 wp-block-columns-is-layout-flex\">\n<div class=\"wp-block-column quote__container col-desk-11 col-mob-4 is-layout-flow wp-block-column-is-layout-flow\">\n<p class=\"quote upperCase text-center text-lg\"><em>Consegniamo i nostri bellissimi mazzi di fiori entro 24 ore in tutta la Fiandra orientale.<\/em><\/p>\n<\/div>\n<\/div>\n\n\n\n<div class=\"wp-block-columns grid about-section m-t-2xl m-b-2xl is-layout-flex wp-container-core-columns-is-layout-9d6595d7 wp-block-columns-is-layout-flex\">\n<div class=\"wp-block-column col-desk-5 col-tab-5 col-mob-4 p-l-none p-r-none m-y-auto js-parallax-richtext is-layout-flow wp-block-column-is-layout-flow\">\n<h2 class=\"font-serif text-30 font-normal primary deco m-b-none m-t-none wp-block-heading\">Consegna di fiori in tutta la Fiandra orientale:<\/h2>\n\n\n\n<p class=\"font-sans text-md font-light grey-700 m-t-none m-b-none p-r-none\">Come fiorista online, inviamo il tuo bouquet entro 24 ore in ogni comune della provincia fiamminga.<\/p>\n\n\n\n<p class=\"font-sans text-md font-light grey-700 m-t-none m-b-none p-r-none\">Il compleanno di tua sorella \u00e8 gi\u00e0 domani? Cercate urgentemente un bouquet delicato e originale, qualunque sia il prezzo? Consegneremo il bouquet di vostra scelta all'indirizzo di vostra scelta entro 24 ore.<\/p>\n\n\n\n<p class=\"button--outline button--container upperCase d-inline-block cursor-pointer m-t-xl m-b-none\"><a href=\"https:\/\/mademoiselle.flowers\/it\/shop\/nos-bouquets\/\">Scopri i nostri bouquet<\/a><\/p>\n<\/div>\n\n\n\n<div class=\"wp-block-column col-desk-6 col-tab-6 col-mob-4 p-r-none p-l-none m-l-auto is-layout-flow wp-block-column-is-layout-flow\">\n<figure class=\"wp-block-image size-large who__img-contain\"><img decoding=\"async\" width=\"2048\" height=\"2050\" src=\"https:\/\/mademoiselle.flowers\/wp-content\/uploads\/2021\/02\/Lola-Ambiance-12-1-edited-2.jpg\" alt=\"Consegna nelle Fiandre orientali e in tutto il Belgio entro 24 ore\" class=\"wp-image-1171\" srcset=\"https:\/\/mademoiselle.flowers\/wp-content\/uploads\/2021\/02\/Lola-Ambiance-12-1-edited-2.jpg 2048w, https:\/\/mademoiselle.flowers\/wp-content\/uploads\/2021\/02\/Lola-Ambiance-12-1-edited-2-700x701.jpg 700w, https:\/\/mademoiselle.flowers\/wp-content\/uploads\/2021\/02\/Lola-Ambiance-12-1-edited-2-100x100.jpg 100w, https:\/\/mademoiselle.flowers\/wp-content\/uploads\/2021\/02\/Lola-Ambiance-12-1-edited-2-1920x1922.jpg 1920w, https:\/\/mademoiselle.flowers\/wp-content\/uploads\/2021\/02\/Lola-Ambiance-12-1-edited-2-600x600.jpg 600w, https:\/\/mademoiselle.flowers\/wp-content\/uploads\/2021\/02\/Lola-Ambiance-12-1-edited-2-1460x1460.jpg 1460w, https:\/\/mademoiselle.flowers\/wp-content\/uploads\/2021\/02\/Lola-Ambiance-12-1-edited-2-300x300.jpg 300w, https:\/\/mademoiselle.flowers\/wp-content\/uploads\/2021\/02\/Lola-Ambiance-12-1-edited-2-768x769.jpg 768w, https:\/\/mademoiselle.flowers\/wp-content\/uploads\/2021\/02\/Lola-Ambiance-12-1-edited-2-1600x1602.jpg 1600w, https:\/\/mademoiselle.flowers\/wp-content\/uploads\/2021\/02\/Lola-Ambiance-12-1-edited-2-2046x2048.jpg 2046w, https:\/\/mademoiselle.flowers\/wp-content\/uploads\/2021\/02\/Lola-Ambiance-12-1-edited-2-12x12.jpg 12w\" sizes=\"(max-width: 2048px) 100vw, 2048px\" \/><\/figure>\n<\/div>\n<\/div>\n\n\n\n<div class=\"wp-block-columns card-descover__container grid about-section m-b-2xl deco-top is-layout-flex wp-container-core-columns-is-layout-9d6595d7 wp-block-columns-is-layout-flex\">\n<div class=\"wp-block-column card-descover__left col-desk-6 col-tab-6 col-mob-2 p-l-none is-layout-flow wp-block-column-is-layout-flow\">\n<div class=\"wp-block-group relative\"><div class=\"wp-block-group__inner-container is-layout-flow wp-block-group-is-layout-flow\">\n<figure class=\"wp-block-image size-large who__img-contain\"><img decoding=\"async\" width=\"1365\" height=\"768\" src=\"https:\/\/mademoiselle.flowers\/wp-content\/uploads\/2021\/02\/ABONNEMENT-12MOIS-edited.jpg\" alt=\"Consegna di fiori in tutta la provincia delle Fiandre Orientali\" class=\"wp-image-1161\" srcset=\"https:\/\/mademoiselle.flowers\/wp-content\/uploads\/2021\/02\/ABONNEMENT-12MOIS-edited.jpg 1365w, https:\/\/mademoiselle.flowers\/wp-content\/uploads\/2021\/02\/ABONNEMENT-12MOIS-edited-700x394.jpg 700w, https:\/\/mademoiselle.flowers\/wp-content\/uploads\/2021\/02\/ABONNEMENT-12MOIS-edited-600x338.jpg 600w, https:\/\/mademoiselle.flowers\/wp-content\/uploads\/2021\/02\/ABONNEMENT-12MOIS-edited-768x432.jpg 768w, https:\/\/mademoiselle.flowers\/wp-content\/uploads\/2021\/02\/ABONNEMENT-12MOIS-edited-16x9.jpg 16w\" sizes=\"(max-width: 1365px) 100vw, 1365px\" \/><\/figure>\n\n\n\n<p class=\"button--white upperCase d-inline-block cursor-pointer center--middle\"><a href=\"\/it\/shop\/nos-bouquets\/\">Scegliere un bouquet<\/a><\/p>\n<\/div><\/div>\n<\/div>\n\n\n\n<div class=\"wp-block-column card-descover__right col-desk-6 col-tab-6 col-mob-2 p-r-none is-layout-flow wp-block-column-is-layout-flow\">\n<div class=\"wp-block-group relative\"><div class=\"wp-block-group__inner-container is-layout-flow wp-block-group-is-layout-flow\">\n<figure class=\"wp-block-image size-large who__img-contain\"><img decoding=\"async\" width=\"350\" height=\"197\" src=\"https:\/\/mademoiselle.flowers\/wp-content\/uploads\/2021\/02\/victoire-ambiance-a-edited.jpg\" alt=\"Abbonamento di fiori nelle Fiandre Orientali e in tutto il Belgio\" class=\"wp-image-1165\" srcset=\"https:\/\/mademoiselle.flowers\/wp-content\/uploads\/2021\/02\/victoire-ambiance-a-edited.jpg 350w, https:\/\/mademoiselle.flowers\/wp-content\/uploads\/2021\/02\/victoire-ambiance-a-edited-16x9.jpg 16w\" sizes=\"(max-width: 350px) 100vw, 350px\" \/><\/figure>\n\n\n\n<p class=\"button--white upperCase d-inline-block cursor-pointer center--middle\"><a href=\"https:\/\/mademoiselle.flowers\/it\/our-subscriptions\/\">Scopri i nostri abbonamenti<\/a><\/p>\n<\/div><\/div>\n<\/div>\n<\/div>\n\n\n\n<div class=\"wp-block-columns grid about-section m-t-2xl m-b-2xl is-layout-flex wp-container-core-columns-is-layout-9d6595d7 wp-block-columns-is-layout-flex\">\n<div class=\"wp-block-column col-desk-5 col-tab-5 col-mob-4 p-l-none p-r-none m-y-auto js-parallax-richtext is-layout-flow wp-block-column-is-layout-flow\">\n<h2 class=\"font-serif text-30 font-normal primary deco m-b-none m-t-none wp-block-heading\">Ogni distretto della provincia delle Fiandre Orientali \u00e8 coperto dalle nostre consegne di bouquet.<\/h2>\n\n\n\n<p class=\"font-sans text-md font-light grey-700 m-t-none m-b-none p-r-none\"><br>Consegniamo i nostri mazzi di fiori in tutte le zone della provincia fiamminga.<\/p>\n\n\n\n<p>Aalst<br>Assenede<br>Oudenaarde<br>Beveren<br>Brakel<br>Buggenhout<br>Deinze<br>Denderleeuw<br>Destelbergen<br>Eeklo<br>Erpe-Mere<br>Evergem<br>Gand<br>Gavere<br>Grammont<br>Haaltert<br>Hamme<br>Hautem-Saint-Li\u00e9vin<br>Herzele<br>Horebeke<br>Kaprijke<br>Kluisbergen<br>Knesselare<br>Kruibeke<br>Kruishoutem<br>Laerne<br>Sint-Martens-Latem<br>Lebbeke<br>Lede<br>Lierde<br>Lochristi&nbsp;&nbsp;<\/p>\n<\/div>\n\n\n\n<div class=\"wp-block-column col-desk-6 col-tab-6 col-mob-4 p-r-none p-l-none m-l-auto is-layout-flow wp-block-column-is-layout-flow\">\n<figure class=\"wp-block-image size-large who__img-contain\"><img decoding=\"async\" width=\"1460\" height=\"821\" src=\"https:\/\/mademoiselle.flowers\/wp-content\/uploads\/2021\/02\/mademoiselle-diamant-2-scaled-edited-1460x821.jpg\" alt=\"Fioristi nei comuni fiamminghi e in tutto il Belgio\" class=\"wp-image-1164\" srcset=\"https:\/\/mademoiselle.flowers\/wp-content\/uploads\/2021\/02\/mademoiselle-diamant-2-scaled-edited-1460x821.jpg 1460w, https:\/\/mademoiselle.flowers\/wp-content\/uploads\/2021\/02\/mademoiselle-diamant-2-scaled-edited-700x394.jpg 700w, https:\/\/mademoiselle.flowers\/wp-content\/uploads\/2021\/02\/mademoiselle-diamant-2-scaled-edited-600x337.jpg 600w, https:\/\/mademoiselle.flowers\/wp-content\/uploads\/2021\/02\/mademoiselle-diamant-2-scaled-edited-768x432.jpg 768w, https:\/\/mademoiselle.flowers\/wp-content\/uploads\/2021\/02\/mademoiselle-diamant-2-scaled-edited-1600x900.jpg 1600w, https:\/\/mademoiselle.flowers\/wp-content\/uploads\/2021\/02\/mademoiselle-diamant-2-scaled-edited-1536x864.jpg 1536w, https:\/\/mademoiselle.flowers\/wp-content\/uploads\/2021\/02\/mademoiselle-diamant-2-scaled-edited-16x9.jpg 16w, https:\/\/mademoiselle.flowers\/wp-content\/uploads\/2021\/02\/mademoiselle-diamant-2-scaled-edited.jpg 1707w\" sizes=\"(max-width: 1460px) 100vw, 1460px\" \/><\/figure>\n\n\n\n<p>Lokeren<br>Lovendegem<br>Maarkedal<br>Maldegem<br>Signora.<br>Merelbeke<br>Moerbeke<br>Nazareth<br>Nevele<br>Citt\u00e0 di Ninove<br>Pollare,<br>Oosterzele<br>Ronse<br>Saint-Gilles-Waes<br>Saint-Laurent<br>San Nicola<br>Stekene<br>Tamigi<br>Termonde<br>Wachtebeke<br>Waarschoot<br>Waasmunster<br>Wetteren<br>Wichelen<br>Zele<br>Zelzate<br>Zingem<br>Zomergem<br>Zottegem<br>Zulte<br>Zwalin (Zwalm)<\/p>\n\n\n\n<p class=\"font-sans text-md font-light grey-700 m-t-none m-b-none p-r-none\"> <\/p>\n\n\n\n<p class=\"font-sans text-md font-light grey-700 m-t-none m-b-none p-r-none\"><br><br><\/p>\n<\/div>\n<\/div>\n\n\n\t\t\t<div \n\t\t\tclass=\"wp-block-uagb-google-map uagb-google-map__wrap uagb-block-c927a158\"\n\t\t\tstyle=\"\" >\n\t\t\t\t<embed\n\t\t\t\t\tclass=\"uagb-google-map__iframe\"\n\t\t\t\t\ttitle=\"Google Map for \"\n\t\t\t\t\tsrc=\"https:\/\/maps.google.com\/maps?q=Flandre%20orientale%20&#038;z=9&#038;hl=fr&#038;t=m&#038;output=embed&#038;iwloc=near\"\n\t\t\t\t\twidth=\"640\"\n\t\t\t\t\theight=\"373\"\n\t\t\t\t\tloading=\"lazy\"\n\t\t\t\t><\/embed>\n\t\t\t<\/div>\n\t\t\t\n\n\n<div class=\"wp-block-columns is-layout-flex wp-container-core-columns-is-layout-9d6595d7 wp-block-columns-is-layout-flex\">\n<div class=\"wp-block-column grid sur-mesure-section items-top p-t-4xl p-b-2xl is-layout-flow wp-block-column-is-layout-flow\">\n<h2 class=\"font-serif text-4xl font-normal primary wp-block-heading\">Domande sul nostro servizio di vendita di fiori online<\/h2>\n\n\n\n<div class=\"wp-block-uagb-faq uagb-faq__outer-wrap uagb-block-c16e9dd0 uagb-faq-icon-row uagb-faq-layout-accordion uagb-faq-expand-first-false uagb-faq-inactive-other-true uagb-faq-equal-height\" data-faqtoggle=\"true\" role=\"tablist\"><script type=\"application\/ld+json\">{\"@context\":\"https:\/\/schema.org\",\"@type\":\"FAQPage\",\"@id\":\"https:\/\/mademoiselle.flowers\/la-livraison-de-fleurs-en-flandre-orientale\/\",\"mainEntity\":[{\"@type\":\"Question\",\"name\":\"Comment envoyer des fleurs dans la Province de la Flandre Orientale ?\",\"acceptedAnswer\":{\"@type\":\"Answer\",\"text\":\"Sur notre site, choisissez entre les 6 superbes bouquets de saison. Indiquez une adresse de livraison situ\u00e9e en Flandre Orientale (mais nous livrons \u00e9galement partout en Belgique ;-)). S\u00e9lectionnez une date de livraison et nous ex\u00e9cuterons votre commande avec le plus grand soin.\"}},{\"@type\":\"Question\",\"name\":\"Est-ce que vous livrez des fleurs fra\u00eeches ?\",\"acceptedAnswer\":{\"@type\":\"Answer\",\"text\":\"Oui, l'ensemble des fleurs qui composent les bouquets que nous envoyons dans toute la province de la Flandre Orientale sont des tiges coup\u00e9es r\u00e9cemment. Nos bouquets comporteront par exemple des boutons de fleurs encore non \u00e9clos. Certaines fleurs comme les roses sont plus fragiles, mais de mani\u00e8re g\u00e9n\u00e9rale nous garantissons leur tenue en vase pendant plus de 7 jours. Elles restent \u00e9galement parfum\u00e9es pendant de nombreux jours.\"}},{\"@type\":\"Question\",\"name\":\"Quels sont les moyens de paiement propos\u00e9s sur vitre e-Shop ?\",\"acceptedAnswer\":{\"@type\":\"Answer\",\"text\":\"Nous acceptons les paiements par cartes bancaires \/ de cr\u00e9dit, mais \u00e9galement avec le syst\u00e8me Bancontact. Si vous \u00eates \u00e0 l'\u00e9tranger et que la personne \u00e0 qui vous souhaitez envoyer des fleurs est situ\u00e9e en Flandre Orientale, nous vous conseillons le paiement s\u00e9curis\u00e9e par carte de Cr\u00e9dit (Visa \/ Mastercard)\"}}]}<\/script><div class=\"uagb-faq__wrap uagb-buttons-layout-wrap\">\n<div class=\"wp-block-uagb-faq-child uagb-faq-child__outer-wrap uagb-block-bd0e065d\"><div class=\"uagb-faq-child__wrapper\"><div class=\"uagb-faq-item\" role=\"tab\" tabindex=\"0\"><div class=\"uagb-faq-questions-button uagb-faq-questions\"><span class=\"uagb-icon uagb-faq-icon-wrap\"><svg xmlns=\"http:\/\/www.w3.org\/2000\/svg\" viewbox=\"0 0 448 512\"><path d=\"M416 208H272V64c0-17.67-14.33-32-32-32h-32c-17.67 0-32 14.33-32 32v144H32c-17.67 0-32 14.33-32 32v32c0 17.67 14.33 32 32 32h144v144c0 17.67 14.33 32 32 32h32c17.67 0 32-14.33 32-32V304h144c17.67 0 32-14.33 32-32v-32c0-17.67-14.33-32-32-32z\"><\/path><\/svg><\/span><span class=\"uagb-icon-active uagb-faq-icon-wrap\"><svg xmlns=\"http:\/\/www.w3.org\/2000\/svg\" viewbox=\"0 0 448 512\"><path d=\"M416 208H32c-17.67 0-32 14.33-32 32v32c0 17.67 14.33 32 32 32h384c17.67 0 32-14.33 32-32v-32c0-17.67-14.33-32-32-32z\"><\/path><\/svg><\/span><h3 class=\"uagb-question\">Come inviare fiori nella Provincia delle Fiandre Orientali?<\/h3><\/div><div class=\"uagb-faq-content\"><span><p>Sul nostro sito web \u00e8 possibile scegliere tra 6 bellissimi bouquet stagionali. Inserisci un indirizzo di consegna nelle Fiandre Orientali (ma consegniamo anche ovunque in Belgio ;-)). Seleziona una data di consegna e noi eseguiremo il tuo ordine con la massima cura.<\/p><\/span><\/div><\/div><\/div><\/div>\n\n\n\n<div class=\"wp-block-uagb-faq-child uagb-faq-child__outer-wrap uagb-block-ecfb9d07\"><div class=\"uagb-faq-child__wrapper\"><div class=\"uagb-faq-item\" role=\"tab\" tabindex=\"0\"><div class=\"uagb-faq-questions-button uagb-faq-questions\"><span class=\"uagb-icon uagb-faq-icon-wrap\"><svg xmlns=\"http:\/\/www.w3.org\/2000\/svg\" viewbox=\"0 0 448 512\"><path d=\"M416 208H272V64c0-17.67-14.33-32-32-32h-32c-17.67 0-32 14.33-32 32v144H32c-17.67 0-32 14.33-32 32v32c0 17.67 14.33 32 32 32h144v144c0 17.67 14.33 32 32 32h32c17.67 0 32-14.33 32-32V304h144c17.67 0 32-14.33 32-32v-32c0-17.67-14.33-32-32-32z\"><\/path><\/svg><\/span><span class=\"uagb-icon-active uagb-faq-icon-wrap\"><svg xmlns=\"http:\/\/www.w3.org\/2000\/svg\" viewbox=\"0 0 448 512\"><path d=\"M416 208H32c-17.67 0-32 14.33-32 32v32c0 17.67 14.33 32 32 32h384c17.67 0 32-14.33 32-32v-32c0-17.67-14.33-32-32-32z\"><\/path><\/svg><\/span><h3 class=\"uagb-question\">Consegnate fiori freschi?<\/h3><\/div><div class=\"uagb-faq-content\"><span><p>S\u00ec, tutti i fiori nei bouquet che inviamo in tutta la provincia delle Fiandre Orientali sono steli tagliati di recente. Per esempio, i nostri bouquet conterranno boccioli di fiori non aperti. Alcuni fiori, come le rose, sono pi\u00f9 fragili, ma in generale garantiamo che rimarranno nel vaso per pi\u00f9 di 7 giorni. Rimangono anche fragranti per molti giorni.<\/p><\/span><\/div><\/div><\/div><\/div>\n\n\n\n<div class=\"wp-block-uagb-faq-child uagb-faq-child__outer-wrap uagb-block-67d75bbf\"><div class=\"uagb-faq-child__wrapper\"><div class=\"uagb-faq-item\" role=\"tab\" tabindex=\"0\"><div class=\"uagb-faq-questions-button uagb-faq-questions\"><span class=\"uagb-icon uagb-faq-icon-wrap\"><svg xmlns=\"http:\/\/www.w3.org\/2000\/svg\" viewbox=\"0 0 448 512\"><path d=\"M416 208H272V64c0-17.67-14.33-32-32-32h-32c-17.67 0-32 14.33-32 32v144H32c-17.67 0-32 14.33-32 32v32c0 17.67 14.33 32 32 32h144v144c0 17.67 14.33 32 32 32h32c17.67 0 32-14.33 32-32V304h144c17.67 0 32-14.33 32-32v-32c0-17.67-14.33-32-32-32z\"><\/path><\/svg><\/span><span class=\"uagb-icon-active uagb-faq-icon-wrap\"><svg xmlns=\"http:\/\/www.w3.org\/2000\/svg\" viewbox=\"0 0 448 512\"><path d=\"M416 208H32c-17.67 0-32 14.33-32 32v32c0 17.67 14.33 32 32 32h384c17.67 0 32-14.33 32-32v-32c0-17.67-14.33-32-32-32z\"><\/path><\/svg><\/span><h3 class=\"uagb-question\">Quali sono i metodi di pagamento offerti sul vostro e-Shop?<\/h3><\/div><div class=\"uagb-faq-content\"><span><p>Accettiamo il pagamento tramite banca\/carta di credito, ma anche con il sistema Bancontact. Se sei all'estero e la persona a cui vuoi inviare fiori si trova nelle Fiandre Orientali, ti consigliamo di pagare in modo sicuro con carta di credito (Visa \/ Mastercard)<\/p><\/span><\/div><\/div><\/div><\/div>\n<\/div><\/div>\n<\/div>\n<\/div>\n\n\n\n<p><\/p>","protected":false},"excerpt":{"rendered":"<p>Desiderate accontentare una persona di vostra conoscenza che vive in uno dei distretti delle Fiandre Orientali o semplicemente inviare fiori a casa vostra in Belgio? Qualunque sia l'occasione (compleanno, anniversario, auguri, semplice pensiero,...) abbiamo il bouquet ideale ed elegante. La consegna di fiori nelle Fiandre Orientali \u00e8 il nostro mestiere a mademoiselle. Consultate i nostri bouquet disponibili su [...]<\/p>","protected":false},"author":439,"featured_media":0,"parent":0,"menu_order":0,"comment_status":"closed","ping_status":"closed","template":"","meta":{"inline_featured_image":false,"_uag_custom_page_level_css":"","footnotes":""},"class_list":["post-2802","page","type-page","status-publish","hentry"],"acf":[],"uagb_featured_image_src":{"full":false,"thumbnail":false,"medium":false,"medium_large":false,"large":false,"gs-tiny":false,"xl":false,"xxl":false,"xxxl":false,"xxxxl":false,"xxxxxl":false,"1536x1536":false,"2048x2048":false,"trp-custom-language-flag":false,"woocommerce_thumbnail":false,"woocommerce_single":false,"woocommerce_gallery_thumbnail":false},"uagb_author_info":{"display_name":"","author_link":"https:\/\/mademoiselle.flowers\/it\/author\/ml-si\/"},"uagb_comment_info":0,"uagb_excerpt":"Vous souhaitez faire plaisir \u00e0 une connaissance qui habite dans un des arrondissements de la Flandre Orientale ou simplement faire parvenir des fleurs \u00e0 votre propre domicile en Belgique?&nbsp;Quelle que&nbsp;soit l&rsquo;occasion&nbsp;(anniversaire, f\u00eates, meilleurs v\u0153ux, simple pens\u00e9e,&#8230;)&nbsp;nous avons&nbsp;le&nbsp;bouquet id\u00e9al et&nbsp;\u00e9l\u00e9gant.&nbsp;La livraison de fleurs en Flandre Orientale, chez mademoiselle, c&rsquo;est notre m\u00e9tier. Voir nos bouquets disponibles \u00e0&hellip;","_links":{"self":[{"href":"https:\/\/mademoiselle.flowers\/it\/wp-json\/wp\/v2\/pages\/2802","targetHints":{"allow":["GET"]}}],"collection":[{"href":"https:\/\/mademoiselle.flowers\/it\/wp-json\/wp\/v2\/pages"}],"about":[{"href":"https:\/\/mademoiselle.flowers\/it\/wp-json\/wp\/v2\/types\/page"}],"author":[{"embeddable":true,"href":"https:\/\/mademoiselle.flowers\/it\/wp-json\/wp\/v2\/users\/439"}],"replies":[{"embeddable":true,"href":"https:\/\/mademoiselle.flowers\/it\/wp-json\/wp\/v2\/comments?post=2802"}],"version-history":[{"count":10,"href":"https:\/\/mademoiselle.flowers\/it\/wp-json\/wp\/v2\/pages\/2802\/revisions"}],"predecessor-version":[{"id":3946,"href":"https:\/\/mademoiselle.flowers\/it\/wp-json\/wp\/v2\/pages\/2802\/revisions\/3946"}],"wp:attachment":[{"href":"https:\/\/mademoiselle.flowers\/it\/wp-json\/wp\/v2\/media?parent=2802"}],"curies":[{"name":"wp","href":"https:\/\/api.w.org\/{rel}","templated":true}]}}