{"id":3467,"date":"2021-09-23T18:18:19","date_gmt":"2021-09-23T16:18:19","guid":{"rendered":"https:\/\/mademoiselle.flowers\/?page_id=3467"},"modified":"2023-01-05T16:54:11","modified_gmt":"2023-01-05T15:54:11","slug":"livraison-fleurs-entreprise","status":"publish","type":"page","link":"https:\/\/mademoiselle.flowers\/it\/delivery-flowers-company\/","title":{"rendered":"Servizio aziendale"},"content":{"rendered":"<div class=\"wp-block-group grid about-section items-top deco-bottom deco-small\"><div class=\"wp-block-group__inner-container is-layout-flow wp-block-group-is-layout-flow\">\n<h1 class=\"wp-block-heading\"><\/h1>\n\n\n\n<div style=\"height:112px\" aria-hidden=\"true\" class=\"wp-block-spacer\"><\/div>\n\n\n\n<div class=\"wp-block-uagb-advanced-heading uagb-block-cfbacb8c font-serif text-25 font-normal primary\"><h1 class=\"uagb-heading-text\">Soluzioni di business<\/h1><div class=\"uagb-separator-wrap\"><div class=\"uagb-separator\"><\/div><\/div><p class=\"uagb-desc-text\">Un'offerta premium per le aziende attente all'immagine<\/p><\/div>\n\n\n\n<div class=\"wp-block-columns m-t-none m-b-none is-layout-flex wp-container-core-columns-is-layout-1 wp-block-columns-is-layout-flex\">\n<div class=\"wp-block-column grid about-section m-b-none is-layout-flow wp-block-column-is-layout-flow\">\n<p class=\"font-sans text-md font-light primary m-t-none m-b-none\">La vita di un'azienda \u00e8 anche celebrare i momenti forti di un dipendente (nascita, compleanno, matrimonio, ...) ma anche condividere la gioia di un successo o di una vittoria. In un'epoca in cui il reclutamento dei dipendenti \u00e8 a volte una missione complicata, una cultura aziendale forte, umana e gioiosa \u00e8 pi\u00f9 che mai necessaria. <\/p>\n\n\n\n<p class=\"font-sans text-md font-light primary m-t-none m-b-none\">Per i clienti aziendali, offriamo una soluzione semplice ed efficace: sconti sui volumi (<strong>su tutta la nostra gamma<\/strong>), a <strong>Linea telefonica VIP<\/strong> per effettuare gli ordini.<br><\/p>\n\n\n\n<p><strong>Avete un progetto imprenditoriale?<\/strong> Avete un'esigenza particolare? <a href=\"mailto:info@mademoiselle.flowers\">Contattateci<\/a><br><strong>Hai bisogno di un'offerta su misura?<\/strong> <a href=\"mailto:info@mademoiselle.flowers\">Contattateci<\/a><\/p>\n\n\n\n<p class=\"font-sans text-md font-light primary m-t-none m-b-none\"><br><\/p>\n\n\n\n<p class=\"font-sans text-md font-light primary m-t-none m-b-none\"><\/p>\n<\/div>\n<\/div>\n\n\n\n<div class=\"wp-block-columns grid about-section is-layout-flex wp-container-core-columns-is-layout-2 wp-block-columns-is-layout-flex\">\n<div class=\"wp-block-column who__container-right col-desk-6 col-tab-6 col-mob-4 p-l-none p-r-none is-layout-flow wp-block-column-is-layout-flow\">\n<figure class=\"wp-block-image size-large who__img-contain\"><img decoding=\"async\" width=\"350\" height=\"430\" src=\"https:\/\/mademoiselle.flowers\/wp-content\/uploads\/2021\/07\/Victoire-Ambiance-1.jpg\" alt=\"inviare fiori con fattura\" class=\"wp-image-2705\" srcset=\"https:\/\/mademoiselle.flowers\/wp-content\/uploads\/2021\/07\/Victoire-Ambiance-1.jpg 350w, https:\/\/mademoiselle.flowers\/wp-content\/uploads\/2021\/07\/Victoire-Ambiance-1-10x12.jpg 10w\" sizes=\"(max-width: 350px) 100vw, 350px\" \/><\/figure>\n<\/div>\n\n\n\n<div class=\"wp-block-column col-desk-5 col-tab-5 col-mob-shift-0 col-mob-4 p-r-none p-l-none m-l-auto m-y-auto js-parallax-richtext is-layout-flow wp-block-column-is-layout-flow\">\n<h2 class=\"font-serif text-30 font-normal primary deco m-b-none m-t-none wp-block-heading\">Fatturazione semplificata<\/h2>\n\n\n\n<p class=\"font-sans text-md font-light primary m-t-none m-b-none\">Per un <strong>acquisto singolo<\/strong> Se desiderate ordinare i nostri prodotti su base occasionale, non dovete fare altro che effettuare l'ordine online e inserire il vostro numero di partita IVA. Il nostro partner vi invier\u00e0 automaticamente la fattura via e-mail. A tal fine, \u00e8 necessario un <strong>carta di credito<\/strong>. Il tuo conto cliente ricorder\u00e0 i tuoi dati di fatturazione per il prossimo ordine. Una soluzione semplice che il vostro contabile amer\u00e0.<\/p>\n\n\n\n<p class=\"font-sans text-md font-light primary m-t-none m-b-none\">Non si fa <strong>non hanno una carta di credito aziendale<\/strong> ? Non c'\u00e8 problema, <a href=\"mailto:info@mademoiselle.flowers\">contattaci via e-mail<\/a>Vi risponderemo entro un'ora. Il nostro partner prender\u00e0 in carico l'ordine e vi invier\u00e0 una fattura da saldare prima della spedizione. <\/p>\n\n\n\n<p class=\"font-sans text-md font-light primary m-t-none m-b-none\">Per un<strong> Fatturazione di 30 giorni<\/strong>, <a href=\"mailto:info@mademoiselle.flowers\">contattaci via e-mail<\/a>Vi risponderemo entro un'ora. Creeremo insieme un conto cliente. Alla fine del mese, riceverete una fattura riepilogativa dei vostri acquisti, pagabile entro 30 giorni.<\/p>\n\n\n\n<div style=\"height:74px\" aria-hidden=\"true\" class=\"wp-block-spacer\"><\/div>\n<\/div>\n<\/div>\n\n\n\n<div class=\"wp-block-columns grid about-section is-layout-flex wp-container-core-columns-is-layout-3 wp-block-columns-is-layout-flex\">\n<div class=\"wp-block-column col-desk-5 col-tab-5 col-mob-4 p-l-none p-r-none m-y-auto js-parallax-richtext is-layout-flow wp-block-column-is-layout-flow\">\n<h2 class=\"font-serif text-30 font-normal primary deco m-b-none wp-block-heading\">Un ordine di 3 bouquet (e pi\u00f9...)?<\/h2>\n\n\n\n<p class=\"font-sans text-md font-light primary m-t-none m-b-none\">Per un <strong>acquisto all'ingrosso<\/strong> (a partire da 3 bouquet), non c'\u00e8 bisogno di fare l'ordine online, il nostro servizio aziendale si occuper\u00e0 di effettuare l'ordine e inviarvi una fattura. Il pagamento sar\u00e0 effettuato al ricevimento della fattura. Invieremo i bouquet dopo il pagamento o direttamente se avete un contratto quadro. <a href=\"mailto:info@mademoiselle.flowers\">Contattateci per discutere.<\/a><\/p>\n<\/div>\n\n\n\n<div class=\"wp-block-column col-desk-6 col-tab-6 col-mob-4 p-r-none p-l-none m-l-auto is-layout-flow wp-block-column-is-layout-flow\">\n<figure class=\"wp-block-image size-large who__img-contain\"><img decoding=\"async\" width=\"1460\" height=\"973\" src=\"https:\/\/mademoiselle.flowers\/wp-content\/uploads\/2021\/07\/Charlotte-HOME-1460x973.jpg\" alt=\"Ordinare bouquet per il compleanno di un collega\" class=\"wp-image-2712\" srcset=\"https:\/\/mademoiselle.flowers\/wp-content\/uploads\/2021\/07\/Charlotte-HOME-1460x973.jpg 1460w, https:\/\/mademoiselle.flowers\/wp-content\/uploads\/2021\/07\/Charlotte-HOME-600x400.jpg 600w, https:\/\/mademoiselle.flowers\/wp-content\/uploads\/2021\/07\/Charlotte-HOME-768x512.jpg 768w, https:\/\/mademoiselle.flowers\/wp-content\/uploads\/2021\/07\/Charlotte-HOME-1600x1066.jpg 1600w, https:\/\/mademoiselle.flowers\/wp-content\/uploads\/2021\/07\/Charlotte-HOME-1536x1024.jpg 1536w, https:\/\/mademoiselle.flowers\/wp-content\/uploads\/2021\/07\/Charlotte-HOME-16x12.jpg 16w, https:\/\/mademoiselle.flowers\/wp-content\/uploads\/2021\/07\/Charlotte-HOME-700x467.jpg 700w, https:\/\/mademoiselle.flowers\/wp-content\/uploads\/2021\/07\/Charlotte-HOME-1920x1280.jpg 1920w, https:\/\/mademoiselle.flowers\/wp-content\/uploads\/2021\/07\/Charlotte-HOME.jpg 2048w\" sizes=\"(max-width: 1460px) 100vw, 1460px\" \/><\/figure>\n\n\n\n<div style=\"height:35px\" aria-hidden=\"true\" class=\"wp-block-spacer\"><\/div>\n<\/div>\n<\/div>\n\n\n\n<div class=\"wp-block-columns grid about-section items-top p-l-none p-r-none is-layout-flex wp-container-core-columns-is-layout-4 wp-block-columns-is-layout-flex\">\n<div class=\"wp-block-column who__container-right col-desk-6 col-tab-6 col-mob-4 p-l-none p-r-none is-layout-flow wp-block-column-is-layout-flow\">\n<figure class=\"wp-block-image size-large who__img-contain\"><img decoding=\"async\" width=\"1154\" height=\"1460\" src=\"https:\/\/mademoiselle.flowers\/wp-content\/uploads\/2021\/02\/QUE-PENSE-1154x1460.jpg\" alt=\"consegna di fiori con fattura\" class=\"wp-image-1152\" srcset=\"https:\/\/mademoiselle.flowers\/wp-content\/uploads\/2021\/02\/QUE-PENSE-1154x1460.jpg 1154w, https:\/\/mademoiselle.flowers\/wp-content\/uploads\/2021\/02\/QUE-PENSE-474x600.jpg 474w, https:\/\/mademoiselle.flowers\/wp-content\/uploads\/2021\/02\/QUE-PENSE-768x972.jpg 768w, https:\/\/mademoiselle.flowers\/wp-content\/uploads\/2021\/02\/QUE-PENSE-1600x2025.jpg 1600w, https:\/\/mademoiselle.flowers\/wp-content\/uploads\/2021\/02\/QUE-PENSE-1214x1536.jpg 1214w, https:\/\/mademoiselle.flowers\/wp-content\/uploads\/2021\/02\/QUE-PENSE-1618x2048.jpg 1618w, https:\/\/mademoiselle.flowers\/wp-content\/uploads\/2021\/02\/QUE-PENSE-9x12.jpg 9w, https:\/\/mademoiselle.flowers\/wp-content\/uploads\/2021\/02\/QUE-PENSE-700x886.jpg 700w, https:\/\/mademoiselle.flowers\/wp-content\/uploads\/2021\/02\/QUE-PENSE-1920x2430.jpg 1920w, https:\/\/mademoiselle.flowers\/wp-content\/uploads\/2021\/02\/QUE-PENSE-scaled.jpg 2023w\" sizes=\"(max-width: 1154px) 100vw, 1154px\" \/><\/figure>\n<\/div>\n\n\n\n<div class=\"wp-block-column col-desk-5 col-tab-5 col-mob-shift-0 col-mob-4 p-r-none p-l-none m-l-auto m-y-auto js-parallax-richtext is-layout-flow wp-block-column-is-layout-flow\">\n<h2 class=\"font-serif text-30 font-normal primary deco m-b-none m-t-none wp-block-heading\">Consegne adattate<\/h2>\n\n\n\n<p class=\"font-sans text-md font-light primary m-t-none m-b-none\">Se desiderate che la vostra merce sia consegnata <strong>diversi bouquet allo stesso indirizzo<\/strong> (spesso della vostra azienda) con messaggi individuali, <a href=\"mailto:info@mademoiselle.flowers\">contattaci<\/a>Offriamo una consegna raggruppata con spese di spedizione adattate.<\/p>\n\n\n\n<div style=\"height:100px\" aria-hidden=\"true\" class=\"wp-block-spacer\"><\/div>\n<\/div>\n<\/div>\n\n\n\n<div class=\"wp-block-columns is-layout-flex wp-container-core-columns-is-layout-5 wp-block-columns-is-layout-flex\">\n<div class=\"wp-block-column grid about-section is-layout-flow wp-block-column-is-layout-flow\">\n<h2 class=\"font-serif text-30 font-normal primary deco m-b-none wp-block-heading\">I nostri abbonamenti, per fiori mensili nel vostro ufficio<\/h2>\n\n\n\n<p class=\"font-sans text-md font-light primary m-t-none m-b-none\">Ogni mese, aggiungi il tocco delicato di un bouquet mademoiselle al tuo spazio professionale. Vi offriamo la nostra gamma di bouquet come un abbonamento professionale - fattura inclusa. <br>Scoprire il nostro <a href=\"https:\/\/mademoiselle.flowers\/it\/our-subscriptions\/\">soluzioni di abbonamento mensile<\/a>.<\/p>\n\n\n\n<div style=\"height:168px\" aria-hidden=\"true\" class=\"wp-block-spacer\"><\/div>\n\n\n\n<p class=\"font-sans text-md font-light primary m-t-none m-b-none\"><br><\/p>\n\n\n\n<div style=\"height:22px\" aria-hidden=\"true\" class=\"wp-block-spacer\"><\/div>\n<\/div>\n<\/div>\n<\/div><\/div>","protected":false},"excerpt":{"rendered":"<p>Soluzioni per le aziende Un'offerta premium per le aziende attente all'immagine La vita aziendale significa anche celebrare i momenti speciali di un dipendente (nascita, compleanno, matrimonio, ecc.) e condividere la gioia di un successo o di una vittoria. In un momento in cui reclutare nuovi dipendenti pu\u00f2 essere un compito complicato, una forte cultura aziendale, [...]<\/p>","protected":false},"author":439,"featured_media":0,"parent":0,"menu_order":0,"comment_status":"closed","ping_status":"closed","template":"","meta":{"inline_featured_image":false,"_uag_custom_page_level_css":"","footnotes":""},"class_list":["post-3467","page","type-page","status-publish","hentry"],"acf":[],"uagb_featured_image_src":{"full":false,"thumbnail":false,"medium":false,"medium_large":false,"large":false,"gs-tiny":false,"xl":false,"xxl":false,"xxxl":false,"xxxxl":false,"xxxxxl":false,"1536x1536":false,"2048x2048":false,"trp-custom-language-flag":false,"woocommerce_thumbnail":false,"woocommerce_single":false,"woocommerce_gallery_thumbnail":false},"uagb_author_info":{"display_name":"","author_link":"https:\/\/mademoiselle.flowers\/it\/author\/ml-si\/"},"uagb_comment_info":0,"uagb_excerpt":"Solutions pour Entreprises Une offre premium pour les soci\u00e9t\u00e9s soucieuses de leur image La vie d&rsquo;une entreprise, c&rsquo;est \u00e9galement f\u00eater les moments forts d&rsquo;un employ\u00e9 (naissance, anniversaire, mariage, &#8230;) mais aussi partager la joie d&rsquo;une r\u00e9ussite ou d&rsquo;une victoire. \u00c0 l&rsquo;heure o\u00f9 le recrutement de collaborateurs est parfois une mission compliqu\u00e9e, une culture d&rsquo;entreprise forte,&hellip;","_links":{"self":[{"href":"https:\/\/mademoiselle.flowers\/it\/wp-json\/wp\/v2\/pages\/3467"}],"collection":[{"href":"https:\/\/mademoiselle.flowers\/it\/wp-json\/wp\/v2\/pages"}],"about":[{"href":"https:\/\/mademoiselle.flowers\/it\/wp-json\/wp\/v2\/types\/page"}],"author":[{"embeddable":true,"href":"https:\/\/mademoiselle.flowers\/it\/wp-json\/wp\/v2\/users\/439"}],"replies":[{"embeddable":true,"href":"https:\/\/mademoiselle.flowers\/it\/wp-json\/wp\/v2\/comments?post=3467"}],"version-history":[{"count":9,"href":"https:\/\/mademoiselle.flowers\/it\/wp-json\/wp\/v2\/pages\/3467\/revisions"}],"predecessor-version":[{"id":6323,"href":"https:\/\/mademoiselle.flowers\/it\/wp-json\/wp\/v2\/pages\/3467\/revisions\/6323"}],"wp:attachment":[{"href":"https:\/\/mademoiselle.flowers\/it\/wp-json\/wp\/v2\/media?parent=3467"}],"curies":[{"name":"wp","href":"https:\/\/api.w.org\/{rel}","templated":true}]}}