{"id":5715,"date":"2022-06-29T11:55:49","date_gmt":"2022-06-29T09:55:49","guid":{"rendered":"https:\/\/mademoiselle.flowers\/?page_id=5715"},"modified":"2022-06-30T13:26:36","modified_gmt":"2022-06-30T11:26:36","slug":"c1b-parfum-des-fleurs","status":"publish","type":"page","link":"https:\/\/mademoiselle.flowers\/it\/i-c1b-parfum-des-fleurs\/","title":{"rendered":"C1 b &#8211; parfum"},"content":{"rendered":"<div class=\"wp-block-group grid about-section items-top deco-bottom deco-small\"><div class=\"wp-block-group__inner-container is-layout-flow wp-block-group-is-layout-flow\">\n<div style=\"height:112px\" aria-hidden=\"true\" class=\"wp-block-spacer\"><\/div>\n\n\n\n<div class=\"wp-block-uagb-advanced-heading uagb-block-426dd7ca font-serif text-25 font-normal primary\"><h1 class=\"uagb-heading-text\">Le parfum envoutant des fleurs<\/h1><div class=\"uagb-separator-wrap\"><div class=\"uagb-separator\"><\/div><\/div><p class=\"uagb-desc-text\">Les fleurs ne servent pas uniquement \u00e0 la d\u00e9coration ou la s\u00e9duction. Elles s\u2019utilisent \u00e9galement en parfumerie \u00e0 cause de leurs parfums suaves. Que ce soit au niveau des notes de t\u00eate,&nbsp;de c\u0153ur ou de fond, les fleurs peuvent offrir un parfum complexe. De plus, chaque parfum (qu&rsquo;il se d\u00e9gage d&rsquo;une bouteille de parfum ou d&rsquo;un <a href=\"https:\/\/mademoiselle.flowers\/it\/mazzi-di-fiori\/\">bouquet de fleurs fra\u00eeche<\/a>) ou dans peut renvoyer un message et symboliser une \u00e9motion. Pour en savoir plus, nous vous donnons toutes les informations \u00e0 la suite.<\/p><\/div>\n\n\n\n<div class=\"wp-block-columns is-layout-flex wp-container-core-columns-is-layout-1 wp-block-columns-is-layout-flex\">\n<div class=\"wp-block-column grid about-section is-layout-flow wp-block-column-is-layout-flow\">\n<h2 class=\"font-serif text-30 font-normal primary deco wp-block-heading\">Les fleurs et leurs parfums, toute une palette de senteurs<\/h2>\n\n\n\n<p class=\"font-sans text-md font-light primary m-t-none m-b-none\">Autant les vari\u00e9t\u00e9s de fleurs sont importantes, autant leurs parfums sont vari\u00e9s. De m\u00eame, chaque type de fleur se caract\u00e9rise par des parfums distinctifs et peut avoir une <a href=\"https:\/\/mademoiselle.flowers\/it\/i-c1-c\/\">signification<\/a>. Selon vos pr\u00e9f\u00e9rences et vos go\u00fbts, vous trouverez donc ce qui vous convient. Pour vous en donner une meilleure id\u00e9e, voici quelques exemples de fleurs, leurs parfums et leurs symboles&nbsp;:<\/p>\n\n\n\n<ul class=\"font-sans text-md font-light primary m-t-none m-b-none wp-block-list\"><li><strong>La rose<\/strong>&nbsp;: elle poss\u00e8de une note citronn\u00e9e et \u00e9pic\u00e9e, avec des odeurs de framboises, ainsi que des senteurs transparentes et aquatiques. Ces parfums symbolisent la douceur et la tendresse\u2009;<\/li><li><strong>Le jasmin<\/strong>&nbsp;: exotique et narcotique, cette fleur d\u00e9gage une senteur singuli\u00e8re entre un nectar miell\u00e9 et confit, exotique, v\u00e9n\u00e9neux, et \u00e9rotique. Il s\u2019agit du parfum des amoureux\u2009;<\/li><li><strong>L\u2019ylang-ylang<\/strong>&nbsp;: cette fleur se caract\u00e9rise par une nature exub\u00e9rante et extravertie, avec des parfums de diff\u00e9rentes couleurs. Elle poss\u00e8de une senteur \u00e0 mi-chemin entre le jasmin et la tub\u00e9reuse. Elle symbolise la sensualit\u00e9, la lascivit\u00e9 et la passion\u2009;<\/li><li><strong>Le gard\u00e9nia<\/strong>&nbsp;: il se reconnait par ses fleurs blanches tr\u00e8s parfum\u00e9es. Il renferme une note verte rhubarbe, mais il tend plus vers le neutre\u2009;<\/li><li><strong>Le magnolia<\/strong>&nbsp;: cette fleur fra\u00eeche se distingue par une note florale avec une facette agrume. Elle poss\u00e8de une senteur citronn\u00e9e et teint\u00e9e de notes vertes. Elle transmet la douceur et la tendresse.<\/li><\/ul>\n\n\n\n<h2 class=\"font-serif text-30 font-normal primary deco m-b-none wp-block-heading\">Les fleurs dans la parfumerie et la composition des parfums<\/h2>\n\n\n\n<p class=\"font-sans text-md font-light primary m-t-none m-b-none\">Comme expliqu\u00e9 plus haut, les fleurs se distinguent aussi par leurs parfums. Logiquement, elles sont donc utilis\u00e9es en parfumerie pour fabriquer des senteurs de tout genre. De plus, chaque fleur se compose de notes de t\u00eate,&nbsp;de c\u0153ur ou de fond, ainsi que de multiples <a href=\"https:\/\/mademoiselle.flowers\/it\/mazzi-di-fiori\/\">mol\u00e9cules aromatiques<\/a>, avec des odeurs diverses. Par cons\u00e9quent, dans le processus, le type de mol\u00e9cule et la proportion doivent \u00eatre pris en compte. Mais de mani\u00e8re g\u00e9n\u00e9rale, un parfum peut se composer des \u00e9l\u00e9ments ci-apr\u00e8s&nbsp;:<\/p>\n\n\n\n<ul class=\"font-sans text-md font-light primary m-t-none m-b-none wp-block-list\"><li><strong>Les huiles essentielles<\/strong>&nbsp;: elles s\u2019obtiennent par&nbsp;distillation \u00e0 la vapeur&nbsp;et offrent des parfums alcooliques, avec des mol\u00e9cules volatiles de la fleur\u2009;<\/li><li><strong>Les absolues<\/strong>&nbsp;: solubles dans l\u2019alcool et dans les \u00e9mulsions, elles permettent de fabriquer des parfums huileux et solides\u2009;<\/li><li><strong>Les extraits&nbsp;CO<sub>2<\/sub><\/strong>: ils apportent une odeur souvent plus proche de celle de la fleur que de l\u2019huile essentielle. Ils sont&nbsp;dos\u00e9s en actifs odorants et produisent des parfums huileux.<\/li><\/ul>\n\n\n\n<p class=\"font-sans text-md font-light primary m-t-none m-b-none\">D\u2019autres \u00e9l\u00e9ments permettent \u00e9galement de produire du parfum floral. Le tout d\u00e9pend de chaque fabricant et des objectifs.<\/p>\n\n\n\n<div style=\"height:142px\" aria-hidden=\"true\" class=\"wp-block-spacer\"><\/div>\n\n\n\n<figure class=\"wp-block-image size-medium is-resized font-sans text-md font-light primary m-t-none m-b-none uag-hide-mob\"><img decoding=\"async\" src=\"https:\/\/mademoiselle.flowers\/wp-content\/uploads\/2021\/04\/42-17042021-950A2202-Olivia-Poncelet-Mademoiselle-Bouquet-HD-Screen-300-copie-3-600x400.jpg\" alt=\"bouquet frais et parfum\u00e9 \" class=\"wp-image-1866\" width=\"600\" height=\"400\" srcset=\"https:\/\/mademoiselle.flowers\/wp-content\/uploads\/2021\/04\/42-17042021-950A2202-Olivia-Poncelet-Mademoiselle-Bouquet-HD-Screen-300-copie-3-600x400.jpg 600w, https:\/\/mademoiselle.flowers\/wp-content\/uploads\/2021\/04\/42-17042021-950A2202-Olivia-Poncelet-Mademoiselle-Bouquet-HD-Screen-300-copie-3-1460x973.jpg 1460w, https:\/\/mademoiselle.flowers\/wp-content\/uploads\/2021\/04\/42-17042021-950A2202-Olivia-Poncelet-Mademoiselle-Bouquet-HD-Screen-300-copie-3-768x512.jpg 768w, https:\/\/mademoiselle.flowers\/wp-content\/uploads\/2021\/04\/42-17042021-950A2202-Olivia-Poncelet-Mademoiselle-Bouquet-HD-Screen-300-copie-3-1600x1067.jpg 1600w, https:\/\/mademoiselle.flowers\/wp-content\/uploads\/2021\/04\/42-17042021-950A2202-Olivia-Poncelet-Mademoiselle-Bouquet-HD-Screen-300-copie-3-1536x1024.jpg 1536w, https:\/\/mademoiselle.flowers\/wp-content\/uploads\/2021\/04\/42-17042021-950A2202-Olivia-Poncelet-Mademoiselle-Bouquet-HD-Screen-300-copie-3-2048x1365.jpg 2048w, https:\/\/mademoiselle.flowers\/wp-content\/uploads\/2021\/04\/42-17042021-950A2202-Olivia-Poncelet-Mademoiselle-Bouquet-HD-Screen-300-copie-3-16x12.jpg 16w, https:\/\/mademoiselle.flowers\/wp-content\/uploads\/2021\/04\/42-17042021-950A2202-Olivia-Poncelet-Mademoiselle-Bouquet-HD-Screen-300-copie-3-700x467.jpg 700w, https:\/\/mademoiselle.flowers\/wp-content\/uploads\/2021\/04\/42-17042021-950A2202-Olivia-Poncelet-Mademoiselle-Bouquet-HD-Screen-300-copie-3-1920x1280.jpg 1920w\" sizes=\"(max-width: 600px) 100vw, 600px\" \/><\/figure>\n\n\n\n<h2 class=\"font-serif text-30 font-normal primary deco m-b-none wp-block-heading\">Comment prolonger le parfum des fleurs\u2009?<\/h2>\n\n\n\n<p class=\"font-sans text-md font-light primary m-t-none m-b-none\">Tout commence lors de la <a href=\"https:\/\/mademoiselle.flowers\/it\/i-c1-d-recolter-des-fleurs\/\">culture de la fleur<\/a>, o\u00f9 une attention particuli\u00e8re sera donn\u00e9es aux famille de fleurs parfum\u00e9e. Ensuite, une fois le bouquet de fleurs dans votre int\u00e9rieur, nous aimons tous profiter le plus longtemps possible de ses essences parfum\u00e9es. Si vous souhaitez profiter le plus longtemps possible du parfum des fleurs, vous devez bien le conserver. Et pour cela, la premi\u00e8re r\u00e8gle consiste \u00e0 le garder \u00e0 l\u2019abri de la lumi\u00e8re, de la chaleur et de l\u2019air. De m\u00eame, n\u2019oubliez pas qu\u2019un parfum non entam\u00e9 peut se bonifier avec le temps tout comme le vin. Le plus important reste de le mettre dans les meilleures conditions.<\/p>\n\n\n\n<p class=\"font-sans text-md font-light primary m-t-none m-b-none\">Pour prolonger le parfum des fleurs, nous vous proposons de le garder dans son emballage d\u2019origine, rang\u00e9 dans une cave non humide. Si vous le laissez trop longtemps dans la salle de bain par exemple, il s\u2019alt\u00e8rera tr\u00e8s vite. En bref, voici quelques conseils utiles&nbsp;:<\/p>\n\n\n\n<ul class=\"font-sans text-md font-light primary m-t-none m-b-none wp-block-list\"><li>\u00c9vitez d\u2019exposer le parfum en contact avec la <strong>lumi\u00e8re directe<\/strong>\u2009;<\/li><li>Ne disposez pas le parfum pr\u00e8s d\u2019un radiateur ou d\u2019une<strong> source de chaleur<\/strong>\u2009;<\/li><li>Maintenez une temp\u00e9rature stable autour du parfum et \u00e9vitez les endroits <strong>trop humides<\/strong>\u2009;<\/li><li>Ne secouez pas le parfum, mais <strong>manipulez-le avec d\u00e9licatesse<\/strong>.<\/li><\/ul>\n\n\n\n<h2 class=\"font-serif text-30 font-normal primary deco wp-block-heading\"><\/h2>\n\n\n\n<p class=\"font-sans text-md font-light primary m-t-none m-b-none\"><strong>Leggi anche: <\/strong><br><\/p>\n\n\n\n<p class=\"font-sans text-md font-light primary m-t-none m-b-none\">L'utilit\u00e0 dei fiori<br>Il piacere di regalare fiori<br>Comprare fiori online<br>Inviare fiori<br>Fiori in affari (B2B)<br>Il mestiere del fiorista<br><\/p>\n<\/div>\n<\/div>\n<\/div><\/div>\n\n\n\n<div class=\"wp-block-columns card-descover__container grid about-section m-b-2xl deco-top is-layout-flex wp-container-core-columns-is-layout-2 wp-block-columns-is-layout-flex\">\n<div class=\"wp-block-column card-descover__left col-desk-6 col-tab-6 col-mob-2 p-l-none is-layout-flow wp-block-column-is-layout-flow\">\n<div class=\"wp-block-group relative\"><div class=\"wp-block-group__inner-container is-layout-flow wp-block-group-is-layout-flow\">\n<figure class=\"wp-block-image size-large who__img-contain\"><img decoding=\"async\" width=\"1365\" height=\"768\" src=\"https:\/\/mademoiselle.flowers\/wp-content\/uploads\/2021\/02\/ABONNEMENT-12MOIS-edited.jpg\" alt=\"Consegna di fiori in tutto il Belgio\" class=\"wp-image-1161\" srcset=\"https:\/\/mademoiselle.flowers\/wp-content\/uploads\/2021\/02\/ABONNEMENT-12MOIS-edited.jpg 1365w, https:\/\/mademoiselle.flowers\/wp-content\/uploads\/2021\/02\/ABONNEMENT-12MOIS-edited-700x394.jpg 700w, https:\/\/mademoiselle.flowers\/wp-content\/uploads\/2021\/02\/ABONNEMENT-12MOIS-edited-600x338.jpg 600w, https:\/\/mademoiselle.flowers\/wp-content\/uploads\/2021\/02\/ABONNEMENT-12MOIS-edited-768x432.jpg 768w, https:\/\/mademoiselle.flowers\/wp-content\/uploads\/2021\/02\/ABONNEMENT-12MOIS-edited-16x9.jpg 16w\" sizes=\"(max-width: 1365px) 100vw, 1365px\" \/><\/figure>\n\n\n\n<p class=\"button--white upperCase d-inline-block cursor-pointer center--middle\"><a href=\"\/it\/shop\/nos-bouquets\/\">Voir nos bouquets disponibles \u00e0 la livraison<\/a><\/p>\n<\/div><\/div>\n<\/div>\n\n\n\n<div class=\"wp-block-column card-descover__right col-desk-6 col-tab-6 col-mob-2 p-r-none is-layout-flow wp-block-column-is-layout-flow\">\n<div class=\"wp-block-group relative\"><div class=\"wp-block-group__inner-container is-layout-flow wp-block-group-is-layout-flow\">\n<figure class=\"wp-block-image size-large who__img-contain\"><img decoding=\"async\" width=\"350\" height=\"197\" src=\"https:\/\/mademoiselle.flowers\/wp-content\/uploads\/2021\/02\/victoire-ambiance-a-edited.jpg\" alt=\"Abonnement de fleurs \u00e0 domicile\" class=\"wp-image-1165\" srcset=\"https:\/\/mademoiselle.flowers\/wp-content\/uploads\/2021\/02\/victoire-ambiance-a-edited.jpg 350w, https:\/\/mademoiselle.flowers\/wp-content\/uploads\/2021\/02\/victoire-ambiance-a-edited-16x9.jpg 16w\" sizes=\"(max-width: 350px) 100vw, 350px\" \/><\/figure>\n\n\n\n<p class=\"button--white upperCase d-inline-block cursor-pointer center--middle\"><a href=\"https:\/\/mademoiselle.flowers\/it\/our-subscriptions\/\">Nos abonnements de fleurs mensuels<\/a> <\/p>\n<\/div><\/div>\n<\/div>\n<\/div>\n\n\n\n<p><\/p>","protected":false},"excerpt":{"rendered":"<p>Le parfum envoutant des fleurs Les fleurs ne servent pas uniquement \u00e0 la d\u00e9coration ou la s\u00e9duction. Elles s\u2019utilisent \u00e9galement en parfumerie \u00e0 cause de leurs parfums suaves. Que ce soit au niveau des notes de t\u00eate,&nbsp;de c\u0153ur ou de fond, les fleurs peuvent offrir un parfum complexe. De plus, chaque parfum (qu&rsquo;il se d\u00e9gage [&hellip;]<\/p>","protected":false},"author":439,"featured_media":0,"parent":0,"menu_order":0,"comment_status":"closed","ping_status":"closed","template":"","meta":{"inline_featured_image":false,"_uag_custom_page_level_css":"","footnotes":""},"class_list":["post-5715","page","type-page","status-publish","hentry"],"acf":[],"uagb_featured_image_src":{"full":false,"thumbnail":false,"medium":false,"medium_large":false,"large":false,"gs-tiny":false,"xl":false,"xxl":false,"xxxl":false,"xxxxl":false,"xxxxxl":false,"1536x1536":false,"2048x2048":false,"trp-custom-language-flag":false,"woocommerce_thumbnail":false,"woocommerce_single":false,"woocommerce_gallery_thumbnail":false},"uagb_author_info":{"display_name":"","author_link":"https:\/\/mademoiselle.flowers\/it\/author\/ml-si\/"},"uagb_comment_info":0,"uagb_excerpt":"Le parfum envoutant des fleurs Les fleurs ne servent pas uniquement \u00e0 la d\u00e9coration ou la s\u00e9duction. Elles s\u2019utilisent \u00e9galement en parfumerie \u00e0 cause de leurs parfums suaves. Que ce soit au niveau des notes de t\u00eate,&nbsp;de c\u0153ur ou de fond, les fleurs peuvent offrir un parfum complexe. De plus, chaque parfum (qu&rsquo;il se d\u00e9gage&hellip;","_links":{"self":[{"href":"https:\/\/mademoiselle.flowers\/it\/wp-json\/wp\/v2\/pages\/5715"}],"collection":[{"href":"https:\/\/mademoiselle.flowers\/it\/wp-json\/wp\/v2\/pages"}],"about":[{"href":"https:\/\/mademoiselle.flowers\/it\/wp-json\/wp\/v2\/types\/page"}],"author":[{"embeddable":true,"href":"https:\/\/mademoiselle.flowers\/it\/wp-json\/wp\/v2\/users\/439"}],"replies":[{"embeddable":true,"href":"https:\/\/mademoiselle.flowers\/it\/wp-json\/wp\/v2\/comments?post=5715"}],"version-history":[{"count":9,"href":"https:\/\/mademoiselle.flowers\/it\/wp-json\/wp\/v2\/pages\/5715\/revisions"}],"predecessor-version":[{"id":5769,"href":"https:\/\/mademoiselle.flowers\/it\/wp-json\/wp\/v2\/pages\/5715\/revisions\/5769"}],"wp:attachment":[{"href":"https:\/\/mademoiselle.flowers\/it\/wp-json\/wp\/v2\/media?parent=5715"}],"curies":[{"name":"wp","href":"https:\/\/api.w.org\/{rel}","templated":true}]}}