{"id":1471,"date":"2021-03-19T22:21:20","date_gmt":"2021-03-19T21:21:20","guid":{"rendered":"https:\/\/mademoiselle.flowers\/?page_id=1471"},"modified":"2023-01-05T17:01:50","modified_gmt":"2023-01-05T16:01:50","slug":"livraison-fleurs-brabant-wallon","status":"publish","type":"page","link":"https:\/\/mademoiselle.flowers\/nl\/bloemen-bezorgen-waals-brabant\/","title":{"rendered":"Bloemen bezorgen in Waals-Brabant"},"content":{"rendered":"<div class=\"wp-block-group about-section about-section__intro grid text-center p-t-4xl p-b-2xl\"><div class=\"wp-block-group__inner-container is-layout-flow wp-block-group-is-layout-flow\">\n<div class=\"wp-block-getwid-advanced-heading font-serif text-1xl font-normal primary m-t-none m-b-none\"><h1 class=\"wp-block-getwid-advanced-heading__content\">De elegante oplossing voor bloemen bezorgen in Waals-Brabant<\/h1><\/div>\n\n\n\n<p class=\"font-sans text-md font-normal upperCase secondary m-t-md m-b-none deco--center\">Wilt u een kennis die in Waals-Brabant woont een plezier doen of uzelf gewoon een boeket bloemen geven om u te laten weten hoe geweldig u bent? Wat de gelegenheid ook is (verjaardag, jubileum, felicitatie, dank u, ...), wij hebben het ideale en elegante boeket.&nbsp;<br>De samenstelling en <strong>bezorging van boeketten bloemen in Waals-Brabant<\/strong>Dit is onze zaak.<\/p>\n<\/div><\/div>\n\n\n\n<div class=\"wp-block-columns card-descover__container grid about-section m-b-2xl deco-top is-layout-flex wp-container-core-columns-is-layout-1 wp-block-columns-is-layout-flex\">\n<div class=\"wp-block-column card-descover__left col-desk-6 col-tab-6 col-mob-2 p-l-none is-layout-flow wp-block-column-is-layout-flow\">\n<div class=\"wp-block-group relative\"><div class=\"wp-block-group__inner-container is-layout-flow wp-block-group-is-layout-flow\">\n<figure class=\"wp-block-image size-large who__img-contain\"><img decoding=\"async\" width=\"1365\" height=\"768\" src=\"https:\/\/mademoiselle.flowers\/wp-content\/uploads\/2021\/02\/ABONNEMENT-12MOIS-edited.jpg\" alt=\"Bloemen bezorgen overal in Waals-Brabant\" class=\"wp-image-1161\" srcset=\"https:\/\/mademoiselle.flowers\/wp-content\/uploads\/2021\/02\/ABONNEMENT-12MOIS-edited.jpg 1365w, https:\/\/mademoiselle.flowers\/wp-content\/uploads\/2021\/02\/ABONNEMENT-12MOIS-edited-700x394.jpg 700w, https:\/\/mademoiselle.flowers\/wp-content\/uploads\/2021\/02\/ABONNEMENT-12MOIS-edited-600x338.jpg 600w, https:\/\/mademoiselle.flowers\/wp-content\/uploads\/2021\/02\/ABONNEMENT-12MOIS-edited-768x432.jpg 768w, https:\/\/mademoiselle.flowers\/wp-content\/uploads\/2021\/02\/ABONNEMENT-12MOIS-edited-16x9.jpg 16w\" sizes=\"(max-width: 1365px) 100vw, 1365px\" \/><\/figure>\n\n\n\n<p class=\"button--white upperCase d-inline-block cursor-pointer center--middle\"><a href=\"\/nl\/shop\/nos-bouquets\/\">Bekijk onze boeketten die beschikbaar zijn voor bezorging in Waals-Brabant<\/a><\/p>\n<\/div><\/div>\n<\/div>\n\n\n\n<div class=\"wp-block-column card-descover__right col-desk-6 col-tab-6 col-mob-2 p-r-none is-layout-flow wp-block-column-is-layout-flow\">\n<div class=\"wp-block-group relative\"><div class=\"wp-block-group__inner-container is-layout-flow wp-block-group-is-layout-flow\">\n<figure class=\"wp-block-image size-large who__img-contain\"><img decoding=\"async\" width=\"350\" height=\"197\" src=\"https:\/\/mademoiselle.flowers\/wp-content\/uploads\/2021\/02\/victoire-ambiance-a-edited.jpg\" alt=\"Hier is een van de pakketten die werden aangeboden in onze abonnementsformule, afgelopen voorjaar, in Waals-Brabant\" class=\"wp-image-1165\" srcset=\"https:\/\/mademoiselle.flowers\/wp-content\/uploads\/2021\/02\/victoire-ambiance-a-edited.jpg 350w, https:\/\/mademoiselle.flowers\/wp-content\/uploads\/2021\/02\/victoire-ambiance-a-edited-16x9.jpg 16w\" sizes=\"(max-width: 350px) 100vw, 350px\" \/><\/figure>\n\n\n\n<p class=\"button--white upperCase d-inline-block cursor-pointer center--middle\"><a href=\"https:\/\/mademoiselle.flowers\/nl\/onze-abonnementen\/\">Onze geldige abonnementen in Waals-Brabant<\/a> <\/p>\n<\/div><\/div>\n<\/div>\n<\/div>\n\n\n\n<div class=\"wp-block-columns grid about-section items-top deco-bottom deco-small is-layout-flex wp-container-core-columns-is-layout-2 wp-block-columns-is-layout-flex\">\n<div class=\"wp-block-column who__container-right col-desk-6 col-tab-6 col-mob-4 p-l-none p-r-none is-layout-flow wp-block-column-is-layout-flow\">\n<figure class=\"wp-block-image size-large who__img-contain\"><img decoding=\"async\" width=\"1154\" height=\"1460\" src=\"https:\/\/mademoiselle.flowers\/wp-content\/uploads\/2021\/02\/QUE-PENSE-1154x1460.jpg\" alt=\"4 boeketten verse snijbloemen in een wit appartement in Waver\" class=\"wp-image-1152\" srcset=\"https:\/\/mademoiselle.flowers\/wp-content\/uploads\/2021\/02\/QUE-PENSE-1154x1460.jpg 1154w, https:\/\/mademoiselle.flowers\/wp-content\/uploads\/2021\/02\/QUE-PENSE-474x600.jpg 474w, https:\/\/mademoiselle.flowers\/wp-content\/uploads\/2021\/02\/QUE-PENSE-768x972.jpg 768w, https:\/\/mademoiselle.flowers\/wp-content\/uploads\/2021\/02\/QUE-PENSE-1600x2025.jpg 1600w, https:\/\/mademoiselle.flowers\/wp-content\/uploads\/2021\/02\/QUE-PENSE-1214x1536.jpg 1214w, https:\/\/mademoiselle.flowers\/wp-content\/uploads\/2021\/02\/QUE-PENSE-1618x2048.jpg 1618w, https:\/\/mademoiselle.flowers\/wp-content\/uploads\/2021\/02\/QUE-PENSE-9x12.jpg 9w, https:\/\/mademoiselle.flowers\/wp-content\/uploads\/2021\/02\/QUE-PENSE-700x886.jpg 700w, https:\/\/mademoiselle.flowers\/wp-content\/uploads\/2021\/02\/QUE-PENSE-1920x2430.jpg 1920w, https:\/\/mademoiselle.flowers\/wp-content\/uploads\/2021\/02\/QUE-PENSE-scaled.jpg 2023w\" sizes=\"(max-width: 1154px) 100vw, 1154px\" \/><\/figure>\n<\/div>\n\n\n\n<div class=\"wp-block-column col-desk-5 col-tab-5 col-mob-shift-0 col-mob-4 p-r-none p-l-none m-l-auto m-y-auto js-parallax-richtext is-layout-flow wp-block-column-is-layout-flow\">\n<h2 class=\"font-serif text-30 font-normal primary deco m-b-none m-t-none wp-block-heading\">Een boeket versturen in de hele provincie Waals-Brabant<\/h2>\n\n\n\n<p class=\"font-sans text-md font-light grey-700 m-t-none m-b-none p-r-none\">Met mademoiselle, bloemen bezorgen in Waals-Brabant is nog nooit zo eenvoudig en elegant geweest. Ons team van bloemsierkunstenaars zet al zijn expertise in om een waaier aan bloemstukken aan te bieden, beschikbaar voor levering, van het zuiden van Brussel tot het oosten van Waals-Brabant, richting Jodoigne. Wij maken <a href=\"\/nl\/\">bloemen bezorgen in Belgi\u00eb<\/a> onze specialiteit.<\/p>\n\n\n\n<p class=\"button--outline button--container upperCase d-inline-block cursor-pointer m-t-xl m-b-none\"><a href=\"https:\/\/mademoiselle.flowers\/nl\/shop\/nos-bouquets\/\">Ontdek onze boeketten<\/a><\/p>\n\n\n\n<div style=\"height:67px\" aria-hidden=\"true\" class=\"wp-block-spacer\"><\/div>\n\n\n\n<h2 class=\"font-serif text-30 font-normal primary deco m-b-none m-t-none wp-block-heading\">Wat de gelegenheid ook is, wij leveren de mooiste boeketten bloemen<\/h2>\n\n\n\n<p class=\"font-sans text-md font-light grey-700 m-t-none m-b-none p-r-none\">mademoiselle is een online bloemen bezorgservice die een selectie van <strong>bossen bloemen<\/strong> per seizoen. Landelijke, romantische, verfijnde of sprankelende boeketten die het hart van de ontvanger zullen betoveren, of het nu voor een verjaardag is, een feest of gewoon om uw liefde of uw aanwezigheid in gedachten te tonen op een moeilijk moment. Het versturen van een boeket naar een geliefde is nog nooit zo elegant geweest.<\/p>\n<\/div>\n<\/div>\n\n\n\n<div class=\"wp-block-columns grid about-section deco-top is-layout-flex wp-container-core-columns-is-layout-3 wp-block-columns-is-layout-flex\">\n<div class=\"wp-block-column quote__container col-desk-11 col-mob-4 is-layout-flow wp-block-column-is-layout-flow\">\n<p class=\"quote upperCase text-center text-lg\"><em>Wij bezorgen onze prachtige boeketten bloemen binnen 24 uur in Waals-Brabant.<\/em><\/p>\n<\/div>\n<\/div>\n\n\n\n<div class=\"wp-block-columns grid about-section m-t-2xl m-b-2xl is-layout-flex wp-container-core-columns-is-layout-4 wp-block-columns-is-layout-flex\">\n<div class=\"wp-block-column col-desk-5 col-tab-5 col-mob-4 p-l-none p-r-none m-y-auto js-parallax-richtext is-layout-flow wp-block-column-is-layout-flow\">\n<h2 class=\"font-serif text-30 font-normal primary deco m-b-none m-t-none wp-block-heading\">Wij bezorgen prachtige boeketten bloemen binnen 24 uur in heel Walloni\u00eb.<\/h2>\n\n\n\n<p class=\"font-sans text-md font-light grey-700 m-t-none m-b-none p-r-none\">We kunnen het boeket de volgende dag al bezorgen in elke gemeente in Waals-Brabant. Hoewel het de kleinste van de Waalse provincies is, leveren we in kleine dorpen zoals Ohain, Genval en La Hulpe, maar ook in grotere steden zoals Rixensart, Lasne, Waver (de hoofdstad), Jodoigne, Nijvel (het arrondissement), Tubize, Waterloo, Genappe, Ottignies, Louvain La Neuve, Braine L'Alleud, Ittre, Waterloo, enzovoort.<\/p>\n<\/div>\n\n\n\n<div class=\"wp-block-column col-desk-6 col-tab-6 col-mob-4 p-r-none p-l-none m-l-auto is-layout-flow wp-block-column-is-layout-flow\">\n<figure class=\"wp-block-image size-large who__img-contain\"><img decoding=\"async\" width=\"2048\" height=\"2050\" src=\"https:\/\/mademoiselle.flowers\/wp-content\/uploads\/2021\/02\/Lola-Ambiance-12-1-edited-2.jpg\" alt=\"Levering in Waals-Brabant binnen 24 uur\" class=\"wp-image-1171\" srcset=\"https:\/\/mademoiselle.flowers\/wp-content\/uploads\/2021\/02\/Lola-Ambiance-12-1-edited-2.jpg 2048w, https:\/\/mademoiselle.flowers\/wp-content\/uploads\/2021\/02\/Lola-Ambiance-12-1-edited-2-700x701.jpg 700w, https:\/\/mademoiselle.flowers\/wp-content\/uploads\/2021\/02\/Lola-Ambiance-12-1-edited-2-100x100.jpg 100w, https:\/\/mademoiselle.flowers\/wp-content\/uploads\/2021\/02\/Lola-Ambiance-12-1-edited-2-1920x1922.jpg 1920w, https:\/\/mademoiselle.flowers\/wp-content\/uploads\/2021\/02\/Lola-Ambiance-12-1-edited-2-600x600.jpg 600w, https:\/\/mademoiselle.flowers\/wp-content\/uploads\/2021\/02\/Lola-Ambiance-12-1-edited-2-1460x1460.jpg 1460w, https:\/\/mademoiselle.flowers\/wp-content\/uploads\/2021\/02\/Lola-Ambiance-12-1-edited-2-300x300.jpg 300w, https:\/\/mademoiselle.flowers\/wp-content\/uploads\/2021\/02\/Lola-Ambiance-12-1-edited-2-768x769.jpg 768w, https:\/\/mademoiselle.flowers\/wp-content\/uploads\/2021\/02\/Lola-Ambiance-12-1-edited-2-1600x1602.jpg 1600w, https:\/\/mademoiselle.flowers\/wp-content\/uploads\/2021\/02\/Lola-Ambiance-12-1-edited-2-2046x2048.jpg 2046w, https:\/\/mademoiselle.flowers\/wp-content\/uploads\/2021\/02\/Lola-Ambiance-12-1-edited-2-12x12.jpg 12w\" sizes=\"(max-width: 2048px) 100vw, 2048px\" \/><\/figure>\n<\/div>\n<\/div>\n\n\n\n<div class=\"wp-block-columns card-descover__container grid about-section m-b-2xl deco-top is-layout-flex wp-container-core-columns-is-layout-5 wp-block-columns-is-layout-flex\">\n<div class=\"wp-block-column card-descover__left col-desk-6 col-tab-6 col-mob-2 p-l-none is-layout-flow wp-block-column-is-layout-flow\">\n<div class=\"wp-block-group relative\"><div class=\"wp-block-group__inner-container is-layout-flow wp-block-group-is-layout-flow\">\n<figure class=\"wp-block-image size-large who__img-contain\"><img decoding=\"async\" width=\"1365\" height=\"768\" src=\"https:\/\/mademoiselle.flowers\/wp-content\/uploads\/2021\/02\/ABONNEMENT-12MOIS-edited.jpg\" alt=\"Bloemen bezorgen in heel Walloni\u00eb\" class=\"wp-image-1161\" srcset=\"https:\/\/mademoiselle.flowers\/wp-content\/uploads\/2021\/02\/ABONNEMENT-12MOIS-edited.jpg 1365w, https:\/\/mademoiselle.flowers\/wp-content\/uploads\/2021\/02\/ABONNEMENT-12MOIS-edited-700x394.jpg 700w, https:\/\/mademoiselle.flowers\/wp-content\/uploads\/2021\/02\/ABONNEMENT-12MOIS-edited-600x338.jpg 600w, https:\/\/mademoiselle.flowers\/wp-content\/uploads\/2021\/02\/ABONNEMENT-12MOIS-edited-768x432.jpg 768w, https:\/\/mademoiselle.flowers\/wp-content\/uploads\/2021\/02\/ABONNEMENT-12MOIS-edited-16x9.jpg 16w\" sizes=\"(max-width: 1365px) 100vw, 1365px\" \/><\/figure>\n\n\n\n<p class=\"button--white upperCase d-inline-block cursor-pointer center--middle\"><a href=\"\/nl\/shop\/nos-bouquets\/\">Het kiezen van een boeket<\/a><\/p>\n<\/div><\/div>\n<\/div>\n\n\n\n<div class=\"wp-block-column card-descover__right col-desk-6 col-tab-6 col-mob-2 p-r-none is-layout-flow wp-block-column-is-layout-flow\">\n<div class=\"wp-block-group relative\"><div class=\"wp-block-group__inner-container is-layout-flow wp-block-group-is-layout-flow\">\n<figure class=\"wp-block-image size-large who__img-contain\"><img decoding=\"async\" width=\"350\" height=\"197\" src=\"https:\/\/mademoiselle.flowers\/wp-content\/uploads\/2021\/02\/victoire-ambiance-a-edited.jpg\" alt=\"Bloemenabonnement Waals Brabant\" class=\"wp-image-1165\" srcset=\"https:\/\/mademoiselle.flowers\/wp-content\/uploads\/2021\/02\/victoire-ambiance-a-edited.jpg 350w, https:\/\/mademoiselle.flowers\/wp-content\/uploads\/2021\/02\/victoire-ambiance-a-edited-16x9.jpg 16w\" sizes=\"(max-width: 350px) 100vw, 350px\" \/><\/figure>\n\n\n\n<p class=\"button--white upperCase d-inline-block cursor-pointer center--middle\"><a href=\"https:\/\/mademoiselle.flowers\/nl\/onze-abonnementen\/\">Ontdek onze abonnementen<\/a><\/p>\n<\/div><\/div>\n<\/div>\n<\/div>\n\n\n\n<div class=\"wp-block-columns grid about-section m-t-2xl m-b-2xl is-layout-flex wp-container-core-columns-is-layout-6 wp-block-columns-is-layout-flex\">\n<div class=\"wp-block-column col-desk-5 col-tab-5 col-mob-4 p-l-none p-r-none m-y-auto js-parallax-richtext is-layout-flow wp-block-column-is-layout-flow\">\n<h2 class=\"font-serif text-30 font-normal primary deco m-b-none m-t-none wp-block-heading\">Volledige lijst van gemeenten gedekt door onze leveringsdienst in Waals-Brabant<\/h2>\n\n\n\n<p class=\"font-sans text-md font-light grey-700 m-t-none m-b-none p-r-none\">A<br>Archennes<br>Andere-kerk<br>B<br>Baisy-Thy<br>Baulers<br>Beauvechain<br>Bierges<br>Bierghes<br>Biez<br>Bomal<br>Bonlez<br>Bornival<br>Bossut-Gottechain<br>Bousval<br>Braine-l'Alleud<br>Braine-le-Ch\u00e2teau<br>C<br>Chastre<br>Chastre-Villeroux-Blanmont<br>Chaumont-Gistoux<br>Clabecq<br>Corbais<br>Corroy-le-Grand<br>Cortil-Noirmont<br>Court-Saint-Etienne<br>Couture-Saint-Germain<br>C\u00e9roux-Mousty<br>D<br>Dion-Valmont<br>Dongelberg<br>E<br>Enines<br>F<br>Folx-les-Caves<br>G<br>Geest-G\u00e9rompont-Petit-Rosi\u00e8re<br>Genappe<br>Gentinnes<br>Genval<br>Glabais<br>Glimes<br>Grand-Rosi\u00e8re-Hottomont<br>Grez-Doiceau<br>G\u00e9rompont<br>H<br>Hamme-Mille<br>Begin van de pagina<br>Houtain-le-Val<br>Huppaye<br>H\u00e9l\u00e9cine<br>H\u00e9villers<br>I<br>Incourt<br>Ittre<br>J<br>Jandrain-Jandrenouille<br>Jauche<br>Jauchelette<br>Jodoigne<br>Jodoigne-Souveraine<br>L<br>l'Ecluse<br>La Hulpe<br>Lasne<br>Lasne-Chapelle-Saint-Lambert<br>Lathuy<br>Lillois-Witterz\u00e9e<br>Limal<br>Limelette<br>Linsmeau<br>Longueville<br>Loupoigne<br>Louvain-la-Neuve<br><br><\/p>\n<\/div>\n\n\n\n<div class=\"wp-block-column col-desk-6 col-tab-6 col-mob-4 p-r-none p-l-none m-l-auto is-layout-flow wp-block-column-is-layout-flow\">\n<figure class=\"wp-block-image size-large who__img-contain\"><img decoding=\"async\" width=\"1460\" height=\"821\" src=\"https:\/\/mademoiselle.flowers\/wp-content\/uploads\/2021\/02\/mademoiselle-diamant-2-scaled-edited-1460x821.jpg\" alt=\"Bloemisten in de gemeenten van de provincie Waals-Brabant\" class=\"wp-image-1164\" srcset=\"https:\/\/mademoiselle.flowers\/wp-content\/uploads\/2021\/02\/mademoiselle-diamant-2-scaled-edited-1460x821.jpg 1460w, https:\/\/mademoiselle.flowers\/wp-content\/uploads\/2021\/02\/mademoiselle-diamant-2-scaled-edited-700x394.jpg 700w, https:\/\/mademoiselle.flowers\/wp-content\/uploads\/2021\/02\/mademoiselle-diamant-2-scaled-edited-600x337.jpg 600w, https:\/\/mademoiselle.flowers\/wp-content\/uploads\/2021\/02\/mademoiselle-diamant-2-scaled-edited-768x432.jpg 768w, https:\/\/mademoiselle.flowers\/wp-content\/uploads\/2021\/02\/mademoiselle-diamant-2-scaled-edited-1600x900.jpg 1600w, https:\/\/mademoiselle.flowers\/wp-content\/uploads\/2021\/02\/mademoiselle-diamant-2-scaled-edited-1536x864.jpg 1536w, https:\/\/mademoiselle.flowers\/wp-content\/uploads\/2021\/02\/mademoiselle-diamant-2-scaled-edited-16x9.jpg 16w, https:\/\/mademoiselle.flowers\/wp-content\/uploads\/2021\/02\/mademoiselle-diamant-2-scaled-edited.jpg 1707w\" sizes=\"(max-width: 1460px) 100vw, 1460px\" \/><\/figure>\n\n\n\n<p><\/p>\n\n\n\n<p class=\"font-sans text-md font-light grey-700 m-t-none m-b-none p-r-none\">M<br>Mal\u00e8ves-Sainte-Marie-Wastines<br>Maransart<br>Marbais<br>Marilles<br>Mellery<br>Monster<br>Mont-Saint-Andr\u00e9<br>Mont-Saint-Guibert<br>Melin<br>N<br>Neerheylissem<br>Nethen<br>Nil-Saint-Vincent-Saint-Martin<br>Nijvel<br>Nodebais<br>Noduwez<br>O<br>Ohain<br>Oisquercq<br>Ophain-Bois-Seigneur-Isaac<br>Opheylissem<br>Opprebais<br>Orbais<br>Orp-Jauche<br>Orp-le-Grand<br>Ottignies<br>Ottignies-Louvain-la-Neuve<br>P<br>Perwez<br>Pietrain<br>Pi\u00e9trebais<br>Plancenoit<br>Q<br>Quenast<br>R<br>Ramillies-Offus<br>Rebecq<br>Rebecq-Rognon<br>Rixensart<br>Rosieres<br>Roux-Miroir<br>S<br>Saint-G\u00e9ry<br>Saint-Jean-Geest<br>Saint-Remy-Geest<br>Saints<br>Sart-Dames-Avelines<br>T<br>Thines<br>Thorembais-les-B\u00e9guines<br>Thorembais-Saint-Trond<br>Tilly<br>Tourinnes-la-Grosse<br>Tourinnes-Saint-Lambert<br>Tubize<br>V<br>Vieux-Genappe<br>Villers-la-Ville<br>Virginal-Samme<br>W<br>Walhain<br>Walhain-Saint-Paul<br>Waterloo<br>Wauthier-Braine<br>Waver<br>Manieren<br>Z<br>Z\u00e9trud-Lumay<br><\/p>\n<\/div>\n<\/div>\n\n\n\t\t\t<div \n\t\t\tclass=\"wp-block-uagb-google-map uagb-google-map__wrap uagb-block-fcf7cd3e\"\n\t\t\tstyle=\"\" >\n\t\t\t\t<embed\n\t\t\t\t\tclass=\"uagb-google-map__iframe\"\n\t\t\t\t\ttitle=\"Google Map for \"\n\t\t\t\t\tsrc=\"https:\/\/maps.google.com\/maps?q=brabant%20wallon&#038;z=9&#038;hl=fr&#038;t=m&#038;output=embed&#038;iwloc=near\"\n\t\t\t\t\twidth=\"640\"\n\t\t\t\t\theight=\"300\"\n\t\t\t\t\tloading=\"lazy\"\n\t\t\t\t><\/embed>\n\t\t\t<\/div>\n\t\t\t\n\n\n<div class=\"wp-block-columns is-layout-flex wp-container-core-columns-is-layout-7 wp-block-columns-is-layout-flex\">\n<div class=\"wp-block-column grid sur-mesure-section items-top p-t-4xl p-b-2xl is-layout-flow wp-block-column-is-layout-flow\">\n<h2 class=\"font-serif text-4xl font-normal primary wp-block-heading\">Vragen over onze online bloemenverkoop service<\/h2>\n\n\n\n<div class=\"wp-block-uagb-faq uagb-faq__outer-wrap uagb-block-6a15d2e7 uagb-faq-icon-row uagb-faq-layout-accordion uagb-faq-expand-first-false uagb-faq-inactive-other-true uagb-faq-equal-height\" data-faqtoggle=\"true\" role=\"tablist\"><script type=\"application\/ld+json\">{\"@context\":\"https:\/\/schema.org\",\"@type\":\"FAQPage\",\"@id\":\"https:\/\/mademoiselle.flowers\/livraison-fleurs-brabant-wallon\/\",\"mainEntity\":[{\"@type\":\"Question\",\"name\":\"Comment faire livrer des fleurs dans le Brabant\u00a0Wallon ?\",\"acceptedAnswer\":{\"@type\":\"Answer\",\"text\":\"Sur notre site, choisissez entre les superbes bouquets de saison. Indiquez une adresse de livraison situ\u00e9e &lt;strong>dans le Brabant Wallon&lt;\/strong>. S\u00e9lectionnez une date de livraison et nous ex\u00e9cuterons votre commande avec le plus grand soin.\"}},{\"@type\":\"Question\",\"name\":\"Est-ce que vous livrez des fleurs fra\u00eeches?\",\"acceptedAnswer\":{\"@type\":\"Answer\",\"text\":\"Oui, l'ensemble des fleurs qui composent les bouquets que nous envoyons dans le Brabant Wallon sont des tiges coup\u00e9es r\u00e9cemment. Nous garantissons leur tenue en vase pendant plus de 7 jours. Elles restent \u00e9galement parfum\u00e9es pendant de nombreux jours.\"}},{\"@type\":\"Question\",\"name\":\"Quels sont les moyens de paiement propos\u00e9s sur votre e-Shop?\",\"acceptedAnswer\":{\"@type\":\"Answer\",\"text\":\"Notre partenaire accepte les paiements pas cartes bancaires \/ de cr\u00e9dit, mais \u00e9galement avec le syst\u00e8me Bancontact. Si vous vous trouv\u00e9 \u00e0 l'\u00e9tranger et que la personne \u00e0 qui vous souhaitez envoyer des fleurs est situ\u00e9e dans le Brabant Wallon, nous vous conseillons le paiement s\u00e9curis\u00e9e par carte de Cr\u00e9dit (Visa \/ Mastercard)\"}}]}<\/script><div class=\"uagb-faq__wrap uagb-buttons-layout-wrap\">\n<div class=\"wp-block-uagb-faq-child uagb-faq-child__outer-wrap uagb-block-eb3a6a9f\"><div class=\"uagb-faq-child__wrapper\"><div class=\"uagb-faq-item\" role=\"tab\" tabindex=\"0\"><div class=\"uagb-faq-questions-button uagb-faq-questions\"><span class=\"uagb-icon uagb-faq-icon-wrap\"><svg xmlns=\"http:\/\/www.w3.org\/2000\/svg\" viewbox=\"0 0 448 512\"><path d=\"M416 208H272V64c0-17.67-14.33-32-32-32h-32c-17.67 0-32 14.33-32 32v144H32c-17.67 0-32 14.33-32 32v32c0 17.67 14.33 32 32 32h144v144c0 17.67 14.33 32 32 32h32c17.67 0 32-14.33 32-32V304h144c17.67 0 32-14.33 32-32v-32c0-17.67-14.33-32-32-32z\"><\/path><\/svg><\/span><span class=\"uagb-icon-active uagb-faq-icon-wrap\"><svg xmlns=\"http:\/\/www.w3.org\/2000\/svg\" viewbox=\"0 0 448 512\"><path d=\"M416 208H32c-17.67 0-32 14.33-32 32v32c0 17.67 14.33 32 32 32h384c17.67 0 32-14.33 32-32v-32c0-17.67-14.33-32-32-32z\"><\/path><\/svg><\/span><h3 class=\"uagb-question\">Hoe laat ik bloemen bezorgen in Waals-Brabant?<\/h3><\/div><div class=\"uagb-faq-content\"><span><p>Kies uit onze prachtige seizoensboeketten. Voer een afleveradres in <strong>in Waals-Brabant<\/strong>. Kies een leveringsdatum en wij voeren uw bestelling met de grootste zorg uit.<\/p><\/span><\/div><\/div><\/div><\/div>\n\n\n\n<div class=\"wp-block-uagb-faq-child uagb-faq-child__outer-wrap uagb-block-1c559f92\"><div class=\"uagb-faq-child__wrapper\"><div class=\"uagb-faq-item\" role=\"tab\" tabindex=\"0\"><div class=\"uagb-faq-questions-button uagb-faq-questions\"><span class=\"uagb-icon uagb-faq-icon-wrap\"><svg xmlns=\"http:\/\/www.w3.org\/2000\/svg\" viewbox=\"0 0 448 512\"><path d=\"M416 208H272V64c0-17.67-14.33-32-32-32h-32c-17.67 0-32 14.33-32 32v144H32c-17.67 0-32 14.33-32 32v32c0 17.67 14.33 32 32 32h144v144c0 17.67 14.33 32 32 32h32c17.67 0 32-14.33 32-32V304h144c17.67 0 32-14.33 32-32v-32c0-17.67-14.33-32-32-32z\"><\/path><\/svg><\/span><span class=\"uagb-icon-active uagb-faq-icon-wrap\"><svg xmlns=\"http:\/\/www.w3.org\/2000\/svg\" viewbox=\"0 0 448 512\"><path d=\"M416 208H32c-17.67 0-32 14.33-32 32v32c0 17.67 14.33 32 32 32h384c17.67 0 32-14.33 32-32v-32c0-17.67-14.33-32-32-32z\"><\/path><\/svg><\/span><h3 class=\"uagb-question\">Bezorgt u verse bloemen?<\/h3><\/div><div class=\"uagb-faq-content\"><span><p>Ja, alle bloemen waaruit de boeketten bestaan die wij naar Waals Brabant versturen zijn recent gesneden stelen. Wij garanderen dat ze langer dan 7 dagen in de vaas blijven staan. Ze blijven ook vele dagen geuren.<\/p><\/span><\/div><\/div><\/div><\/div>\n\n\n\n<div class=\"wp-block-uagb-faq-child uagb-faq-child__outer-wrap uagb-block-f1fd87bd\"><div class=\"uagb-faq-child__wrapper\"><div class=\"uagb-faq-item\" role=\"tab\" tabindex=\"0\"><div class=\"uagb-faq-questions-button uagb-faq-questions\"><span class=\"uagb-icon uagb-faq-icon-wrap\"><svg xmlns=\"http:\/\/www.w3.org\/2000\/svg\" viewbox=\"0 0 448 512\"><path d=\"M416 208H272V64c0-17.67-14.33-32-32-32h-32c-17.67 0-32 14.33-32 32v144H32c-17.67 0-32 14.33-32 32v32c0 17.67 14.33 32 32 32h144v144c0 17.67 14.33 32 32 32h32c17.67 0 32-14.33 32-32V304h144c17.67 0 32-14.33 32-32v-32c0-17.67-14.33-32-32-32z\"><\/path><\/svg><\/span><span class=\"uagb-icon-active uagb-faq-icon-wrap\"><svg xmlns=\"http:\/\/www.w3.org\/2000\/svg\" viewbox=\"0 0 448 512\"><path d=\"M416 208H32c-17.67 0-32 14.33-32 32v32c0 17.67 14.33 32 32 32h384c17.67 0 32-14.33 32-32v-32c0-17.67-14.33-32-32-32z\"><\/path><\/svg><\/span><h3 class=\"uagb-question\">Welke betaalmethoden worden in uw e-Shop aangeboden?<\/h3><\/div><div class=\"uagb-faq-content\"><span><p>Onze partner accepteert betaling per bank\/creditcard, maar ook met het Bancontact systeem. Als je in het buitenland bent en de persoon naar wie je bloemen wilt sturen in Waals-Brabant woont, raden we een veilige betaling met creditcard (Visa \/ Mastercard) aan.<\/p><\/span><\/div><\/div><\/div><\/div>\n<\/div><\/div>\n<\/div>\n<\/div>\n\n\n\n<p><\/p>","protected":false},"excerpt":{"rendered":"<p>Wilt u een kennis die in Waals-Brabant woont een plezier doen of gewoon uzelf een boeket mademoiselle bloemen geven om te vertellen hoe geweldig u bent? Wat de gelegenheid ook is (verjaardag, jubileum, felicitatie, dank u, ...), wij hebben het ideale en elegante boeket. Het samenstellen en bezorgen van boeketten bloemen in Waals Brabant is onze specialiteit. [...]<\/p>","protected":false},"author":439,"featured_media":0,"parent":0,"menu_order":0,"comment_status":"closed","ping_status":"closed","template":"","meta":{"inline_featured_image":false,"_uag_custom_page_level_css":"","footnotes":""},"class_list":["post-1471","page","type-page","status-publish","hentry"],"acf":[],"uagb_featured_image_src":{"full":false,"thumbnail":false,"medium":false,"medium_large":false,"large":false,"gs-tiny":false,"xl":false,"xxl":false,"xxxl":false,"xxxxl":false,"xxxxxl":false,"1536x1536":false,"2048x2048":false,"trp-custom-language-flag":false,"woocommerce_thumbnail":false,"woocommerce_single":false,"woocommerce_gallery_thumbnail":false},"uagb_author_info":{"display_name":"","author_link":"https:\/\/mademoiselle.flowers\/nl\/author\/ml-si\/"},"uagb_comment_info":0,"uagb_excerpt":"Vous souhaitez faire plaisir \u00e0 une connaissance qui habite dans le Brabant Wallon ou simplement vous offrir un bouquet de fleurs mademoiselle, pour vous dire combien vous \u00eates formidable ?&nbsp;Quelle que&nbsp;soit l&rsquo;occasion&nbsp;(anniversaire, f\u00eates, f\u00e9licitations, remerciement, &#8230;)&nbsp;, nous avons&nbsp;le&nbsp;bouquet id\u00e9al et&nbsp;\u00e9l\u00e9gant.&nbsp;La composition et la livraison de bouquets de fleurs dans le Brabant Wallon, c&rsquo;est notre m\u00e9tier.&hellip;","_links":{"self":[{"href":"https:\/\/mademoiselle.flowers\/nl\/wp-json\/wp\/v2\/pages\/1471"}],"collection":[{"href":"https:\/\/mademoiselle.flowers\/nl\/wp-json\/wp\/v2\/pages"}],"about":[{"href":"https:\/\/mademoiselle.flowers\/nl\/wp-json\/wp\/v2\/types\/page"}],"author":[{"embeddable":true,"href":"https:\/\/mademoiselle.flowers\/nl\/wp-json\/wp\/v2\/users\/439"}],"replies":[{"embeddable":true,"href":"https:\/\/mademoiselle.flowers\/nl\/wp-json\/wp\/v2\/comments?post=1471"}],"version-history":[{"count":10,"href":"https:\/\/mademoiselle.flowers\/nl\/wp-json\/wp\/v2\/pages\/1471\/revisions"}],"predecessor-version":[{"id":6328,"href":"https:\/\/mademoiselle.flowers\/nl\/wp-json\/wp\/v2\/pages\/1471\/revisions\/6328"}],"wp:attachment":[{"href":"https:\/\/mademoiselle.flowers\/nl\/wp-json\/wp\/v2\/media?parent=1471"}],"curies":[{"name":"wp","href":"https:\/\/api.w.org\/{rel}","templated":true}]}}