{"id":2324,"date":"2021-05-28T12:52:55","date_gmt":"2021-05-28T10:52:55","guid":{"rendered":"https:\/\/mademoiselle.flowers\/?page_id=2324"},"modified":"2023-02-04T13:49:58","modified_gmt":"2023-02-04T12:49:58","slug":"c0-fleurs","status":"publish","type":"page","link":"https:\/\/mademoiselle.flowers\/nl\/c0-bloemen\/","title":{"rendered":"C0 - Home Cocoon"},"content":{"rendered":"<div class=\"wp-block-group\"><div class=\"wp-block-group__inner-container is-layout-flow wp-block-group-is-layout-flow\">\n<div style=\"height:112px\" aria-hidden=\"true\" class=\"wp-block-spacer\"><\/div>\n<\/div><\/div>\n\n\n\n<div class=\"wp-block-uagb-advanced-heading uagb-block-9446e6f4 font-serif text-25 font-normal primary\"><h1 class=\"uagb-heading-text\"><strong>De bloemen<\/strong><\/h1><div class=\"uagb-separator-wrap\"><div class=\"uagb-separator\"><\/div><\/div><p class=\"uagb-desc-text\">Ontdek het universum van mademoiselle en ervaar<\/p><\/div>\n\n\n\n<div class=\"wp-block-columns is-layout-flex wp-container-core-columns-is-layout-1 wp-block-columns-is-layout-flex\">\n<div class=\"wp-block-column grid about-section is-layout-flow wp-block-column-is-layout-flow\">\n<p class=\"font-sans text-md font-light primary m-t-none m-b-none\">mademoiselle werd begin 2020 gelanceerd. De oprichters wilden een unieke ervaring bieden, ver van het bestaande online aanbod. Een vleugje grafisch design, de goede smaak van een high-end ervaring, een onberispelijke klantrelatie voor tevredenheid en een gegarandeerd wow-effect. Eindelijk heeft het \"mooie\" zijn plaats gevonden in de <a href=\"https:\/\/mademoiselle.flowers\/nl\/\">bloemen bezorgen in Belgi\u00eb<\/a>.<\/p>\n\n\n\n<p><\/p>\n\n\n\n<p class=\"font-sans text-md font-light primary m-t-none m-b-none\">In deze gids nemen we je mee op een reis door de wereld van bloemen die geen geheimen meer voor je heeft!  We hebben het universum als geen ander behandeld. Oordeel zelf: we behandelen het onderwerp bloemboeketten en hun definitie (technisch en biologisch), hun geur en ook de betekenis van bloemen. Samen bekijken we het nut van bloemen als element van decoratie en zenitude, en het plezier van het aanbieden van een prachtig boeket verse bloemen, ongeacht de gelegenheid (zoals een verjaardag of jubileum). <a href=\"\/nl\/.\/shop\/saint-valentin\/\">Valentijnsdag bloemen bezorgen<\/a> bijvoorbeeld). Deze aankoop wordt gedaan via een bloemist, maar ook door online bloemen te kopen, wat gepaard gaat met alle zorgvuldige logistiek om je boeket bij je thuis te bezorgen. Last but not least zijn we ook de zakelijke dienstverlening niet vergeten, die een groot deel van onze klantenkring uitmaakt, zowel om te decoreren als om werknemers of klanten te bedanken.<br><\/p>\n\n\n\n<p class=\"font-sans text-md font-light primary m-t-none m-b-none\">Tenslotte hebben we misschien roepingen gewekt en zullen we u vertellen over ons werk als bloemist, achter de schermen van ons atelier in Brussel. En wie weet, misschien kom je op een dag ons team versterken voor een baan als bloemist!<\/p>\n\n\n\n<p><\/p>\n\n\n<div class=\"wp-block-image\">\n<figure class=\"aligncenter size-full is-resized uag-hide-mob\"><img decoding=\"async\" src=\"https:\/\/mademoiselle.flowers\/wp-content\/uploads\/2021\/02\/ABONNEMENT-12MOIS-edited.jpg\" alt=\"\" class=\"wp-image-1161\" width=\"1024\" height=\"576\" srcset=\"https:\/\/mademoiselle.flowers\/wp-content\/uploads\/2021\/02\/ABONNEMENT-12MOIS-edited.jpg 1365w, https:\/\/mademoiselle.flowers\/wp-content\/uploads\/2021\/02\/ABONNEMENT-12MOIS-edited-700x394.jpg 700w, https:\/\/mademoiselle.flowers\/wp-content\/uploads\/2021\/02\/ABONNEMENT-12MOIS-edited-600x338.jpg 600w, https:\/\/mademoiselle.flowers\/wp-content\/uploads\/2021\/02\/ABONNEMENT-12MOIS-edited-768x432.jpg 768w, https:\/\/mademoiselle.flowers\/wp-content\/uploads\/2021\/02\/ABONNEMENT-12MOIS-edited-16x9.jpg 16w\" sizes=\"(max-width: 1024px) 100vw, 1024px\" \/><\/figure><\/div>\n\n\n<p><\/p>\n\n\n\n<p class=\"font-sans text-md font-light primary m-t-none m-b-none display:block;\"><strong>Inhoudsopgave<\/strong> :<\/p>\n\n\n\n<h2 class=\"font-serif text-30 font-normal primary deco wp-block-heading\"><strong>Wat is een mooi boeket bloemen?<\/strong><\/h2>\n\n\n\n<p class=\"font-sans text-md font-light primary m-t-none m-b-none\">Het is waar, tenslotte... wat is een leuke <a href=\"https:\/\/mademoiselle.flowers\/nl\/bloemen\/\">bos bloemen<\/a>. Naast persoonlijke voorkeuren is het belangrijk rekening te houden met de samenstelling van een boeket, de geur, de verpakking en vooral hoe het er bij u thuis uit zal zien en hoe u het zult verzorgen.<\/p>\n\n\n\n<p class=\"font-sans text-md font-light primary m-t-none m-b-none\"><strong>De <a href=\"https:\/\/mademoiselle.flowers\/nl\/bloemen\/\">bloembiologie<\/a> voor het maken van een boeket<\/strong><br><strong>De <a href=\"https:\/\/mademoiselle.flowers\/nl\/nl-c1-d-recolter-des-fleurs\/\">bloemen oogsten<\/a><\/strong><br><strong>De <a href=\"https:\/\/mademoiselle.flowers\/nl\/nl-c1b-parfum-des-fleurs\/\">geur van de bloemen<\/a><\/strong><br><strong>De <a href=\"https:\/\/mademoiselle.flowers\/nl\/nl-c1-c\/\">betekenis van bloemen<\/a> in een boeket<\/strong><br><strong>Hoe <a href=\"https:\/\/mademoiselle.flowers\/nl\/nl-c1-e-concevoir-un-bouquet\/\">ontwerp een prachtig boeket bloemen<\/a>?<\/strong><br><strong>Bloemsierkunst of hoe <a href=\"https:\/\/mademoiselle.flowers\/nl\/n-c1-f-esthetisme\/\">waarde toevoegen aan een boeket in een huis<\/a>?<\/strong><br><strong>Verpakking als onderdeel van de ervaring<\/strong><br><strong>Hoe moet je een boeket verzorgen?<\/strong><\/p>\n\n\n\n<p><\/p>\n\n\n\n<h2 class=\"font-serif text-30 font-normal primary deco wp-block-heading\"><strong>Bloemen in al hun staten: het nut van bloemen<\/strong><\/h2>\n\n\n\n<p class=\"font-sans text-md font-light primary\"><strong>Bloemen in de keuken<\/strong><br><strong>Bloemen in bedrijven<\/strong><br><strong>Bloemen in huis<\/strong><\/p>\n\n\n\n<h2 class=\"font-serif text-30 font-normal primary deco m-b-none m-t-none wp-block-heading\"><strong>Het plezier van bloemen schenken<\/strong><\/h2>\n\n\n\n<p class=\"font-sans text-md font-light primary m-t-none m-b-none\"><strong>Op welke feestdagen geven we bloemen?<\/strong><br><strong>Levensgebeurtenissen waaraan bloemen worden gegeven<\/strong><br><strong>Welk klein briefje moet ik in mijn boeket doen?<\/strong><br><strong>Aan wie moet ik bloemen geven?<\/strong><br><strong>Chocolade, champagne, ... dat gaat goed samen met een boeket bloemen<\/strong><br><strong>Een bloemenabonnement aanbieden<\/strong><\/p>\n\n\n\n<h2 class=\"font-serif text-30 font-normal primary deco wp-block-heading\"><strong>Online bloemen kopen?<\/strong><\/h2>\n\n\n\n<p class=\"font-sans text-md font-light primary m-t-none m-b-none\"><strong>De verschillende soorten dienstverleners<\/strong><br><strong>De kosten en betaling van een boeket bloemen <\/strong><br><strong>Veiligheid is een belangrijk aspect van online verkoop<\/strong><br><strong>Bloemen bestellen, de procedure in detail<\/strong><\/p>\n\n\n\n<h2 class=\"font-serif text-30 font-normal primary deco, wp-block-heading\"><strong>Bloemen versturen<\/strong><\/h2>\n\n\n\n<p class=\"font-sans text-md font-light primary m-t-none m-b-none\"><strong>Waar kan ik bloemen laten bezorgen?<\/strong><br><strong>Wanneer is de beste tijd om bloemen te laten bezorgen?<\/strong><br><strong>Wat zijn de kosten van een bloemenlevering?<\/strong><br><strong>Is er een alternatief voor betaalde bezorging?<\/strong><br><strong>Vervoerswijzen bij levering<\/strong><br><strong>Hoe werkt een levering aan mademoiselle?<\/strong><br><strong>Bloemen bij u thuis laten bezorgen<\/strong><br><strong>Bloemen bezorgen in Belgi\u00eb vanuit het buitenland<\/strong><br><\/p>\n\n\n\n<h2 class=\"font-serif text-30 font-normal primary deco wp-block-heading\"><strong>Geef bloemen aan een collega of versier in uw bedrijf<\/strong><\/h2>\n\n\n\n<p class=\"font-sans text-md font-light primary m-t-none m-b-none\"><strong>Geef bloemen in een bedrijf<\/strong><br><strong>Een werkruimte in bloei<\/strong><br><strong>De voordelen van bloemen in de handel<\/strong><\/p>\n\n\n\n<h2 class=\"font-serif text-30 font-normal primary deco wp-block-heading\"><strong>De handel van de bloemist<\/strong><\/h2>\n\n\n\n<p class=\"font-sans text-md font-light primary m-t-none m-b-none\"><strong>Opleiding tot bloemist<\/strong><br><strong>Onze werkplaats, gereedschappen en kantoren<\/strong><br><strong>Werkgelegenheid in de bloemensector<\/strong><br><strong>Bloemist zijn in Belgi\u00eb<\/strong><br><strong>Sourcing\", de kwestie van de aanvoer van bloemen<\/strong><br><strong>Bloemen logistiek<\/strong><\/p>\n<\/div>\n<\/div>\n\n\n\n<div class=\"wp-block-columns card-descover__container grid about-section m-b-2xl deco-top is-layout-flex wp-container-core-columns-is-layout-2 wp-block-columns-is-layout-flex\">\n<div class=\"wp-block-column card-descover__left col-desk-6 col-tab-6 col-mob-2 p-l-none is-layout-flow wp-block-column-is-layout-flow\">\n<div class=\"wp-block-group relative\"><div class=\"wp-block-group__inner-container is-layout-flow wp-block-group-is-layout-flow\">\n<figure class=\"wp-block-image size-large who__img-contain\"><img decoding=\"async\" width=\"1365\" height=\"768\" src=\"https:\/\/mademoiselle.flowers\/wp-content\/uploads\/2021\/02\/ABONNEMENT-12MOIS-edited.jpg\" alt=\"Bloemen bezorgen in heel Belgi\u00eb\" class=\"wp-image-1161\" srcset=\"https:\/\/mademoiselle.flowers\/wp-content\/uploads\/2021\/02\/ABONNEMENT-12MOIS-edited.jpg 1365w, https:\/\/mademoiselle.flowers\/wp-content\/uploads\/2021\/02\/ABONNEMENT-12MOIS-edited-700x394.jpg 700w, https:\/\/mademoiselle.flowers\/wp-content\/uploads\/2021\/02\/ABONNEMENT-12MOIS-edited-600x338.jpg 600w, https:\/\/mademoiselle.flowers\/wp-content\/uploads\/2021\/02\/ABONNEMENT-12MOIS-edited-768x432.jpg 768w, https:\/\/mademoiselle.flowers\/wp-content\/uploads\/2021\/02\/ABONNEMENT-12MOIS-edited-16x9.jpg 16w\" sizes=\"(max-width: 1365px) 100vw, 1365px\" \/><\/figure>\n\n\n\n<p class=\"button--white upperCase d-inline-block cursor-pointer center--middle\"><a href=\"\/nl\/shop\/nos-bouquets\/\">Bekijk onze boeketten die beschikbaar zijn voor levering in Belgi\u00eb<\/a><\/p>\n<\/div><\/div>\n<\/div>\n\n\n\n<div class=\"wp-block-column card-descover__right col-desk-6 col-tab-6 col-mob-2 p-r-none is-layout-flow wp-block-column-is-layout-flow\">\n<div class=\"wp-block-group relative\"><div class=\"wp-block-group__inner-container is-layout-flow wp-block-group-is-layout-flow\">\n<figure class=\"wp-block-image size-large who__img-contain\"><img decoding=\"async\" width=\"350\" height=\"197\" src=\"https:\/\/mademoiselle.flowers\/wp-content\/uploads\/2021\/02\/victoire-ambiance-a-edited.jpg\" alt=\"Bloemenabonnement Belgi\u00eb\" class=\"wp-image-1165\" srcset=\"https:\/\/mademoiselle.flowers\/wp-content\/uploads\/2021\/02\/victoire-ambiance-a-edited.jpg 350w, https:\/\/mademoiselle.flowers\/wp-content\/uploads\/2021\/02\/victoire-ambiance-a-edited-16x9.jpg 16w\" sizes=\"(max-width: 350px) 100vw, 350px\" \/><\/figure>\n\n\n\n<p class=\"button--white upperCase d-inline-block cursor-pointer center--middle\"><a href=\"https:\/\/mademoiselle.flowers\/nl\/onze-abonnementen\/\">Onze abonnementen geldig in Belgi\u00eb<\/a><\/p>\n<\/div><\/div>\n<\/div>\n<\/div>\n\n\n\n<p><\/p>","protected":false},"excerpt":{"rendered":"<p>Les fleurs D\u00e9couvrez l&rsquo;univers et l&rsquo;exp\u00e9rience mademoiselle mademoiselle a vu la jour d\u00e9but 2020. Ses fondateurs ont voulu proposer une exp\u00e9rience unique, loin de l&rsquo;offre existante en ligne. Un touche de graphisme, le bon gout d&rsquo;une exp\u00e9rience haut de gamme, une relation client sans failles pour une satisfaction et un effet waw garanti. Enfin le [&hellip;]<\/p>","protected":false},"author":439,"featured_media":0,"parent":0,"menu_order":0,"comment_status":"closed","ping_status":"closed","template":"page-template-boxed.php","meta":{"inline_featured_image":false,"_uag_custom_page_level_css":"","footnotes":""},"class_list":["post-2324","page","type-page","status-publish","hentry"],"acf":[],"uagb_featured_image_src":{"full":false,"thumbnail":false,"medium":false,"medium_large":false,"large":false,"gs-tiny":false,"xl":false,"xxl":false,"xxxl":false,"xxxxl":false,"xxxxxl":false,"1536x1536":false,"2048x2048":false,"trp-custom-language-flag":false,"woocommerce_thumbnail":false,"woocommerce_single":false,"woocommerce_gallery_thumbnail":false},"uagb_author_info":{"display_name":"","author_link":"https:\/\/mademoiselle.flowers\/nl\/author\/ml-si\/"},"uagb_comment_info":0,"uagb_excerpt":"Les fleurs D\u00e9couvrez l&rsquo;univers et l&rsquo;exp\u00e9rience mademoiselle mademoiselle a vu la jour d\u00e9but 2020. Ses fondateurs ont voulu proposer une exp\u00e9rience unique, loin de l&rsquo;offre existante en ligne. Un touche de graphisme, le bon gout d&rsquo;une exp\u00e9rience haut de gamme, une relation client sans failles pour une satisfaction et un effet waw garanti. Enfin le&hellip;","_links":{"self":[{"href":"https:\/\/mademoiselle.flowers\/nl\/wp-json\/wp\/v2\/pages\/2324"}],"collection":[{"href":"https:\/\/mademoiselle.flowers\/nl\/wp-json\/wp\/v2\/pages"}],"about":[{"href":"https:\/\/mademoiselle.flowers\/nl\/wp-json\/wp\/v2\/types\/page"}],"author":[{"embeddable":true,"href":"https:\/\/mademoiselle.flowers\/nl\/wp-json\/wp\/v2\/users\/439"}],"replies":[{"embeddable":true,"href":"https:\/\/mademoiselle.flowers\/nl\/wp-json\/wp\/v2\/comments?post=2324"}],"version-history":[{"count":10,"href":"https:\/\/mademoiselle.flowers\/nl\/wp-json\/wp\/v2\/pages\/2324\/revisions"}],"predecessor-version":[{"id":6438,"href":"https:\/\/mademoiselle.flowers\/nl\/wp-json\/wp\/v2\/pages\/2324\/revisions\/6438"}],"wp:attachment":[{"href":"https:\/\/mademoiselle.flowers\/nl\/wp-json\/wp\/v2\/media?parent=2324"}],"curies":[{"name":"wp","href":"https:\/\/api.w.org\/{rel}","templated":true}]}}