{"id":31,"date":"2020-12-22T08:11:17","date_gmt":"2020-12-22T08:11:17","guid":{"rendered":"https:\/\/beta.mademoiselle.flowers\/?page_id=31"},"modified":"2023-01-05T17:26:23","modified_gmt":"2023-01-05T16:26:23","slug":"a-propos","status":"publish","type":"page","link":"https:\/\/mademoiselle.flowers\/nl\/a-voorstel\/","title":{"rendered":"Over ons"},"content":{"rendered":"<div class=\"wp-block-group about-section about-section__intro grid text-center p-t-4xl p-b-2xl\"><div class=\"wp-block-group__inner-container is-layout-flow wp-block-group-is-layout-flow\">\n<p class=\"font-serif text-5xl font-normal primary m-t-none m-b-none\"><\/p>\n\n\n\n<p class=\"font-sans text-md font-normal upperCase secondary m-t-md m-b-none deco--center\">mademoiselle, een verlangen om het leven te laten bloeien...<\/p>\n\n\n\n<p class=\"font-sans text-md font-light primary m-t-none m-b-none m-l-xl m-r-xl\">mademoiselle is het geesteskind van twee creatieve jonge mensen die van mooie dingen houden en een vleugje esthetiek en epicurisme willen toevoegen aan hun dagelijks leven. Ze hebben een website ontwikkeld waarop de mooiste creaties van hun partner te zien zijn.<\/p>\n<\/div><\/div>\n\n\n\n<div class=\"wp-block-columns grid about-section items-top deco-bottom deco-small is-layout-flex wp-container-core-columns-is-layout-1 wp-block-columns-is-layout-flex\">\n<div class=\"wp-block-column who__container-right col-desk-6 col-tab-6 col-mob-4 p-l-none p-r-none is-layout-flow wp-block-column-is-layout-flow\">\n<figure class=\"wp-block-image size-large who__img-contain\"><img decoding=\"async\" width=\"1460\" height=\"973\" src=\"https:\/\/mademoiselle.flowers\/wp-content\/uploads\/2021\/11\/47-20102021-950A3746-Mademoiselle-WEB-72-1460x973.jpg\" alt=\"\" class=\"wp-image-4152\" srcset=\"https:\/\/mademoiselle.flowers\/wp-content\/uploads\/2021\/11\/47-20102021-950A3746-Mademoiselle-WEB-72-1460x973.jpg 1460w, https:\/\/mademoiselle.flowers\/wp-content\/uploads\/2021\/11\/47-20102021-950A3746-Mademoiselle-WEB-72-600x400.jpg 600w, https:\/\/mademoiselle.flowers\/wp-content\/uploads\/2021\/11\/47-20102021-950A3746-Mademoiselle-WEB-72-768x512.jpg 768w, https:\/\/mademoiselle.flowers\/wp-content\/uploads\/2021\/11\/47-20102021-950A3746-Mademoiselle-WEB-72-1600x1067.jpg 1600w, https:\/\/mademoiselle.flowers\/wp-content\/uploads\/2021\/11\/47-20102021-950A3746-Mademoiselle-WEB-72-1536x1024.jpg 1536w, https:\/\/mademoiselle.flowers\/wp-content\/uploads\/2021\/11\/47-20102021-950A3746-Mademoiselle-WEB-72-2048x1365.jpg 2048w, https:\/\/mademoiselle.flowers\/wp-content\/uploads\/2021\/11\/47-20102021-950A3746-Mademoiselle-WEB-72-16x12.jpg 16w, https:\/\/mademoiselle.flowers\/wp-content\/uploads\/2021\/11\/47-20102021-950A3746-Mademoiselle-WEB-72-700x467.jpg 700w, https:\/\/mademoiselle.flowers\/wp-content\/uploads\/2021\/11\/47-20102021-950A3746-Mademoiselle-WEB-72-1920x1280.jpg 1920w\" sizes=\"(max-width: 1460px) 100vw, 1460px\" \/><\/figure>\n<\/div>\n\n\n\n<div class=\"wp-block-column col-desk-5 col-tab-5 col-mob-shift-0 col-mob-4 p-r-none p-l-none m-l-auto m-y-auto js-parallax-richtext is-layout-flow wp-block-column-is-layout-flow\">\n<p class=\"font-serif text-30 font-normal primary deco m-b-none m-t-none\">Wie is de mademoiselle?<\/p>\n\n\n\n<p class=\"font-sans text-md font-light grey-700 m-t-none m-b-none p-r-none\">mademoiselle, wij zijn het, u bent het, iedereen die een vleugje subtiliteit en gevoeligheid wil toevoegen aan zijn dagelijks leven.<br><br>mademoiselle belichaamt ook een tuin van originele bloemen die maar \u00e9\u00e9n missie hebben: het dagelijkse leven op een exclusieve manier komen opfleuren.<br><br>Want wie beter dan bloemen kunnen ons deze volmaakte esthetiek en deze vluchtige broosheid bieden die ons ontroert?<br><br>En om deze missie te volbrengen, heeft een team van bloemenontwerpers dit originele concept van online verkoop van uitzonderlijke boeketten gecre\u00eberd, met het idee om een gemeenschap van liefhebbers van schoonheid te cre\u00ebren waartoe u met trots zult behoren.<\/p>\n<\/div>\n<\/div>\n\n\n\n<div class=\"wp-block-columns grid about-section deco-top is-layout-flex wp-container-core-columns-is-layout-2 wp-block-columns-is-layout-flex\">\n<div class=\"wp-block-column quote__container col-desk-11 col-mob-4 is-layout-flow wp-block-column-is-layout-flow\">\n<p class=\"quote upperCase text-center text-lg\"><em>Details maken perfectie en perfectie is geen detail.&nbsp;<\/em><br>Leonardo da Vinci&nbsp;<\/p>\n<\/div>\n<\/div>\n\n\n\n<div class=\"wp-block-columns grid about-section m-t-2xl m-b-2xl is-layout-flex wp-container-core-columns-is-layout-3 wp-block-columns-is-layout-flex\">\n<div class=\"wp-block-column col-desk-5 col-tab-5 col-mob-4 p-l-none p-r-none m-y-auto js-parallax-richtext is-layout-flow wp-block-column-is-layout-flow\">\n<p class=\"font-serif text-30 font-normal primary deco m-b-none m-t-none\">Wat denkt mademoiselle ervan?<\/p>\n\n\n\n<p class=\"font-sans text-md font-light grey-700 m-t-none m-b-none p-r-none\">mademoiselle deelt geluk \"en veux-tu en voil\u00e0\" uit met boeketten samengesteld uit unieke bloemen, geselecteerd door onze partner uit de mooiste bloembedden in zijn tuin.<br><br>mademoiselle is uw tussenpersoon om u eersteklas boeketten aan te bieden of te geven die de verschillende tijdperken van het leven doorkruisen door uw emoties over te brengen.<br><br>Of je nu kiest voor zijn formule van<a href=\"https:\/\/mademoiselle.flowers\/nl\/onze-abonnementen\/\">abonnement op een boeket bloemen<\/a> Onze catalogus met partnerboeketten zal je boodschap met oneindige aandacht overbrengen.<br><br>De boeketten die door mademoiselle zijn geselecteerd, zijn een bron van trots voor ons en een voorrecht om te ontvangen.<\/p>\n\n\n\n<p class=\"button--outline button--container upperCase d-inline-block cursor-pointer m-t-xl\"><a href=\"https:\/\/mademoiselle.flowers\/nl\/contact\/\">contact met ons opnemen<\/a><\/p>\n<\/div>\n\n\n\n<div class=\"wp-block-column col-desk-6 col-tab-6 col-mob-4 p-r-none p-l-none m-l-auto is-layout-flow wp-block-column-is-layout-flow\">\n<figure class=\"wp-block-image size-large who__img-contain\"><img decoding=\"async\" width=\"2048\" height=\"2050\" src=\"https:\/\/mademoiselle.flowers\/wp-content\/uploads\/2021\/02\/Lola-Ambiance-12-1-edited-2.jpg\" alt=\"\" class=\"wp-image-1171\" srcset=\"https:\/\/mademoiselle.flowers\/wp-content\/uploads\/2021\/02\/Lola-Ambiance-12-1-edited-2.jpg 2048w, https:\/\/mademoiselle.flowers\/wp-content\/uploads\/2021\/02\/Lola-Ambiance-12-1-edited-2-700x701.jpg 700w, https:\/\/mademoiselle.flowers\/wp-content\/uploads\/2021\/02\/Lola-Ambiance-12-1-edited-2-100x100.jpg 100w, https:\/\/mademoiselle.flowers\/wp-content\/uploads\/2021\/02\/Lola-Ambiance-12-1-edited-2-1920x1922.jpg 1920w, https:\/\/mademoiselle.flowers\/wp-content\/uploads\/2021\/02\/Lola-Ambiance-12-1-edited-2-600x600.jpg 600w, https:\/\/mademoiselle.flowers\/wp-content\/uploads\/2021\/02\/Lola-Ambiance-12-1-edited-2-1460x1460.jpg 1460w, https:\/\/mademoiselle.flowers\/wp-content\/uploads\/2021\/02\/Lola-Ambiance-12-1-edited-2-300x300.jpg 300w, https:\/\/mademoiselle.flowers\/wp-content\/uploads\/2021\/02\/Lola-Ambiance-12-1-edited-2-768x769.jpg 768w, https:\/\/mademoiselle.flowers\/wp-content\/uploads\/2021\/02\/Lola-Ambiance-12-1-edited-2-1600x1602.jpg 1600w, https:\/\/mademoiselle.flowers\/wp-content\/uploads\/2021\/02\/Lola-Ambiance-12-1-edited-2-2046x2048.jpg 2046w, https:\/\/mademoiselle.flowers\/wp-content\/uploads\/2021\/02\/Lola-Ambiance-12-1-edited-2-12x12.jpg 12w\" sizes=\"(max-width: 2048px) 100vw, 2048px\" \/><\/figure>\n<\/div>\n<\/div>\n\n\n\n<div class=\"wp-block-columns grid-0 about-section--full p-l-none p-r-none deco-bottom deco-very-small is-layout-flex wp-container-core-columns-is-layout-4 wp-block-columns-is-layout-flex\">\n<div class=\"wp-block-column w-50 col-desk-6 col-tab-6 col-mob-4 p-l-none p-r-none is-layout-flow wp-block-column-is-layout-flow\">\n<figure class=\"wp-block-image size-large who__img-contain\"><img decoding=\"async\" width=\"1460\" height=\"955\" src=\"https:\/\/mademoiselle.flowers\/wp-content\/uploads\/2021\/02\/Qui-est-mademoiselle-A-1460x955.jpg\" alt=\"\" class=\"wp-image-1153\" srcset=\"https:\/\/mademoiselle.flowers\/wp-content\/uploads\/2021\/02\/Qui-est-mademoiselle-A-1460x955.jpg 1460w, https:\/\/mademoiselle.flowers\/wp-content\/uploads\/2021\/02\/Qui-est-mademoiselle-A-600x392.jpg 600w, https:\/\/mademoiselle.flowers\/wp-content\/uploads\/2021\/02\/Qui-est-mademoiselle-A-768x502.jpg 768w, https:\/\/mademoiselle.flowers\/wp-content\/uploads\/2021\/02\/Qui-est-mademoiselle-A-1600x1046.jpg 1600w, https:\/\/mademoiselle.flowers\/wp-content\/uploads\/2021\/02\/Qui-est-mademoiselle-A-1536x1004.jpg 1536w, https:\/\/mademoiselle.flowers\/wp-content\/uploads\/2021\/02\/Qui-est-mademoiselle-A-16x10.jpg 16w, https:\/\/mademoiselle.flowers\/wp-content\/uploads\/2021\/02\/Qui-est-mademoiselle-A-700x458.jpg 700w, https:\/\/mademoiselle.flowers\/wp-content\/uploads\/2021\/02\/Qui-est-mademoiselle-A-1920x1255.jpg 1920w, https:\/\/mademoiselle.flowers\/wp-content\/uploads\/2021\/02\/Qui-est-mademoiselle-A.jpg 2048w\" sizes=\"(max-width: 1460px) 100vw, 1460px\" \/><\/figure>\n<\/div>\n\n\n\n<div class=\"wp-block-column text-container col-desk-5 col-tab-5 col-mob-4 p-r-none p-l-none m-y-auto js-parallax-richtext is-layout-flow wp-block-column-is-layout-flow\">\n<p class=\"font-serif text-30 font-normal primary deco m-b-none m-t-none\">Wat cre\u00ebert mademoiselle?<\/p>\n\n\n\n<p class=\"font-sans text-md font-light grey-700 m-t-none m-b-none p-r-none\">De boeketten bloemen die je op de website van mademoiselle vindt, zijn zorgvuldig geselecteerd door onze partner Aquarelle. Het is het ultieme comfort om vanuit je luie stoel \u00e9\u00e9n van de mooiste boeketten van dit moment te kunnen kiezen en bestellen.<br><br>Mooi, omdat het met talent is gemaakt door bloemschikkers die voortdurend op zoek zijn naar originele composities, of het nu met meer klassieke bloemen is zoals de roos, pioenroos, boterbloem, hortensia ... of meer uitzonderlijke bloemen zoals protea, calla, lisianthus ...<\/p>\n\n\n\n<p class=\"font-sans text-md font-light grey-700 m-t-none m-b-none p-r-none\"> <\/p>\n<\/div>\n<\/div>\n\n\n\n<div class=\"wp-block-columns card-descover__container grid about-section m-b-2xl deco-top is-layout-flex wp-container-core-columns-is-layout-5 wp-block-columns-is-layout-flex\">\n<div class=\"wp-block-column card-descover__left col-desk-6 col-tab-6 col-mob-2 p-l-none is-layout-flow wp-block-column-is-layout-flow\">\n<div class=\"wp-block-group relative\"><div class=\"wp-block-group__inner-container is-layout-flow wp-block-group-is-layout-flow\">\n<figure class=\"wp-block-image size-large who__img-contain\"><img decoding=\"async\" width=\"1365\" height=\"768\" src=\"https:\/\/mademoiselle.flowers\/wp-content\/uploads\/2021\/02\/ABONNEMENT-12MOIS-edited.jpg\" alt=\"\" class=\"wp-image-1161\" srcset=\"https:\/\/mademoiselle.flowers\/wp-content\/uploads\/2021\/02\/ABONNEMENT-12MOIS-edited.jpg 1365w, https:\/\/mademoiselle.flowers\/wp-content\/uploads\/2021\/02\/ABONNEMENT-12MOIS-edited-700x394.jpg 700w, https:\/\/mademoiselle.flowers\/wp-content\/uploads\/2021\/02\/ABONNEMENT-12MOIS-edited-600x338.jpg 600w, https:\/\/mademoiselle.flowers\/wp-content\/uploads\/2021\/02\/ABONNEMENT-12MOIS-edited-768x432.jpg 768w, https:\/\/mademoiselle.flowers\/wp-content\/uploads\/2021\/02\/ABONNEMENT-12MOIS-edited-16x9.jpg 16w\" sizes=\"(max-width: 1365px) 100vw, 1365px\" \/><\/figure>\n\n\n\n<p class=\"button--white upperCase d-inline-block cursor-pointer center--middle\"><a href=\"\/nl\/shop\/nos-bouquets\/\">Ontdek alle boeketten<\/a><\/p>\n<\/div><\/div>\n<\/div>\n\n\n\n<div class=\"wp-block-column card-descover__right col-desk-6 col-tab-6 col-mob-2 p-r-none is-layout-flow wp-block-column-is-layout-flow\">\n<div class=\"wp-block-group relative\"><div class=\"wp-block-group__inner-container is-layout-flow wp-block-group-is-layout-flow\">\n<figure class=\"wp-block-image size-large who__img-contain\"><img decoding=\"async\" width=\"350\" height=\"197\" src=\"https:\/\/mademoiselle.flowers\/wp-content\/uploads\/2021\/02\/victoire-ambiance-a-edited.jpg\" alt=\"\" class=\"wp-image-1165\" srcset=\"https:\/\/mademoiselle.flowers\/wp-content\/uploads\/2021\/02\/victoire-ambiance-a-edited.jpg 350w, https:\/\/mademoiselle.flowers\/wp-content\/uploads\/2021\/02\/victoire-ambiance-a-edited-16x9.jpg 16w\" sizes=\"(max-width: 350px) 100vw, 350px\" \/><\/figure>\n\n\n\n<p class=\"button--white upperCase d-inline-block cursor-pointer center--middle\"><a href=\"https:\/\/mademoiselle.flowers\/nl\/onze-abonnementen\/\">Ontdek onze abonnementen<\/a><\/p>\n<\/div><\/div>\n<\/div>\n<\/div>","protected":false},"excerpt":{"rendered":"<p>mademoiselle, une envie de fleurir la vie mademoiselle, c\u2019est une aventure n\u00e9e dans l\u2019esprit de jeunes cr\u00e9atifs, amoureux de belles choses, qui ont l\u2019envie de jalonner le quotidien d\u2019esth\u00e9tisme et d\u2019\u00e9picurisme. Ils ont d\u00e9velopp\u00e9 un site qui met en avant les plus belles cr\u00e9ations de leur partenaire. Qui est mademoiselle? mademoiselle, c\u2019est nous, c\u2019est vous, [&hellip;]<\/p>","protected":false},"author":1,"featured_media":0,"parent":0,"menu_order":0,"comment_status":"closed","ping_status":"closed","template":"","meta":{"inline_featured_image":false,"_uag_custom_page_level_css":"","footnotes":""},"class_list":["post-31","page","type-page","status-publish","hentry"],"acf":[],"uagb_featured_image_src":{"full":false,"thumbnail":false,"medium":false,"medium_large":false,"large":false,"gs-tiny":false,"xl":false,"xxl":false,"xxxl":false,"xxxxl":false,"xxxxxl":false,"1536x1536":false,"2048x2048":false,"trp-custom-language-flag":false,"woocommerce_thumbnail":false,"woocommerce_single":false,"woocommerce_gallery_thumbnail":false},"uagb_author_info":{"display_name":"webmaster","author_link":"https:\/\/mademoiselle.flowers\/nl\/author\/webmaster\/"},"uagb_comment_info":0,"uagb_excerpt":"mademoiselle, une envie de fleurir la vie mademoiselle, c\u2019est une aventure n\u00e9e dans l\u2019esprit de jeunes cr\u00e9atifs, amoureux de belles choses, qui ont l\u2019envie de jalonner le quotidien d\u2019esth\u00e9tisme et d\u2019\u00e9picurisme. Ils ont d\u00e9velopp\u00e9 un site qui met en avant les plus belles cr\u00e9ations de leur partenaire. Qui est mademoiselle? mademoiselle, c\u2019est nous, c\u2019est vous,&hellip;","_links":{"self":[{"href":"https:\/\/mademoiselle.flowers\/nl\/wp-json\/wp\/v2\/pages\/31"}],"collection":[{"href":"https:\/\/mademoiselle.flowers\/nl\/wp-json\/wp\/v2\/pages"}],"about":[{"href":"https:\/\/mademoiselle.flowers\/nl\/wp-json\/wp\/v2\/types\/page"}],"author":[{"embeddable":true,"href":"https:\/\/mademoiselle.flowers\/nl\/wp-json\/wp\/v2\/users\/1"}],"replies":[{"embeddable":true,"href":"https:\/\/mademoiselle.flowers\/nl\/wp-json\/wp\/v2\/comments?post=31"}],"version-history":[{"count":9,"href":"https:\/\/mademoiselle.flowers\/nl\/wp-json\/wp\/v2\/pages\/31\/revisions"}],"predecessor-version":[{"id":6333,"href":"https:\/\/mademoiselle.flowers\/nl\/wp-json\/wp\/v2\/pages\/31\/revisions\/6333"}],"wp:attachment":[{"href":"https:\/\/mademoiselle.flowers\/nl\/wp-json\/wp\/v2\/media?parent=31"}],"curies":[{"name":"wp","href":"https:\/\/api.w.org\/{rel}","templated":true}]}}