{"id":3467,"date":"2021-09-23T18:18:19","date_gmt":"2021-09-23T16:18:19","guid":{"rendered":"https:\/\/mademoiselle.flowers\/?page_id=3467"},"modified":"2023-01-05T16:54:11","modified_gmt":"2023-01-05T15:54:11","slug":"livraison-fleurs-entreprise","status":"publish","type":"page","link":"https:\/\/mademoiselle.flowers\/nl\/bloemen-voor-bedrijven\/","title":{"rendered":"Zakelijke dienst"},"content":{"rendered":"<div class=\"wp-block-group grid about-section items-top deco-bottom deco-small\"><div class=\"wp-block-group__inner-container is-layout-flow wp-block-group-is-layout-flow\">\n<h1 class=\"wp-block-heading\"><\/h1>\n\n\n\n<div style=\"height:112px\" aria-hidden=\"true\" class=\"wp-block-spacer\"><\/div>\n\n\n\n<div class=\"wp-block-uagb-advanced-heading uagb-block-cfbacb8c font-serif text-25 font-normal primary\"><h1 class=\"uagb-heading-text\">Zakelijke oplossingen<\/h1><div class=\"uagb-separator-wrap\"><div class=\"uagb-separator\"><\/div><\/div><p class=\"uagb-desc-text\">Een premium aanbod voor beeldbewuste bedrijven<\/p><\/div>\n\n\n\n<div class=\"wp-block-columns m-t-none m-b-none is-layout-flex wp-container-core-columns-is-layout-1 wp-block-columns-is-layout-flex\">\n<div class=\"wp-block-column grid about-section m-b-none is-layout-flow wp-block-column-is-layout-flow\">\n<p class=\"font-sans text-md font-light primary m-t-none m-b-none\">Het leven van een bedrijf bestaat ook uit het vieren van de sterke momenten van een werknemer (geboorte, verjaardag, huwelijk, ...) maar ook het delen van de vreugde van een succes of een overwinning. In een tijd waarin het werven van werknemers soms een ingewikkelde missie is, is een sterke, menselijke en vreugdevolle bedrijfscultuur meer dan ooit noodzakelijk. <\/p>\n\n\n\n<p class=\"font-sans text-md font-light primary m-t-none m-b-none\">Voor zakelijke klanten bieden we een eenvoudige en effectieve oplossing: volumekortingen (<strong>op ons hele assortiment<\/strong>), a <strong>VIP telefoonlijn<\/strong> om je bestellingen te plaatsen.<br><\/p>\n\n\n\n<p><strong>Heb je een bedrijfsproject?<\/strong> Heb je een bepaalde behoefte? <a href=\"mailto:info@mademoiselle.flowers\">Contacteer ons<\/a><br><strong>Hebt u een offerte op maat nodig?<\/strong> <a href=\"mailto:info@mademoiselle.flowers\">Contacteer ons<\/a><\/p>\n\n\n\n<p class=\"font-sans text-md font-light primary m-t-none m-b-none\"><br><\/p>\n\n\n\n<p class=\"font-sans text-md font-light primary m-t-none m-b-none\"><\/p>\n<\/div>\n<\/div>\n\n\n\n<div class=\"wp-block-columns grid about-section is-layout-flex wp-container-core-columns-is-layout-2 wp-block-columns-is-layout-flex\">\n<div class=\"wp-block-column who__container-right col-desk-6 col-tab-6 col-mob-4 p-l-none p-r-none is-layout-flow wp-block-column-is-layout-flow\">\n<figure class=\"wp-block-image size-large who__img-contain\"><img decoding=\"async\" width=\"350\" height=\"430\" src=\"https:\/\/mademoiselle.flowers\/wp-content\/uploads\/2021\/07\/Victoire-Ambiance-1.jpg\" alt=\"bloemen sturen met factuur\" class=\"wp-image-2705\" srcset=\"https:\/\/mademoiselle.flowers\/wp-content\/uploads\/2021\/07\/Victoire-Ambiance-1.jpg 350w, https:\/\/mademoiselle.flowers\/wp-content\/uploads\/2021\/07\/Victoire-Ambiance-1-10x12.jpg 10w\" sizes=\"(max-width: 350px) 100vw, 350px\" \/><\/figure>\n<\/div>\n\n\n\n<div class=\"wp-block-column col-desk-5 col-tab-5 col-mob-shift-0 col-mob-4 p-r-none p-l-none m-l-auto m-y-auto js-parallax-richtext is-layout-flow wp-block-column-is-layout-flow\">\n<h2 class=\"font-serif text-30 font-normal primary deco m-b-none m-t-none wp-block-heading\">Vereenvoudigde facturering<\/h2>\n\n\n\n<p class=\"font-sans text-md font-light primary m-t-none m-b-none\">Voor een <strong>eenmalige aankoop<\/strong> Als je onze producten af en toe wilt bestellen, hoef je alleen maar online te bestellen en je btw-nummer in te voeren. Onze partner stuurt je dan automatisch een factuur per e-mail. Hiervoor heb je een <strong>plastic<\/strong>. Uw klantenrekening onthoudt uw factureringsgegevens voor de volgende bestelling. Een eenvoudige oplossing waar uw accountant van zal houden.<\/p>\n\n\n\n<p class=\"font-sans text-md font-light primary m-t-none m-b-none\">Dat doe je niet. <strong>geen bedrijfscreditcard hebben<\/strong> ? Dat is niet erg, <a href=\"mailto:info@mademoiselle.flowers\">contacteer ons per e-mail<\/a>We nemen binnen het uur contact met je op. Onze partner neemt je bestelling op en stuurt je een factuur die je voor verzending moet betalen. <\/p>\n\n\n\n<p class=\"font-sans text-md font-light primary m-t-none m-b-none\">Voor een<strong> 30 dagen facturering<\/strong>, <a href=\"mailto:info@mademoiselle.flowers\">contacteer ons per e-mail<\/a>We nemen binnen het uur contact met je op. We maken samen een klantenrekening aan. Aan het einde van de maand ontvang je een overzichtsfactuur van je aankopen, betaalbaar binnen 30 dagen.<\/p>\n\n\n\n<div style=\"height:74px\" aria-hidden=\"true\" class=\"wp-block-spacer\"><\/div>\n<\/div>\n<\/div>\n\n\n\n<div class=\"wp-block-columns grid about-section is-layout-flex wp-container-core-columns-is-layout-3 wp-block-columns-is-layout-flex\">\n<div class=\"wp-block-column col-desk-5 col-tab-5 col-mob-4 p-l-none p-r-none m-y-auto js-parallax-richtext is-layout-flow wp-block-column-is-layout-flow\">\n<h2 class=\"font-serif text-30 font-normal primary deco m-b-none wp-block-heading\">Een bestelling van 3 boeketten (en meer...)?<\/h2>\n\n\n\n<p class=\"font-sans text-md font-light primary m-t-none m-b-none\">Voor een <strong>bulkaankoop<\/strong> (vanaf 3 boeketten), u hoeft uw bestelling niet online te plaatsen, onze bedrijfsdienst zorgt voor het plaatsen van uw bestelling en stuurt u een factuur. Betaling zal geschieden na ontvangst van de factuur. Wij versturen de boeketten na betaling of direct als u een raamcontract heeft. <a href=\"mailto:info@mademoiselle.flowers\">Neem contact met ons op om te overleggen.<\/a><\/p>\n<\/div>\n\n\n\n<div class=\"wp-block-column col-desk-6 col-tab-6 col-mob-4 p-r-none p-l-none m-l-auto is-layout-flow wp-block-column-is-layout-flow\">\n<figure class=\"wp-block-image size-large who__img-contain\"><img decoding=\"async\" width=\"1460\" height=\"973\" src=\"https:\/\/mademoiselle.flowers\/wp-content\/uploads\/2021\/07\/Charlotte-HOME-1460x973.jpg\" alt=\"Boeketten bestellen voor de verjaardag van een collega\" class=\"wp-image-2712\" srcset=\"https:\/\/mademoiselle.flowers\/wp-content\/uploads\/2021\/07\/Charlotte-HOME-1460x973.jpg 1460w, https:\/\/mademoiselle.flowers\/wp-content\/uploads\/2021\/07\/Charlotte-HOME-600x400.jpg 600w, https:\/\/mademoiselle.flowers\/wp-content\/uploads\/2021\/07\/Charlotte-HOME-768x512.jpg 768w, https:\/\/mademoiselle.flowers\/wp-content\/uploads\/2021\/07\/Charlotte-HOME-1600x1066.jpg 1600w, https:\/\/mademoiselle.flowers\/wp-content\/uploads\/2021\/07\/Charlotte-HOME-1536x1024.jpg 1536w, https:\/\/mademoiselle.flowers\/wp-content\/uploads\/2021\/07\/Charlotte-HOME-16x12.jpg 16w, https:\/\/mademoiselle.flowers\/wp-content\/uploads\/2021\/07\/Charlotte-HOME-700x467.jpg 700w, https:\/\/mademoiselle.flowers\/wp-content\/uploads\/2021\/07\/Charlotte-HOME-1920x1280.jpg 1920w, https:\/\/mademoiselle.flowers\/wp-content\/uploads\/2021\/07\/Charlotte-HOME.jpg 2048w\" sizes=\"(max-width: 1460px) 100vw, 1460px\" \/><\/figure>\n\n\n\n<div style=\"height:35px\" aria-hidden=\"true\" class=\"wp-block-spacer\"><\/div>\n<\/div>\n<\/div>\n\n\n\n<div class=\"wp-block-columns grid about-section items-top p-l-none p-r-none is-layout-flex wp-container-core-columns-is-layout-4 wp-block-columns-is-layout-flex\">\n<div class=\"wp-block-column who__container-right col-desk-6 col-tab-6 col-mob-4 p-l-none p-r-none is-layout-flow wp-block-column-is-layout-flow\">\n<figure class=\"wp-block-image size-large who__img-contain\"><img decoding=\"async\" width=\"1154\" height=\"1460\" src=\"https:\/\/mademoiselle.flowers\/wp-content\/uploads\/2021\/02\/QUE-PENSE-1154x1460.jpg\" alt=\"bloemenlevering met factuur\" class=\"wp-image-1152\" srcset=\"https:\/\/mademoiselle.flowers\/wp-content\/uploads\/2021\/02\/QUE-PENSE-1154x1460.jpg 1154w, https:\/\/mademoiselle.flowers\/wp-content\/uploads\/2021\/02\/QUE-PENSE-474x600.jpg 474w, https:\/\/mademoiselle.flowers\/wp-content\/uploads\/2021\/02\/QUE-PENSE-768x972.jpg 768w, https:\/\/mademoiselle.flowers\/wp-content\/uploads\/2021\/02\/QUE-PENSE-1600x2025.jpg 1600w, https:\/\/mademoiselle.flowers\/wp-content\/uploads\/2021\/02\/QUE-PENSE-1214x1536.jpg 1214w, https:\/\/mademoiselle.flowers\/wp-content\/uploads\/2021\/02\/QUE-PENSE-1618x2048.jpg 1618w, https:\/\/mademoiselle.flowers\/wp-content\/uploads\/2021\/02\/QUE-PENSE-9x12.jpg 9w, https:\/\/mademoiselle.flowers\/wp-content\/uploads\/2021\/02\/QUE-PENSE-700x886.jpg 700w, https:\/\/mademoiselle.flowers\/wp-content\/uploads\/2021\/02\/QUE-PENSE-1920x2430.jpg 1920w, https:\/\/mademoiselle.flowers\/wp-content\/uploads\/2021\/02\/QUE-PENSE-scaled.jpg 2023w\" sizes=\"(max-width: 1154px) 100vw, 1154px\" \/><\/figure>\n<\/div>\n\n\n\n<div class=\"wp-block-column col-desk-5 col-tab-5 col-mob-shift-0 col-mob-4 p-r-none p-l-none m-l-auto m-y-auto js-parallax-richtext is-layout-flow wp-block-column-is-layout-flow\">\n<h2 class=\"font-serif text-30 font-normal primary deco m-b-none m-t-none wp-block-heading\">Aangepaste leveringen<\/h2>\n\n\n\n<p class=\"font-sans text-md font-light primary m-t-none m-b-none\">Als u uw goederen wilt laten bezorgen <strong>meerdere boeketten op hetzelfde adres<\/strong> (vaak die van uw bedrijf) met individuele berichten, <a href=\"mailto:info@mademoiselle.flowers\">contact met ons opnemen<\/a>Wij bieden een gegroepeerde levering met aangepaste verzendingskosten.<\/p>\n\n\n\n<div style=\"height:100px\" aria-hidden=\"true\" class=\"wp-block-spacer\"><\/div>\n<\/div>\n<\/div>\n\n\n\n<div class=\"wp-block-columns is-layout-flex wp-container-core-columns-is-layout-5 wp-block-columns-is-layout-flex\">\n<div class=\"wp-block-column grid about-section is-layout-flow wp-block-column-is-layout-flow\">\n<h2 class=\"font-serif text-30 font-normal primary deco m-b-none wp-block-heading\">Onze abonnementen, voor maandelijkse bloemen in uw kantoor<\/h2>\n\n\n\n<p class=\"font-sans text-md font-light primary m-t-none m-b-none\">Voeg elke maand de verfijnde toets van een mademoiselle-boeket toe aan uw professionele ruimte. Wij bieden u ons assortiment boeketten aan als een professioneel abonnement - factuur inbegrepen. <br>Ontdek onze <a href=\"https:\/\/mademoiselle.flowers\/nl\/onze-abonnementen\/\">maandelijkse abonnementen<\/a>.<\/p>\n\n\n\n<div style=\"height:168px\" aria-hidden=\"true\" class=\"wp-block-spacer\"><\/div>\n\n\n\n<p class=\"font-sans text-md font-light primary m-t-none m-b-none\"><br><\/p>\n\n\n\n<div style=\"height:22px\" aria-hidden=\"true\" class=\"wp-block-spacer\"><\/div>\n<\/div>\n<\/div>\n<\/div><\/div>","protected":false},"excerpt":{"rendered":"<p>Oplossingen voor bedrijven Een premium aanbod voor beeldbewuste bedrijven Het bedrijfsleven betekent ook het vieren van de speciale momenten van een werknemer (geboorte, verjaardag, bruiloft, enz.) en het delen in de vreugde van een succes of overwinning. In een tijd waarin het werven van nieuwe medewerkers een ingewikkelde taak kan zijn, is een sterke bedrijfscultuur [...]<\/p>","protected":false},"author":439,"featured_media":0,"parent":0,"menu_order":0,"comment_status":"closed","ping_status":"closed","template":"","meta":{"inline_featured_image":false,"_uag_custom_page_level_css":"","footnotes":""},"class_list":["post-3467","page","type-page","status-publish","hentry"],"acf":[],"uagb_featured_image_src":{"full":false,"thumbnail":false,"medium":false,"medium_large":false,"large":false,"gs-tiny":false,"xl":false,"xxl":false,"xxxl":false,"xxxxl":false,"xxxxxl":false,"1536x1536":false,"2048x2048":false,"trp-custom-language-flag":false,"woocommerce_thumbnail":false,"woocommerce_single":false,"woocommerce_gallery_thumbnail":false},"uagb_author_info":{"display_name":"","author_link":"https:\/\/mademoiselle.flowers\/nl\/author\/ml-si\/"},"uagb_comment_info":0,"uagb_excerpt":"Solutions pour Entreprises Une offre premium pour les soci\u00e9t\u00e9s soucieuses de leur image La vie d&rsquo;une entreprise, c&rsquo;est \u00e9galement f\u00eater les moments forts d&rsquo;un employ\u00e9 (naissance, anniversaire, mariage, &#8230;) mais aussi partager la joie d&rsquo;une r\u00e9ussite ou d&rsquo;une victoire. \u00c0 l&rsquo;heure o\u00f9 le recrutement de collaborateurs est parfois une mission compliqu\u00e9e, une culture d&rsquo;entreprise forte,&hellip;","_links":{"self":[{"href":"https:\/\/mademoiselle.flowers\/nl\/wp-json\/wp\/v2\/pages\/3467"}],"collection":[{"href":"https:\/\/mademoiselle.flowers\/nl\/wp-json\/wp\/v2\/pages"}],"about":[{"href":"https:\/\/mademoiselle.flowers\/nl\/wp-json\/wp\/v2\/types\/page"}],"author":[{"embeddable":true,"href":"https:\/\/mademoiselle.flowers\/nl\/wp-json\/wp\/v2\/users\/439"}],"replies":[{"embeddable":true,"href":"https:\/\/mademoiselle.flowers\/nl\/wp-json\/wp\/v2\/comments?post=3467"}],"version-history":[{"count":9,"href":"https:\/\/mademoiselle.flowers\/nl\/wp-json\/wp\/v2\/pages\/3467\/revisions"}],"predecessor-version":[{"id":6323,"href":"https:\/\/mademoiselle.flowers\/nl\/wp-json\/wp\/v2\/pages\/3467\/revisions\/6323"}],"wp:attachment":[{"href":"https:\/\/mademoiselle.flowers\/nl\/wp-json\/wp\/v2\/media?parent=3467"}],"curies":[{"name":"wp","href":"https:\/\/api.w.org\/{rel}","templated":true}]}}