{"id":5732,"date":"2022-06-29T12:31:28","date_gmt":"2022-06-29T10:31:28","guid":{"rendered":"https:\/\/mademoiselle.flowers\/?page_id=5732"},"modified":"2022-06-30T09:54:21","modified_gmt":"2022-06-30T07:54:21","slug":"c1-d-recolter-des-fleurs","status":"publish","type":"page","link":"https:\/\/mademoiselle.flowers\/nl\/nl-c1-d-recolter-des-fleurs\/","title":{"rendered":"C1 d &#8211; r\u00e9colte-culture"},"content":{"rendered":"<div class=\"wp-block-group grid about-section items-top deco-bottom deco-small\"><div class=\"wp-block-group__inner-container is-layout-flow wp-block-group-is-layout-flow\">\n<div style=\"height:112px\" aria-hidden=\"true\" class=\"wp-block-spacer\"><\/div>\n\n\n\n<div class=\"wp-block-uagb-advanced-heading uagb-block-a29bcf0e font-serif text-25 font-normal primary\"><h1 class=\"uagb-heading-text\">La Culture des fleurs<\/h1><div class=\"uagb-separator-wrap\"><div class=\"uagb-separator\"><\/div><\/div><p class=\"uagb-desc-text\">Les fleurs, gr\u00e2ce \u00e0 leur beaut\u00e9, leur <a href=\"https:\/\/mademoiselle.flowers\/nl\/nl-c1b-parfum-des-fleurs\/\">parfum<\/a> et leurs couleurs, jouent divers r\u00f4les. En effet, elles peuvent servir \u00e0 d\u00e9corer son int\u00e9rieur sous forme de <a href=\"https:\/\/mademoiselle.flowers\/nl\/bloemen\/\">bossen bloemen<\/a>, \u00e0 rendre hommage \u00e0 quelqu\u2019un, \u00e0 t\u00e9moigner son affection \u00e0 un proche, etc. Si vous souhaitez disposer d\u2019importantes informations sur la&nbsp;<strong>bloementeelt<\/strong>&nbsp;et savoir l\u2019interaction qui existe entre&nbsp;<strong>les fleurs et l\u2019\u00e9cologie<\/strong>, nous vous invitons \u00e0 parcourir les diff\u00e9rents paragraphes de cet article.<\/p><\/div>\n\n\n\n<div class=\"wp-block-columns is-layout-flex wp-container-core-columns-is-layout-1 wp-block-columns-is-layout-flex\">\n<div class=\"wp-block-column grid about-section is-layout-flow wp-block-column-is-layout-flow\">\n<h2 class=\"font-serif text-30 font-normal primary deco wp-block-heading\">La culture des fleurs<\/h2>\n\n\n\n<p class=\"font-sans text-md font-light primary m-t-none m-b-none\"><strong>La culture des fleurs ou la floriculture<\/strong>\u00a0constitue une branche de l\u2019horticulture (voir notre article sur la <a href=\"https:\/\/mademoiselle.flowers\/nl\/bloemen\/\">biologique des fleurs<\/a>) et se pratique depuis de nombreuses d\u00e9cennies. Elle permet de disposer, gr\u00e2ce \u00e0 des techniques culturales vari\u00e9es, des fleurs coup\u00e9es et des plantes ornementales en pots ou en jardini\u00e8re. En Europe, l\u2019introduction d\u2019esp\u00e8ces exotiques a d\u00e9velopp\u00e9 la production des fleurs sous serres. Par ailleurs, retenez que\u00a0<strong>les nations europ\u00e9ennes repr\u00e9sentent environ 28\u00a0% des cultures horticoles mondiales<\/strong>. C&rsquo;est l\u00e0 que mademoiselle s&rsquo;approvisionne en priorit\u00e9 pour proposer des fleurs de saison et europ\u00e9ennes.<\/p>\n\n\n\n<p class=\"font-sans text-md font-light primary m-t-none m-b-none\">Dans le secteur, les horticulteurs recourent souvent \u00e0 des m\u00e9thodes agronomiques performantes comme l\u2019<strong>am\u00e9lioration g\u00e9n\u00e9tique pour cr\u00e9er des vari\u00e9t\u00e9s attrayantes.&nbsp;<\/strong>Ceci contribue \u00e9norm\u00e9ment au&nbsp;<strong>succ\u00e8s commercial des fleurs<\/strong>&nbsp;\u00e0 travers le monde. Sachez d\u2019un autre c\u00f4t\u00e9 qu\u2019en Europe, les Pays-Bas occupent la premi\u00e8re place dans&nbsp;<strong>le classement des pays les plus producteurs de fleurs et plantes ornementales<\/strong>. Ils sont suivis par d\u2019autres pays l\u2019Italie et l\u2019Allemagne.<\/p>\n\n\n\n<h2 class=\"font-serif text-30 font-normal primary deco m-b-none wp-block-heading\">Les fleurs de champs hors culture, dites \u00ab\u00a0fleurs sauvages\u00a0\u00bb<\/h2>\n\n\n\n<p class=\"font-sans text-md font-light primary m-t-none m-b-none\">Rarement utilis\u00e9e dans la cr\u00e9ation de bouquets de fleurs fraiches, certaines fleurs sauvages trouvent cependant parfois leur place dans des compositions florales de bouquet sauvages ou bouquets dit de \u00ab\u00a0fleurs des champs\u00a0\u00bb. Les&nbsp;<strong>fleurs sauvages<\/strong>&nbsp;poussent spontan\u00e9ment dans la nature. Attrayantes, utiles et parfois comestibles,&nbsp;<strong>celles-ci contribuent au maintien de la biodiversit\u00e9.<\/strong>&nbsp;Voici quelques fleurs sauvages&nbsp;:<\/p>\n\n\n\n<ul class=\"font-sans text-md font-light primary m-t-none m-b-none wp-block-list\"><li><strong>Les Ammis&nbsp;<\/strong>: elles se trouvent souvent sur les bords des voies et constituent des ombellif\u00e8res sauvages tr\u00e8s populaires\u2009;<\/li><li><strong>Le cerfeuil sauvage&nbsp;<\/strong>: comprenant des feuilles en dentelle et des fleurs vaporeuses, il apporte l\u00e9g\u00e8ret\u00e9 aux massifs\u2009;<\/li><li><strong>La b\u00e9toine&nbsp;<\/strong>: elle repr\u00e9sente une lamiac\u00e9e sauvage qui renferme de jolies fleurs roses \u00e0 rouge\u00e2tre\u2009;<\/li><li><strong>La centaur\u00e9e&nbsp;<\/strong>: encore appel\u00e9e bleuet, jac\u00e9e ou barbeau, cette derni\u00e8re se trouve g\u00e9n\u00e9ralement dans les montagnes et les pr\u00e9s\u2009;<\/li><li><strong>Le colchique&nbsp;<\/strong>: appr\u00e9ci\u00e9s pour son c\u00f4t\u00e9 naturel et sauvage, les colchiques poussent spontan\u00e9ment dans les pr\u00e9s humides. Toutefois, ces plantes se cultivent facilement\u2009;<\/li><li><strong>L\u2019\u00e9glantier&nbsp;<\/strong>: rencontr\u00e9e souvent au bord des routes et dans les haies, cette fleur sauvage peut \u00e9galement se d\u00e9velopper au jardin.<\/li><\/ul>\n\n\n\n<p class=\"font-sans text-md font-light primary m-t-none m-b-none\">Sachez que vous pouvez organiser une cohabitation r\u00e9ussie dans votre jardin si vous apprenez \u00e0&nbsp;<strong>mieux connaitre ces fleurs sauvages.<\/strong><\/p>\n\n\n\n<div style=\"height:135px\" aria-hidden=\"true\" class=\"wp-block-spacer\"><\/div>\n\n\n\n<figure class=\"wp-block-image size-large font-sans text-md font-light primary m-t-none m-b-none uag-hide-mob\"><img decoding=\"async\" width=\"1460\" height=\"973\" src=\"https:\/\/mademoiselle.flowers\/wp-content\/uploads\/2021\/11\/47-20102021-950A3746-Mademoiselle-WEB-72-1460x973.jpg\" alt=\"La culture des fleurs pour l'industrie du bouquet de fleur\" class=\"wp-image-4152\" srcset=\"https:\/\/mademoiselle.flowers\/wp-content\/uploads\/2021\/11\/47-20102021-950A3746-Mademoiselle-WEB-72-1460x973.jpg 1460w, https:\/\/mademoiselle.flowers\/wp-content\/uploads\/2021\/11\/47-20102021-950A3746-Mademoiselle-WEB-72-600x400.jpg 600w, https:\/\/mademoiselle.flowers\/wp-content\/uploads\/2021\/11\/47-20102021-950A3746-Mademoiselle-WEB-72-768x512.jpg 768w, https:\/\/mademoiselle.flowers\/wp-content\/uploads\/2021\/11\/47-20102021-950A3746-Mademoiselle-WEB-72-1600x1067.jpg 1600w, https:\/\/mademoiselle.flowers\/wp-content\/uploads\/2021\/11\/47-20102021-950A3746-Mademoiselle-WEB-72-1536x1024.jpg 1536w, https:\/\/mademoiselle.flowers\/wp-content\/uploads\/2021\/11\/47-20102021-950A3746-Mademoiselle-WEB-72-2048x1365.jpg 2048w, https:\/\/mademoiselle.flowers\/wp-content\/uploads\/2021\/11\/47-20102021-950A3746-Mademoiselle-WEB-72-16x12.jpg 16w, https:\/\/mademoiselle.flowers\/wp-content\/uploads\/2021\/11\/47-20102021-950A3746-Mademoiselle-WEB-72-700x467.jpg 700w, https:\/\/mademoiselle.flowers\/wp-content\/uploads\/2021\/11\/47-20102021-950A3746-Mademoiselle-WEB-72-1920x1280.jpg 1920w\" sizes=\"(max-width: 1460px) 100vw, 1460px\" \/><\/figure>\n\n\n\n<h2 class=\"font-serif text-30 font-normal primary deco m-b-none wp-block-heading\">Les fleurs et l\u2019\u00e9cologie<\/h2>\n\n\n\n<p class=\"font-sans text-md font-light primary m-t-none m-b-none\"><strong>La culture des fleurs n\u00e9cessite souvent l\u2019emploi de pesticides chimiques et la consommation d\u2019\u00e9nergie<\/strong>. \u00c0 titre illustratif, la production d\u2019un bouquet de fleurs exige l\u2019utilisation d\u2019engrais min\u00e9raux, des produits phytosanitaires de synth\u00e8se, le fonctionnement de certaines machines et parfois le chauffage de la serre. Toutefois,&nbsp;<strong>ceci ne participe pas \u00e0 la protection de l\u2019environnement<\/strong>.<\/p>\n\n\n\n<p class=\"font-sans text-md font-light primary m-t-none m-b-none\">De plus, la livraison des fleurs s\u2019effectue parfois par avion, ce qui augmente l\u2019empreinte \u00e9cologique du secteur. Cependant, vous pouvez profiter des fleurs tout en effectuant un geste pour l\u2019environnement. Pour cela,<strong>&nbsp;achetez des fleurs locales, de saisons ou encore des fleurs s\u00e9ch\u00e9es<\/strong>. Ainsi, en automne, choisissez le dahlia, le chrysanth\u00e8me, le cyclamen, puis en hiver, optez pour le cam\u00e9lia, le mimosa ou l\u2019hell\u00e9bore.<\/p>\n\n\n\n<p class=\"font-sans text-md font-light primary m-t-none m-b-none\">Pendant le printemps, privil\u00e9giez la pivoine, la tulipe ou le magnolia, et en \u00e9t\u00e9 s\u00e9lectionnez le lys, le gla\u00efeul, ou la gypsophile. D\u2019un autre c\u00f4t\u00e9,&nbsp;<strong>sachez que sans les fleurs, il n\u2019y aura pas d\u2019abeilles, et sans ces derni\u00e8res, il n\u2019y aura pas de plantes ni de fruits<\/strong>.<\/p>\n\n\n\n<p class=\"font-sans text-md font-light primary m-t-none m-b-none\"><strong>Lees ook: <\/strong><br><\/p>\n\n\n\n<p class=\"font-sans text-md font-light primary m-t-none m-b-none\">Het nut van bloemen<br>Het plezier van bloemen schenken<br>Bloemen online kopen<br>Bloemen versturen<br>Bloemen in bedrijven (B2B)<br>Het beroep van bloemist<br><\/p>\n<\/div>\n<\/div>\n<\/div><\/div>\n\n\n\n<div class=\"wp-block-columns card-descover__container grid about-section m-b-2xl deco-top is-layout-flex wp-container-core-columns-is-layout-2 wp-block-columns-is-layout-flex\">\n<div class=\"wp-block-column card-descover__left col-desk-6 col-tab-6 col-mob-2 p-l-none is-layout-flow wp-block-column-is-layout-flow\">\n<div class=\"wp-block-group relative\"><div class=\"wp-block-group__inner-container is-layout-flow wp-block-group-is-layout-flow\">\n<figure class=\"wp-block-image size-large who__img-contain\"><img decoding=\"async\" width=\"1365\" height=\"768\" src=\"https:\/\/mademoiselle.flowers\/wp-content\/uploads\/2021\/02\/ABONNEMENT-12MOIS-edited.jpg\" alt=\"Bloemen bezorgen overal in de hoofdstad\" class=\"wp-image-1161\" srcset=\"https:\/\/mademoiselle.flowers\/wp-content\/uploads\/2021\/02\/ABONNEMENT-12MOIS-edited.jpg 1365w, https:\/\/mademoiselle.flowers\/wp-content\/uploads\/2021\/02\/ABONNEMENT-12MOIS-edited-700x394.jpg 700w, https:\/\/mademoiselle.flowers\/wp-content\/uploads\/2021\/02\/ABONNEMENT-12MOIS-edited-600x338.jpg 600w, https:\/\/mademoiselle.flowers\/wp-content\/uploads\/2021\/02\/ABONNEMENT-12MOIS-edited-768x432.jpg 768w, https:\/\/mademoiselle.flowers\/wp-content\/uploads\/2021\/02\/ABONNEMENT-12MOIS-edited-16x9.jpg 16w\" sizes=\"(max-width: 1365px) 100vw, 1365px\" \/><\/figure>\n\n\n\n<p class=\"button--white upperCase d-inline-block cursor-pointer center--middle\"><a href=\"\/nl\/shop\/nos-bouquets\/\">Voir nos bouquets disponibles \u00e0 la livraison<\/a><\/p>\n<\/div><\/div>\n<\/div>\n\n\n\n<div class=\"wp-block-column card-descover__right col-desk-6 col-tab-6 col-mob-2 p-r-none is-layout-flow wp-block-column-is-layout-flow\">\n<div class=\"wp-block-group relative\"><div class=\"wp-block-group__inner-container is-layout-flow wp-block-group-is-layout-flow\">\n<figure class=\"wp-block-image size-large who__img-contain\"><img decoding=\"async\" width=\"350\" height=\"197\" src=\"https:\/\/mademoiselle.flowers\/wp-content\/uploads\/2021\/02\/victoire-ambiance-a-edited.jpg\" alt=\"Bloemenabonnement in Brussel\" class=\"wp-image-1165\" srcset=\"https:\/\/mademoiselle.flowers\/wp-content\/uploads\/2021\/02\/victoire-ambiance-a-edited.jpg 350w, https:\/\/mademoiselle.flowers\/wp-content\/uploads\/2021\/02\/victoire-ambiance-a-edited-16x9.jpg 16w\" sizes=\"(max-width: 350px) 100vw, 350px\" \/><\/figure>\n\n\n\n<p class=\"button--white upperCase d-inline-block cursor-pointer center--middle\"><a href=\"https:\/\/mademoiselle.flowers\/nl\/onze-abonnementen\/\">Nos abonnements de fleurs<\/a> <\/p>\n<\/div><\/div>\n<\/div>\n<\/div>\n\n\n\n<p><\/p>","protected":false},"excerpt":{"rendered":"<p>La Culture des fleurs Les fleurs, gr\u00e2ce \u00e0 leur beaut\u00e9, leur parfum et leurs couleurs, jouent divers r\u00f4les. En effet, elles peuvent servir \u00e0 d\u00e9corer son int\u00e9rieur sous forme de bouquets de fleurs, \u00e0 rendre hommage \u00e0 quelqu\u2019un, \u00e0 t\u00e9moigner son affection \u00e0 un proche, etc. Si vous souhaitez disposer d\u2019importantes informations sur la&nbsp;culture des [&hellip;]<\/p>","protected":false},"author":439,"featured_media":0,"parent":0,"menu_order":0,"comment_status":"closed","ping_status":"closed","template":"","meta":{"inline_featured_image":false,"_uag_custom_page_level_css":"","footnotes":""},"class_list":["post-5732","page","type-page","status-publish","hentry"],"acf":[],"uagb_featured_image_src":{"full":false,"thumbnail":false,"medium":false,"medium_large":false,"large":false,"gs-tiny":false,"xl":false,"xxl":false,"xxxl":false,"xxxxl":false,"xxxxxl":false,"1536x1536":false,"2048x2048":false,"trp-custom-language-flag":false,"woocommerce_thumbnail":false,"woocommerce_single":false,"woocommerce_gallery_thumbnail":false},"uagb_author_info":{"display_name":"","author_link":"https:\/\/mademoiselle.flowers\/nl\/author\/ml-si\/"},"uagb_comment_info":0,"uagb_excerpt":"La Culture des fleurs Les fleurs, gr\u00e2ce \u00e0 leur beaut\u00e9, leur parfum et leurs couleurs, jouent divers r\u00f4les. En effet, elles peuvent servir \u00e0 d\u00e9corer son int\u00e9rieur sous forme de bouquets de fleurs, \u00e0 rendre hommage \u00e0 quelqu\u2019un, \u00e0 t\u00e9moigner son affection \u00e0 un proche, etc. Si vous souhaitez disposer d\u2019importantes informations sur la&nbsp;culture des&hellip;","_links":{"self":[{"href":"https:\/\/mademoiselle.flowers\/nl\/wp-json\/wp\/v2\/pages\/5732"}],"collection":[{"href":"https:\/\/mademoiselle.flowers\/nl\/wp-json\/wp\/v2\/pages"}],"about":[{"href":"https:\/\/mademoiselle.flowers\/nl\/wp-json\/wp\/v2\/types\/page"}],"author":[{"embeddable":true,"href":"https:\/\/mademoiselle.flowers\/nl\/wp-json\/wp\/v2\/users\/439"}],"replies":[{"embeddable":true,"href":"https:\/\/mademoiselle.flowers\/nl\/wp-json\/wp\/v2\/comments?post=5732"}],"version-history":[{"count":5,"href":"https:\/\/mademoiselle.flowers\/nl\/wp-json\/wp\/v2\/pages\/5732\/revisions"}],"predecessor-version":[{"id":5764,"href":"https:\/\/mademoiselle.flowers\/nl\/wp-json\/wp\/v2\/pages\/5732\/revisions\/5764"}],"wp:attachment":[{"href":"https:\/\/mademoiselle.flowers\/nl\/wp-json\/wp\/v2\/media?parent=5732"}],"curies":[{"name":"wp","href":"https:\/\/api.w.org\/{rel}","templated":true}]}}