{"id":2324,"date":"2021-05-28T12:52:55","date_gmt":"2021-05-28T10:52:55","guid":{"rendered":"https:\/\/mademoiselle.flowers\/?page_id=2324"},"modified":"2023-02-04T13:49:58","modified_gmt":"2023-02-04T12:49:58","slug":"c0-fleurs","status":"publish","type":"page","link":"https:\/\/mademoiselle.flowers\/ru\/c0-%d1%86%d0%b2%d0%b5%d1%82%d1%8b\/","title":{"rendered":"C0 - \u0414\u043e\u043c\u0430\u0448\u043d\u0438\u0439 \u043a\u043e\u043a\u043e\u043d"},"content":{"rendered":"<div class=\"wp-block-group\"><div class=\"wp-block-group__inner-container is-layout-flow wp-block-group-is-layout-flow\">\n<div style=\"height:112px\" aria-hidden=\"true\" class=\"wp-block-spacer\"><\/div>\n<\/div><\/div>\n\n\n\n<div class=\"wp-block-uagb-advanced-heading uagb-block-9446e6f4 font-serif text-25 font-normal primary\"><h1 class=\"uagb-heading-text\"><strong>\u0426\u0432\u0435\u0442\u044b<\/strong><\/h1><div class=\"uagb-separator-wrap\"><div class=\"uagb-separator\"><\/div><\/div><p class=\"uagb-desc-text\">\u041e\u0442\u043a\u0440\u043e\u0439\u0442\u0435 \u0434\u043b\u044f \u0441\u0435\u0431\u044f \u043c\u0438\u0440 \u0438 \u043e\u043f\u044b\u0442 mademoiselle<\/p><\/div>\n\n\n\n<div class=\"wp-block-columns is-layout-flex wp-container-core-columns-is-layout-9d6595d7 wp-block-columns-is-layout-flex\">\n<div class=\"wp-block-column grid about-section is-layout-flow wp-block-column-is-layout-flow\">\n<p class=\"font-sans text-md font-light primary m-t-none m-b-none\">mademoiselle \u0431\u044b\u043b\u0430 \u0441\u043e\u0437\u0434\u0430\u043d\u0430 \u0432 \u043d\u0430\u0447\u0430\u043b\u0435 2020 \u0433\u043e\u0434\u0430. \u0415\u0433\u043e \u043e\u0441\u043d\u043e\u0432\u0430\u0442\u0435\u043b\u0438 \u0445\u043e\u0442\u0435\u043b\u0438 \u043f\u0440\u0435\u0434\u043b\u043e\u0436\u0438\u0442\u044c \u0443\u043d\u0438\u043a\u0430\u043b\u044c\u043d\u044b\u0439 \u043e\u043f\u044b\u0442, \u0434\u0430\u043b\u0435\u043a\u0438\u0439 \u043e\u0442 \u0441\u0443\u0449\u0435\u0441\u0442\u0432\u0443\u044e\u0449\u0438\u0445 \u043e\u043d\u043b\u0430\u0439\u043d-\u043f\u0440\u0435\u0434\u043b\u043e\u0436\u0435\u043d\u0438\u0439. \u041f\u0440\u0438\u043a\u043e\u0441\u043d\u043e\u0432\u0435\u043d\u0438\u0435 \u0433\u0440\u0430\u0444\u0438\u0447\u0435\u0441\u043a\u043e\u0433\u043e \u0434\u0438\u0437\u0430\u0439\u043d\u0430, \u0445\u043e\u0440\u043e\u0448\u0438\u0439 \u0432\u043a\u0443\u0441 \u0432\u044b\u0441\u043e\u043a\u043e\u043a\u043b\u0430\u0441\u0441\u043d\u043e\u0433\u043e \u043e\u043f\u044b\u0442\u0430, \u0431\u0435\u0437\u0443\u043f\u0440\u0435\u0447\u043d\u044b\u0435 \u043e\u0442\u043d\u043e\u0448\u0435\u043d\u0438\u044f \u0441 \u043a\u043b\u0438\u0435\u043d\u0442\u0430\u043c\u0438 \u0434\u043b\u044f \u0433\u0430\u0440\u0430\u043d\u0442\u0438\u0440\u043e\u0432\u0430\u043d\u043d\u043e\u0433\u043e \u0443\u0434\u043e\u0432\u043b\u0435\u0442\u0432\u043e\u0440\u0435\u043d\u0438\u044f \u0438 \u0432\u0430\u0443-\u044d\u0444\u0444\u0435\u043a\u0442\u0430. \u041d\u0430\u043a\u043e\u043d\u0435\u0446-\u0442\u043e \"\u043f\u0440\u0435\u043a\u0440\u0430\u0441\u043d\u043e\u0435\" \u043d\u0430\u0448\u043b\u043e \u0441\u0432\u043e\u0435 \u043c\u0435\u0441\u0442\u043e \u0432 <a href=\"https:\/\/mademoiselle.flowers\/ru\/\">\u0434\u043e\u0441\u0442\u0430\u0432\u043a\u0430 \u0446\u0432\u0435\u0442\u043e\u0432 \u0432 \u0411\u0435\u043b\u044c\u0433\u0438\u0438<\/a>.<\/p>\n\n\n\n<p><\/p>\n\n\n\n<p class=\"font-sans text-md font-light primary m-t-none m-b-none\">\u0412 \u044d\u0442\u043e\u043c \u0440\u0443\u043a\u043e\u0432\u043e\u0434\u0441\u0442\u0432\u0435 \u043c\u044b \u043e\u0442\u043f\u0440\u0430\u0432\u0438\u043c\u0441\u044f \u0432 \u043f\u0443\u0442\u0435\u0448\u0435\u0441\u0442\u0432\u0438\u0435 \u043f\u043e \u043c\u0438\u0440\u0443 \u0446\u0432\u0435\u0442\u043e\u0432, \u043a\u043e\u0442\u043e\u0440\u044b\u0439 \u0431\u043e\u043b\u044c\u0448\u0435 \u043d\u0435 \u0431\u0443\u0434\u0435\u0442 \u0442\u0430\u0438\u0442\u044c \u0434\u043b\u044f \u0432\u0430\u0441 \u043d\u0438\u043a\u0430\u043a\u0438\u0445 \u0441\u0435\u043a\u0440\u0435\u0442\u043e\u0432!  \u041c\u044b \u043e\u0445\u0432\u0430\u0442\u0438\u043b\u0438 \u0432\u0441\u0435\u043b\u0435\u043d\u043d\u0443\u044e, \u043a\u0430\u043a \u043d\u0438\u043a\u0442\u043e \u0434\u0440\u0443\u0433\u043e\u0439. \u0421\u0443\u0434\u0438\u0442\u0435 \u0441\u0430\u043c\u0438: \u043c\u044b \u0437\u0430\u0442\u0440\u043e\u043d\u0435\u043c \u0442\u0435\u043c\u0443 \u0446\u0432\u0435\u0442\u043e\u0447\u043d\u044b\u0445 \u0431\u0443\u043a\u0435\u0442\u043e\u0432 \u0438 \u0438\u0445 \u043e\u043f\u0440\u0435\u0434\u0435\u043b\u0435\u043d\u0438\u0435 (\u0442\u0435\u0445\u043d\u0438\u0447\u0435\u0441\u043a\u043e\u0435 \u0438 \u0431\u0438\u043e\u043b\u043e\u0433\u0438\u0447\u0435\u0441\u043a\u043e\u0435), \u0438\u0445 \u0430\u0440\u043e\u043c\u0430\u0442, \u0430 \u0442\u0430\u043a\u0436\u0435 \u0437\u043d\u0430\u0447\u0435\u043d\u0438\u0435 \u0446\u0432\u0435\u0442\u043e\u0432. \u0412\u043c\u0435\u0441\u0442\u0435 \u043c\u044b \u0440\u0430\u0441\u0441\u043c\u043e\u0442\u0440\u0438\u043c \u043f\u043e\u043b\u044c\u0437\u0443 \u0446\u0432\u0435\u0442\u043e\u0432 \u043a\u0430\u043a \u044d\u043b\u0435\u043c\u0435\u043d\u0442\u0430 \u0434\u0435\u043a\u043e\u0440\u0430 \u0438 \u0431\u043b\u0430\u0433\u043e\u0440\u043e\u0434\u0441\u0442\u0432\u0430, \u0430 \u0442\u0430\u043a\u0436\u0435 \u0443\u0434\u043e\u0432\u043e\u043b\u044c\u0441\u0442\u0432\u0438\u0435 \u043e\u0442 \u043f\u0440\u0435\u043f\u043e\u0434\u043d\u0435\u0441\u0435\u043d\u0438\u044f \u0432\u0435\u043b\u0438\u043a\u043e\u043b\u0435\u043f\u043d\u043e\u0433\u043e \u0431\u0443\u043a\u0435\u0442\u0430 \u0438\u0437 \u0436\u0438\u0432\u044b\u0445 \u0446\u0432\u0435\u0442\u043e\u0432, \u043d\u0435\u0437\u0430\u0432\u0438\u0441\u0438\u043c\u043e \u043e\u0442 \u043f\u043e\u0432\u043e\u0434\u0430 (\u043d\u0430\u043f\u0440\u0438\u043c\u0435\u0440, \u043d\u0430 \u0434\u0435\u043d\u044c \u0440\u043e\u0436\u0434\u0435\u043d\u0438\u044f \u0438\u043b\u0438 \u044e\u0431\u0438\u043b\u0435\u0439). <a href=\"\/ru\/.\/shop\/saint-valentin\/\">\u0414\u043e\u0441\u0442\u0430\u0432\u043a\u0430 \u0446\u0432\u0435\u0442\u043e\u0432 \u043a\u043e \u0414\u043d\u044e \u0441\u0432\u044f\u0442\u043e\u0433\u043e \u0412\u0430\u043b\u0435\u043d\u0442\u0438\u043d\u0430<\/a> \u043d\u0430\u043f\u0440\u0438\u043c\u0435\u0440). \u0422\u0430\u043a\u0443\u044e \u043f\u043e\u043a\u0443\u043f\u043a\u0443 \u043c\u043e\u0436\u043d\u043e \u0441\u043e\u0432\u0435\u0440\u0448\u0438\u0442\u044c \u043a\u0430\u043a \u0447\u0435\u0440\u0435\u0437 \u0444\u043b\u043e\u0440\u0438\u0441\u0442\u0430, \u0442\u0430\u043a \u0438 \u043a\u0443\u043f\u0438\u0432 \u0446\u0432\u0435\u0442\u044b \u043e\u043d\u043b\u0430\u0439\u043d, \u0447\u0442\u043e \u0432\u043a\u043b\u044e\u0447\u0430\u0435\u0442 \u0432 \u0441\u0435\u0431\u044f \u0432\u0441\u044e \u0442\u0449\u0430\u0442\u0435\u043b\u044c\u043d\u0443\u044e \u043b\u043e\u0433\u0438\u0441\u0442\u0438\u043a\u0443 \u0434\u043e\u0441\u0442\u0430\u0432\u043a\u0438 \u0431\u0443\u043a\u0435\u0442\u0430 \u043a \u0432\u0430\u0448\u0435\u043c\u0443 \u043f\u043e\u0440\u043e\u0433\u0443. \u0418, \u043d\u0430\u043a\u043e\u043d\u0435\u0446, \u043c\u044b \u043d\u0435 \u0437\u0430\u0431\u044b\u043b\u0438 \u043e \u0434\u0435\u043b\u043e\u0432\u044b\u0445 \u0443\u0441\u043b\u0443\u0433\u0430\u0445, \u043a\u043e\u0442\u043e\u0440\u044b\u0435 \u0441\u043e\u0441\u0442\u0430\u0432\u043b\u044f\u044e\u0442 \u0431\u043e\u043b\u044c\u0448\u0443\u044e \u0447\u0430\u0441\u0442\u044c \u043d\u0430\u0448\u0435\u0439 \u043a\u043b\u0438\u0435\u043d\u0442\u0443\u0440\u044b, \u043a\u0430\u043a \u0434\u043b\u044f \u0443\u043a\u0440\u0430\u0448\u0435\u043d\u0438\u044f, \u0442\u0430\u043a \u0438 \u0434\u043b\u044f \u0431\u043b\u0430\u0433\u043e\u0434\u0430\u0440\u043d\u043e\u0441\u0442\u0438 \u0441\u043e\u0442\u0440\u0443\u0434\u043d\u0438\u043a\u0430\u043c \u0438\u043b\u0438 \u043a\u043b\u0438\u0435\u043d\u0442\u0430\u043c.<br><\/p>\n\n\n\n<p class=\"font-sans text-md font-light primary m-t-none m-b-none\">\u041d\u0430\u043a\u043e\u043d\u0435\u0446, \u0432\u043e\u0437\u043c\u043e\u0436\u043d\u043e, \u043c\u044b \u0432\u0434\u043e\u0445\u043d\u043e\u0432\u0438\u043b\u0438 \u043d\u0435\u043a\u043e\u0442\u043e\u0440\u044b\u0445 \u043d\u0430 \u043f\u0440\u0438\u0437\u0432\u0430\u043d\u0438\u0435, \u0438 \u043c\u044b \u0440\u0430\u0441\u0441\u043a\u0430\u0436\u0435\u043c \u0432\u0430\u043c \u043e \u043d\u0430\u0448\u0435\u0439 \u043f\u0440\u043e\u0444\u0435\u0441\u0441\u0438\u0438 \u0444\u043b\u043e\u0440\u0438\u0441\u0442\u0430 \u0438 \u043e \u0442\u043e\u043c, \u0447\u0442\u043e \u043f\u0440\u043e\u0438\u0441\u0445\u043e\u0434\u0438\u0442 \u0437\u0430 \u043a\u0443\u043b\u0438\u0441\u0430\u043c\u0438 \u0432 \u043d\u0430\u0448\u0435\u0439 \u043c\u0430\u0441\u0442\u0435\u0440\u0441\u043a\u043e\u0439 \u0432 \u0411\u0440\u044e\u0441\u0441\u0435\u043b\u0435. \u0418 \u0442\u043e\u0433\u0434\u0430, \u043a\u0442\u043e \u0437\u043d\u0430\u0435\u0442, \u043c\u043e\u0436\u0435\u0442 \u0431\u044b\u0442\u044c, \u043e\u0434\u043d\u0430\u0436\u0434\u044b \u0432\u044b \u043f\u0440\u0438\u0441\u043e\u0435\u0434\u0438\u043d\u0438\u0442\u0435\u0441\u044c \u043a \u043d\u0430\u0448\u0435\u0439 \u043a\u043e\u043c\u0430\u043d\u0434\u0435 \u0438 \u0441\u0442\u0430\u043d\u0435\u0442\u0435 \u0440\u0430\u0431\u043e\u0442\u0430\u0442\u044c \u0444\u043b\u043e\u0440\u0438\u0441\u0442\u043e\u043c!<\/p>\n\n\n\n<p><\/p>\n\n\n<div class=\"wp-block-image\">\n<figure class=\"aligncenter size-full is-resized uag-hide-mob\"><img decoding=\"async\" src=\"https:\/\/mademoiselle.flowers\/wp-content\/uploads\/2021\/02\/ABONNEMENT-12MOIS-edited.jpg\" alt=\"\" class=\"wp-image-1161\" width=\"1024\" height=\"576\" srcset=\"https:\/\/mademoiselle.flowers\/wp-content\/uploads\/2021\/02\/ABONNEMENT-12MOIS-edited.jpg 1365w, https:\/\/mademoiselle.flowers\/wp-content\/uploads\/2021\/02\/ABONNEMENT-12MOIS-edited-700x394.jpg 700w, https:\/\/mademoiselle.flowers\/wp-content\/uploads\/2021\/02\/ABONNEMENT-12MOIS-edited-600x338.jpg 600w, https:\/\/mademoiselle.flowers\/wp-content\/uploads\/2021\/02\/ABONNEMENT-12MOIS-edited-768x432.jpg 768w, https:\/\/mademoiselle.flowers\/wp-content\/uploads\/2021\/02\/ABONNEMENT-12MOIS-edited-16x9.jpg 16w\" sizes=\"(max-width: 1024px) 100vw, 1024px\" \/><\/figure>\n<\/div>\n\n\n<p><\/p>\n\n\n\n<p class=\"font-sans text-md font-light primary m-t-none m-b-none display:block;\"><strong>\u041e\u0433\u043b\u0430\u0432\u043b\u0435\u043d\u0438\u0435<\/strong> :<\/p>\n\n\n\n<h2 class=\"font-serif text-30 font-normal primary deco wp-block-heading\"><strong>\u0427\u0442\u043e \u0442\u0430\u043a\u043e\u0435 \u043a\u0440\u0430\u0441\u0438\u0432\u044b\u0439 \u0431\u0443\u043a\u0435\u0442 \u0446\u0432\u0435\u0442\u043e\u0432?<\/strong><\/h2>\n\n\n\n<p class=\"font-sans text-md font-light primary m-t-none m-b-none\">\u042d\u0442\u043e \u043f\u0440\u0430\u0432\u0434\u0430, \u0432 \u043a\u043e\u043d\u0446\u0435 \u043a\u043e\u043d\u0446\u043e\u0432... \u0447\u0442\u043e \u0442\u0430\u043a\u043e\u0435 \u043a\u0440\u0430\u0441\u0438\u0432\u0430\u044f <a href=\"https:\/\/mademoiselle.flowers\/ru\/%d1%86%d0%b2%d0%b5%d1%82%d0%be%d1%87%d0%bd%d1%8b%d0%b5-%d0%b1%d1%83%d0%ba%d0%b5%d1%82%d1%8b\/\">\u0431\u0443\u043a\u0435\u0442 \u0446\u0432\u0435\u0442\u043e\u0432<\/a>. \u041f\u043e\u043c\u0438\u043c\u043e \u043b\u0438\u0447\u043d\u044b\u0445 \u043f\u0440\u0435\u0434\u043f\u043e\u0447\u0442\u0435\u043d\u0438\u0439, \u0441\u043b\u0435\u0434\u0443\u0435\u0442 \u0443\u0447\u0438\u0442\u044b\u0432\u0430\u0442\u044c \u0441\u043e\u0441\u0442\u0430\u0432 \u0431\u0443\u043a\u0435\u0442\u0430, \u0435\u0433\u043e \u0430\u0440\u043e\u043c\u0430\u0442, \u0443\u043f\u0430\u043a\u043e\u0432\u043a\u0443 \u0438, \u043f\u0440\u0435\u0436\u0434\u0435 \u0432\u0441\u0435\u0433\u043e, \u0442\u043e, \u043a\u0430\u043a \u043e\u043d \u0431\u0443\u0434\u0435\u0442 \u0446\u0435\u043d\u0438\u0442\u044c\u0441\u044f \u0432 \u0432\u0430\u0448\u0435\u043c \u0434\u043e\u043c\u0435 \u0438 \u043a\u0430\u043a \u0432\u044b \u0431\u0443\u0434\u0435\u0442\u0435 \u0437\u0430 \u043d\u0438\u043c \u0443\u0445\u0430\u0436\u0438\u0432\u0430\u0442\u044c.<\/p>\n\n\n\n<p class=\"font-sans text-md font-light primary m-t-none m-b-none\"><strong>\u0417\u043d\u0430\u043d\u0438\u0435 <a href=\"https:\/\/mademoiselle.flowers\/ru\/%d1%86%d0%b2%d0%b5%d1%82%d0%be%d1%87%d0%bd%d1%8b%d0%b5-%d0%b1%d1%83%d0%ba%d0%b5%d1%82%d1%8b\/\">\u0431\u0438\u043e\u043b\u043e\u0433\u0438\u044f \u0446\u0432\u0435\u0442\u043a\u0430<\/a> \u043f\u0435\u0440\u0435\u0434 \u0441\u043e\u0437\u0434\u0430\u043d\u0438\u0435\u043c \u0431\u0443\u043a\u0435\u0442\u0430<\/strong><br><strong>\u0421\u0430\u0439\u0442 <a href=\"https:\/\/mademoiselle.flowers\/ru\/r-c1-d-recolter-des-fleurs\/\">\u0441\u0431\u043e\u0440 \u0446\u0432\u0435\u0442\u043e\u0432<\/a><\/strong><br><strong>\u0421\u0430\u0439\u0442 <a href=\"https:\/\/mademoiselle.flowers\/ru\/r-c1b-parfum-des-fleurs\/\">\u0430\u0440\u043e\u043c\u0430\u0442 \u0446\u0432\u0435\u0442\u043e\u0432<\/a><\/strong><br><strong>\u0421\u0430\u0439\u0442 <a href=\"https:\/\/mademoiselle.flowers\/ru\/r-c1-c\/\">\u0437\u043d\u0430\u0447\u0435\u043d\u0438\u0435 \u0446\u0432\u0435\u0442\u043e\u0432<\/a> \u0432 \u0431\u0443\u043a\u0435\u0442\u0435<\/strong><br><strong>\u041a\u0430\u043a <a href=\"https:\/\/mademoiselle.flowers\/ru\/r-c1-e-concevoir-un-bouquet\/\">\u0441\u043e\u0437\u0434\u0430\u0439\u0442\u0435 \u043a\u0440\u0430\u0441\u0438\u0432\u044b\u0439 \u0431\u0443\u043a\u0435\u0442 \u0446\u0432\u0435\u0442\u043e\u0432<\/a>?<\/strong><br><strong>\u0426\u0432\u0435\u0442\u043e\u0447\u043d\u043e\u0435 \u0438\u0441\u043a\u0443\u0441\u0441\u0442\u0432\u043e \u0438\u043b\u0438 \u043a\u0430\u043a <a href=\"https:\/\/mademoiselle.flowers\/ru\/r-c1-f-esthetisme\/\">\u0434\u043e\u0431\u0430\u0432\u043b\u0435\u043d\u0438\u0435 \u0446\u0435\u043d\u043d\u043e\u0441\u0442\u0438 \u0431\u0443\u043a\u0435\u0442\u0443 \u0432 \u0434\u043e\u043c\u0435<\/a>?<\/strong><br><strong>\u0423\u043f\u0430\u043a\u043e\u0432\u043a\u0430 \u043a\u0430\u043a \u0447\u0430\u0441\u0442\u044c \u043e\u043f\u044b\u0442\u0430<\/strong><br><strong>\u041a\u0430\u043a \u0443\u0445\u0430\u0436\u0438\u0432\u0430\u0442\u044c \u0437\u0430 \u0431\u0443\u043a\u0435\u0442\u043e\u043c?<\/strong><\/p>\n\n\n\n<p><\/p>\n\n\n\n<h2 class=\"font-serif text-30 font-normal primary deco wp-block-heading\"><strong>\u0426\u0432\u0435\u0442\u044b \u0432\u043e \u0432\u0441\u0435\u0445 \u0438\u0445 \u0441\u043e\u0441\u0442\u043e\u044f\u043d\u0438\u044f\u0445: \u043f\u043e\u043b\u044c\u0437\u0430 \u0446\u0432\u0435\u0442\u043e\u0432<\/strong><\/h2>\n\n\n\n<p class=\"font-sans text-md font-light primary\"><strong>\u0426\u0432\u0435\u0442\u044b \u043d\u0430 \u043a\u0443\u0445\u043d\u0435<\/strong><br><strong>\u0426\u0432\u0435\u0442\u044b \u043d\u0430 \u0440\u0430\u0431\u043e\u0447\u0435\u043c \u043c\u0435\u0441\u0442\u0435<\/strong><br><strong>\u0426\u0432\u0435\u0442\u044b \u0434\u043e\u043c\u0430<\/strong><\/p>\n\n\n\n<h2 class=\"font-serif text-30 font-normal primary deco m-b-none m-t-none wp-block-heading\"><strong>\u0423\u0434\u043e\u0432\u043e\u043b\u044c\u0441\u0442\u0432\u0438\u0435 \u0434\u0430\u0440\u0438\u0442\u044c \u0446\u0432\u0435\u0442\u044b<\/strong><\/h2>\n\n\n\n<p class=\"font-sans text-md font-light primary m-t-none m-b-none\"><strong>\u041d\u0430 \u043a\u0430\u043a\u0438\u0435 \u043f\u0440\u0430\u0437\u0434\u043d\u0438\u043a\u0438 \u043c\u044b \u0434\u0430\u0440\u0438\u043c \u0446\u0432\u0435\u0442\u044b?<\/strong><br><strong>\u0421\u043e\u0431\u044b\u0442\u0438\u044f \u0436\u0438\u0437\u043d\u0438, \u043a \u043a\u043e\u0442\u043e\u0440\u044b\u043c \u0434\u0430\u0440\u044f\u0442 \u0446\u0432\u0435\u0442\u044b<\/strong><br><strong>\u041a\u0430\u043a\u0443\u044e \u043c\u0430\u043b\u0435\u043d\u044c\u043a\u0443\u044e \u0437\u0430\u043f\u0438\u0441\u043a\u0443 \u0434\u043e\u0431\u0430\u0432\u0438\u0442\u044c \u043a \u043c\u043e\u0435\u043c\u0443 \u0431\u0443\u043a\u0435\u0442\u0443?<\/strong><br><strong>\u041a\u043e\u043c\u0443 \u0434\u0430\u0440\u0438\u0442\u044c \u0446\u0432\u0435\u0442\u044b?<\/strong><br><strong>\u0428\u043e\u043a\u043e\u043b\u0430\u0434, \u0448\u0430\u043c\u043f\u0430\u043d\u0441\u043a\u043e\u0435, ... \u0447\u0442\u043e \u043f\u0440\u0435\u043a\u0440\u0430\u0441\u043d\u043e \u0441\u043e\u0447\u0435\u0442\u0430\u0435\u0442\u0441\u044f \u0441 \u0431\u0443\u043a\u0435\u0442\u043e\u043c \u0446\u0432\u0435\u0442\u043e\u0432<\/strong><br><strong>\u041f\u0440\u0435\u0434\u043b\u043e\u0436\u0438\u0442\u0435 \u043f\u043e\u0434\u043f\u0438\u0441\u043a\u0443 \u043d\u0430 \u0446\u0432\u0435\u0442\u044b<\/strong><\/p>\n\n\n\n<h2 class=\"font-serif text-30 font-normal primary deco wp-block-heading\"><strong>\u041a\u0443\u043f\u0438\u0442\u044c \u0446\u0432\u0435\u0442\u044b \u043e\u043d\u043b\u0430\u0439\u043d?<\/strong><\/h2>\n\n\n\n<p class=\"font-sans text-md font-light primary m-t-none m-b-none\"><strong>\u0420\u0430\u0437\u043b\u0438\u0447\u043d\u044b\u0435 \u0442\u0438\u043f\u044b \u043f\u0440\u043e\u0432\u0430\u0439\u0434\u0435\u0440\u043e\u0432<\/strong><br><strong>\u0421\u0442\u043e\u0438\u043c\u043e\u0441\u0442\u044c \u0438 \u043e\u043f\u043b\u0430\u0442\u0430 \u0446\u0432\u0435\u0442\u043e\u0447\u043d\u043e\u0433\u043e \u0431\u0443\u043a\u0435\u0442\u0430 <\/strong><br><strong>\u0411\u0435\u0437\u043e\u043f\u0430\u0441\u043d\u043e\u0441\u0442\u044c - \u0432\u0430\u0436\u043d\u044b\u0439 \u0430\u0441\u043f\u0435\u043a\u0442 \u043e\u043d\u043b\u0430\u0439\u043d-\u043f\u0440\u043e\u0434\u0430\u0436<\/strong><br><strong>\u0417\u0430\u043a\u0430\u0437 \u0446\u0432\u0435\u0442\u043e\u0432, \u043f\u0440\u043e\u0446\u0435\u0434\u0443\u0440\u0430 \u0432 \u0434\u0435\u0442\u0430\u043b\u044f\u0445<\/strong><\/p>\n\n\n\n<h2 class=\"font-serif text-30 font-normal primary deco, wp-block-heading\"><strong>\u041e\u0442\u043f\u0440\u0430\u0432\u0438\u0442\u044c \u0446\u0432\u0435\u0442\u044b<\/strong><\/h2>\n\n\n\n<p class=\"font-sans text-md font-light primary m-t-none m-b-none\"><strong>\u041a\u0443\u0434\u0430 \u0434\u043e\u0441\u0442\u0430\u0432\u0438\u0442\u044c \u0446\u0432\u0435\u0442\u044b?<\/strong><br><strong>\u041a\u043e\u0433\u0434\u0430 \u043b\u0443\u0447\u0448\u0435 \u0432\u0441\u0435\u0433\u043e \u0434\u043e\u0441\u0442\u0430\u0432\u043b\u044f\u0442\u044c \u0446\u0432\u0435\u0442\u044b?<\/strong><br><strong>\u041a\u0430\u043a\u043e\u0432\u0430 \u0441\u0442\u043e\u0438\u043c\u043e\u0441\u0442\u044c \u0434\u043e\u0441\u0442\u0430\u0432\u043a\u0438 \u0446\u0432\u0435\u0442\u043e\u0432?<\/strong><br><strong>\u0421\u0443\u0449\u0435\u0441\u0442\u0432\u0443\u0435\u0442 \u043b\u0438 \u0430\u043b\u044c\u0442\u0435\u0440\u043d\u0430\u0442\u0438\u0432\u0430 \u043f\u043b\u0430\u0442\u043d\u043e\u0439 \u0434\u043e\u0441\u0442\u0430\u0432\u043a\u0435?<\/strong><br><strong>\u0412\u0438\u0434\u044b \u0442\u0440\u0430\u043d\u0441\u043f\u043e\u0440\u0442\u0430 \u043f\u0440\u0438 \u0434\u043e\u0441\u0442\u0430\u0432\u043a\u0435<\/strong><br><strong>\u041a\u0430\u043a \u043f\u0440\u043e\u0438\u0441\u0445\u043e\u0434\u0438\u0442 \u0434\u043e\u0441\u0442\u0430\u0432\u043a\u0430 \u0432 mademoiselle?<\/strong><br><strong>\u041f\u043e\u043b\u0443\u0447\u0430\u0439\u0442\u0435 \u0446\u0432\u0435\u0442\u044b \u0441 \u0434\u043e\u0441\u0442\u0430\u0432\u043a\u043e\u0439 \u043d\u0430 \u0434\u043e\u043c<\/strong><br><strong>\u0414\u043e\u0441\u0442\u0430\u0432\u043a\u0430 \u0446\u0432\u0435\u0442\u043e\u0432 \u0432 \u0411\u0435\u043b\u044c\u0433\u0438\u044e \u0438\u0437-\u0437\u0430 \u0440\u0443\u0431\u0435\u0436\u0430<\/strong><br><\/p>\n\n\n\n<h2 class=\"font-serif text-30 font-normal primary deco wp-block-heading\"><strong>\u041f\u043e\u0434\u0430\u0440\u0438\u0442\u044c \u0446\u0432\u0435\u0442\u044b \u043a\u043e\u043b\u043b\u0435\u0433\u0435 \u0438\u043b\u0438 \u0443\u043a\u0440\u0430\u0448\u0435\u043d\u0438\u0435 \u0432 \u043a\u043e\u043c\u043f\u0430\u043d\u0438\u0438<\/strong><\/h2>\n\n\n\n<p class=\"font-sans text-md font-light primary m-t-none m-b-none\"><strong>\u0414\u0430\u0440\u0438\u0442\u044c \u0446\u0432\u0435\u0442\u044b \u043d\u0430 \u0440\u0430\u0431\u043e\u0447\u0435\u043c \u043c\u0435\u0441\u0442\u0435<\/strong><br><strong>\u0426\u0432\u0435\u0442\u0435\u043d\u0438\u0435 \u0440\u0430\u0431\u043e\u0447\u0435\u0433\u043e \u043f\u0440\u043e\u0441\u0442\u0440\u0430\u043d\u0441\u0442\u0432\u0430<\/strong><br><strong>\u041f\u0440\u0435\u0438\u043c\u0443\u0449\u0435\u0441\u0442\u0432\u0430 \u0446\u0432\u0435\u0442\u043e\u0432 \u0432 \u0431\u0438\u0437\u043d\u0435\u0441\u0435<\/strong><\/p>\n\n\n\n<h2 class=\"font-serif text-30 font-normal primary deco wp-block-heading\"><strong>\u041f\u0440\u043e\u0444\u0435\u0441\u0441\u0438\u044f \u0446\u0432\u0435\u0442\u043e\u0432\u043e\u0434\u0430<\/strong><\/h2>\n\n\n\n<p class=\"font-sans text-md font-light primary m-t-none m-b-none\"><strong>\u041e\u0431\u0443\u0447\u0435\u043d\u0438\u0435 \u043f\u0440\u043e\u0444\u0435\u0441\u0441\u0438\u0438 \u0444\u043b\u043e\u0440\u0438\u0441\u0442\u0430<\/strong><br><strong>\u041d\u0430\u0448\u0430 \u043c\u0430\u0441\u0442\u0435\u0440\u0441\u043a\u0430\u044f, \u0438\u043d\u0441\u0442\u0440\u0443\u043c\u0435\u043d\u0442\u044b \u0438 \u043e\u0444\u0438\u0441\u044b<\/strong><br><strong>\u0417\u0430\u043d\u044f\u0442\u043e\u0441\u0442\u044c \u0432 \u0446\u0432\u0435\u0442\u043e\u0447\u043d\u043e\u043c \u0441\u0435\u043a\u0442\u043e\u0440\u0435<\/strong><br><strong>\u0420\u0430\u0431\u043e\u0442\u0430 \u0444\u043b\u043e\u0440\u0438\u0441\u0442\u043e\u043c \u0432 \u0411\u0435\u043b\u044c\u0433\u0438\u0438<\/strong><br><strong>\u0421\u043e\u0440\u0441\u0438\u043d\u0433, \u0432\u043e\u043f\u0440\u043e\u0441 \u0441\u043e\u0440\u0441\u0438\u043d\u0433\u0430 \u0446\u0432\u0435\u0442\u043e\u0432<\/strong><br><strong>\u0426\u0432\u0435\u0442\u043e\u0447\u043d\u0430\u044f \u043b\u043e\u0433\u0438\u0441\u0442\u0438\u043a\u0430<\/strong><\/p>\n<\/div>\n<\/div>\n\n\n\n<div class=\"wp-block-columns card-descover__container grid about-section m-b-2xl deco-top is-layout-flex wp-container-core-columns-is-layout-9d6595d7 wp-block-columns-is-layout-flex\">\n<div class=\"wp-block-column card-descover__left col-desk-6 col-tab-6 col-mob-2 p-l-none is-layout-flow wp-block-column-is-layout-flow\">\n<div class=\"wp-block-group relative\"><div class=\"wp-block-group__inner-container is-layout-flow wp-block-group-is-layout-flow\">\n<figure class=\"wp-block-image size-large who__img-contain\"><img decoding=\"async\" width=\"1365\" height=\"768\" src=\"https:\/\/mademoiselle.flowers\/wp-content\/uploads\/2021\/02\/ABONNEMENT-12MOIS-edited.jpg\" alt=\"\u0414\u043e\u0441\u0442\u0430\u0432\u043a\u0430 \u0446\u0432\u0435\u0442\u043e\u0432 \u043f\u043e \u0432\u0441\u0435\u0439 \u0411\u0435\u043b\u044c\u0433\u0438\u0438\" class=\"wp-image-1161\" srcset=\"https:\/\/mademoiselle.flowers\/wp-content\/uploads\/2021\/02\/ABONNEMENT-12MOIS-edited.jpg 1365w, https:\/\/mademoiselle.flowers\/wp-content\/uploads\/2021\/02\/ABONNEMENT-12MOIS-edited-700x394.jpg 700w, https:\/\/mademoiselle.flowers\/wp-content\/uploads\/2021\/02\/ABONNEMENT-12MOIS-edited-600x338.jpg 600w, https:\/\/mademoiselle.flowers\/wp-content\/uploads\/2021\/02\/ABONNEMENT-12MOIS-edited-768x432.jpg 768w, https:\/\/mademoiselle.flowers\/wp-content\/uploads\/2021\/02\/ABONNEMENT-12MOIS-edited-16x9.jpg 16w\" sizes=\"(max-width: 1365px) 100vw, 1365px\" \/><\/figure>\n\n\n\n<p class=\"button--white upperCase d-inline-block cursor-pointer center--middle\"><a href=\"\/ru\/shop\/nos-bouquets\/\">\u041f\u043e\u0441\u043c\u043e\u0442\u0440\u0438\u0442\u0435 \u043d\u0430\u0448\u0438 \u0431\u0443\u043a\u0435\u0442\u044b, \u0434\u043e\u0441\u0442\u0443\u043f\u043d\u044b\u0435 \u0434\u043b\u044f \u0434\u043e\u0441\u0442\u0430\u0432\u043a\u0438 \u0432 \u0411\u0435\u043b\u044c\u0433\u0438\u044e<\/a><\/p>\n<\/div><\/div>\n<\/div>\n\n\n\n<div class=\"wp-block-column card-descover__right col-desk-6 col-tab-6 col-mob-2 p-r-none is-layout-flow wp-block-column-is-layout-flow\">\n<div class=\"wp-block-group relative\"><div class=\"wp-block-group__inner-container is-layout-flow wp-block-group-is-layout-flow\">\n<figure class=\"wp-block-image size-large who__img-contain\"><img decoding=\"async\" width=\"350\" height=\"197\" src=\"https:\/\/mademoiselle.flowers\/wp-content\/uploads\/2021\/02\/victoire-ambiance-a-edited.jpg\" alt=\"\u0426\u0432\u0435\u0442\u043e\u0447\u043d\u0430\u044f \u043f\u043e\u0434\u043f\u0438\u0441\u043a\u0430 \u0411\u0435\u043b\u044c\u0433\u0438\u044f\" class=\"wp-image-1165\" srcset=\"https:\/\/mademoiselle.flowers\/wp-content\/uploads\/2021\/02\/victoire-ambiance-a-edited.jpg 350w, https:\/\/mademoiselle.flowers\/wp-content\/uploads\/2021\/02\/victoire-ambiance-a-edited-16x9.jpg 16w\" sizes=\"(max-width: 350px) 100vw, 350px\" \/><\/figure>\n\n\n\n<p class=\"button--white upperCase d-inline-block cursor-pointer center--middle\"><a href=\"https:\/\/mademoiselle.flowers\/ru\/our-subscriptions\/\">\u041d\u0430\u0448\u0438 \u0430\u0431\u043e\u043d\u0435\u043c\u0435\u043d\u0442\u044b \u0434\u0435\u0439\u0441\u0442\u0432\u0438\u0442\u0435\u043b\u044c\u043d\u044b \u0432 \u0411\u0435\u043b\u044c\u0433\u0438\u0438<\/a><\/p>\n<\/div><\/div>\n<\/div>\n<\/div>\n\n\n\n<p><\/p>","protected":false},"excerpt":{"rendered":"<p>Les fleurs D\u00e9couvrez l&rsquo;univers et l&rsquo;exp\u00e9rience mademoiselle mademoiselle a vu la jour d\u00e9but 2020. Ses fondateurs ont voulu proposer une exp\u00e9rience unique, loin de l&rsquo;offre existante en ligne. Un touche de graphisme, le bon gout d&rsquo;une exp\u00e9rience haut de gamme, une relation client sans failles pour une satisfaction et un effet waw garanti. Enfin le [&hellip;]<\/p>","protected":false},"author":439,"featured_media":0,"parent":0,"menu_order":0,"comment_status":"closed","ping_status":"closed","template":"page-template-boxed.php","meta":{"inline_featured_image":false,"_uag_custom_page_level_css":"","footnotes":""},"class_list":["post-2324","page","type-page","status-publish","hentry"],"acf":[],"uagb_featured_image_src":{"full":false,"thumbnail":false,"medium":false,"medium_large":false,"large":false,"gs-tiny":false,"xl":false,"xxl":false,"xxxl":false,"xxxxl":false,"xxxxxl":false,"1536x1536":false,"2048x2048":false,"trp-custom-language-flag":false,"woocommerce_thumbnail":false,"woocommerce_single":false,"woocommerce_gallery_thumbnail":false},"uagb_author_info":{"display_name":"","author_link":"https:\/\/mademoiselle.flowers\/ru\/author\/ml-si\/"},"uagb_comment_info":0,"uagb_excerpt":"Les fleurs D\u00e9couvrez l&rsquo;univers et l&rsquo;exp\u00e9rience mademoiselle mademoiselle a vu la jour d\u00e9but 2020. Ses fondateurs ont voulu proposer une exp\u00e9rience unique, loin de l&rsquo;offre existante en ligne. Un touche de graphisme, le bon gout d&rsquo;une exp\u00e9rience haut de gamme, une relation client sans failles pour une satisfaction et un effet waw garanti. Enfin le&hellip;","_links":{"self":[{"href":"https:\/\/mademoiselle.flowers\/ru\/wp-json\/wp\/v2\/pages\/2324","targetHints":{"allow":["GET"]}}],"collection":[{"href":"https:\/\/mademoiselle.flowers\/ru\/wp-json\/wp\/v2\/pages"}],"about":[{"href":"https:\/\/mademoiselle.flowers\/ru\/wp-json\/wp\/v2\/types\/page"}],"author":[{"embeddable":true,"href":"https:\/\/mademoiselle.flowers\/ru\/wp-json\/wp\/v2\/users\/439"}],"replies":[{"embeddable":true,"href":"https:\/\/mademoiselle.flowers\/ru\/wp-json\/wp\/v2\/comments?post=2324"}],"version-history":[{"count":10,"href":"https:\/\/mademoiselle.flowers\/ru\/wp-json\/wp\/v2\/pages\/2324\/revisions"}],"predecessor-version":[{"id":6438,"href":"https:\/\/mademoiselle.flowers\/ru\/wp-json\/wp\/v2\/pages\/2324\/revisions\/6438"}],"wp:attachment":[{"href":"https:\/\/mademoiselle.flowers\/ru\/wp-json\/wp\/v2\/media?parent=2324"}],"curies":[{"name":"wp","href":"https:\/\/api.w.org\/{rel}","templated":true}]}}