{"id":3467,"date":"2021-09-23T18:18:19","date_gmt":"2021-09-23T16:18:19","guid":{"rendered":"https:\/\/mademoiselle.flowers\/?page_id=3467"},"modified":"2023-01-05T16:54:11","modified_gmt":"2023-01-05T15:54:11","slug":"livraison-fleurs-entreprise","status":"publish","type":"page","link":"https:\/\/mademoiselle.flowers\/ru\/delivery-flowers-company\/","title":{"rendered":"\u041a\u043e\u0440\u043f\u043e\u0440\u0430\u0442\u0438\u0432\u043d\u043e\u0435 \u043e\u0431\u0441\u043b\u0443\u0436\u0438\u0432\u0430\u043d\u0438\u0435"},"content":{"rendered":"<div class=\"wp-block-group grid about-section items-top deco-bottom deco-small\"><div class=\"wp-block-group__inner-container is-layout-flow wp-block-group-is-layout-flow\">\n<h1 class=\"wp-block-heading\"><\/h1>\n\n\n\n<div style=\"height:112px\" aria-hidden=\"true\" class=\"wp-block-spacer\"><\/div>\n\n\n\n<div class=\"wp-block-uagb-advanced-heading uagb-block-cfbacb8c font-serif text-25 font-normal primary\"><h1 class=\"uagb-heading-text\">\u0411\u0438\u0437\u043d\u0435\u0441-\u0440\u0435\u0448\u0435\u043d\u0438\u044f<\/h1><div class=\"uagb-separator-wrap\"><div class=\"uagb-separator\"><\/div><\/div><p class=\"uagb-desc-text\">\u041f\u0440\u0435\u043c\u0438\u0430\u043b\u044c\u043d\u043e\u0435 \u043f\u0440\u0435\u0434\u043b\u043e\u0436\u0435\u043d\u0438\u0435 \u0434\u043b\u044f \u043a\u043e\u043c\u043f\u0430\u043d\u0438\u0439, \u0437\u0430\u0431\u043e\u0442\u044f\u0449\u0438\u0445\u0441\u044f \u043e\u0431 \u0438\u043c\u0438\u0434\u0436\u0435<\/p><\/div>\n\n\n\n<div class=\"wp-block-columns m-t-none m-b-none is-layout-flex wp-container-core-columns-is-layout-9d6595d7 wp-block-columns-is-layout-flex\">\n<div class=\"wp-block-column grid about-section m-b-none is-layout-flow wp-block-column-is-layout-flow\">\n<p class=\"font-sans text-md font-light primary m-t-none m-b-none\">\u0416\u0438\u0437\u043d\u044c \u043a\u043e\u043c\u043f\u0430\u043d\u0438\u0438 - \u044d\u0442\u043e \u0442\u0430\u043a\u0436\u0435 \u043f\u0440\u0430\u0437\u0434\u043d\u043e\u0432\u0430\u043d\u0438\u0435 \u0441\u0438\u043b\u044c\u043d\u044b\u0445 \u043c\u043e\u043c\u0435\u043d\u0442\u043e\u0432 \u0441\u043e\u0442\u0440\u0443\u0434\u043d\u0438\u043a\u0430 (\u0440\u043e\u0436\u0434\u0435\u043d\u0438\u0435, \u0434\u0435\u043d\u044c \u0440\u043e\u0436\u0434\u0435\u043d\u0438\u044f, \u0441\u0432\u0430\u0434\u044c\u0431\u0430, ...), \u043d\u043e \u0442\u0430\u043a\u0436\u0435 \u0438 \u0440\u0430\u0437\u0434\u0435\u043b\u0435\u043d\u0438\u0435 \u0440\u0430\u0434\u043e\u0441\u0442\u0438 \u043e\u0442 \u0443\u0441\u043f\u0435\u0445\u0430 \u0438\u043b\u0438 \u043f\u043e\u0431\u0435\u0434\u044b. \u0412 \u043d\u0430\u0448\u0435 \u0432\u0440\u0435\u043c\u044f, \u043a\u043e\u0433\u0434\u0430 \u043d\u0430\u0435\u043c \u0441\u043e\u0442\u0440\u0443\u0434\u043d\u0438\u043a\u043e\u0432 \u043f\u043e\u0440\u043e\u0439 \u0441\u0442\u0430\u043d\u043e\u0432\u0438\u0442\u0441\u044f \u0441\u043b\u043e\u0436\u043d\u043e\u0439 \u043c\u0438\u0441\u0441\u0438\u0435\u0439, \u0441\u0438\u043b\u044c\u043d\u0430\u044f, \u0447\u0435\u043b\u043e\u0432\u0435\u0447\u043d\u0430\u044f \u0438 \u0440\u0430\u0434\u043e\u0441\u0442\u043d\u0430\u044f \u043a\u043e\u0440\u043f\u043e\u0440\u0430\u0442\u0438\u0432\u043d\u0430\u044f \u043a\u0443\u043b\u044c\u0442\u0443\u0440\u0430 \u043d\u0435\u043e\u0431\u0445\u043e\u0434\u0438\u043c\u0430 \u043a\u0430\u043a \u043d\u0438\u043a\u043e\u0433\u0434\u0430. <\/p>\n\n\n\n<p class=\"font-sans text-md font-light primary m-t-none m-b-none\">\u0414\u043b\u044f \u043a\u043e\u0440\u043f\u043e\u0440\u0430\u0442\u0438\u0432\u043d\u044b\u0445 \u043a\u043b\u0438\u0435\u043d\u0442\u043e\u0432 \u043c\u044b \u043f\u0440\u0435\u0434\u043b\u0430\u0433\u0430\u0435\u043c \u043f\u0440\u043e\u0441\u0442\u043e\u0435 \u0438 \u044d\u0444\u0444\u0435\u043a\u0442\u0438\u0432\u043d\u043e\u0435 \u0440\u0435\u0448\u0435\u043d\u0438\u0435: \u0441\u043a\u0438\u0434\u043a\u0438 \u0437\u0430 \u043e\u0431\u044a\u0435\u043c (<strong>\u043d\u0430 \u0432\u0435\u0441\u044c \u043d\u0430\u0448 \u0430\u0441\u0441\u043e\u0440\u0442\u0438\u043c\u0435\u043d\u0442<\/strong>), a <strong>VIP \u0442\u0435\u043b\u0435\u0444\u043e\u043d\u043d\u0430\u044f \u043b\u0438\u043d\u0438\u044f<\/strong> \u0447\u0442\u043e\u0431\u044b \u0440\u0430\u0437\u043c\u0435\u0441\u0442\u0438\u0442\u044c \u0441\u0432\u043e\u0438 \u0437\u0430\u043a\u0430\u0437\u044b.<br><\/p>\n\n\n\n<p><strong>\u0423 \u0432\u0430\u0441 \u0435\u0441\u0442\u044c \u0431\u0438\u0437\u043d\u0435\u0441-\u043f\u0440\u043e\u0435\u043a\u0442?<\/strong> \u0423 \u0432\u0430\u0441 \u0435\u0441\u0442\u044c \u043a\u043e\u043d\u043a\u0440\u0435\u0442\u043d\u0430\u044f \u043f\u043e\u0442\u0440\u0435\u0431\u043d\u043e\u0441\u0442\u044c? <a href=\"mailto:info@mademoiselle.flowers\">\u0421\u0432\u044f\u0436\u0438\u0442\u0435\u0441\u044c \u0441 \u043d\u0430\u043c\u0438<\/a><br><strong>\u041d\u0443\u0436\u043d\u043e \u0438\u043d\u0434\u0438\u0432\u0438\u0434\u0443\u0430\u043b\u044c\u043d\u043e\u0435 \u043f\u0440\u0435\u0434\u043b\u043e\u0436\u0435\u043d\u0438\u0435?<\/strong> <a href=\"mailto:info@mademoiselle.flowers\">\u0421\u0432\u044f\u0436\u0438\u0442\u0435\u0441\u044c \u0441 \u043d\u0430\u043c\u0438<\/a><\/p>\n\n\n\n<p class=\"font-sans text-md font-light primary m-t-none m-b-none\"><br><\/p>\n\n\n\n<p class=\"font-sans text-md font-light primary m-t-none m-b-none\"><\/p>\n<\/div>\n<\/div>\n\n\n\n<div class=\"wp-block-columns grid about-section is-layout-flex wp-container-core-columns-is-layout-9d6595d7 wp-block-columns-is-layout-flex\">\n<div class=\"wp-block-column who__container-right col-desk-6 col-tab-6 col-mob-4 p-l-none p-r-none is-layout-flow wp-block-column-is-layout-flow\">\n<figure class=\"wp-block-image size-large who__img-contain\"><img decoding=\"async\" width=\"350\" height=\"430\" src=\"https:\/\/mademoiselle.flowers\/wp-content\/uploads\/2021\/07\/Victoire-Ambiance-1.jpg\" alt=\"\u043e\u0442\u043f\u0440\u0430\u0432\u043a\u0430 \u0446\u0432\u0435\u0442\u043e\u0432 \u0441 \u0432\u044b\u0441\u0442\u0430\u0432\u043b\u0435\u043d\u0438\u0435\u043c \u0441\u0447\u0435\u0442\u0430\" class=\"wp-image-2705\" srcset=\"https:\/\/mademoiselle.flowers\/wp-content\/uploads\/2021\/07\/Victoire-Ambiance-1.jpg 350w, https:\/\/mademoiselle.flowers\/wp-content\/uploads\/2021\/07\/Victoire-Ambiance-1-10x12.jpg 10w\" sizes=\"(max-width: 350px) 100vw, 350px\" \/><\/figure>\n<\/div>\n\n\n\n<div class=\"wp-block-column col-desk-5 col-tab-5 col-mob-shift-0 col-mob-4 p-r-none p-l-none m-l-auto m-y-auto js-parallax-richtext is-layout-flow wp-block-column-is-layout-flow\">\n<h2 class=\"font-serif text-30 font-normal primary deco m-b-none m-t-none wp-block-heading\">\u0423\u043f\u0440\u043e\u0449\u0435\u043d\u043d\u043e\u0435 \u0432\u044b\u0441\u0442\u0430\u0432\u043b\u0435\u043d\u0438\u0435 \u0441\u0447\u0435\u0442\u043e\u0432<\/h2>\n\n\n\n<p class=\"font-sans text-md font-light primary m-t-none m-b-none\">\u0414\u043b\u044f <strong>\u0440\u0430\u0437\u043e\u0432\u0430\u044f \u043f\u043e\u043a\u0443\u043f\u043a\u0430<\/strong> \u0415\u0441\u043b\u0438 \u0432\u044b \u0445\u043e\u0442\u0438\u0442\u0435 \u0437\u0430\u043a\u0430\u0437\u044b\u0432\u0430\u0442\u044c \u043d\u0430\u0448\u0443 \u043f\u0440\u043e\u0434\u0443\u043a\u0446\u0438\u044e \u0432\u0440\u0435\u043c\u044f \u043e\u0442 \u0432\u0440\u0435\u043c\u0435\u043d\u0438, \u0432\u0430\u043c \u0434\u043e\u0441\u0442\u0430\u0442\u043e\u0447\u043d\u043e \u043e\u0444\u043e\u0440\u043c\u0438\u0442\u044c \u0437\u0430\u043a\u0430\u0437 \u043d\u0430 \u0441\u0430\u0439\u0442\u0435 \u0438 \u0443\u043a\u0430\u0437\u0430\u0442\u044c \u0441\u0432\u043e\u0439 \u043d\u043e\u043c\u0435\u0440 \u041d\u0414\u0421. \u041d\u0430\u0448 \u043f\u0430\u0440\u0442\u043d\u0435\u0440 \u0430\u0432\u0442\u043e\u043c\u0430\u0442\u0438\u0447\u0435\u0441\u043a\u0438 \u043e\u0442\u043f\u0440\u0430\u0432\u0438\u0442 \u0432\u0430\u043c \u0441\u0447\u0435\u0442 \u043f\u043e \u044d\u043b\u0435\u043a\u0442\u0440\u043e\u043d\u043d\u043e\u0439 \u043f\u043e\u0447\u0442\u0435. \u0414\u043b\u044f \u044d\u0442\u043e\u0433\u043e \u0432\u0430\u043c \u043f\u043e\u0442\u0440\u0435\u0431\u0443\u0435\u0442\u0441\u044f <strong>\u043a\u0440\u0435\u0434\u0438\u0442\u043d\u0430\u044f \u043a\u0430\u0440\u0442\u0430<\/strong>. \u0412\u0430\u0448 \u0441\u0447\u0435\u0442 \u043a\u043b\u0438\u0435\u043d\u0442\u0430 \u0437\u0430\u043f\u043e\u043c\u043d\u0438\u0442 \u0432\u0430\u0448\u0443 \u043f\u043b\u0430\u0442\u0435\u0436\u043d\u0443\u044e \u0438\u043d\u0444\u043e\u0440\u043c\u0430\u0446\u0438\u044e \u0434\u043b\u044f \u0441\u043b\u0435\u0434\u0443\u044e\u0449\u0435\u0433\u043e \u0437\u0430\u043a\u0430\u0437\u0430. \u041f\u0440\u043e\u0441\u0442\u043e\u0435 \u0440\u0435\u0448\u0435\u043d\u0438\u0435, \u043a\u043e\u0442\u043e\u0440\u043e\u0435 \u043f\u043e\u043d\u0440\u0430\u0432\u0438\u0442\u0441\u044f \u0432\u0430\u0448\u0435\u043c\u0443 \u0431\u0443\u0445\u0433\u0430\u043b\u0442\u0435\u0440\u0443.<\/p>\n\n\n\n<p class=\"font-sans text-md font-light primary m-t-none m-b-none\">\u0412\u044b \u043d\u0435 <strong>\u043d\u0435 \u0438\u043c\u0435\u044e\u0442 \u043a\u0440\u0435\u0434\u0438\u0442\u043d\u043e\u0439 \u043a\u0430\u0440\u0442\u044b \u043a\u043e\u043c\u043f\u0430\u043d\u0438\u0438<\/strong> ? \u042d\u0442\u043e \u043d\u043e\u0440\u043c\u0430\u043b\u044c\u043d\u043e, <a href=\"mailto:info@mademoiselle.flowers\">\u0441\u0432\u044f\u0436\u0438\u0442\u0435\u0441\u044c \u0441 \u043d\u0430\u043c\u0438 \u043f\u043e \u044d\u043b\u0435\u043a\u0442\u0440\u043e\u043d\u043d\u043e\u0439 \u043f\u043e\u0447\u0442\u0435<\/a>\u041c\u044b \u0441\u0432\u044f\u0436\u0435\u043c\u0441\u044f \u0441 \u0432\u0430\u043c\u0438 \u0432 \u0442\u0435\u0447\u0435\u043d\u0438\u0435 \u0447\u0430\u0441\u0430. \u041d\u0430\u0448 \u043f\u0430\u0440\u0442\u043d\u0435\u0440 \u043f\u0440\u0438\u043c\u0435\u0442 \u0432\u0430\u0448 \u0437\u0430\u043a\u0430\u0437 \u0438 \u043e\u0442\u043f\u0440\u0430\u0432\u0438\u0442 \u0432\u0430\u043c \u0441\u0447\u0435\u0442, \u043a\u043e\u0442\u043e\u0440\u044b\u0439 \u043d\u0435\u043e\u0431\u0445\u043e\u0434\u0438\u043c\u043e \u043e\u043f\u043b\u0430\u0442\u0438\u0442\u044c \u043f\u0435\u0440\u0435\u0434 \u043e\u0442\u043f\u0440\u0430\u0432\u043a\u043e\u0439. <\/p>\n\n\n\n<p class=\"font-sans text-md font-light primary m-t-none m-b-none\">\u0414\u043b\u044f<strong> 30-\u0434\u043d\u0435\u0432\u043d\u043e\u0435 \u0432\u044b\u0441\u0442\u0430\u0432\u043b\u0435\u043d\u0438\u0435 \u0441\u0447\u0435\u0442\u043e\u0432<\/strong>, <a href=\"mailto:info@mademoiselle.flowers\">\u0441\u0432\u044f\u0436\u0438\u0442\u0435\u0441\u044c \u0441 \u043d\u0430\u043c\u0438 \u043f\u043e \u044d\u043b\u0435\u043a\u0442\u0440\u043e\u043d\u043d\u043e\u0439 \u043f\u043e\u0447\u0442\u0435<\/a>\u041c\u044b \u0441\u0432\u044f\u0436\u0435\u043c\u0441\u044f \u0441 \u0432\u0430\u043c\u0438 \u0432 \u0442\u0435\u0447\u0435\u043d\u0438\u0435 \u0447\u0430\u0441\u0430. \u041c\u044b \u0432\u043c\u0435\u0441\u0442\u0435 \u0441\u043e\u0437\u0434\u0430\u0434\u0438\u043c \u0441\u0447\u0435\u0442 \u043a\u043b\u0438\u0435\u043d\u0442\u0430. \u0412 \u043a\u043e\u043d\u0446\u0435 \u043c\u0435\u0441\u044f\u0446\u0430 \u0432\u044b \u043f\u043e\u043b\u0443\u0447\u0438\u0442\u0435 \u0441\u0432\u043e\u0434\u043d\u044b\u0439 \u0441\u0447\u0435\u0442 \u043d\u0430 \u043e\u043f\u043b\u0430\u0442\u0443 \u0432\u0430\u0448\u0438\u0445 \u043f\u043e\u043a\u0443\u043f\u043e\u043a, \u043f\u043e\u0434\u043b\u0435\u0436\u0430\u0449\u0438\u0439 \u043e\u043f\u043b\u0430\u0442\u0435 \u0432 \u0442\u0435\u0447\u0435\u043d\u0438\u0435 30 \u0434\u043d\u0435\u0439.<\/p>\n\n\n\n<div style=\"height:74px\" aria-hidden=\"true\" class=\"wp-block-spacer\"><\/div>\n<\/div>\n<\/div>\n\n\n\n<div class=\"wp-block-columns grid about-section is-layout-flex wp-container-core-columns-is-layout-9d6595d7 wp-block-columns-is-layout-flex\">\n<div class=\"wp-block-column col-desk-5 col-tab-5 col-mob-4 p-l-none p-r-none m-y-auto js-parallax-richtext is-layout-flow wp-block-column-is-layout-flow\">\n<h2 class=\"font-serif text-30 font-normal primary deco m-b-none wp-block-heading\">\u0417\u0430\u043a\u0430\u0437 \u0438\u0437 3 \u0431\u0443\u043a\u0435\u0442\u043e\u0432 (\u0438 \u0431\u043e\u043b\u0435\u0435...)?<\/h2>\n\n\n\n<p class=\"font-sans text-md font-light primary m-t-none m-b-none\">\u0414\u043b\u044f <strong>\u043c\u0430\u0441\u0441\u043e\u0432\u0430\u044f \u0437\u0430\u043a\u0443\u043f\u043a\u0430<\/strong> (\u043e\u0442 3 \u0431\u0443\u043a\u0435\u0442\u043e\u0432), \u043d\u0435 \u043d\u0443\u0436\u043d\u043e \u043e\u0444\u043e\u0440\u043c\u043b\u044f\u0442\u044c \u0437\u0430\u043a\u0430\u0437 \u043e\u043d\u043b\u0430\u0439\u043d, \u0441\u043b\u0443\u0436\u0431\u0430 \u0441\u0435\u0440\u0432\u0438\u0441\u0430 \u043d\u0430\u0448\u0435\u0439 \u043a\u043e\u043c\u043f\u0430\u043d\u0438\u0438 \u043f\u043e\u0437\u0430\u0431\u043e\u0442\u0438\u0442\u0441\u044f \u043e \u0440\u0430\u0437\u043c\u0435\u0449\u0435\u043d\u0438\u0438 \u0437\u0430\u043a\u0430\u0437\u0430 \u0438 \u0432\u044b\u0448\u043b\u0435\u0442 \u0432\u0430\u043c \u0441\u0447\u0435\u0442-\u0444\u0430\u043a\u0442\u0443\u0440\u0443. \u041e\u043f\u043b\u0430\u0442\u0430 \u0431\u0443\u0434\u0435\u0442 \u043f\u0440\u043e\u0438\u0437\u0432\u0435\u0434\u0435\u043d\u0430 \u043f\u043e\u0441\u043b\u0435 \u043f\u043e\u043b\u0443\u0447\u0435\u043d\u0438\u044f \u0441\u0447\u0435\u0442\u0430-\u0444\u0430\u043a\u0442\u0443\u0440\u044b. \u041c\u044b \u043e\u0442\u043f\u0440\u0430\u0432\u0438\u043c \u0431\u0443\u043a\u0435\u0442\u044b \u043f\u043e\u0441\u043b\u0435 \u043e\u043f\u043b\u0430\u0442\u044b \u0438\u043b\u0438 \u043d\u0430\u043f\u0440\u044f\u043c\u0443\u044e, \u0435\u0441\u043b\u0438 \u0443 \u0432\u0430\u0441 \u0437\u0430\u043a\u043b\u044e\u0447\u0435\u043d \u0440\u0430\u043c\u043e\u0447\u043d\u044b\u0439 \u0434\u043e\u0433\u043e\u0432\u043e\u0440. <a href=\"mailto:info@mademoiselle.flowers\">\u0421\u0432\u044f\u0436\u0438\u0442\u0435\u0441\u044c \u0441 \u043d\u0430\u043c\u0438 \u0434\u043b\u044f \u043e\u0431\u0441\u0443\u0436\u0434\u0435\u043d\u0438\u044f.<\/a><\/p>\n<\/div>\n\n\n\n<div class=\"wp-block-column col-desk-6 col-tab-6 col-mob-4 p-r-none p-l-none m-l-auto is-layout-flow wp-block-column-is-layout-flow\">\n<figure class=\"wp-block-image size-large who__img-contain\"><img decoding=\"async\" width=\"1460\" height=\"973\" src=\"https:\/\/mademoiselle.flowers\/wp-content\/uploads\/2021\/07\/Charlotte-HOME-1460x973.jpg\" alt=\"\u0417\u0430\u043a\u0430\u0437\u0430\u0442\u044c \u0431\u0443\u043a\u0435\u0442\u044b \u043d\u0430 \u0434\u0435\u043d\u044c \u0440\u043e\u0436\u0434\u0435\u043d\u0438\u044f \u043a\u043e\u043b\u043b\u0435\u0433\u0438\" class=\"wp-image-2712\" srcset=\"https:\/\/mademoiselle.flowers\/wp-content\/uploads\/2021\/07\/Charlotte-HOME-1460x973.jpg 1460w, https:\/\/mademoiselle.flowers\/wp-content\/uploads\/2021\/07\/Charlotte-HOME-600x400.jpg 600w, https:\/\/mademoiselle.flowers\/wp-content\/uploads\/2021\/07\/Charlotte-HOME-768x512.jpg 768w, https:\/\/mademoiselle.flowers\/wp-content\/uploads\/2021\/07\/Charlotte-HOME-1600x1066.jpg 1600w, https:\/\/mademoiselle.flowers\/wp-content\/uploads\/2021\/07\/Charlotte-HOME-1536x1024.jpg 1536w, https:\/\/mademoiselle.flowers\/wp-content\/uploads\/2021\/07\/Charlotte-HOME-16x12.jpg 16w, https:\/\/mademoiselle.flowers\/wp-content\/uploads\/2021\/07\/Charlotte-HOME-700x467.jpg 700w, https:\/\/mademoiselle.flowers\/wp-content\/uploads\/2021\/07\/Charlotte-HOME-1920x1280.jpg 1920w, https:\/\/mademoiselle.flowers\/wp-content\/uploads\/2021\/07\/Charlotte-HOME.jpg 2048w\" sizes=\"(max-width: 1460px) 100vw, 1460px\" \/><\/figure>\n\n\n\n<div style=\"height:35px\" aria-hidden=\"true\" class=\"wp-block-spacer\"><\/div>\n<\/div>\n<\/div>\n\n\n\n<div class=\"wp-block-columns grid about-section items-top p-l-none p-r-none is-layout-flex wp-container-core-columns-is-layout-9d6595d7 wp-block-columns-is-layout-flex\">\n<div class=\"wp-block-column who__container-right col-desk-6 col-tab-6 col-mob-4 p-l-none p-r-none is-layout-flow wp-block-column-is-layout-flow\">\n<figure class=\"wp-block-image size-large who__img-contain\"><img decoding=\"async\" width=\"1154\" height=\"1460\" src=\"https:\/\/mademoiselle.flowers\/wp-content\/uploads\/2021\/02\/QUE-PENSE-1154x1460.jpg\" alt=\"\u0434\u043e\u0441\u0442\u0430\u0432\u043a\u0430 \u0446\u0432\u0435\u0442\u043e\u0432 \u0441 \u0432\u044b\u0441\u0442\u0430\u0432\u043b\u0435\u043d\u0438\u0435\u043c \u0441\u0447\u0435\u0442\u0430\" class=\"wp-image-1152\" srcset=\"https:\/\/mademoiselle.flowers\/wp-content\/uploads\/2021\/02\/QUE-PENSE-1154x1460.jpg 1154w, https:\/\/mademoiselle.flowers\/wp-content\/uploads\/2021\/02\/QUE-PENSE-474x600.jpg 474w, https:\/\/mademoiselle.flowers\/wp-content\/uploads\/2021\/02\/QUE-PENSE-768x972.jpg 768w, https:\/\/mademoiselle.flowers\/wp-content\/uploads\/2021\/02\/QUE-PENSE-1600x2025.jpg 1600w, https:\/\/mademoiselle.flowers\/wp-content\/uploads\/2021\/02\/QUE-PENSE-1214x1536.jpg 1214w, https:\/\/mademoiselle.flowers\/wp-content\/uploads\/2021\/02\/QUE-PENSE-1618x2048.jpg 1618w, https:\/\/mademoiselle.flowers\/wp-content\/uploads\/2021\/02\/QUE-PENSE-9x12.jpg 9w, https:\/\/mademoiselle.flowers\/wp-content\/uploads\/2021\/02\/QUE-PENSE-700x886.jpg 700w, https:\/\/mademoiselle.flowers\/wp-content\/uploads\/2021\/02\/QUE-PENSE-1920x2430.jpg 1920w, https:\/\/mademoiselle.flowers\/wp-content\/uploads\/2021\/02\/QUE-PENSE-scaled.jpg 2023w\" sizes=\"(max-width: 1154px) 100vw, 1154px\" \/><\/figure>\n<\/div>\n\n\n\n<div class=\"wp-block-column col-desk-5 col-tab-5 col-mob-shift-0 col-mob-4 p-r-none p-l-none m-l-auto m-y-auto js-parallax-richtext is-layout-flow wp-block-column-is-layout-flow\">\n<h2 class=\"font-serif text-30 font-normal primary deco m-b-none m-t-none wp-block-heading\">\u0410\u0434\u0430\u043f\u0442\u0438\u0440\u043e\u0432\u0430\u043d\u043d\u044b\u0435 \u043f\u043e\u0441\u0442\u0430\u0432\u043a\u0438<\/h2>\n\n\n\n<p class=\"font-sans text-md font-light primary m-t-none m-b-none\">\u0415\u0441\u043b\u0438 \u0432\u044b \u0445\u043e\u0442\u0438\u0442\u0435, \u0447\u0442\u043e\u0431\u044b \u0432\u0430\u0448\u0438 \u0442\u043e\u0432\u0430\u0440\u044b \u0431\u044b\u043b\u0438 \u0434\u043e\u0441\u0442\u0430\u0432\u043b\u0435\u043d\u044b <strong>\u043d\u0435\u0441\u043a\u043e\u043b\u044c\u043a\u043e \u0431\u0443\u043a\u0435\u0442\u043e\u0432 \u043f\u043e \u043e\u0434\u043d\u043e\u043c\u0443 \u0430\u0434\u0440\u0435\u0441\u0443<\/strong> (\u0447\u0430\u0441\u0442\u043e \u0432\u0430\u0448\u0435\u0439 \u043a\u043e\u043c\u043f\u0430\u043d\u0438\u0438) \u0441 \u0438\u043d\u0434\u0438\u0432\u0438\u0434\u0443\u0430\u043b\u044c\u043d\u044b\u043c\u0438 \u0441\u043e\u043e\u0431\u0449\u0435\u043d\u0438\u044f\u043c\u0438, <a href=\"mailto:info@mademoiselle.flowers\">\u0441\u0432\u044f\u0437\u0430\u0442\u044c\u0441\u044f \u0441 \u043d\u0430\u043c\u0438<\/a>\u041c\u044b \u043f\u0440\u0435\u0434\u043b\u0430\u0433\u0430\u0435\u043c \u0433\u0440\u0443\u043f\u043f\u043e\u0432\u0443\u044e \u0434\u043e\u0441\u0442\u0430\u0432\u043a\u0443 \u0441 \u0430\u0434\u0430\u043f\u0442\u0438\u0440\u043e\u0432\u0430\u043d\u043d\u043e\u0439 \u0441\u0442\u043e\u0438\u043c\u043e\u0441\u0442\u044c\u044e \u0434\u043e\u0441\u0442\u0430\u0432\u043a\u0438.<\/p>\n\n\n\n<div style=\"height:100px\" aria-hidden=\"true\" class=\"wp-block-spacer\"><\/div>\n<\/div>\n<\/div>\n\n\n\n<div class=\"wp-block-columns is-layout-flex wp-container-core-columns-is-layout-9d6595d7 wp-block-columns-is-layout-flex\">\n<div class=\"wp-block-column grid about-section is-layout-flow wp-block-column-is-layout-flow\">\n<h2 class=\"font-serif text-30 font-normal primary deco m-b-none wp-block-heading\">\u041d\u0430\u0448\u0438 \u0430\u0431\u043e\u043d\u0435\u043c\u0435\u043d\u0442\u044b, \u0434\u043b\u044f \u0435\u0436\u0435\u043c\u0435\u0441\u044f\u0447\u043d\u044b\u0445 \u0446\u0432\u0435\u0442\u043e\u0432 \u0432 \u0432\u0430\u0448\u0435\u043c \u043e\u0444\u0438\u0441\u0435<\/h2>\n\n\n\n<p class=\"font-sans text-md font-light primary m-t-none m-b-none\">\u041a\u0430\u0436\u0434\u044b\u0439 \u043c\u0435\u0441\u044f\u0446 \u0434\u043e\u0431\u0430\u0432\u043b\u044f\u0439\u0442\u0435 \u043d\u0435\u0436\u043d\u043e\u0435 \u043f\u0440\u0438\u043a\u043e\u0441\u043d\u043e\u0432\u0435\u043d\u0438\u0435 \u0431\u0443\u043a\u0435\u0442\u0430 mademoiselle \u043a \u0432\u0430\u0448\u0435\u043c\u0443 \u043f\u0440\u043e\u0444\u0435\u0441\u0441\u0438\u043e\u043d\u0430\u043b\u044c\u043d\u043e\u043c\u0443 \u043f\u0440\u043e\u0441\u0442\u0440\u0430\u043d\u0441\u0442\u0432\u0443. \u041c\u044b \u043f\u0440\u0435\u0434\u043b\u0430\u0433\u0430\u0435\u043c \u0432\u0430\u043c \u043d\u0430\u0448 \u0430\u0441\u0441\u043e\u0440\u0442\u0438\u043c\u0435\u043d\u0442 \u0431\u0443\u043a\u0435\u0442\u043e\u0432 \u0432 \u043a\u0430\u0447\u0435\u0441\u0442\u0432\u0435 \u043f\u0440\u043e\u0444\u0435\u0441\u0441\u0438\u043e\u043d\u0430\u043b\u044c\u043d\u043e\u0439 \u043f\u043e\u0434\u043f\u0438\u0441\u043a\u0438 - \u0441\u0447\u0435\u0442 \u0432\u043a\u043b\u044e\u0447\u0435\u043d. <br>\u041e\u0442\u043a\u0440\u043e\u0439\u0442\u0435 \u0434\u043b\u044f \u0441\u0435\u0431\u044f \u043d\u0430\u0448\u0438 <a href=\"https:\/\/mademoiselle.flowers\/ru\/our-subscriptions\/\">\u0440\u0435\u0448\u0435\u043d\u0438\u044f \u043f\u043e \u0435\u0436\u0435\u043c\u0435\u0441\u044f\u0447\u043d\u043e\u0439 \u043f\u043e\u0434\u043f\u0438\u0441\u043a\u0435<\/a>.<\/p>\n\n\n\n<div style=\"height:168px\" aria-hidden=\"true\" class=\"wp-block-spacer\"><\/div>\n\n\n\n<p class=\"font-sans text-md font-light primary m-t-none m-b-none\"><br><\/p>\n\n\n\n<div style=\"height:22px\" aria-hidden=\"true\" class=\"wp-block-spacer\"><\/div>\n<\/div>\n<\/div>\n<\/div><\/div>","protected":false},"excerpt":{"rendered":"<p>\u0420\u0435\u0448\u0435\u043d\u0438\u044f \u0434\u043b\u044f \u0431\u0438\u0437\u043d\u0435\u0441\u0430 \u041f\u0440\u0435\u043c\u0438\u0430\u043b\u044c\u043d\u043e\u0435 \u043f\u0440\u0435\u0434\u043b\u043e\u0436\u0435\u043d\u0438\u0435 \u0434\u043b\u044f \u0438\u043c\u0438\u0434\u0436\u0435\u0432\u044b\u0445 \u043a\u043e\u043c\u043f\u0430\u043d\u0438\u0439 \u041a\u043e\u0440\u043f\u043e\u0440\u0430\u0442\u0438\u0432\u043d\u0430\u044f \u0436\u0438\u0437\u043d\u044c - \u044d\u0442\u043e \u0438 \u043f\u0440\u0430\u0437\u0434\u043d\u043e\u0432\u0430\u043d\u0438\u0435 \u043e\u0441\u043e\u0431\u044b\u0445 \u043c\u043e\u043c\u0435\u043d\u0442\u043e\u0432 \u0432 \u0436\u0438\u0437\u043d\u0438 \u0441\u043e\u0442\u0440\u0443\u0434\u043d\u0438\u043a\u0430 (\u0440\u043e\u0436\u0434\u0435\u043d\u0438\u044f, \u0434\u043d\u044f \u0440\u043e\u0436\u0434\u0435\u043d\u0438\u044f, \u0441\u0432\u0430\u0434\u044c\u0431\u044b \u0438 \u0442. \u0434.), \u0438 \u0440\u0430\u0434\u043e\u0441\u0442\u044c \u043e\u0442 \u0443\u0441\u043f\u0435\u0445\u0430 \u0438\u043b\u0438 \u043f\u043e\u0431\u0435\u0434\u044b. \u0412 \u0442\u043e \u0432\u0440\u0435\u043c\u044f, \u043a\u043e\u0433\u0434\u0430 \u043f\u0440\u0438\u0432\u043b\u0435\u0447\u0435\u043d\u0438\u0435 \u043d\u043e\u0432\u044b\u0445 \u0441\u043e\u0442\u0440\u0443\u0434\u043d\u0438\u043a\u043e\u0432 \u043c\u043e\u0436\u0435\u0442 \u0431\u044b\u0442\u044c \u0441\u043b\u043e\u0436\u043d\u043e\u0439 \u0437\u0430\u0434\u0430\u0447\u0435\u0439, \u0441\u0438\u043b\u044c\u043d\u0430\u044f \u043a\u043e\u0440\u043f\u043e\u0440\u0430\u0442\u0438\u0432\u043d\u0430\u044f \u043a\u0443\u043b\u044c\u0442\u0443\u0440\u0430, [...]...<\/p>","protected":false},"author":439,"featured_media":0,"parent":0,"menu_order":0,"comment_status":"closed","ping_status":"closed","template":"","meta":{"inline_featured_image":false,"_uag_custom_page_level_css":"","footnotes":""},"class_list":["post-3467","page","type-page","status-publish","hentry"],"acf":[],"uagb_featured_image_src":{"full":false,"thumbnail":false,"medium":false,"medium_large":false,"large":false,"gs-tiny":false,"xl":false,"xxl":false,"xxxl":false,"xxxxl":false,"xxxxxl":false,"1536x1536":false,"2048x2048":false,"trp-custom-language-flag":false,"woocommerce_thumbnail":false,"woocommerce_single":false,"woocommerce_gallery_thumbnail":false},"uagb_author_info":{"display_name":"","author_link":"https:\/\/mademoiselle.flowers\/ru\/author\/ml-si\/"},"uagb_comment_info":0,"uagb_excerpt":"Solutions pour Entreprises Une offre premium pour les soci\u00e9t\u00e9s soucieuses de leur image La vie d&rsquo;une entreprise, c&rsquo;est \u00e9galement f\u00eater les moments forts d&rsquo;un employ\u00e9 (naissance, anniversaire, mariage, &#8230;) mais aussi partager la joie d&rsquo;une r\u00e9ussite ou d&rsquo;une victoire. \u00c0 l&rsquo;heure o\u00f9 le recrutement de collaborateurs est parfois une mission compliqu\u00e9e, une culture d&rsquo;entreprise forte,&hellip;","_links":{"self":[{"href":"https:\/\/mademoiselle.flowers\/ru\/wp-json\/wp\/v2\/pages\/3467","targetHints":{"allow":["GET"]}}],"collection":[{"href":"https:\/\/mademoiselle.flowers\/ru\/wp-json\/wp\/v2\/pages"}],"about":[{"href":"https:\/\/mademoiselle.flowers\/ru\/wp-json\/wp\/v2\/types\/page"}],"author":[{"embeddable":true,"href":"https:\/\/mademoiselle.flowers\/ru\/wp-json\/wp\/v2\/users\/439"}],"replies":[{"embeddable":true,"href":"https:\/\/mademoiselle.flowers\/ru\/wp-json\/wp\/v2\/comments?post=3467"}],"version-history":[{"count":9,"href":"https:\/\/mademoiselle.flowers\/ru\/wp-json\/wp\/v2\/pages\/3467\/revisions"}],"predecessor-version":[{"id":6323,"href":"https:\/\/mademoiselle.flowers\/ru\/wp-json\/wp\/v2\/pages\/3467\/revisions\/6323"}],"wp:attachment":[{"href":"https:\/\/mademoiselle.flowers\/ru\/wp-json\/wp\/v2\/media?parent=3467"}],"curies":[{"name":"wp","href":"https:\/\/api.w.org\/{rel}","templated":true}]}}