{"id":65,"date":"2020-12-22T08:50:36","date_gmt":"2020-12-22T08:50:36","guid":{"rendered":"https:\/\/beta.mademoiselle.flowers\/?page_id=65"},"modified":"2023-01-05T17:35:05","modified_gmt":"2023-01-05T16:35:05","slug":"terms-of-sales","status":"publish","type":"page","link":"https:\/\/mademoiselle.flowers\/ru\/%d1%83%d1%81%d0%bb%d0%be%d0%b2%d0%b8%d1%8f-%d0%bf%d1%80%d0%be%d0%b4%d0%b0%d0%b6%d0%b8\/","title":{"rendered":"\u0423\u0441\u043b\u043e\u0432\u0438\u044f"},"content":{"rendered":"<h1 class=\"wp-block-heading\">\u041e\u0431\u0449\u0438\u0435 \u043f\u043e\u043b\u043e\u0436\u0435\u043d\u0438\u044f \u0438 \u0443\u0441\u043b\u043e\u0432\u0438\u044f<\/h1>\n\n\n\n<p class=\"font-sans text-md font-light primary m-t-none m-b-none\">\u041a\u043e\u043c\u043f\u0430\u043d\u0438\u044f, \u043f\u0443\u0431\u043b\u0438\u043a\u0443\u044e\u0449\u0430\u044f \u044d\u0442\u043e\u0442 \u0441\u0430\u0439\u0442: <br><br>mademoiselle flowers SRL - 242 Av de la Couronnne - 1050 Brussels Belgium.<\/p>\n\n\n\n<p><\/p>\n\n\n\n<p class=\"font-sans text-md font-light primary m-t-none m-b-none\">\u0412\u0441\u0435 \u0442\u043e\u0432\u0430\u0440\u044b (\u0446\u0432\u0435\u0442\u044b, \u0440\u0430\u0441\u0442\u0435\u043d\u0438\u044f, \u0448\u043e\u043a\u043e\u043b\u0430\u0434 \u0438 \u0442.\u0434.), \u043f\u0440\u0435\u0434\u0441\u0442\u0430\u0432\u043b\u0435\u043d\u043d\u044b\u0435 \u043d\u0430 \u044d\u0442\u043e\u043c \u0441\u0430\u0439\u0442\u0435, \u043f\u0440\u043e\u0434\u0430\u044e\u0442\u0441\u044f \u043a\u043e\u043c\u043f\u0430\u043d\u0438\u0435\u0439 Aquarelle S.A. \u0421\u0430\u0439\u0442 mademoiselle.flowers \u043f\u043e\u0437\u0432\u043e\u043b\u044f\u0435\u0442 \u043f\u043e\u043b\u044c\u0437\u043e\u0432\u0430\u0442\u0435\u043b\u044f\u043c \u0418\u043d\u0442\u0435\u0440\u043d\u0435\u0442\u0430 \u0441\u0432\u044f\u0437\u0430\u0442\u044c\u0441\u044f \u0441 \u043a\u043e\u043c\u043f\u0430\u043d\u0438\u0435\u0439 Aquarelle S.A., \u043a\u043e\u0442\u043e\u0440\u0430\u044f \u0431\u0443\u0434\u0435\u0442 \u043e\u0442\u0432\u0435\u0447\u0430\u0442\u044c \u0437\u0430 \u043f\u0440\u0438\u0435\u043c \u0437\u0430\u043a\u0430\u0437\u0430, \u043f\u043e\u0434\u0433\u043e\u0442\u043e\u0432\u043a\u0443 \u0431\u0443\u043a\u0435\u0442\u0430, \u043b\u043e\u0433\u0438\u0441\u0442\u0438\u043a\u0443 \u0438 \u043e\u0442\u043d\u043e\u0448\u0435\u043d\u0438\u044f \u0441 \u043a\u043b\u0438\u0435\u043d\u0442\u0430\u043c\u0438. <\/p>\n\n\n\n<p><\/p>\n\n\n\n<p class=\"font-sans text-md font-light primary m-t-none m-b-none\">\u0426\u0432\u0435\u0442\u044b mademoiselle SRL, \u0441\u043b\u0435\u0434\u043e\u0432\u0430\u0442\u0435\u043b\u044c\u043d\u043e, \u043d\u0435 \u043f\u043e\u0434\u0434\u0435\u0440\u0436\u0438\u0432\u0430\u044e\u0442 <strong>\u043e\u0442\u0441\u0443\u0442\u0441\u0442\u0432\u0438\u0435 \u043a\u043e\u043c\u043c\u0435\u0440\u0447\u0435\u0441\u043a\u0438\u0445 \u043e\u0442\u043d\u043e\u0448\u0435\u043d\u0438\u0439<\/strong> \u0441 \u043f\u043e\u043a\u0443\u043f\u0430\u0442\u0435\u043b\u0435\u043c \u0431\u0443\u043a\u0435\u0442\u0430\/\u0440\u0430\u0441\u0442\u0435\u043d\u0438\u044f\/\u0430\u043a\u0441\u0435\u0441\u0441\u0443\u0430\u0440\u043e\u0432 (\u0448\u043e\u043a\u043e\u043b\u0430\u0434, \u0432\u0430\u0437\u044b \u0438 \u0442.\u0434.).<\/p>\n\n\n\n<p><\/p>\n\n\n\n<h2 class=\"wp-block-heading\"><strong>\u0421\u0442\u0430\u0442\u044c\u044f 1: \u0426\u0435\u043d\u044b \u043d\u0430 \u043f\u0440\u043e\u0434\u0443\u043a\u0446\u0438\u044e<\/strong><\/h2>\n\n\n\n<p class=\"font-sans text-md font-light primary m-t-none m-b-none\">\u0426\u0435\u043d\u044b \u043d\u0430 \u043f\u0440\u043e\u0434\u0443\u043a\u0446\u0438\u044e \u0443\u043a\u0430\u0437\u0430\u043d\u044b \u0432 \u0435\u0432\u0440\u043e \u0441 \u0443\u0447\u0435\u0442\u043e\u043c \u0432\u0441\u0435\u0445 \u043d\u0430\u043b\u043e\u0433\u043e\u0432. \u0426\u0435\u043d\u044b \u043d\u0430 \u043f\u0440\u043e\u0434\u0443\u043a\u0446\u0438\u044e \u043d\u0435 \u0432\u043a\u043b\u044e\u0447\u0430\u044e\u0442 \u0441\u0442\u043e\u0438\u043c\u043e\u0441\u0442\u044c \u0434\u043e\u0441\u0442\u0430\u0432\u043a\u0438 (\u0442\u0440\u0430\u043d\u0441\u043f\u043e\u0440\u0442\u043d\u044b\u0435 \u0440\u0430\u0441\u0445\u043e\u0434\u044b). \u0421\u0443\u043c\u043c\u0430 \u0440\u0430\u0441\u0445\u043e\u0434\u043e\u0432 \u043d\u0430 \u0434\u043e\u0441\u0442\u0430\u0432\u043a\u0443 \u0431\u0443\u0434\u0435\u0442 \u0443\u043a\u0430\u0437\u0430\u043d\u0430 \u0432 \u0444\u043e\u0440\u043c\u0435 \u0437\u0430\u043a\u0430\u0437\u0430 \u0434\u043e \u043f\u043e\u0434\u0442\u0432\u0435\u0440\u0436\u0434\u0435\u043d\u0438\u044f \u043f\u0440\u043e\u0434\u0430\u0436\u0438.<br>\u041f\u0440\u043e\u0434\u0443\u043a\u0446\u0438\u044f \u043f\u043e\u0441\u0442\u0430\u0432\u043b\u044f\u0435\u0442\u0441\u044f \u043f\u043e \u0446\u0435\u043d\u0435, \u0434\u0435\u0439\u0441\u0442\u0432\u0443\u044e\u0449\u0435\u0439 \u043d\u0430 \u043c\u043e\u043c\u0435\u043d\u0442 \u0440\u0430\u0437\u043c\u0435\u0449\u0435\u043d\u0438\u044f \u0437\u0430\u043a\u0430\u0437\u0430 \u0443 \u043d\u0430\u0448\u0435\u0433\u043e \u043f\u0430\u0440\u0442\u043d\u0435\u0440\u0430.<\/p>\n\n\n\n<h2 class=\"wp-block-heading\"><strong>\u0421\u0442\u0430\u0442\u044c\u044f 2: \u0416\u0430\u043b\u043e\u0431\u044b<\/strong><\/h2>\n\n\n\n<p class=\"font-sans text-md font-light primary m-t-none m-b-none\">\u041f\u043e \u0432\u0441\u0435\u043c \u043f\u0440\u0435\u0442\u0435\u043d\u0437\u0438\u044f\u043c, \u0436\u0430\u043b\u043e\u0431\u0430\u043c \u0438\u043b\u0438 \u0432\u043e\u043f\u0440\u043e\u0441\u0430\u043c, \u0441\u0432\u044f\u0437\u0430\u043d\u043d\u044b\u043c \u0441 \u0432\u0430\u0448\u0438\u043c \u0437\u0430\u043a\u0430\u0437\u043e\u043c, \u043e\u0431\u0440\u0430\u0449\u0430\u0439\u0442\u0435\u0441\u044c \u0432 \u043e\u0442\u0434\u0435\u043b \u043f\u0440\u043e\u0434\u0430\u0436 \u043a\u043e\u043c\u043f\u0430\u043d\u0438\u0438 <strong>Aquarelle-Boeckx NV.<\/strong> Meir, 24 Bus 7 | 2000 Antwerpen | BE - Belgium | info@aquarelle.be, \u043e\u0442\u0432\u0435\u0442\u0441\u0442\u0432\u0435\u043d\u043d\u044b\u0439 \u0437\u0430 \u0432\u0430\u0448 \u0437\u0430\u043a\u0430\u0437.<\/p>\n\n\n\n<h2 class=\"wp-block-heading\"><strong>\u0421\u0442\u0430\u0442\u044c\u044f 3: \u0423\u043f\u0440\u0430\u0432\u043b\u0435\u043d\u0438\u0435 \u043f\u0435\u0440\u0441\u043e\u043d\u0430\u043b\u044c\u043d\u044b\u043c\u0438 \u0434\u0430\u043d\u043d\u044b\u043c\u0438<\/strong><\/h2>\n\n\n\n<p class=\"font-sans text-md font-light primary m-t-none m-b-none\">mademoiselle \u0443\u0434\u0435\u043b\u044f\u0435\u0442 \u043e\u0441\u043e\u0431\u043e\u0435 \u0432\u043d\u0438\u043c\u0430\u043d\u0438\u0435 \u0437\u0430\u0449\u0438\u0442\u0435 \u043f\u0435\u0440\u0441\u043e\u043d\u0430\u043b\u044c\u043d\u044b\u0445 \u0434\u0430\u043d\u043d\u044b\u0445 \u0441\u0432\u043e\u0438\u0445 \u043a\u043b\u0438\u0435\u043d\u0442\u043e\u0432. \u041f\u043e\u044d\u0442\u043e\u043c\u0443 \u043c\u044b \u043e\u0431\u044f\u0437\u0443\u0435\u043c\u0441\u044f \u0441\u043e\u0431\u043b\u044e\u0434\u0430\u0442\u044c \u0437\u0430\u043a\u043e\u043d \u2116 78-17 \u043e\u0442 6 \u044f\u043d\u0432\u0430\u0440\u044f 1978 \u0433\u043e\u0434\u0430, \u043a\u0430\u0441\u0430\u044e\u0449\u0438\u0439\u0441\u044f \u043e\u0431\u0440\u0430\u0431\u043e\u0442\u043a\u0438 \u0434\u0430\u043d\u043d\u044b\u0445, \u0444\u0430\u0439\u043b\u043e\u0432 \u0438 \u0441\u0432\u043e\u0431\u043e\u0434, \u0438\u0437\u043c\u0435\u043d\u0435\u043d\u043d\u044b\u0439 \u0415\u0432\u0440\u043e\u043f\u0435\u0439\u0441\u043a\u0438\u043c \u0440\u0435\u0433\u043b\u0430\u043c\u0435\u043d\u0442\u043e\u043c 2016\/679 \u043e\u0442 27 \u0430\u043f\u0440\u0435\u043b\u044f 2016 \u0433\u043e\u0434\u0430 \u043e \u0437\u0430\u0449\u0438\u0442\u0435 \u043f\u0435\u0440\u0441\u043e\u043d\u0430\u043b\u044c\u043d\u044b\u0445 \u0434\u0430\u043d\u043d\u044b\u0445, \u0438\u0437\u0432\u0435\u0441\u0442\u043d\u044b\u043c \u043a\u0430\u043a RGPD.<\/p>\n\n\n\n<p class=\"font-sans text-md font-light primary m-t-none m-b-none\">\u0418\u0441\u043f\u043e\u043b\u044c\u0437\u0443\u044f \u0441\u0430\u0439\u0442 mademoiselle.flowers, \u0432\u044b \u0441\u043e\u0433\u043b\u0430\u0448\u0430\u0435\u0442\u0435\u0441\u044c \u043d\u0430 \u0441\u0431\u043e\u0440 \u0438 \u0438\u0441\u043f\u043e\u043b\u044c\u0437\u043e\u0432\u0430\u043d\u0438\u0435 \u0432\u0430\u0448\u0438\u0445 \u043f\u0435\u0440\u0441\u043e\u043d\u0430\u043b\u044c\u043d\u044b\u0445 \u0434\u0430\u043d\u043d\u044b\u0445 \u0432 \u043f\u043e\u0440\u044f\u0434\u043a\u0435, \u043e\u043f\u0438\u0441\u0430\u043d\u043d\u043e\u043c \u0432 \u043d\u0430\u0448\u0435\u0439 \u043f\u043e\u043b\u0438\u0442\u0438\u043a\u0435 \u0437\u0430\u0449\u0438\u0442\u044b \u0434\u0430\u043d\u043d\u044b\u0445.<\/p>\n\n\n\n<h2 class=\"wp-block-heading\"><strong>\u0421\u0442\u0430\u0442\u044c\u044f 4: \u042e\u0440\u0438\u0441\u0434\u0438\u043a\u0446\u0438\u044f<\/strong><\/h2>\n\n\n\n<p class=\"font-sans text-md font-light primary m-t-none m-b-none\">\u0412\u0441\u0435 \u0441\u043f\u043e\u0440\u044b, \u0440\u0430\u0437\u043d\u043e\u0433\u043b\u0430\u0441\u0438\u044f \u0438\u043b\u0438 \u043f\u0440\u0435\u0442\u0435\u043d\u0437\u0438\u0438, \u0432\u043e\u0437\u043d\u0438\u043a\u0430\u044e\u0449\u0438\u0435 \u0432 \u0441\u0432\u044f\u0437\u0438 \u0441 \u043d\u0430\u0441\u0442\u043e\u044f\u0449\u0438\u043c\u0438 \u043e\u0431\u0449\u0438\u043c\u0438 \u0443\u0441\u043b\u043e\u0432\u0438\u044f\u043c\u0438 \u043f\u0440\u043e\u0434\u0430\u0436\u0438, \u0438\u0445 \u0442\u043e\u043b\u043a\u043e\u0432\u0430\u043d\u0438\u0435\u043c \u0438\u043b\u0438 \u0438\u0441\u043f\u043e\u043b\u043d\u0435\u043d\u0438\u0435\u043c, \u043f\u043e\u0434\u043b\u0435\u0436\u0430\u0442 \u0440\u0430\u0441\u0441\u043c\u043e\u0442\u0440\u0435\u043d\u0438\u044e \u0432 \u0441\u0443\u0434\u0435 \u0411\u0440\u044e\u0441\u0441\u0435\u043b\u044f, \u0411\u0435\u043b\u044c\u0433\u0438\u044f, \u044e\u0440\u0438\u0441\u0434\u0438\u043a\u0446\u0438\u0438 \u043a\u043e\u0442\u043e\u0440\u043e\u0433\u043e \u0441\u0442\u043e\u0440\u043e\u043d\u044b \u0431\u0435\u0437\u043e\u0433\u043e\u0432\u043e\u0440\u043e\u0447\u043d\u043e \u043f\u043e\u0434\u0447\u0438\u043d\u044f\u044e\u0442\u0441\u044f.<\/p>\n\n\n\n<p class=\"font-sans text-md font-light primary m-t-none m-b-none\"><\/p>\n\n\n\n<p class=\"font-sans text-md font-light primary m-t-none m-b-none\">***<\/p>","protected":false},"excerpt":{"rendered":"<p>\u041e\u0431\u0449\u0438\u0435 \u0443\u0441\u043b\u043e\u0432\u0438\u044f \u041a\u043e\u043c\u043f\u0430\u043d\u0438\u044f, \u043f\u0443\u0431\u043b\u0438\u043a\u0443\u044e\u0449\u0430\u044f \u0434\u0430\u043d\u043d\u044b\u0439 \u0432\u0435\u0431-\u0441\u0430\u0439\u0442: mademoiselle flowers SRL - 242 Av de la Couronnne - 1050 Brussels Belgium. \u0412\u0441\u044f \u043f\u0440\u043e\u0434\u0443\u043a\u0446\u0438\u044f (\u0446\u0432\u0435\u0442\u044b, \u0440\u0430\u0441\u0442\u0435\u043d\u0438\u044f, \u0448\u043e\u043a\u043e\u043b\u0430\u0434 \u0438 \u0442.\u0434.), \u043f\u0440\u0435\u0434\u0441\u0442\u0430\u0432\u043b\u0435\u043d\u043d\u0430\u044f \u043d\u0430 \u044d\u0442\u043e\u043c \u0441\u0430\u0439\u0442\u0435, \u043f\u0440\u043e\u0434\u0430\u0435\u0442\u0441\u044f \u043a\u043e\u043c\u043f\u0430\u043d\u0438\u0435\u0439 Aquarelle S.A. \u0421\u0430\u0439\u0442 mademoiselle.flowers \u043f\u043e\u0437\u0432\u043e\u043b\u044f\u0435\u0442 \u043f\u043e\u043b\u044c\u0437\u043e\u0432\u0430\u0442\u0435\u043b\u044f\u043c \u0418\u043d\u0442\u0435\u0440\u043d\u0435\u0442\u0430 \u0441\u0432\u044f\u0437\u0430\u0442\u044c\u0441\u044f \u0441 \u043a\u043e\u043c\u043f\u0430\u043d\u0438\u0435\u0439 Aquarelle S.A., \u043a\u043e\u0442\u043e\u0440\u0430\u044f \u0431\u0443\u0434\u0435\u0442 \u043d\u0435\u0441\u0442\u0438 \u043e\u0442\u0432\u0435\u0442\u0441\u0442\u0432\u0435\u043d\u043d\u043e\u0441\u0442\u044c \u0437\u0430 [...].<\/p>","protected":false},"author":1,"featured_media":0,"parent":0,"menu_order":0,"comment_status":"closed","ping_status":"closed","template":"page-template-boxed.php","meta":{"inline_featured_image":false,"_uag_custom_page_level_css":"","footnotes":""},"class_list":["post-65","page","type-page","status-publish","hentry"],"acf":[],"uagb_featured_image_src":{"full":false,"thumbnail":false,"medium":false,"medium_large":false,"large":false,"gs-tiny":false,"xl":false,"xxl":false,"xxxl":false,"xxxxl":false,"xxxxxl":false,"1536x1536":false,"2048x2048":false,"trp-custom-language-flag":false,"woocommerce_thumbnail":false,"woocommerce_single":false,"woocommerce_gallery_thumbnail":false},"uagb_author_info":{"display_name":"webmaster","author_link":"https:\/\/mademoiselle.flowers\/ru\/author\/webmaster\/"},"uagb_comment_info":0,"uagb_excerpt":"Conditions G\u00e9n\u00e9rales Soci\u00e9t\u00e9 \u00c9ditrice de ce site internet: mademoiselle flowers SRL &#8211; 242 Av de la Couronnne &#8211; 1050 Bruxelles Belgique. L&rsquo;ensemble des produits (fleurs, plantes, chocolats, &#8230;) pr\u00e9sent\u00e9s sur ce site sont vendus par la soci\u00e9t\u00e9 Aquarelle S.A. Le site mademoiselle.flowers met en relation les internautes et la soci\u00e9t\u00e9 Aquarelle S.A. qui sera en&hellip;","_links":{"self":[{"href":"https:\/\/mademoiselle.flowers\/ru\/wp-json\/wp\/v2\/pages\/65"}],"collection":[{"href":"https:\/\/mademoiselle.flowers\/ru\/wp-json\/wp\/v2\/pages"}],"about":[{"href":"https:\/\/mademoiselle.flowers\/ru\/wp-json\/wp\/v2\/types\/page"}],"author":[{"embeddable":true,"href":"https:\/\/mademoiselle.flowers\/ru\/wp-json\/wp\/v2\/users\/1"}],"replies":[{"embeddable":true,"href":"https:\/\/mademoiselle.flowers\/ru\/wp-json\/wp\/v2\/comments?post=65"}],"version-history":[{"count":10,"href":"https:\/\/mademoiselle.flowers\/ru\/wp-json\/wp\/v2\/pages\/65\/revisions"}],"predecessor-version":[{"id":6340,"href":"https:\/\/mademoiselle.flowers\/ru\/wp-json\/wp\/v2\/pages\/65\/revisions\/6340"}],"wp:attachment":[{"href":"https:\/\/mademoiselle.flowers\/ru\/wp-json\/wp\/v2\/media?parent=65"}],"curies":[{"name":"wp","href":"https:\/\/api.w.org\/{rel}","templated":true}]}}